{"id":60324,"date":"2025-04-03T07:58:05","date_gmt":"2025-04-03T05:58:05","guid":{"rendered":"https:\/\/becom.digital\/?page_id=60324"},"modified":"2026-02-13T10:55:49","modified_gmt":"2026-02-13T09:55:49","slug":"becom-awards-belgie","status":"publish","type":"page","link":"https:\/\/becom.digital\/nl\/becom-awards-belgie\/","title":{"rendered":"Awards"},"content":{"rendered":"<div class=\"wpb-content-wrapper\"><p>[vc_row type=&#8221;full_width_section&#8221;][vc_column width=&#8221;1\/1&#8243;]<div class=\"single_image wpb_content_element align-left    \" data-animation=\"none\" data-delay=\"0\"><img loading=\"lazy\" decoding=\"async\" width=\"2560\" height=\"350\" src=\"https:\/\/becom.digital\/app\/uploads\/2025\/04\/Becom-Awards.png\" class=\"attachment-full\" alt=\"\" title=\"Becom Awards\" srcset=\"https:\/\/becom.digital\/app\/uploads\/2025\/04\/Becom-Awards.png 2560w, https:\/\/becom.digital\/app\/uploads\/2025\/04\/Becom-Awards-300x41.png 300w, https:\/\/becom.digital\/app\/uploads\/2025\/04\/Becom-Awards-1024x140.png 1024w, https:\/\/becom.digital\/app\/uploads\/2025\/04\/Becom-Awards-768x105.png 768w, https:\/\/becom.digital\/app\/uploads\/2025\/04\/Becom-Awards-1536x210.png 1536w, https:\/\/becom.digital\/app\/uploads\/2025\/04\/Becom-Awards-2048x280.png 2048w\" sizes=\"auto, (max-width: 2560px) 100vw, 2560px\" \/><\/div>[\/vc_column][\/vc_row][vc_row][vc_column width=&#8221;1\/2&#8243;]<div class=\"becom-title-banner\"><div class=\"content-wrapper \" style=\"background-color:#ffffff \"><\/p>\n<p class=\"\" data-start=\"54\" data-end=\"104\"><span style=\"color: #5e32ca;\"><strong>D\u00e9 Erkenning voor elke webshop<\/strong><\/span><\/p>\n<p class=\"\" data-start=\"106\" data-end=\"497\">De <strong><span style=\"color: #5e32ca;\">Becom Awards<\/span><\/strong> staan open voor <span style=\"color: #5e32ca;\"><strong>alle Belgische webshops<\/strong><\/span>, ongeacht hun grootte, bedrijfsmodel of doelgroep. We zetten de beste webshops in de kijker met <span style=\"color: #5e32ca;\"><strong>23 prestigieuze awards<\/strong><\/span>. Om iedereen een eerlijke kans te geven, worden de prijzen uitgereikt in drie categorie\u00ebn: <span style=\"color: #5e32ca;\"><strong>small, medium &amp; big<\/strong><\/span>. Zo krijgt elke webshop, van veelbelovende starter tot gevestigde waarde, de erkenning die het verdient.<\/p>\n<p data-start=\"106\" data-end=\"497\">Ga naar <span style=\"color: #5e32ca;\"><a style=\"color: #5e32ca;\" href=\"http:\/\/becomawards.digital\/\">becomawards.digital<\/a><\/span>.<\/p>\n<p><\/div><\/div><div class=\"spacer\" style=\"height: 20px;\"><\/div>[\/vc_column][vc_column width=&#8221;1\/4&#8243;]<div class=\"spacer\" style=\"height: 40px;\"><\/div><div class=\"iconbox  iconbox-style-8 icon-color-accent color-dark clearfix\"><h3><\/h3><i class=\"fa fa-user boxicon\" style=\"\"><\/i><p>\n<h2 style=\"text-align: center;\"><strong><span style=\"color: #5e32ca;\">Voor wie?<\/span><\/strong><\/h2>\n<p style=\"text-align: left;\">De <span style=\"color: #5e32ca;\"><strong>Becom Awards<\/strong><\/span> staan open voor alle webshops in Belgi\u00eb, maar als <strong><span style=\"color: #5e32ca;\">Becom-lid<\/span><\/strong> doe je<span style=\"color: #5e32ca;\"><strong> gratis<\/strong><\/span> mee! Maak kans op een prestigieuze award en krijg de erkenning die jouw webshop verdient.<\/p>\n<p style=\"text-align: center;\"><a href=\"https:\/\/becom.digital\/nl\/lidmaatschap\/\" target=\"_blank\" class=\"button #5E32CA small \" style=\"border-radius: 2px;\">Word lid<\/a>\n<\/p><\/div>[\/vc_column][vc_column width=&#8221;1\/4&#8243;]<div class=\"spacer\" style=\"height: 40px;\"><\/div><div class=\"iconbox  iconbox-style-8 icon-color-accent color-dark clearfix\"><h3><\/h3><i class=\"fa fa-calendar boxicon\" style=\"\"><\/i><p>\n<h2 style=\"text-align: center;\"><strong><span style=\"color: #5e32ca;\">Wanneer?<\/span><\/strong><\/h2>\n<p style=\"text-align: left;\">De <span style=\"color: #5e32ca;\"><strong>Becom Awards<\/strong><\/span> vinden dit jaar plaats op <span style=\"color: #5e32ca;\"><strong>6 november 2025<\/strong><\/span>. Zet deze datum snel in je agenda en koop je tickets om niets te missen!<\/p>\n<p>&nbsp;<\/p>\n<a href=\"https:\/\/becomawards.digital\" target=\"_blank\" class=\"button #5e32ca small \" style=\"border-radius: 2px;\">Bekijk het event<\/a><\/p><\/div>[\/vc_column][\/vc_row][vc_row bg_color=&#8221;#00000000&#8243;][vc_column width=&#8221;1\/1&#8243;]<div class=\"spacer\" style=\"height: 20px;\"><\/div>[\/vc_column][\/vc_row][vc_row bg_color=&#8221;#F6F6F6&#8243;][vc_column width=&#8221;2\/3&#8243;]<div class=\"becom-title-banner\"><div class=\"content-wrapper \" style=\"background-color:#00000000 \"><\/p>\n<h2 class=\"headline font-inherit fontsize-xl fontweight-700 lh-13 align-left transform-inherit \" style=\"text-align: left;\"><span style=\"color: #5e32ca;\"><strong>Welkom in ons Winter Wonderland<span style=\"color: #00ea90;\">.<\/span><\/strong><\/span><\/h2>\n<p>Dit jaar dompelen we je onder in het magische thema <span style=\"color: #5e32ca;\"><strong>Winter Wonderland<\/strong><\/span>. We nemen je helemaal mee in deze betoverende sfeer, van de aankleding tot de beleving. Trek je mooiste Winter Wonderland-outfit aan en samen maken we er een <strong><span style=\"color: #5e32ca;\">magische avond <\/span><\/strong><span style=\"color: #000000;\">van.<\/span>\u00a0Beleef samen met je team een onvergetelijke avond \u2013 vier jullie succes, geniet van de erkenning en netwerk met de top van de e-commercewereld.<\/p>\n<p>Registreer je om mee te doen voor de Awards of koop je tickets!<div class=\"button-wrapper\" style=\"margin-top: 20px; display: inline-block; width: 100%;\"><a href=\"https:\/\/becomawards.digital\/\" class=\"button button-appear color-3 medium \" title=\"Naar de Becom Awards\" target=\"\">Naar de Becom Awards<\/a><\/div><\/div><\/div>[\/vc_column][vc_column width=&#8221;1\/3&#8243;]<div class=\"spacer\" style=\"height: 80px;\"><\/div><div class=\"flexslider wpb_content_element\"><ul class=\"slides\"><li><img decoding=\"async\" src=\"https:\/\/becom.digital\/app\/uploads\/2025\/03\/7.png\" alt=\"\" \/><\/li><li><img decoding=\"async\" src=\"https:\/\/becom.digital\/app\/uploads\/2025\/03\/8.png\" alt=\"\" \/><\/li><li><img decoding=\"async\" src=\"https:\/\/becom.digital\/app\/uploads\/2025\/03\/1-1.png\" alt=\"\" \/><\/li><li><img decoding=\"async\" src=\"https:\/\/becom.digital\/app\/uploads\/2025\/04\/Event-Visuals-Becom.Digital-Landscape.png\" alt=\"\" \/><\/li><li><img decoding=\"async\" src=\"https:\/\/becom.digital\/app\/uploads\/2025\/04\/Event-Visuals-Becom.Digital-Landscape-1.png\" alt=\"\" \/><\/li><\/ul><\/div>[\/vc_column][\/vc_row][vc_row bg_color=&#8221;#F6F6F6&#8243;][vc_column width=&#8221;1\/1&#8243;]<div class=\"spacer\" style=\"height: 20px;\"><\/div>[\/vc_column][\/vc_row][vc_row bg_color=&#8221;#00000000&#8243;][vc_column width=&#8221;1\/2&#8243;]<div class=\"spacer\" style=\"height: 20px;\"><\/div>[vc_column_text]<\/p>\n<h2 class=\"headline font-inherit fontsize-xl fontweight-700 lh-13 align-left transform-inherit \"><span style=\"color: #5e32ca;\"><strong>Becom Jury Awards<span style=\"color: #00ea90;\">.<\/span><\/strong><\/span><\/h2>\n<p>De<span style=\"color: #5e32ca; font-family: 'Open Sans', sans-serif;\"><strong> Becom Jury Awards<\/strong><\/span> zijn d\u00e9 erkenning voor webshops die zich onderscheiden in specifieke marktsegmenten zoals<br \/>\n<span style=\"color: #5e32ca; font-family: 'Open Sans', sans-serif;\"><strong>export, B2B, marketplaces, start-ups of vanwege hun uniek concept<\/strong><\/span>.<br \/>\nDeze awards richten zich op webshops waarvoor consumentenbeoordelingen minder of geen toegevoegde waarde hebben. Een mooie kans om in de schijnwerpers te staan!<\/p>\n<p style=\"font-family: 'Open Sans', sans-serif;\">Schrijf je in voor de Becom Jury Awards en stuur je case in. De jury beoordeelt je inzending op basis van een dossier waarin je op gerichte vragen antwoord binnen je categorie. Je kunt je inschrijven voor \u00e9\u00e9n of meerdere categorie\u00ebn.<\/p>\n<a href=\"https:\/\/becomawards.digital\/\" target=\"_blank\" class=\"button #5E32CA small \" style=\"border-radius: 2px;\">Schrijf je in voor de Jury Awards<\/a>[\/vc_column_text][\/vc_column][vc_column width=&#8221;1\/2&#8243;]<div class=\"spacer\" style=\"height: 20px;\"><\/div>[vc_column_text]<\/p>\n<h2 class=\"headline font-inherit fontsize-xl fontweight-700 lh-13 align-left transform-inherit \"><span style=\"color: #5e32ca;\"><strong>Becom Research Awards<span style=\"color: #00ea90;\">.<\/span><\/strong><\/span><\/h2>\n<p>De <span style=\"color: #5e32ca;\"><strong>Becom Awards<\/strong><\/span> op basis van <span style=\"color: #5e32ca;\"><strong>klantenbeoordeling<\/strong><\/span> worden niet beoordeeld door een jury, maar door je eigen klanten. Je webshop wordt ge\u00ebvalueerd aan de hand van een vragenlijst van onderzoeksbureau GFK. Jij zorgt voor de verzending van de vragenlijst en voor voldoende respons om een representatief resultaat te behalen. De vragenlijst behandelt 4 belangrijke onderwerpen: <span style=\"color: #5e32ca;\"><strong>concept, logistiek &amp; fulfilment, klantenservice, en betalingen<\/strong><\/span>.<br \/>\nDe antwoorden van je klanten bepalen in welke categorie je scoort en of je \u00e9\u00e9n van de volgende awards wint: de Logistic Champion Award, Payment Hero Award, Customer Friendliness Award, Sustainability Award of de overkoepelende, best-in-all Diamond Award.<\/p>\n<a href=\"https:\/\/becomawards.digital\/\" target=\"_blank\" class=\"button #5E32CA small \" style=\"border-radius: 2px;\">Schrijf je in voor de Research Awards<\/a>[\/vc_column_text][\/vc_column][\/vc_row][vc_row][vc_column width=&#8221;1\/1&#8243;]<div class=\"spacer\" style=\"height: 30px;\"><\/div>[\/vc_column][\/vc_row][vc_row bg_image=&#8221;49768&#8243; parallax_bg=&#8221;true&#8221; text_color=&#8221;light&#8221; top_padding=&#8221;20&#8243; bottom_padding=&#8221;20&#8243;][vc_column width=&#8221;1\/6&#8243;]<div class=\"single_image wpb_content_element align-left    \" data-animation=\"none\" data-delay=\"0\"><img loading=\"lazy\" decoding=\"async\" width=\"1365\" height=\"2048\" src=\"https:\/\/becom.digital\/app\/uploads\/2025\/07\/Therese-1.png\" class=\"attachment-full\" alt=\"\" title=\"The\u0301re\u0300se\" srcset=\"https:\/\/becom.digital\/app\/uploads\/2025\/07\/Therese-1.png 1365w, https:\/\/becom.digital\/app\/uploads\/2025\/07\/Therese-1-200x300.png 200w, https:\/\/becom.digital\/app\/uploads\/2025\/07\/Therese-1-683x1024.png 683w, https:\/\/becom.digital\/app\/uploads\/2025\/07\/Therese-1-768x1152.png 768w, https:\/\/becom.digital\/app\/uploads\/2025\/07\/Therese-1-1024x1536.png 1024w, https:\/\/becom.digital\/app\/uploads\/2025\/07\/Therese-1-400x600.png 400w, https:\/\/becom.digital\/app\/uploads\/2025\/07\/Therese-1-800x1200.png 800w\" sizes=\"auto, (max-width: 1365px) 100vw, 1365px\" \/><\/div>[\/vc_column][vc_column width=&#8221;2\/6&#8243;]<div class=\"spacer\" style=\"height: 20px;\"><\/div>[vc_column_text]<\/p>\n<h3><strong>Vragen over de Becom Awards? Contacteer ons.<\/strong><\/h3>\n<p><strong>Th\u00e9r\u00e8se van Bellinghen<br \/>\nPR &amp; Communications<\/strong><\/p>\n<p>therese@becom.digital<br \/>\n+32 475 47 82 33[\/vc_column_text][\/vc_column][vc_column width=&#8221;2\/6&#8243;]<div class=\"spacer\" style=\"height: 20px;\"><\/div>[vc_column_text]<\/p>\n<h3><strong>Becom Awards Partner worden? Contacteer ons.<\/strong><\/h3>\n<p><strong>C\u00e9lia Boon<br \/>\nGrowth &amp; Membershipmanager<\/strong><\/p>\n<p>celia@becom.digital<br \/>\n+32 471 74 41 83[\/vc_column_text][\/vc_column][vc_column width=&#8221;1\/6&#8243;]<div class=\"single_image wpb_content_element align-left    \" data-animation=\"none\" data-delay=\"0\"><img loading=\"lazy\" decoding=\"async\" width=\"1365\" height=\"2048\" src=\"https:\/\/becom.digital\/app\/uploads\/2025\/07\/Celia-1.png\" class=\"attachment-full\" alt=\"\" title=\"Celia\" srcset=\"https:\/\/becom.digital\/app\/uploads\/2025\/07\/Celia-1.png 1365w, https:\/\/becom.digital\/app\/uploads\/2025\/07\/Celia-1-200x300.png 200w, https:\/\/becom.digital\/app\/uploads\/2025\/07\/Celia-1-683x1024.png 683w, https:\/\/becom.digital\/app\/uploads\/2025\/07\/Celia-1-768x1152.png 768w, https:\/\/becom.digital\/app\/uploads\/2025\/07\/Celia-1-1024x1536.png 1024w, https:\/\/becom.digital\/app\/uploads\/2025\/07\/Celia-1-400x600.png 400w, https:\/\/becom.digital\/app\/uploads\/2025\/07\/Celia-1-800x1200.png 800w\" sizes=\"auto, (max-width: 1365px) 100vw, 1365px\" \/><\/div>[\/vc_column][\/vc_row]<\/p>\n<\/div>","protected":false},"excerpt":{"rendered":"<p>[vc_row type=&#8221;full_width_section&#8221;][vc_column width=&#8221;1\/1&#8243;][\/vc_column][\/vc_row][vc_row][vc_column width=&#8221;1\/2&#8243;][\/vc_column][vc_column width=&#8221;1\/4&#8243;][\/vc_column][vc_column width=&#8221;1\/4&#8243;][\/vc_column][\/vc_row][vc_row bg_color=&#8221;#00000000&#8243;][vc_column width=&#8221;1\/1&#8243;][\/vc_column][\/vc_row][vc_row bg_color=&#8221;#F6F6F6&#8243;][vc_column width=&#8221;2\/3&#8243;][\/vc_column][vc_column width=&#8221;1\/3&#8243;][\/vc_column][\/vc_row][vc_row bg_color=&#8221;#F6F6F6&#8243;][vc_column width=&#8221;1\/1&#8243;][\/vc_column][\/vc_row][vc_row bg_color=&#8221;#00000000&#8243;][vc_column width=&#8221;1\/2&#8243;][vc_column_text] Becom Jury Awards. De Becom Jury Awards zijn d\u00e9 erkenning voor webshops die zich onderscheiden in specifieke marktsegmenten zoals export, B2B, marketplaces, start-ups of vanwege hun uniek concept. Deze awards richten zich op webshops waarvoor consumentenbeoordelingen minder of geen toegevoegde waarde hebben. Een mooie kans om in de schijnwerpers te staan! Schrijf je in voor de Becom Jury Awards en stuur je case in. De jury beoordeelt je inzending op basis van een dossier waarin je op gerichte vragen antwoord binnen je categorie. Je kunt je inschrijven voor \u00e9\u00e9n of meerdere categorie\u00ebn. [\/vc_column_text][\/vc_column][vc_column width=&#8221;1\/2&#8243;][vc_column_text] Becom Research Awards. De Becom Awards op basis van klantenbeoordeling worden niet beoordeeld door een jury, maar door je eigen klanten. Je webshop wordt ge\u00ebvalueerd aan de hand van een vragenlijst van onderzoeksbureau GFK. Jij zorgt voor de verzending van de vragenlijst en voor voldoende respons om een representatief resultaat te behalen. De vragenlijst behandelt 4 belangrijke onderwerpen: concept, logistiek &amp; fulfilment, klantenservice, en betalingen. De antwoorden van je klanten bepalen in welke categorie je scoort en of je \u00e9\u00e9n van de volgende awards wint: de Logistic Champion Award, Payment Hero [&hellip;]<\/p>\n","protected":false},"author":17,"featured_media":0,"parent":0,"menu_order":0,"comment_status":"closed","ping_status":"closed","template":"","meta":{"_EventAllDay":false,"_EventTimezone":"","_EventStartDate":"","_EventEndDate":"","_EventStartDateUTC":"","_EventEndDateUTC":"","_EventShowMap":false,"_EventShowMapLink":false,"_EventURL":"","_EventCost":"","_EventCostDescription":"","_EventCurrencySymbol":"","_EventCurrencyCode":"","_EventCurrencyPosition":"","_EventDateTimeSeparator":"","_EventTimeRangeSeparator":"","_EventOrganizerID":[],"_EventVenueID":[],"_OrganizerEmail":"","_OrganizerPhone":"","_OrganizerWebsite":"","_VenueAddress":"","_VenueCity":"","_VenueCountry":"","_VenueProvince":"","_VenueState":"","_VenueZip":"","_VenuePhone":"","_VenueURL":"","_VenueStateProvince":"","_VenueLat":"","_VenueLng":"","_VenueShowMap":false,"_VenueShowMapLink":false,"footnotes":""},"test-katrien1":[],"class_list":["post-60324","page","type-page","status-publish","hentry"],"yoast_head":"<!-- This site is optimized with the Yoast SEO plugin v26.4 - https:\/\/yoast.com\/wordpress\/plugins\/seo\/ -->\n<title>Becom Awards Belgi\u00eb | D\u00e9 e-commerce prijzen | Becom<\/title>\n<meta name=\"description\" content=\"Becom Awards Belgi\u00eb bekronen de beste Belgische webshops. Ontdek de genomineerden, schrijf je in en beleef h\u00e9t e-commerce event van het jaar.\" \/>\n<meta name=\"robots\" content=\"index, follow, max-snippet:-1, max-image-preview:large, max-video-preview:-1\" \/>\n<link rel=\"canonical\" href=\"https:\/\/becom.digital\/nl\/becom-awards-belgie\/\" \/>\n<meta property=\"og:locale\" content=\"nl_NL\" \/>\n<meta property=\"og:type\" content=\"article\" \/>\n<meta property=\"og:title\" content=\"Becom Awards Belgi\u00eb | D\u00e9 e-commerce prijzen | Becom\" \/>\n<meta property=\"og:description\" content=\"Becom Awards Belgi\u00eb bekronen de beste Belgische webshops. Ontdek de genomineerden, schrijf je in en beleef h\u00e9t e-commerce event van het jaar.\" \/>\n<meta property=\"og:url\" content=\"https:\/\/becom.digital\/nl\/becom-awards-belgie\/\" \/>\n<meta property=\"og:site_name\" content=\"Becom\" \/>\n<meta property=\"article:publisher\" content=\"https:\/\/www.facebook.com\/Becomdigitalfederation\/\" \/>\n<meta property=\"article:modified_time\" content=\"2026-02-13T09:55:49+00:00\" \/>\n<meta name=\"twitter:card\" content=\"summary_large_image\" \/>\n<meta name=\"twitter:site\" content=\"@becomdigital\" \/>\n<meta name=\"twitter:label1\" content=\"Geschatte leestijd\" \/>\n\t<meta name=\"twitter:data1\" content=\"4 minuten\" \/>\n<script type=\"application\/ld+json\" class=\"yoast-schema-graph\">{\"@context\":\"https:\/\/schema.org\",\"@graph\":[{\"@type\":\"WebPage\",\"@id\":\"https:\/\/becom.digital\/nl\/becom-awards-belgie\/\",\"url\":\"https:\/\/becom.digital\/nl\/becom-awards-belgie\/\",\"name\":\"Becom Awards Belgi\u00eb | D\u00e9 e-commerce prijzen | Becom\",\"isPartOf\":{\"@id\":\"https:\/\/becom.digital\/nl\/#website\"},\"datePublished\":\"2025-04-03T05:58:05+00:00\",\"dateModified\":\"2026-02-13T09:55:49+00:00\",\"description\":\"Becom Awards Belgi\u00eb bekronen de beste Belgische webshops. Ontdek de genomineerden, schrijf je in en beleef h\u00e9t e-commerce event van het jaar.\",\"breadcrumb\":{\"@id\":\"https:\/\/becom.digital\/nl\/becom-awards-belgie\/#breadcrumb\"},\"inLanguage\":\"nl-NL\",\"potentialAction\":[{\"@type\":\"ReadAction\",\"target\":[\"https:\/\/becom.digital\/nl\/becom-awards-belgie\/\"]}]},{\"@type\":\"BreadcrumbList\",\"@id\":\"https:\/\/becom.digital\/nl\/becom-awards-belgie\/#breadcrumb\",\"itemListElement\":[{\"@type\":\"ListItem\",\"position\":1,\"name\":\"Home\",\"item\":\"https:\/\/becom.digital\/nl\/\"},{\"@type\":\"ListItem\",\"position\":2,\"name\":\"Awards\"}]},{\"@type\":\"WebSite\",\"@id\":\"https:\/\/becom.digital\/nl\/#website\",\"url\":\"https:\/\/becom.digital\/nl\/\",\"name\":\"Becom\",\"description\":\"Your digital wings\",\"publisher\":{\"@id\":\"https:\/\/becom.digital\/nl\/#organization\"},\"potentialAction\":[{\"@type\":\"SearchAction\",\"target\":{\"@type\":\"EntryPoint\",\"urlTemplate\":\"https:\/\/becom.digital\/nl\/?s={search_term_string}\"},\"query-input\":{\"@type\":\"PropertyValueSpecification\",\"valueRequired\":true,\"valueName\":\"search_term_string\"}}],\"inLanguage\":\"nl-NL\"},{\"@type\":\"Organization\",\"@id\":\"https:\/\/becom.digital\/nl\/#organization\",\"name\":\"Becom\",\"url\":\"https:\/\/becom.digital\/nl\/\",\"logo\":{\"@type\":\"ImageObject\",\"inLanguage\":\"nl-NL\",\"@id\":\"https:\/\/becom.digital\/nl\/#\/schema\/logo\/image\/\",\"url\":\"https:\/\/becom.digital\/app\/uploads\/2023\/10\/Becom_logo_POS_basic-3-e1697538309895.png\",\"contentUrl\":\"https:\/\/becom.digital\/app\/uploads\/2023\/10\/Becom_logo_POS_basic-3-e1697538309895.png\",\"width\":200,\"height\":72,\"caption\":\"Becom\"},\"image\":{\"@id\":\"https:\/\/becom.digital\/nl\/#\/schema\/logo\/image\/\"},\"sameAs\":[\"https:\/\/www.facebook.com\/Becomdigitalfederation\/\",\"https:\/\/x.com\/becomdigital\",\"https:\/\/www.linkedin.com\/company\/becomfederation\/\",\"https:\/\/www.instagram.com\/becomfederation\/\",\"https:\/\/www.youtube.com\/@becom-federation\",\"https:\/\/open.spotify.com\/show\/0oBItlT3FIpj6AxEqllkta\"]}]}<\/script>\n<!-- \/ Yoast SEO plugin. -->","yoast_head_json":{"title":"Becom Awards Belgi\u00eb | D\u00e9 e-commerce prijzen | Becom","description":"Becom Awards Belgi\u00eb bekronen de beste Belgische webshops. Ontdek de genomineerden, schrijf je in en beleef h\u00e9t e-commerce event van het jaar.","robots":{"index":"index","follow":"follow","max-snippet":"max-snippet:-1","max-image-preview":"max-image-preview:large","max-video-preview":"max-video-preview:-1"},"canonical":"https:\/\/becom.digital\/nl\/becom-awards-belgie\/","og_locale":"nl_NL","og_type":"article","og_title":"Becom Awards Belgi\u00eb | D\u00e9 e-commerce prijzen | Becom","og_description":"Becom Awards Belgi\u00eb bekronen de beste Belgische webshops. Ontdek de genomineerden, schrijf je in en beleef h\u00e9t e-commerce event van het jaar.","og_url":"https:\/\/becom.digital\/nl\/becom-awards-belgie\/","og_site_name":"Becom","article_publisher":"https:\/\/www.facebook.com\/Becomdigitalfederation\/","article_modified_time":"2026-02-13T09:55:49+00:00","twitter_card":"summary_large_image","twitter_site":"@becomdigital","twitter_misc":{"Geschatte leestijd":"4 minuten"},"schema":{"@context":"https:\/\/schema.org","@graph":[{"@type":"WebPage","@id":"https:\/\/becom.digital\/nl\/becom-awards-belgie\/","url":"https:\/\/becom.digital\/nl\/becom-awards-belgie\/","name":"Becom Awards Belgi\u00eb | D\u00e9 e-commerce prijzen | Becom","isPartOf":{"@id":"https:\/\/becom.digital\/nl\/#website"},"datePublished":"2025-04-03T05:58:05+00:00","dateModified":"2026-02-13T09:55:49+00:00","description":"Becom Awards Belgi\u00eb bekronen de beste Belgische webshops. Ontdek de genomineerden, schrijf je in en beleef h\u00e9t e-commerce event van het jaar.","breadcrumb":{"@id":"https:\/\/becom.digital\/nl\/becom-awards-belgie\/#breadcrumb"},"inLanguage":"nl-NL","potentialAction":[{"@type":"ReadAction","target":["https:\/\/becom.digital\/nl\/becom-awards-belgie\/"]}]},{"@type":"BreadcrumbList","@id":"https:\/\/becom.digital\/nl\/becom-awards-belgie\/#breadcrumb","itemListElement":[{"@type":"ListItem","position":1,"name":"Home","item":"https:\/\/becom.digital\/nl\/"},{"@type":"ListItem","position":2,"name":"Awards"}]},{"@type":"WebSite","@id":"https:\/\/becom.digital\/nl\/#website","url":"https:\/\/becom.digital\/nl\/","name":"Becom","description":"Your digital wings","publisher":{"@id":"https:\/\/becom.digital\/nl\/#organization"},"potentialAction":[{"@type":"SearchAction","target":{"@type":"EntryPoint","urlTemplate":"https:\/\/becom.digital\/nl\/?s={search_term_string}"},"query-input":{"@type":"PropertyValueSpecification","valueRequired":true,"valueName":"search_term_string"}}],"inLanguage":"nl-NL"},{"@type":"Organization","@id":"https:\/\/becom.digital\/nl\/#organization","name":"Becom","url":"https:\/\/becom.digital\/nl\/","logo":{"@type":"ImageObject","inLanguage":"nl-NL","@id":"https:\/\/becom.digital\/nl\/#\/schema\/logo\/image\/","url":"https:\/\/becom.digital\/app\/uploads\/2023\/10\/Becom_logo_POS_basic-3-e1697538309895.png","contentUrl":"https:\/\/becom.digital\/app\/uploads\/2023\/10\/Becom_logo_POS_basic-3-e1697538309895.png","width":200,"height":72,"caption":"Becom"},"image":{"@id":"https:\/\/becom.digital\/nl\/#\/schema\/logo\/image\/"},"sameAs":["https:\/\/www.facebook.com\/Becomdigitalfederation\/","https:\/\/x.com\/becomdigital","https:\/\/www.linkedin.com\/company\/becomfederation\/","https:\/\/www.instagram.com\/becomfederation\/","https:\/\/www.youtube.com\/@becom-federation","https:\/\/open.spotify.com\/show\/0oBItlT3FIpj6AxEqllkta"]}]}},"_links":{"self":[{"href":"https:\/\/becom.digital\/nl\/wp-json\/wp\/v2\/pages\/60324","targetHints":{"allow":["GET"]}}],"collection":[{"href":"https:\/\/becom.digital\/nl\/wp-json\/wp\/v2\/pages"}],"about":[{"href":"https:\/\/becom.digital\/nl\/wp-json\/wp\/v2\/types\/page"}],"author":[{"embeddable":true,"href":"https:\/\/becom.digital\/nl\/wp-json\/wp\/v2\/users\/17"}],"replies":[{"embeddable":true,"href":"https:\/\/becom.digital\/nl\/wp-json\/wp\/v2\/comments?post=60324"}],"version-history":[{"count":35,"href":"https:\/\/becom.digital\/nl\/wp-json\/wp\/v2\/pages\/60324\/revisions"}],"predecessor-version":[{"id":63351,"href":"https:\/\/becom.digital\/nl\/wp-json\/wp\/v2\/pages\/60324\/revisions\/63351"}],"wp:attachment":[{"href":"https:\/\/becom.digital\/nl\/wp-json\/wp\/v2\/media?parent=60324"}],"wp:term":[{"taxonomy":"test-katrien1","embeddable":true,"href":"https:\/\/becom.digital\/nl\/wp-json\/wp\/v2\/test-katrien1?post=60324"}],"curies":[{"name":"wp","href":"https:\/\/api.w.org\/{rel}","templated":true}]}}