{"id":55772,"date":"2025-01-24T09:52:47","date_gmt":"2025-01-24T08:52:47","guid":{"rendered":"https:\/\/becom.digital\/?page_id=55772"},"modified":"2026-01-23T10:07:13","modified_gmt":"2026-01-23T09:07:13","slug":"cookiescan","status":"publish","type":"page","link":"https:\/\/becom.digital\/nl\/cookiescan\/","title":{"rendered":"Cookiescan"},"content":{"rendered":"<div class=\"wpb-content-wrapper\"><p>[vc_row type=&#8221;full_width_section&#8221;][vc_column width=&#8221;1\/1&#8243;]<div class=\"single_image wpb_content_element align-left    \" data-animation=\"none\" data-delay=\"0\"><img loading=\"lazy\" decoding=\"async\" width=\"7040\" height=\"963\" src=\"https:\/\/becom.digital\/app\/uploads\/2025\/04\/Cookiescan.png\" class=\"attachment-full\" alt=\"\" title=\"Cookiescan\" srcset=\"https:\/\/becom.digital\/app\/uploads\/2025\/04\/Cookiescan.png 7040w, https:\/\/becom.digital\/app\/uploads\/2025\/04\/Cookiescan-300x41.png 300w, https:\/\/becom.digital\/app\/uploads\/2025\/04\/Cookiescan-1024x140.png 1024w, https:\/\/becom.digital\/app\/uploads\/2025\/04\/Cookiescan-768x105.png 768w, https:\/\/becom.digital\/app\/uploads\/2025\/04\/Cookiescan-1536x210.png 1536w, https:\/\/becom.digital\/app\/uploads\/2025\/04\/Cookiescan-2048x280.png 2048w\" sizes=\"auto, (max-width: 7040px) 100vw, 7040px\" \/><\/div>[\/vc_column][\/vc_row][vc_row][vc_column width=&#8221;1\/2&#8243;]<div class=\"spacer\" style=\"height: 40px;\"><\/div><h1 class=\"headline font-inherit fontsize-xl fontweight-700 lh-inherit align-left transform-inherit \" style=\"margin: 0 0 20px 10px; color: #5e32ca;\">Stay compliant.<br \/>\nLet&#8217;s check your cookie setup.<\/h1><div class=\"becom-title-banner\"><div class=\"content-wrapper \" style=\"background-color:#ffffff \"><strong><span style=\"color: #5e32ca;\">Transparent en eerlijk zijn <\/span><\/strong> over hoe je website gegevens verzamelt is cruciaal voor het opbouwen van <strong><span style=\"color: #5e32ca;\">vertrouwen<\/span><\/strong> bij uw bezoekers. Een correcte en goed functionerende cookiebanner zorgt ervoor dat je voldoet aan de wettelijke eisen en biedt jouw gebruikers transparantie en controle over hun gegevens.<div class=\"button-wrapper\" style=\"margin-top: 20px; display: inline-block; width: 100%;\"><a href=\"https:\/\/shop.becom.digital\/cookiescan\" class=\"button button-appear color-3 medium \" title=\"Vraag hier je Cookiescan aan\" target=\"_blank\">Vraag hier je Cookiescan aan<\/a><\/div><\/div><\/div>[\/vc_column][vc_column width=&#8221;1\/4&#8243;]<div class=\"spacer\" style=\"height: 40px;\"><\/div><div class=\"iconbox  iconbox-style-8 icon-color-custom color-dark clearfix\"><h3><\/h3><i class=\"fa fa-check boxicon\" style=\"color: #5e32ca;\"><\/i><p>\n<p style=\"font-weight: 200;\"><strong><span style=\"color: #5e32ca;\">Hoe gaat de cookiescan in zijn werk?<\/span><\/strong><\/p>\n<p style=\"text-align: left;\"><span style=\"color: #000000;\">Voor deze Becom cookiescan werken we samen met <span style=\"color: #5e32ca;\"> Follo <\/span> als technische partner en <span style=\"color: #5e32ca;\"> het advocatenbureau Nelissen Grade <\/span> als juridische partner.<\/span><\/p>\n<p style=\"text-align: left;\"><span style=\"color: #000000;\">Een juiste cookie setup heeft namelijk twee invalshoeken: een <strong><span style=\"color: #5e32ca;\">juridische<\/span><\/strong> en <strong><span style=\"color: #5e32ca;\">technische<\/span><\/strong> zijde.<br \/>\nWant wat je juridisch belooft, moet je ook technisch uitvoeren.<\/span><\/p><\/div>[\/vc_column][vc_column width=&#8221;1\/4&#8243;]<div class=\"spacer\" style=\"height: 40px;\"><\/div><div class=\"iconbox  iconbox-style-8 icon-color-custom color-dark clearfix\"><h3><\/h3><i class=\"fa fa-euro boxicon\" style=\"color: #5e32ca;\"><\/i><p>\n<p style=\"font-weight: 200;\"><strong><span style=\"color: #5e32ca;\">Kostprijs<\/span><\/strong><\/p>\n<p style=\"text-align: left;\">De kostprijs van de \u00e9\u00e9nmalige <span style=\"color: #5e32ca;\">technische cookiescan<\/span> en bijhorende begeleiding bedraagt <strong><span style=\"color: #5e32ca;\">395\u20ac <\/span><\/strong>excl. btw.<\/p>\n<p style=\"text-align: left;\">De kostprijs van de \u00e9\u00e9nmalige <span style=\"color: #5e32ca;\">juridische cookiescan<\/span> en bijhorend advies &amp; begeleiding bedraagt <strong>4<span style=\"color: #5e32ca;\">50\u20ac <\/span><\/strong>excl. btw voor kleine bedrijven en <strong><span style=\"color: #5e32ca;\">950\u20ac<\/span><\/strong> excl. btw voor grote bedrijven.<\/p>\n<p style=\"text-align: left;\">Het valt aan te raden beiden te combineren.<\/p><\/div>[\/vc_column][\/vc_row][vc_row][vc_column width=&#8221;1\/2&#8243;]<div class=\"spacer\" style=\"height: 40px;\"><\/div><div class=\"becom-title-banner\"><div class=\"title-wrapper\" style=\"background-color:#5e32ca \"><div class=\"banner-title\">Technische Cookiescan<\/div><\/div><div class=\"content-wrapper \" style=\"background-color: \">Voor de technische cookiescan voert <strong><span style=\"color: #5e32ca;\">Follo<\/span><\/strong> checks uit op jouw cookiebanner en de werking van de cookiebanner.<\/p>\n<p>Dit raakt meerdere tools en vlakken waaronder <strong><span style=\"color: #5e32ca;\">de banner op je website<\/span><\/strong>, het gebruikte <strong><span style=\"color: #5e32ca;\">consent management platform<\/span><\/strong>, <strong><span style=\"color: #5e32ca;\">Google Analytics<\/span><\/strong> en <strong><span style=\"color: #5e32ca;\">Google Tag Manager<\/span><\/strong>. Al deze onderdelen zal Follo tijdens deze technische scan bekijken.<\/p>\n<p>Na de scan ontvang je een <span style=\"color: #5e32ca;\">adviesdocument (in NL of ENG)<\/span> dat je helpt je cookiebanner juist te zetten samen met een export van de gedetecteerde cookies op je website.<div class=\"button-wrapper\" style=\"margin-top: 20px; display: inline-block; width: 100%;\"><a href=\"https:\/\/becom.digital\/nl\/technische_cookiescan\/\" class=\"button button-appear color-3 medium \" title=\"Meer over de technische cookiescan\" target=\"_blank\">Meer over de technische cookiescan<\/a><\/div><\/div><\/div><div class=\"spacer\" style=\"height: 40px;\"><\/div>[\/vc_column][vc_column width=&#8221;1\/2&#8243;]<div class=\"spacer\" style=\"height: 40px;\"><\/div><div class=\"becom-title-banner\"><div class=\"title-wrapper\" style=\"background-color:#5e32ca \"><div class=\"banner-title\">Juridische Cookiescan<\/div><\/div><div class=\"content-wrapper \" style=\"background-color: \">De juridische scan focust zich op je <strong><span style=\"color: #5e32ca;\">cookiepolicy<\/span><\/strong>. Dit is het informatiedocument over je cookies en wat je ermee doet. Jij bent als webshop <span style=\"color: #5e32ca;\">verplicht<\/span> je bezoeker eenvoudig en duidelijk uit te leggen wat cookies doen en waarom je gebruik zou willen maken van het plaatsen en\/of lezen van deze cookies nadat je op rechtsgeldige wijze toestemming hebt bekomen van je bezoeker.<\/p>\n<p>Tijdens deze scan controleert <strong><span style=\"color: #5e32ca;\">het advocatenkantoor Nelissen Grade<\/span><\/strong> of je voldoende informatie geeft aan je websitebezoeker, of deze informatie voldoende zichtbaar, volledig en duidelijk is en of je op de juiste manier toestemming hebt gevraagd.<div class=\"button-wrapper\" style=\"margin-top: 20px; display: inline-block; width: 100%;\"><a href=\"https:\/\/becom.digital\/nl\/juridische_cookiescan\/\" class=\"button button-appear color-3 medium \" title=\"Meer info over de Juridische Cookiescan\" target=\"_blank\">Meer info over de Juridische Cookiescan<\/a><\/div><\/div><\/div><div class=\"spacer\" style=\"height: 40px;\"><\/div>[\/vc_column][\/vc_row][vc_row][vc_column width=&#8221;1\/1&#8243;]<div class=\"spacer\" style=\"height: 40px;\"><\/div>[\/vc_column][\/vc_row][vc_row bg_image=&#8221;49768&#8243; parallax_bg=&#8221;true&#8221; text_color=&#8221;light&#8221; top_padding=&#8221;20&#8243; bottom_padding=&#8221;20&#8243;][vc_column width=&#8221;1\/6&#8243;]<div class=\"single_image wpb_content_element align-left    \" data-animation=\"none\" data-delay=\"0\"><img loading=\"lazy\" decoding=\"async\" width=\"1365\" height=\"2048\" src=\"https:\/\/becom.digital\/app\/uploads\/2025\/07\/Kim-1.png\" class=\"attachment-full\" alt=\"\" title=\"Kim\" srcset=\"https:\/\/becom.digital\/app\/uploads\/2025\/07\/Kim-1.png 1365w, https:\/\/becom.digital\/app\/uploads\/2025\/07\/Kim-1-200x300.png 200w, https:\/\/becom.digital\/app\/uploads\/2025\/07\/Kim-1-683x1024.png 683w, https:\/\/becom.digital\/app\/uploads\/2025\/07\/Kim-1-768x1152.png 768w, https:\/\/becom.digital\/app\/uploads\/2025\/07\/Kim-1-1024x1536.png 1024w, https:\/\/becom.digital\/app\/uploads\/2025\/07\/Kim-1-400x600.png 400w, https:\/\/becom.digital\/app\/uploads\/2025\/07\/Kim-1-800x1200.png 800w\" sizes=\"auto, (max-width: 1365px) 100vw, 1365px\" \/><\/div>[\/vc_column][vc_column width=&#8221;5\/6&#8243;]<div class=\"spacer\" style=\"height: 20px;\"><\/div>[vc_column_text]<\/p>\n<h3><strong>Heb je vragen over de Cookiescan?<br \/>\nContacteer ons.<\/strong><\/h3>\n<p><strong>Kim D&#8217;hondt<br \/>\nFinance &amp; Administration<\/strong><\/p>\n<p>kim@becom.digital<br \/>\n+32 498 19 94 79[\/vc_column_text][\/vc_column][\/vc_row]<\/p>\n<\/div>","protected":false},"excerpt":{"rendered":"<p>[vc_row type=&#8221;full_width_section&#8221;][vc_column width=&#8221;1\/1&#8243;][\/vc_column][\/vc_row][vc_row][vc_column width=&#8221;1\/2&#8243;][\/vc_column][vc_column width=&#8221;1\/4&#8243;][\/vc_column][vc_column width=&#8221;1\/4&#8243;][\/vc_column][\/vc_row][vc_row][vc_column width=&#8221;1\/2&#8243;][\/vc_column][vc_column width=&#8221;1\/2&#8243;][\/vc_column][\/vc_row][vc_row][vc_column width=&#8221;1\/1&#8243;][\/vc_column][\/vc_row][vc_row bg_image=&#8221;49768&#8243; parallax_bg=&#8221;true&#8221; text_color=&#8221;light&#8221; top_padding=&#8221;20&#8243; bottom_padding=&#8221;20&#8243;][vc_column width=&#8221;1\/6&#8243;][\/vc_column][vc_column width=&#8221;5\/6&#8243;][vc_column_text] Heb je vragen over de Cookiescan? Contacteer ons. Kim D&#8217;hondt Finance &amp; Administration kim@becom.digital +32 498 19 94 79[\/vc_column_text][\/vc_column][\/vc_row]<\/p>\n","protected":false},"author":17,"featured_media":0,"parent":0,"menu_order":0,"comment_status":"closed","ping_status":"closed","template":"","meta":{"_EventAllDay":false,"_EventTimezone":"","_EventStartDate":"","_EventEndDate":"","_EventStartDateUTC":"","_EventEndDateUTC":"","_EventShowMap":false,"_EventShowMapLink":false,"_EventURL":"","_EventCost":"","_EventCostDescription":"","_EventCurrencySymbol":"","_EventCurrencyCode":"","_EventCurrencyPosition":"","_EventDateTimeSeparator":"","_EventTimeRangeSeparator":"","_EventOrganizerID":[],"_EventVenueID":[],"_OrganizerEmail":"","_OrganizerPhone":"","_OrganizerWebsite":"","_VenueAddress":"","_VenueCity":"","_VenueCountry":"","_VenueProvince":"","_VenueState":"","_VenueZip":"","_VenuePhone":"","_VenueURL":"","_VenueStateProvince":"","_VenueLat":"","_VenueLng":"","_VenueShowMap":false,"_VenueShowMapLink":false,"footnotes":""},"test-katrien1":[],"class_list":["post-55772","page","type-page","status-publish","hentry"],"yoast_head":"<!-- This site is optimized with the Yoast SEO plugin v26.4 - https:\/\/yoast.com\/wordpress\/plugins\/seo\/ -->\n<title>Cookiescan - Becom<\/title>\n<meta name=\"description\" content=\"Avec le Cookiescan de Becom, nous v\u00e9rifions vos cookies dans les deux sens: juridique et technique. Car ce que vous promettez l\u00e9galement, doit r\u00e9alis\u00e9 techniquement.\" \/>\n<meta name=\"robots\" content=\"index, follow, max-snippet:-1, max-image-preview:large, max-video-preview:-1\" \/>\n<link rel=\"canonical\" href=\"https:\/\/becom.digital\/nl\/cookiescan\/\" \/>\n<meta property=\"og:locale\" content=\"nl_NL\" \/>\n<meta property=\"og:type\" content=\"article\" \/>\n<meta property=\"og:title\" content=\"Cookiescan - Becom\" \/>\n<meta property=\"og:description\" content=\"Avec le Cookiescan de Becom, nous v\u00e9rifions vos cookies dans les deux sens: juridique et technique. Car ce que vous promettez l\u00e9galement, doit r\u00e9alis\u00e9 techniquement.\" \/>\n<meta property=\"og:url\" content=\"https:\/\/becom.digital\/nl\/cookiescan\/\" \/>\n<meta property=\"og:site_name\" content=\"Becom\" \/>\n<meta property=\"article:publisher\" content=\"https:\/\/www.facebook.com\/Becomdigitalfederation\/\" \/>\n<meta property=\"article:modified_time\" content=\"2026-01-23T09:07:13+00:00\" \/>\n<meta name=\"twitter:card\" content=\"summary_large_image\" \/>\n<meta name=\"twitter:site\" content=\"@becomdigital\" \/>\n<meta name=\"twitter:label1\" content=\"Geschatte leestijd\" \/>\n\t<meta name=\"twitter:data1\" content=\"3 minuten\" \/>\n<script type=\"application\/ld+json\" class=\"yoast-schema-graph\">{\"@context\":\"https:\/\/schema.org\",\"@graph\":[{\"@type\":\"WebPage\",\"@id\":\"https:\/\/becom.digital\/nl\/cookiescan\/\",\"url\":\"https:\/\/becom.digital\/nl\/cookiescan\/\",\"name\":\"Cookiescan - Becom\",\"isPartOf\":{\"@id\":\"https:\/\/becom.digital\/nl\/#website\"},\"datePublished\":\"2025-01-24T08:52:47+00:00\",\"dateModified\":\"2026-01-23T09:07:13+00:00\",\"description\":\"Avec le Cookiescan de Becom, nous v\u00e9rifions vos cookies dans les deux sens: juridique et technique. Car ce que vous promettez l\u00e9galement, doit r\u00e9alis\u00e9 techniquement.\",\"breadcrumb\":{\"@id\":\"https:\/\/becom.digital\/nl\/cookiescan\/#breadcrumb\"},\"inLanguage\":\"nl-NL\",\"potentialAction\":[{\"@type\":\"ReadAction\",\"target\":[\"https:\/\/becom.digital\/nl\/cookiescan\/\"]}]},{\"@type\":\"BreadcrumbList\",\"@id\":\"https:\/\/becom.digital\/nl\/cookiescan\/#breadcrumb\",\"itemListElement\":[{\"@type\":\"ListItem\",\"position\":1,\"name\":\"Home\",\"item\":\"https:\/\/becom.digital\/nl\/\"},{\"@type\":\"ListItem\",\"position\":2,\"name\":\"Cookiescan\"}]},{\"@type\":\"WebSite\",\"@id\":\"https:\/\/becom.digital\/nl\/#website\",\"url\":\"https:\/\/becom.digital\/nl\/\",\"name\":\"Becom\",\"description\":\"Your digital wings\",\"publisher\":{\"@id\":\"https:\/\/becom.digital\/nl\/#organization\"},\"potentialAction\":[{\"@type\":\"SearchAction\",\"target\":{\"@type\":\"EntryPoint\",\"urlTemplate\":\"https:\/\/becom.digital\/nl\/?s={search_term_string}\"},\"query-input\":{\"@type\":\"PropertyValueSpecification\",\"valueRequired\":true,\"valueName\":\"search_term_string\"}}],\"inLanguage\":\"nl-NL\"},{\"@type\":\"Organization\",\"@id\":\"https:\/\/becom.digital\/nl\/#organization\",\"name\":\"Becom\",\"url\":\"https:\/\/becom.digital\/nl\/\",\"logo\":{\"@type\":\"ImageObject\",\"inLanguage\":\"nl-NL\",\"@id\":\"https:\/\/becom.digital\/nl\/#\/schema\/logo\/image\/\",\"url\":\"https:\/\/becom.digital\/app\/uploads\/2023\/10\/Becom_logo_POS_basic-3-e1697538309895.png\",\"contentUrl\":\"https:\/\/becom.digital\/app\/uploads\/2023\/10\/Becom_logo_POS_basic-3-e1697538309895.png\",\"width\":200,\"height\":72,\"caption\":\"Becom\"},\"image\":{\"@id\":\"https:\/\/becom.digital\/nl\/#\/schema\/logo\/image\/\"},\"sameAs\":[\"https:\/\/www.facebook.com\/Becomdigitalfederation\/\",\"https:\/\/x.com\/becomdigital\",\"https:\/\/www.linkedin.com\/company\/becomfederation\/\",\"https:\/\/www.instagram.com\/becomfederation\/\",\"https:\/\/www.youtube.com\/@becom-federation\",\"https:\/\/open.spotify.com\/show\/0oBItlT3FIpj6AxEqllkta\"]}]}<\/script>\n<!-- \/ Yoast SEO plugin. -->","yoast_head_json":{"title":"Cookiescan - Becom","description":"Avec le Cookiescan de Becom, nous v\u00e9rifions vos cookies dans les deux sens: juridique et technique. Car ce que vous promettez l\u00e9galement, doit r\u00e9alis\u00e9 techniquement.","robots":{"index":"index","follow":"follow","max-snippet":"max-snippet:-1","max-image-preview":"max-image-preview:large","max-video-preview":"max-video-preview:-1"},"canonical":"https:\/\/becom.digital\/nl\/cookiescan\/","og_locale":"nl_NL","og_type":"article","og_title":"Cookiescan - Becom","og_description":"Avec le Cookiescan de Becom, nous v\u00e9rifions vos cookies dans les deux sens: juridique et technique. Car ce que vous promettez l\u00e9galement, doit r\u00e9alis\u00e9 techniquement.","og_url":"https:\/\/becom.digital\/nl\/cookiescan\/","og_site_name":"Becom","article_publisher":"https:\/\/www.facebook.com\/Becomdigitalfederation\/","article_modified_time":"2026-01-23T09:07:13+00:00","twitter_card":"summary_large_image","twitter_site":"@becomdigital","twitter_misc":{"Geschatte leestijd":"3 minuten"},"schema":{"@context":"https:\/\/schema.org","@graph":[{"@type":"WebPage","@id":"https:\/\/becom.digital\/nl\/cookiescan\/","url":"https:\/\/becom.digital\/nl\/cookiescan\/","name":"Cookiescan - Becom","isPartOf":{"@id":"https:\/\/becom.digital\/nl\/#website"},"datePublished":"2025-01-24T08:52:47+00:00","dateModified":"2026-01-23T09:07:13+00:00","description":"Avec le Cookiescan de Becom, nous v\u00e9rifions vos cookies dans les deux sens: juridique et technique. Car ce que vous promettez l\u00e9galement, doit r\u00e9alis\u00e9 techniquement.","breadcrumb":{"@id":"https:\/\/becom.digital\/nl\/cookiescan\/#breadcrumb"},"inLanguage":"nl-NL","potentialAction":[{"@type":"ReadAction","target":["https:\/\/becom.digital\/nl\/cookiescan\/"]}]},{"@type":"BreadcrumbList","@id":"https:\/\/becom.digital\/nl\/cookiescan\/#breadcrumb","itemListElement":[{"@type":"ListItem","position":1,"name":"Home","item":"https:\/\/becom.digital\/nl\/"},{"@type":"ListItem","position":2,"name":"Cookiescan"}]},{"@type":"WebSite","@id":"https:\/\/becom.digital\/nl\/#website","url":"https:\/\/becom.digital\/nl\/","name":"Becom","description":"Your digital wings","publisher":{"@id":"https:\/\/becom.digital\/nl\/#organization"},"potentialAction":[{"@type":"SearchAction","target":{"@type":"EntryPoint","urlTemplate":"https:\/\/becom.digital\/nl\/?s={search_term_string}"},"query-input":{"@type":"PropertyValueSpecification","valueRequired":true,"valueName":"search_term_string"}}],"inLanguage":"nl-NL"},{"@type":"Organization","@id":"https:\/\/becom.digital\/nl\/#organization","name":"Becom","url":"https:\/\/becom.digital\/nl\/","logo":{"@type":"ImageObject","inLanguage":"nl-NL","@id":"https:\/\/becom.digital\/nl\/#\/schema\/logo\/image\/","url":"https:\/\/becom.digital\/app\/uploads\/2023\/10\/Becom_logo_POS_basic-3-e1697538309895.png","contentUrl":"https:\/\/becom.digital\/app\/uploads\/2023\/10\/Becom_logo_POS_basic-3-e1697538309895.png","width":200,"height":72,"caption":"Becom"},"image":{"@id":"https:\/\/becom.digital\/nl\/#\/schema\/logo\/image\/"},"sameAs":["https:\/\/www.facebook.com\/Becomdigitalfederation\/","https:\/\/x.com\/becomdigital","https:\/\/www.linkedin.com\/company\/becomfederation\/","https:\/\/www.instagram.com\/becomfederation\/","https:\/\/www.youtube.com\/@becom-federation","https:\/\/open.spotify.com\/show\/0oBItlT3FIpj6AxEqllkta"]}]}},"_links":{"self":[{"href":"https:\/\/becom.digital\/nl\/wp-json\/wp\/v2\/pages\/55772","targetHints":{"allow":["GET"]}}],"collection":[{"href":"https:\/\/becom.digital\/nl\/wp-json\/wp\/v2\/pages"}],"about":[{"href":"https:\/\/becom.digital\/nl\/wp-json\/wp\/v2\/types\/page"}],"author":[{"embeddable":true,"href":"https:\/\/becom.digital\/nl\/wp-json\/wp\/v2\/users\/17"}],"replies":[{"embeddable":true,"href":"https:\/\/becom.digital\/nl\/wp-json\/wp\/v2\/comments?post=55772"}],"version-history":[{"count":122,"href":"https:\/\/becom.digital\/nl\/wp-json\/wp\/v2\/pages\/55772\/revisions"}],"predecessor-version":[{"id":59164,"href":"https:\/\/becom.digital\/nl\/wp-json\/wp\/v2\/pages\/55772\/revisions\/59164"}],"wp:attachment":[{"href":"https:\/\/becom.digital\/nl\/wp-json\/wp\/v2\/media?parent=55772"}],"wp:term":[{"taxonomy":"test-katrien1","embeddable":true,"href":"https:\/\/becom.digital\/nl\/wp-json\/wp\/v2\/test-katrien1?post=55772"}],"curies":[{"name":"wp","href":"https:\/\/api.w.org\/{rel}","templated":true}]}}