{"id":36303,"date":"2021-09-10T09:20:08","date_gmt":"2021-09-10T07:20:08","guid":{"rendered":"https:\/\/www.safeshops.be\/safeshops-banner-kwaliteitslabel-copy\/"},"modified":"2025-02-18T16:19:22","modified_gmt":"2025-02-18T15:19:22","slug":"wat-is-het-vertrouwensprofiel","status":"publish","type":"page","link":"https:\/\/becom.digital\/nl\/wat-is-het-vertrouwensprofiel\/","title":{"rendered":"Wat is het vertrouwensprofiel"},"content":{"rendered":"<div class=\"wpb-content-wrapper\"><p>[vc_row type=&#8221;full_width_section&#8221;][vc_column width=&#8221;1\/1&#8243;]<div class=\"single_image wpb_content_element align-center    \" data-animation=\"none\" data-delay=\"0\"><img loading=\"lazy\" decoding=\"async\" width=\"2560\" height=\"350\" src=\"https:\/\/becom.digital\/app\/uploads\/2025\/02\/Vertrouwensprofiel.png\" class=\"attachment-full\" alt=\"\" title=\"Vertrouwensprofiel\" srcset=\"https:\/\/becom.digital\/app\/uploads\/2025\/02\/Vertrouwensprofiel.png 2560w, https:\/\/becom.digital\/app\/uploads\/2025\/02\/Vertrouwensprofiel-300x41.png 300w, https:\/\/becom.digital\/app\/uploads\/2025\/02\/Vertrouwensprofiel-1024x140.png 1024w, https:\/\/becom.digital\/app\/uploads\/2025\/02\/Vertrouwensprofiel-768x105.png 768w, https:\/\/becom.digital\/app\/uploads\/2025\/02\/Vertrouwensprofiel-1536x210.png 1536w, https:\/\/becom.digital\/app\/uploads\/2025\/02\/Vertrouwensprofiel-2048x280.png 2048w\" sizes=\"auto, (max-width: 2560px) 100vw, 2560px\" \/><\/div>[\/vc_column][\/vc_row][vc_row][vc_column width=&#8221;1\/1&#8243;]<div class=\"spacer\" style=\"height: 40px;\"><\/div><h1 class=\"headline font-special fontsize-l fontweight-700 lh-13 align-left transform-inherit \" style=\"margin: 0 0 20px 0; color: #5e32ca;\">Toon aan dat je een betrouwbare webshop bent <\/h1>[\/vc_column][\/vc_row][vc_row][vc_column width=&#8221;1\/1&#8243;][vc_column_text]Meer en meer consumenten shoppen online en natuurlijk wil jij als webshop jouw consumenten duidelijk maken dat je een betrouwbare webshop hebt. Door het Becom Trustmark en Ecommerce European Trustmark weet jouw consument dat jij een betrouwbare webshop hebt en dat ze dus met een gerust hart kunnen shoppen.<\/p>\n<p>Maar er is meer. Aan het kwaliteitslabel van Becom is een vertrouwensprofiel gekoppeld. We werken hiervoor samen met Trustprofile. Deze partner cre\u00eberde een eenvoudig te installeren widget welke een overzicht van alle zekerheden (identiteit, juridische controle en geschillenbemiddeling) van een Becom Trustmark weergeeft. Maar ook klantenbeoordelingen kan je koppelen aan je vertrouwensprofiel. Zo is dit vertrouwensprofiel voor de online shopper \u00e9\u00e9n centrale plek waarbij hij in \u00e9\u00e9n oogopslag ontdekt dat je een betrouwbare webshops bent.[\/vc_column_text]<div class=\"spacer\" style=\"height: 20px;\"><\/div>[\/vc_column][\/vc_row][vc_row][vc_column width=&#8221;1\/1&#8243;]<div class=\"spacer\" style=\"height: 50px;\"><\/div>[vc_column_text]<\/p>\n<h4><span style=\"color: #5e32ca;\"><strong>Wat is het vertrouwensprofiel?<\/strong><\/span><\/h4>\n<p>[\/vc_column_text][vc_column_text]Het Becom vertrouwensprofiel is een profiel pagina van jouw webshop welke als link achter het Becom Trustmark zit. Wanneer jouw consument op je webshop terecht komt en doorklikt op het Becom label of Ecommerce Europe Trustmark, komt hij op jouw vertrouwenspagina terecht. Zo kan je consument of klant een extra vertrouwenscheck doen.<\/p>\n<p>De consument kan dan verschillende zaken nakijken, zodat hij zeker is dat hij koopt bij een betrouwbare webshop. Zo kan hij consumentenreviews nakijken en is de identiteit zichtbaar van jouw webshop. Ook ziet hij in \u00e9\u00e9n oogopslag dat jouw webshop een juridische check kreeg en dat in geval van onopgeloste klacht \u00a0Becom instaat voor geschillenbemiddeling. Al deze zaken dragen bij tot het vergroten van het vertrouwen in jouw webshop en een verhoogde verkoop in Belgi\u00eb en over de grenzen heen.<\/p>\n<p>Daarnaast geeft de Trustprofile widget Becom de mogelijkheid om het profiel te verwijderen indien een webshop niet meer voldoet aan de criteria van het label. Ook krijgt de consument een overzicht van alle vertrouwensprofielen en dus webshops die voldoen. Hierdoor heeft hij dus een extra controlemogelijkheid om te kijken of een shop wel degelijk voldoet.[\/vc_column_text]<div class=\"spacer\" style=\"height: 10px;\"><\/div>[\/vc_column][\/vc_row][vc_row text_align=&#8221;center&#8221;][vc_column width=&#8221;1\/6&#8243;][\/vc_column][vc_column width=&#8221;2\/3&#8243;]<div class=\"single_image wpb_content_element align-left    \" data-animation=\"none\" data-delay=\"0\"><\/div>[\/vc_column][vc_column width=&#8221;1\/6&#8243;][\/vc_column][\/vc_row][vc_row][vc_column width=&#8221;1\/1&#8243;]<div class=\"spacer\" style=\"height: 50px;\"><\/div>[vc_column_text]<\/p>\n<h4><span style=\"color: #5e32ca;\"><strong>Nog meer vertrouwen met de Becom sidebar<\/strong><\/span><\/h4>\n<p>[\/vc_column_text][vc_column_text]Je wilt natuurlijk dat jouw consument onmiddellijk ziet dat hij bij een betrouwbare webshop koopt. Daarom ontwikkelde Becom in samenwerking met Trustprofile een sidebar. Zo kan jij op een andere manier het Becom Trustmark tonen aan jouw consument en ziet hij in direct de consumentenreviews van jouw online shop.<\/p>\n<p>De sidebar beweegt mooi mee tijdens het scrollen op je webshop en is dus altijd in beeld. Op deze manier kan de consument op ieder moment vlug even jouw consumenten reviews bekijken of doorklikken om jouw volledig vertrouwensprofiel te bekijken.[\/vc_column_text][\/vc_column][\/vc_row][vc_row text_align=&#8221;center&#8221;][vc_column width=&#8221;1\/6&#8243;][\/vc_column][vc_column width=&#8221;2\/3&#8243;]<div class=\"single_image wpb_content_element align-left    \" data-animation=\"none\" data-delay=\"0\"><\/div><div class=\"spacer\" style=\"height: 10px;\"><\/div><div class=\"spacer\" style=\"height: 10px;\"><\/div>[\/vc_column][vc_column width=&#8221;1\/6&#8243;][\/vc_column][\/vc_row][vc_row][vc_column width=&#8221;1\/1&#8243;][vc_column_text]<\/p>\n<h4><span style=\"color: #5e32ca;\"><strong>Ontdek meer over het vertrouwensprofiel<\/strong><\/span><\/h4>\n<p>[\/vc_column_text]<div class=\"spacer\" style=\"height: 10px;\"><\/div>[\/vc_column][\/vc_row][vc_row bg_color=&#8221;#ffffff&#8221;][vc_column width=&#8221;1\/3&#8243;]<div class=\"spacer\" style=\"height: 40px;\"><\/div><div class=\"iconbox  iconbox-style-8 icon-color-accent color-dark clearfix\"><h3><\/h3><i class=\"fa fa-certificate boxicon\" style=\"\"><\/i><p><strong>Wat betekenen de\u00a0badges op het vertrouwensprofiel?<\/strong><\/p>\n<a href=\"https:\/\/becom.digital\/nl\/trustprofile-badges-webshops\/\" target=\"_blank\" class=\"button #00EA90 small \" style=\"border-radius: 2px;\">Ontdek het hier<\/a><\/p><\/div><div class=\"spacer\" style=\"height: 5px;\"><\/div>[\/vc_column][vc_column width=&#8221;1\/3&#8243;]<div class=\"spacer\" style=\"height: 40px;\"><\/div><div class=\"iconbox  iconbox-style-8 icon-color-accent color-dark clearfix\"><h3><\/h3><i class=\"fa fa-star boxicon\" style=\"\"><\/i><p><strong>Krijg consumentenreviews via je vertrouwensprofiel<\/strong><\/p>\n<a href=\"https:\/\/becom.digital\/nl\/koppel-je-consumentenreviews\/\" target=\"_blank\" class=\"button #00EA90 small \" style=\"border-radius: 2px;\">Ontdek het hier<\/a><\/p><\/div><div class=\"spacer\" style=\"height: 5px;\"><\/div>[\/vc_column][vc_column width=&#8221;1\/3&#8243;]<div class=\"spacer\" style=\"height: 40px;\"><\/div><div class=\"iconbox  iconbox-style-8 icon-color-accent color-dark clearfix\"><h3><\/h3><i class=\"fa fa-download boxicon\" style=\"\"><\/i><p><strong>Hoe installeer ik het vertrouwensprofiel?<\/strong><\/p>\n<a href=\"https:\/\/becom.digital\/nl\/installatie-becom-trustmark\/\" target=\"_blank\" class=\"button #00EA90 small \" style=\"border-radius: 2px;\">Ontdek het hier<\/a><\/p><\/div><div class=\"spacer\" style=\"height: 5px;\"><\/div>[\/vc_column][\/vc_row][vc_row bg_color=&#8221;#f6f6f6&#8243;][vc_column width=&#8221;1\/6&#8243;][\/vc_column][vc_column bg_color=&#8221;#f6f6f6&#8243; text_align=&#8221;center&#8221; width=&#8221;2\/3&#8243;]<div class=\"spacer\" style=\"height: 30px;\"><\/div><a href=\"https:\/\/becom.digital\/nl\/hoeveel-kost-het-kwaliteitslabel\/\" target=\"_self\" class=\"button color-3 large \" style=\"border-radius: 2px;\">Vraag nu jouw Becom Trustmark aan <\/a>[\/vc_column][vc_column width=&#8221;1\/6&#8243;][\/vc_column][\/vc_row][vc_row bg_color=&#8221;#f6f6f6&#8243;][vc_column width=&#8221;1\/1&#8243;]<div class=\"spacer\" style=\"height: 40px;\"><\/div>[\/vc_column][\/vc_row][vc_row][vc_column width=&#8221;1\/1&#8243;]<div class=\"spacer\" style=\"height: 80px;\"><\/div>[\/vc_column][\/vc_row][vc_column width=&#8221;1\/1&#8243;][\/vc_column]<\/p>\n<\/div>","protected":false},"excerpt":{"rendered":"<p>[vc_row type=&#8221;full_width_section&#8221;][vc_column width=&#8221;1\/1&#8243;][\/vc_column][\/vc_row][vc_row][vc_column width=&#8221;1\/1&#8243;][\/vc_column][\/vc_row][vc_row][vc_column width=&#8221;1\/1&#8243;][vc_column_text]Meer en meer consumenten shoppen online en natuurlijk wil jij als webshop jouw consumenten duidelijk maken dat je een betrouwbare webshop hebt. Door het Becom Trustmark en Ecommerce European Trustmark weet jouw consument dat jij een betrouwbare webshop hebt en dat ze dus met een gerust hart kunnen shoppen. Maar er is meer. Aan het kwaliteitslabel van Becom is een vertrouwensprofiel gekoppeld. We werken hiervoor samen met Trustprofile. Deze partner cre\u00eberde een eenvoudig te installeren widget welke een overzicht van alle zekerheden (identiteit, juridische controle en geschillenbemiddeling) van een Becom Trustmark weergeeft. Maar ook klantenbeoordelingen kan je koppelen aan je vertrouwensprofiel. Zo is dit vertrouwensprofiel voor de online shopper \u00e9\u00e9n centrale plek waarbij hij in \u00e9\u00e9n oogopslag ontdekt dat je een betrouwbare webshops bent.[\/vc_column_text][\/vc_column][\/vc_row][vc_row][vc_column width=&#8221;1\/1&#8243;][vc_column_text] Wat is het vertrouwensprofiel? [\/vc_column_text][vc_column_text]Het Becom vertrouwensprofiel is een profiel pagina van jouw webshop welke als link achter het Becom Trustmark zit. Wanneer jouw consument op je webshop terecht komt en doorklikt op het Becom label of Ecommerce Europe Trustmark, komt hij op jouw vertrouwenspagina terecht. Zo kan je consument of klant een extra vertrouwenscheck doen. De consument kan dan verschillende zaken nakijken, zodat hij zeker is dat hij koopt bij [&hellip;]<\/p>\n","protected":false},"author":17,"featured_media":0,"parent":0,"menu_order":0,"comment_status":"closed","ping_status":"closed","template":"","meta":{"_EventAllDay":false,"_EventTimezone":"","_EventStartDate":"","_EventEndDate":"","_EventStartDateUTC":"","_EventEndDateUTC":"","_EventShowMap":false,"_EventShowMapLink":false,"_EventURL":"","_EventCost":"","_EventCostDescription":"","_EventCurrencySymbol":"","_EventCurrencyCode":"","_EventCurrencyPosition":"","_EventDateTimeSeparator":"","_EventTimeRangeSeparator":"","_EventOrganizerID":[],"_EventVenueID":[],"_OrganizerEmail":"","_OrganizerPhone":"","_OrganizerWebsite":"","_VenueAddress":"","_VenueCity":"","_VenueCountry":"","_VenueProvince":"","_VenueState":"","_VenueZip":"","_VenuePhone":"","_VenueURL":"","_VenueStateProvince":"","_VenueLat":"","_VenueLng":"","_VenueShowMap":false,"_VenueShowMapLink":false,"footnotes":""},"test-katrien1":[],"class_list":["post-36303","page","type-page","status-publish","hentry"],"yoast_head":"<!-- This site is optimized with the Yoast SEO plugin v26.4 - https:\/\/yoast.com\/wordpress\/plugins\/seo\/ -->\n<title>Wat is het vertrouwensprofiel - Becom<\/title>\n<meta name=\"description\" content=\"Het vertrouwensprofiel toont dat je een betrouwbare webshop heb. Het vertrouwensprofiel is gelinkt aan het kwaliteitslabel van Becom.\" \/>\n<meta name=\"robots\" content=\"index, follow, max-snippet:-1, max-image-preview:large, max-video-preview:-1\" \/>\n<link rel=\"canonical\" href=\"https:\/\/becom.digital\/nl\/wat-is-het-vertrouwensprofiel\/\" \/>\n<meta property=\"og:locale\" content=\"nl_NL\" \/>\n<meta property=\"og:type\" content=\"article\" \/>\n<meta property=\"og:title\" content=\"Wat is het vertrouwensprofiel - Becom\" \/>\n<meta property=\"og:description\" content=\"Het vertrouwensprofiel toont dat je een betrouwbare webshop heb. Het vertrouwensprofiel is gelinkt aan het kwaliteitslabel van Becom.\" \/>\n<meta property=\"og:url\" content=\"https:\/\/becom.digital\/nl\/wat-is-het-vertrouwensprofiel\/\" \/>\n<meta property=\"og:site_name\" content=\"Becom\" \/>\n<meta property=\"article:publisher\" content=\"https:\/\/www.facebook.com\/Becomdigitalfederation\/\" \/>\n<meta property=\"article:modified_time\" content=\"2025-02-18T15:19:22+00:00\" \/>\n<meta name=\"twitter:card\" content=\"summary_large_image\" \/>\n<meta name=\"twitter:site\" content=\"@becomdigital\" \/>\n<meta name=\"twitter:label1\" content=\"Geschatte leestijd\" \/>\n\t<meta name=\"twitter:data1\" content=\"3 minuten\" \/>\n<script type=\"application\/ld+json\" class=\"yoast-schema-graph\">{\"@context\":\"https:\/\/schema.org\",\"@graph\":[{\"@type\":\"WebPage\",\"@id\":\"https:\/\/becom.digital\/nl\/wat-is-het-vertrouwensprofiel\/\",\"url\":\"https:\/\/becom.digital\/nl\/wat-is-het-vertrouwensprofiel\/\",\"name\":\"Wat is het vertrouwensprofiel - Becom\",\"isPartOf\":{\"@id\":\"https:\/\/becom.digital\/nl\/#website\"},\"datePublished\":\"2021-09-10T07:20:08+00:00\",\"dateModified\":\"2025-02-18T15:19:22+00:00\",\"description\":\"Het vertrouwensprofiel toont dat je een betrouwbare webshop heb. Het vertrouwensprofiel is gelinkt aan het kwaliteitslabel van Becom.\",\"breadcrumb\":{\"@id\":\"https:\/\/becom.digital\/nl\/wat-is-het-vertrouwensprofiel\/#breadcrumb\"},\"inLanguage\":\"nl-NL\",\"potentialAction\":[{\"@type\":\"ReadAction\",\"target\":[\"https:\/\/becom.digital\/nl\/wat-is-het-vertrouwensprofiel\/\"]}]},{\"@type\":\"BreadcrumbList\",\"@id\":\"https:\/\/becom.digital\/nl\/wat-is-het-vertrouwensprofiel\/#breadcrumb\",\"itemListElement\":[{\"@type\":\"ListItem\",\"position\":1,\"name\":\"Home\",\"item\":\"https:\/\/becom.digital\/nl\/\"},{\"@type\":\"ListItem\",\"position\":2,\"name\":\"Wat is het vertrouwensprofiel\"}]},{\"@type\":\"WebSite\",\"@id\":\"https:\/\/becom.digital\/nl\/#website\",\"url\":\"https:\/\/becom.digital\/nl\/\",\"name\":\"Becom\",\"description\":\"Your digital wings\",\"publisher\":{\"@id\":\"https:\/\/becom.digital\/nl\/#organization\"},\"potentialAction\":[{\"@type\":\"SearchAction\",\"target\":{\"@type\":\"EntryPoint\",\"urlTemplate\":\"https:\/\/becom.digital\/nl\/?s={search_term_string}\"},\"query-input\":{\"@type\":\"PropertyValueSpecification\",\"valueRequired\":true,\"valueName\":\"search_term_string\"}}],\"inLanguage\":\"nl-NL\"},{\"@type\":\"Organization\",\"@id\":\"https:\/\/becom.digital\/nl\/#organization\",\"name\":\"Becom\",\"url\":\"https:\/\/becom.digital\/nl\/\",\"logo\":{\"@type\":\"ImageObject\",\"inLanguage\":\"nl-NL\",\"@id\":\"https:\/\/becom.digital\/nl\/#\/schema\/logo\/image\/\",\"url\":\"https:\/\/becom.digital\/app\/uploads\/2023\/10\/Becom_logo_POS_basic-3-e1697538309895.png\",\"contentUrl\":\"https:\/\/becom.digital\/app\/uploads\/2023\/10\/Becom_logo_POS_basic-3-e1697538309895.png\",\"width\":200,\"height\":72,\"caption\":\"Becom\"},\"image\":{\"@id\":\"https:\/\/becom.digital\/nl\/#\/schema\/logo\/image\/\"},\"sameAs\":[\"https:\/\/www.facebook.com\/Becomdigitalfederation\/\",\"https:\/\/x.com\/becomdigital\",\"https:\/\/www.linkedin.com\/company\/becomfederation\/\",\"https:\/\/www.instagram.com\/becomfederation\/\",\"https:\/\/www.youtube.com\/@becom-federation\",\"https:\/\/open.spotify.com\/show\/0oBItlT3FIpj6AxEqllkta\"]}]}<\/script>\n<!-- \/ Yoast SEO plugin. -->","yoast_head_json":{"title":"Wat is het vertrouwensprofiel - Becom","description":"Het vertrouwensprofiel toont dat je een betrouwbare webshop heb. Het vertrouwensprofiel is gelinkt aan het kwaliteitslabel van Becom.","robots":{"index":"index","follow":"follow","max-snippet":"max-snippet:-1","max-image-preview":"max-image-preview:large","max-video-preview":"max-video-preview:-1"},"canonical":"https:\/\/becom.digital\/nl\/wat-is-het-vertrouwensprofiel\/","og_locale":"nl_NL","og_type":"article","og_title":"Wat is het vertrouwensprofiel - Becom","og_description":"Het vertrouwensprofiel toont dat je een betrouwbare webshop heb. Het vertrouwensprofiel is gelinkt aan het kwaliteitslabel van Becom.","og_url":"https:\/\/becom.digital\/nl\/wat-is-het-vertrouwensprofiel\/","og_site_name":"Becom","article_publisher":"https:\/\/www.facebook.com\/Becomdigitalfederation\/","article_modified_time":"2025-02-18T15:19:22+00:00","twitter_card":"summary_large_image","twitter_site":"@becomdigital","twitter_misc":{"Geschatte leestijd":"3 minuten"},"schema":{"@context":"https:\/\/schema.org","@graph":[{"@type":"WebPage","@id":"https:\/\/becom.digital\/nl\/wat-is-het-vertrouwensprofiel\/","url":"https:\/\/becom.digital\/nl\/wat-is-het-vertrouwensprofiel\/","name":"Wat is het vertrouwensprofiel - Becom","isPartOf":{"@id":"https:\/\/becom.digital\/nl\/#website"},"datePublished":"2021-09-10T07:20:08+00:00","dateModified":"2025-02-18T15:19:22+00:00","description":"Het vertrouwensprofiel toont dat je een betrouwbare webshop heb. Het vertrouwensprofiel is gelinkt aan het kwaliteitslabel van Becom.","breadcrumb":{"@id":"https:\/\/becom.digital\/nl\/wat-is-het-vertrouwensprofiel\/#breadcrumb"},"inLanguage":"nl-NL","potentialAction":[{"@type":"ReadAction","target":["https:\/\/becom.digital\/nl\/wat-is-het-vertrouwensprofiel\/"]}]},{"@type":"BreadcrumbList","@id":"https:\/\/becom.digital\/nl\/wat-is-het-vertrouwensprofiel\/#breadcrumb","itemListElement":[{"@type":"ListItem","position":1,"name":"Home","item":"https:\/\/becom.digital\/nl\/"},{"@type":"ListItem","position":2,"name":"Wat is het vertrouwensprofiel"}]},{"@type":"WebSite","@id":"https:\/\/becom.digital\/nl\/#website","url":"https:\/\/becom.digital\/nl\/","name":"Becom","description":"Your digital wings","publisher":{"@id":"https:\/\/becom.digital\/nl\/#organization"},"potentialAction":[{"@type":"SearchAction","target":{"@type":"EntryPoint","urlTemplate":"https:\/\/becom.digital\/nl\/?s={search_term_string}"},"query-input":{"@type":"PropertyValueSpecification","valueRequired":true,"valueName":"search_term_string"}}],"inLanguage":"nl-NL"},{"@type":"Organization","@id":"https:\/\/becom.digital\/nl\/#organization","name":"Becom","url":"https:\/\/becom.digital\/nl\/","logo":{"@type":"ImageObject","inLanguage":"nl-NL","@id":"https:\/\/becom.digital\/nl\/#\/schema\/logo\/image\/","url":"https:\/\/becom.digital\/app\/uploads\/2023\/10\/Becom_logo_POS_basic-3-e1697538309895.png","contentUrl":"https:\/\/becom.digital\/app\/uploads\/2023\/10\/Becom_logo_POS_basic-3-e1697538309895.png","width":200,"height":72,"caption":"Becom"},"image":{"@id":"https:\/\/becom.digital\/nl\/#\/schema\/logo\/image\/"},"sameAs":["https:\/\/www.facebook.com\/Becomdigitalfederation\/","https:\/\/x.com\/becomdigital","https:\/\/www.linkedin.com\/company\/becomfederation\/","https:\/\/www.instagram.com\/becomfederation\/","https:\/\/www.youtube.com\/@becom-federation","https:\/\/open.spotify.com\/show\/0oBItlT3FIpj6AxEqllkta"]}]}},"_links":{"self":[{"href":"https:\/\/becom.digital\/nl\/wp-json\/wp\/v2\/pages\/36303","targetHints":{"allow":["GET"]}}],"collection":[{"href":"https:\/\/becom.digital\/nl\/wp-json\/wp\/v2\/pages"}],"about":[{"href":"https:\/\/becom.digital\/nl\/wp-json\/wp\/v2\/types\/page"}],"author":[{"embeddable":true,"href":"https:\/\/becom.digital\/nl\/wp-json\/wp\/v2\/users\/17"}],"replies":[{"embeddable":true,"href":"https:\/\/becom.digital\/nl\/wp-json\/wp\/v2\/comments?post=36303"}],"version-history":[{"count":19,"href":"https:\/\/becom.digital\/nl\/wp-json\/wp\/v2\/pages\/36303\/revisions"}],"predecessor-version":[{"id":58843,"href":"https:\/\/becom.digital\/nl\/wp-json\/wp\/v2\/pages\/36303\/revisions\/58843"}],"wp:attachment":[{"href":"https:\/\/becom.digital\/nl\/wp-json\/wp\/v2\/media?parent=36303"}],"wp:term":[{"taxonomy":"test-katrien1","embeddable":true,"href":"https:\/\/becom.digital\/nl\/wp-json\/wp\/v2\/test-katrien1?post=36303"}],"curies":[{"name":"wp","href":"https:\/\/api.w.org\/{rel}","templated":true}]}}