{"id":62248,"date":"2025-06-25T16:13:22","date_gmt":"2025-06-25T14:13:22","guid":{"rendered":"https:\/\/becom.digital\/label_audits-copy\/"},"modified":"2026-01-23T10:16:33","modified_gmt":"2026-01-23T09:16:33","slug":"label_audits","status":"publish","type":"page","link":"https:\/\/becom.digital\/fr\/label_audits\/","title":{"rendered":"Label &#038; audits"},"content":{"rendered":"<div class=\"wpb-content-wrapper\"><p>[vc_row type=&#8221;full_width_section&#8221;][vc_column width=&#8221;1\/1&#8243;]<div class=\"single_image wpb_content_element align-left    mobile-responsive\" data-animation=\"none\" data-delay=\"0\"><img loading=\"lazy\" decoding=\"async\" width=\"6400\" height=\"875\" src=\"https:\/\/becom.digital\/app\/uploads\/2025\/06\/Label-audits-1.png\" class=\"attachment-full\" alt=\"\" title=\"Label &amp; audits (1)\" srcset=\"https:\/\/becom.digital\/app\/uploads\/2025\/06\/Label-audits-1.png 6400w, https:\/\/becom.digital\/app\/uploads\/2025\/06\/Label-audits-1-300x41.png 300w, https:\/\/becom.digital\/app\/uploads\/2025\/06\/Label-audits-1-1024x140.png 1024w, https:\/\/becom.digital\/app\/uploads\/2025\/06\/Label-audits-1-768x105.png 768w, https:\/\/becom.digital\/app\/uploads\/2025\/06\/Label-audits-1-1536x210.png 1536w, https:\/\/becom.digital\/app\/uploads\/2025\/06\/Label-audits-1-2048x280.png 2048w\" sizes=\"auto, (max-width: 6400px) 100vw, 6400px\" \/><\/div>[\/vc_column][\/vc_row][vc_row][vc_column bg_color=&#8221;#FFFFFF&#8221; width=&#8221;1\/1&#8243;]<div class=\"spacer\" style=\"height: 40px;\"><\/div><div class=\"becom-title-banner\"><div class=\"content-wrapper \" style=\"background-color:#FFFFFF \"><\/p>\n<h2><span style=\"color: #5e32ca;\"><strong>Trust, but verify<span style=\"color: #00ea90;\">.<\/span><\/strong><\/span><\/h2>\n<p><span style=\"font-family: 'Open Sans', sans-serif; font-weight: 300;\">Le monde num\u00e9rique et les \u00e9volutions technologiques telles que l\u2019intelligence artificielle offrent d\u2019\u00e9normes opportunit\u00e9s au secteur de l\u2019e-commerce.<br \/>\nL\u2019espace a\u00e9rien du commerce en ligne ne cesse de s\u2019\u00e9largir, avec une croissance rapide du nombre d\u2019acteurs \u2014 et malheureusement aussi de fraudeurs.<br \/>\nIl devient donc de plus en plus difficile de prouver que vous \u00eates un acteur fiable.<br \/>\n<\/span><\/p>\n<p>En tant que f\u00e9d\u00e9ration belge de l\u2019e-commerce, nous souhaitons vous accompagner dans ce d\u00e9fi.<br \/>\nGr\u00e2ce \u00e0 nos outils et labels de qualit\u00e9, vous pouvez renforcer vos ailes, inspirer davantage de confiance et poursuivre votre envol vers une croissance durable, de mani\u00e8re la plus s\u00e9curis\u00e9e et fiable possible.<\/div><\/div><div class=\"spacer\" style=\"height: 40px;\"><\/div>[\/vc_column][\/vc_row][vc_row bg_color=&#8221;#F9F9F9&#8243;][vc_column bg_color=&#8221;#F9F9F9&#8243; text_align=&#8221;center&#8221; width=&#8221;1\/3&#8243;]<div class=\"spacer\" style=\"height: 30px;\"><\/div><div class=\"box clearfix style-1 wpb_content_element align-center \" style=\"padding: 40px 40px 40px 40px; \">\n<h3><span style=\"color: #000000;\"><strong><span style=\"color: #5e32ca;\"><img loading=\"lazy\" decoding=\"async\" class=\"wp-image-60994 aligncenter\" src=\"https:\/\/becom.digital\/app\/uploads\/2025\/04\/Becom_badge-300x102.png\" alt=\"\" width=\"226\" height=\"77\" srcset=\"https:\/\/becom.digital\/app\/uploads\/2025\/04\/Becom_badge-300x102.png 300w, https:\/\/becom.digital\/app\/uploads\/2025\/04\/Becom_badge-1024x350.png 1024w, https:\/\/becom.digital\/app\/uploads\/2025\/04\/Becom_badge-768x262.png 768w, https:\/\/becom.digital\/app\/uploads\/2025\/04\/Becom_badge-1536x525.png 1536w, https:\/\/becom.digital\/app\/uploads\/2025\/04\/Becom_badge-2048x699.png 2048w\" sizes=\"auto, (max-width: 226px) 100vw, 226px\" \/><\/span><\/strong><\/span><\/h3>\n<h3 style=\"text-align: center;\"><span style=\"color: #000000;\"><strong><span style=\"color: #5e32ca;\">Becom Trustmark<br \/>\n<\/span><\/strong><\/span><\/h3>\n<p style=\"text-align: left;\"><span style=\"font-family: 'Open Sans', sans-serif; font-weight: 350; color: #000000;\">Ce label renforce la cr\u00e9dibilit\u00e9 de votre boutique en ligne. Il montre d\u2019un seul coup d\u2019\u0153il que vous misez sur la transparence, la qualit\u00e9 et le respect de la l\u00e9gislation en mati\u00e8re d\u2019e-commerce.<\/span><\/p>\n<\/div><a href=\"https:\/\/becom.digital\/fr\/becom-trustmark\/\" target=\"_self\" class=\"button custom medium \" style=\"background-color: #5E32CA; border-color: #5E32CA;border-radius: ;\">En savoir plus<\/a><div class=\"spacer\" style=\"height: 30px;\"><\/div>[\/vc_column][vc_column text_align=&#8221;center&#8221; width=&#8221;1\/3&#8243;]<div class=\"spacer\" style=\"height: 30px;\"><\/div><div class=\"box clearfix style-1 wpb_content_element align-center \" style=\"padding: 40px 40px 40px 40px; \">\n<h2><img loading=\"lazy\" decoding=\"async\" class=\"wp-image-60891 aligncenter\" src=\"https:\/\/becom.digital\/app\/uploads\/2025\/04\/3-2-300x251.png\" alt=\"\" width=\"62\" height=\"52\" srcset=\"https:\/\/becom.digital\/app\/uploads\/2025\/04\/3-2-300x251.png 300w, https:\/\/becom.digital\/app\/uploads\/2025\/04\/3-2-1024x858.png 1024w, https:\/\/becom.digital\/app\/uploads\/2025\/04\/3-2-768x644.png 768w, https:\/\/becom.digital\/app\/uploads\/2025\/04\/3-2-1536x1288.png 1536w, https:\/\/becom.digital\/app\/uploads\/2025\/04\/3-2-2048x1717.png 2048w\" sizes=\"auto, (max-width: 62px) 100vw, 62px\" \/><\/h2>\n<h3><span style=\"color: #5e32ca;\"><strong>Security Scan<\/strong><\/span><\/h3>\n<p style=\"text-align: left;\"><span style=\"font-family: 'Open Sans', sans-serif; font-weight: 350; color: #000000;\">Votre site web est-il suffisamment s\u00e9curis\u00e9 ? Gr\u00e2ce au Becom Security Scan, notre partenaire Trust Guard analyse votre site tous les trois mois \u00e0 la recherche de vuln\u00e9rabilit\u00e9s que des hackers pourraient exploiter. Vous renforcez ainsi la protection de votre entreprise et la confiance de vos clients.<\/span><\/p>\n<\/div><a href=\"https:\/\/becom.digital\/fr\/securityscan\/\" target=\"_self\" class=\"button custom medium \" style=\"background-color: #5E32CA; border-color: #5E32CA;border-radius: ;\">En savoir plus<\/a><div class=\"spacer\" style=\"height: 5px;\"><\/div>[\/vc_column][vc_column text_align=&#8221;center&#8221; width=&#8221;1\/3&#8243;]<div class=\"spacer\" style=\"height: 30px;\"><\/div><div class=\"box clearfix style-1 wpb_content_element align-center \" style=\"padding: 40px 40px 40px 40px; \">\n<h3><span style=\"color: #5e32ca;\"><strong><img loading=\"lazy\" decoding=\"async\" class=\"wp-image-60898 aligncenter\" src=\"https:\/\/becom.digital\/app\/uploads\/2025\/04\/4-2-300x251.png\" alt=\"\" width=\"62\" height=\"52\" srcset=\"https:\/\/becom.digital\/app\/uploads\/2025\/04\/4-2-300x251.png 300w, https:\/\/becom.digital\/app\/uploads\/2025\/04\/4-2-1024x858.png 1024w, https:\/\/becom.digital\/app\/uploads\/2025\/04\/4-2-768x644.png 768w, https:\/\/becom.digital\/app\/uploads\/2025\/04\/4-2-1536x1288.png 1536w, https:\/\/becom.digital\/app\/uploads\/2025\/04\/4-2-2048x1717.png 2048w\" sizes=\"auto, (max-width: 62px) 100vw, 62px\" \/><\/strong><\/span><\/h3>\n<h3><span style=\"color: #5e32ca;\"><strong>Cookiescan<\/strong><\/span><\/h3>\n<p style=\"text-align: left;\">Le Becom Cookie Scan vous aide \u00e0 assurer que votre site respecte la l\u00e9gislation sur les cookies, tant sur le plan technique que juridique. Votre site doit en effet faire ce que vous promettez dans votre politique de confidentialit\u00e9.<\/p>\n<\/div><a href=\"https:\/\/becom.digital\/fr\/cookiescan\/\" target=\"_self\" class=\"button custom medium \" style=\"background-color: #5E32CA; border-color: #5E32CA;border-radius: ;\">En savoir plus<\/a><div class=\"spacer\" style=\"height: 5px;\"><\/div>[\/vc_column][\/vc_row][vc_row bg_color=&#8221;#FFFFFF&#8221;][vc_column text_align=&#8221;center&#8221; width=&#8221;1\/1&#8243;]<div class=\"spacer\" style=\"height: 40px;\"><\/div>[\/vc_column][vc_column]<div class=\"becom-title-banner\"><div class=\"content-wrapper \" style=\"background-color:#FFFFFF \"><\/p>\n<h2><strong><span style=\"color: #5e32ca;\">Questions fr\u00e9quentes<span style=\"color: #00ea90;\">.<\/span><\/span><\/strong><\/h2>\n<p><\/div><\/div>[vc_tta_accordion style=&#8221;modern&#8221; gap=&#8221;3&#8243; c_icon=&#8221;chevron&#8221; active_section=&#8221;0&#8243; collapsible_all=&#8221;true&#8221; css=&#8221;.vc_custom_1745430444036{background-color: #ffffff !important;}&#8221;][vc_tta_section title=&#8221;Comment obtenir le Becom Trustmark ?&#8221; tab_id=&#8221;1745430560663-99c07ec3-69d0&#8243;][vc_column_text]<\/p>\n<p style=\"text-align: left;\">En obtenant le Becom Trustmark, vous devenez automatiquement membre Trustmark de Becom.<br \/>\nCe label de qualit\u00e9 inclut notamment un audit juridique annuel, r\u00e9alis\u00e9 par le cabinet d\u2019avocats ind\u00e9pendant Nelissen Grade.<br \/>\nUne fois l\u2019audit termin\u00e9 et les \u00e9ventuelles adaptations effectu\u00e9es, vous \u00eates autoris\u00e9 \u00e0 afficher le Becom Trustmark sur votre site.<\/p>\n<p style=\"text-align: left;\"><span style=\"font-family: 'Open Sans', sans-serif; font-weight: 350; color: #000000;\">Cliquez\u00a0<span style=\"color: #5e32ca;\"><span style=\"font-family: 'Open Sans', sans-serif; font-weight: 350;\"><span class=\"wysiwyg-underline\"><strong><a style=\"color: #5e32ca;\" href=\"https:\/\/shop.becom.digital\/Lidmaatschap\" target=\"_blank\" rel=\"noopener\">ici<\/a><\/strong><\/span><\/span> <\/span><span style=\"font-family: 'Open Sans', sans-serif; font-weight: 350; color: #000000;\">pour demander votre adh\u00e9sion.<br \/>\n<\/span><\/span><\/p>\n<p>[\/vc_column_text][\/vc_tta_section][vc_tta_section title=&#8221;Je n\u2019ai pas encore de conditions g\u00e9n\u00e9rales pour ma boutique en ligne. Comment pouvez-vous m\u2019aider ?&#8221; tab_id=&#8221;1749484674016-3d40d281-b59f&#8221;][vc_column_text]<\/p>\n<p style=\"text-align: left;\"><span style=\"font-family: 'Open Sans', sans-serif; font-weight: 350; color: #000000;\">Vous pouvez utiliser nos mod\u00e8les de documents.<br \/>\nLes conditions g\u00e9n\u00e9rales sont disponibles en deux langues (FR\/NL) et adapt\u00e9es au commerce en ligne. N&#8217;oubliez pas de les personnaliser selon votre situation sp\u00e9cifique.<\/span><\/p>\n<p style=\"text-align: left;\"><span style=\"font-family: 'Open Sans', sans-serif; font-weight: 350; color: #000000;\">Commandez\u00a0<span class=\"wysiwyg-underline\" style=\"color: #5e32ca;\"><strong><a style=\"color: #5e32ca;\" href=\"https:\/\/shop.becom.digital\/AlgemeneVoorwaarden\" target=\"_self\" rel=\"undefined\">ici<\/a><\/strong><\/span> les conditions g\u00e9n\u00e9rales.<\/span><\/p>\n<p style=\"text-align: left;\"><span style=\"font-family: 'Open Sans', sans-serif; font-weight: 350; color: #000000;\">Vous pouvez \u00e9galement acheter d&#8217;autres documents utiles, tels que la Politique de confidentialit\u00e9 et la Politique en mati\u00e8re de cookies. D\u00e9couvrez <span class=\"wysiwyg-underline\" style=\"color: #5e32ca;\"><strong><a style=\"color: #5e32ca;\" href=\"https:\/\/shop.becom.digital\/Modeldocumenten\" target=\"_blank\" rel=\"noopener noreferrer\">ici<\/a><\/strong><\/span>\u00a0tous les documents disponibles.<\/span><\/p>\n<p>[\/vc_column_text][\/vc_tta_section][\/vc_tta_accordion]<div class=\"spacer\" style=\"height: 40px;\"><\/div>[\/vc_column][\/vc_row][vc_row bg_image=&#8221;49768&#8243; parallax_bg=&#8221;true&#8221; text_color=&#8221;light&#8221; top_padding=&#8221;20&#8243; bottom_padding=&#8221;20&#8243;][vc_column width=&#8221;1\/6&#8243;]<div class=\"single_image wpb_content_element align-left    \" data-animation=\"none\" data-delay=\"0\"><img loading=\"lazy\" decoding=\"async\" width=\"1365\" height=\"2048\" src=\"https:\/\/becom.digital\/app\/uploads\/2025\/07\/Kim-1.png\" class=\"attachment-full\" alt=\"\" title=\"Kim\" srcset=\"https:\/\/becom.digital\/app\/uploads\/2025\/07\/Kim-1.png 1365w, https:\/\/becom.digital\/app\/uploads\/2025\/07\/Kim-1-200x300.png 200w, https:\/\/becom.digital\/app\/uploads\/2025\/07\/Kim-1-683x1024.png 683w, https:\/\/becom.digital\/app\/uploads\/2025\/07\/Kim-1-768x1152.png 768w, https:\/\/becom.digital\/app\/uploads\/2025\/07\/Kim-1-1024x1536.png 1024w, https:\/\/becom.digital\/app\/uploads\/2025\/07\/Kim-1-400x600.png 400w, https:\/\/becom.digital\/app\/uploads\/2025\/07\/Kim-1-800x1200.png 800w\" sizes=\"auto, (max-width: 1365px) 100vw, 1365px\" \/><\/div>[\/vc_column][vc_column width=&#8221;5\/6&#8243;]<div class=\"spacer\" style=\"height: 20px;\"><\/div>[vc_column_text]<\/p>\n<h3><strong>Des questions sur nos labels et audits ?\u00a0Contactez-nous.<\/strong><\/h3>\n<p><strong>Kim D&#8217;hondt<br \/>\n<\/strong>Finance &amp; Administration<\/p>\n<p><strong>kim@becom.digital<\/strong><br \/>\n<strong>+32 498 19 94 79<\/strong>[\/vc_column_text][\/vc_column][\/vc_row]<\/p>\n<\/div>","protected":false},"excerpt":{"rendered":"<p>[vc_row type=&#8221;full_width_section&#8221;][vc_column width=&#8221;1\/1&#8243;][\/vc_column][\/vc_row][vc_row][vc_column bg_color=&#8221;#FFFFFF&#8221; width=&#8221;1\/1&#8243;][\/vc_column][\/vc_row][vc_row bg_color=&#8221;#F9F9F9&#8243;][vc_column bg_color=&#8221;#F9F9F9&#8243; text_align=&#8221;center&#8221; width=&#8221;1\/3&#8243;][\/vc_column][vc_column text_align=&#8221;center&#8221; width=&#8221;1\/3&#8243;][\/vc_column][vc_column text_align=&#8221;center&#8221; width=&#8221;1\/3&#8243;][\/vc_column][\/vc_row][vc_row bg_color=&#8221;#FFFFFF&#8221;][vc_column text_align=&#8221;center&#8221; width=&#8221;1\/1&#8243;][\/vc_column][vc_column][vc_tta_accordion style=&#8221;modern&#8221; gap=&#8221;3&#8243; c_icon=&#8221;chevron&#8221; active_section=&#8221;0&#8243; collapsible_all=&#8221;true&#8221; css=&#8221;.vc_custom_1745430444036{background-color: #ffffff !important;}&#8221;][vc_tta_section title=&#8221;Comment obtenir le Becom Trustmark ?&#8221; tab_id=&#8221;1745430560663-99c07ec3-69d0&#8243;][vc_column_text] En obtenant le Becom Trustmark, vous devenez automatiquement membre Trustmark de Becom. Ce label de qualit\u00e9 inclut notamment un audit juridique annuel, r\u00e9alis\u00e9 par le cabinet d\u2019avocats ind\u00e9pendant Nelissen Grade. Une fois l\u2019audit termin\u00e9 et les \u00e9ventuelles adaptations effectu\u00e9es, vous \u00eates autoris\u00e9 \u00e0 afficher le Becom Trustmark sur votre site. Cliquez\u00a0ici pour demander votre adh\u00e9sion. [\/vc_column_text][\/vc_tta_section][vc_tta_section title=&#8221;Je n\u2019ai pas encore de conditions g\u00e9n\u00e9rales pour ma boutique en ligne. Comment pouvez-vous m\u2019aider ?&#8221; tab_id=&#8221;1749484674016-3d40d281-b59f&#8221;][vc_column_text] Vous pouvez utiliser nos mod\u00e8les de documents. Les conditions g\u00e9n\u00e9rales sont disponibles en deux langues (FR\/NL) et adapt\u00e9es au commerce en ligne. N&#8217;oubliez pas de les personnaliser selon votre situation sp\u00e9cifique. Commandez\u00a0ici les conditions g\u00e9n\u00e9rales. Vous pouvez \u00e9galement acheter d&#8217;autres documents utiles, tels que la Politique de confidentialit\u00e9 et la Politique en mati\u00e8re de cookies. D\u00e9couvrez ici\u00a0tous les documents disponibles. [\/vc_column_text][\/vc_tta_section][\/vc_tta_accordion][\/vc_column][\/vc_row][vc_row bg_image=&#8221;49768&#8243; parallax_bg=&#8221;true&#8221; text_color=&#8221;light&#8221; top_padding=&#8221;20&#8243; bottom_padding=&#8221;20&#8243;][vc_column width=&#8221;1\/6&#8243;][\/vc_column][vc_column width=&#8221;5\/6&#8243;][vc_column_text] Des questions sur nos labels et audits ?\u00a0Contactez-nous. Kim D&#8217;hondt Finance &amp; Administration kim@becom.digital +32 498 19 94 79[\/vc_column_text][\/vc_column][\/vc_row]<\/p>\n","protected":false},"author":17,"featured_media":50965,"parent":0,"menu_order":0,"comment_status":"closed","ping_status":"closed","template":"","meta":{"_EventAllDay":false,"_EventTimezone":"","_EventStartDate":"","_EventEndDate":"","_EventStartDateUTC":"","_EventEndDateUTC":"","_EventShowMap":false,"_EventShowMapLink":false,"_EventURL":"","_EventCost":"","_EventCostDescription":"","_EventCurrencySymbol":"","_EventCurrencyCode":"","_EventCurrencyPosition":"","_EventDateTimeSeparator":"","_EventTimeRangeSeparator":"","_EventOrganizerID":[],"_EventVenueID":[],"_OrganizerEmail":"","_OrganizerPhone":"","_OrganizerWebsite":"","_VenueAddress":"","_VenueCity":"","_VenueCountry":"","_VenueProvince":"","_VenueState":"","_VenueZip":"","_VenuePhone":"","_VenueURL":"","_VenueStateProvince":"","_VenueLat":"","_VenueLng":"","_VenueShowMap":false,"_VenueShowMapLink":false,"footnotes":""},"test-katrien1":[],"class_list":["post-62248","page","type-page","status-publish","has-post-thumbnail","hentry"],"yoast_head":"<!-- This site is optimized with the Yoast SEO plugin v26.4 - https:\/\/yoast.com\/wordpress\/plugins\/seo\/ -->\n<title>Label &amp; audits - Becom - Het Belgische e-commerce label<\/title>\n<meta name=\"description\" content=\"Obtenez le label de qualit\u00e9 Becom ou le Trustmark et inspirez confiance \u00e0 vos clients gr\u00e2ce \u00e0 votre Trustprofile personnalis\u00e9\" \/>\n<meta name=\"robots\" content=\"index, follow, max-snippet:-1, max-image-preview:large, max-video-preview:-1\" \/>\n<link rel=\"canonical\" href=\"https:\/\/becom.digital\/fr\/label_audits\/\" \/>\n<meta property=\"og:locale\" content=\"fr_FR\" \/>\n<meta property=\"og:type\" content=\"article\" \/>\n<meta property=\"og:title\" content=\"Label &amp; audits - Becom - Het Belgische e-commerce label\" \/>\n<meta property=\"og:description\" content=\"Obtenez le label de qualit\u00e9 Becom ou le Trustmark et inspirez confiance \u00e0 vos clients gr\u00e2ce \u00e0 votre Trustprofile personnalis\u00e9\" \/>\n<meta property=\"og:url\" content=\"https:\/\/becom.digital\/fr\/label_audits\/\" \/>\n<meta property=\"og:site_name\" content=\"Becom\" \/>\n<meta property=\"article:publisher\" content=\"https:\/\/www.facebook.com\/Becomdigitalfederation\/\" \/>\n<meta property=\"article:modified_time\" content=\"2026-01-23T09:16:33+00:00\" \/>\n<meta property=\"og:image\" content=\"https:\/\/becom.digital\/app\/uploads\/2023\/10\/lbecom-example.png\" \/>\n\t<meta property=\"og:image:width\" content=\"1200\" \/>\n\t<meta property=\"og:image:height\" content=\"628\" \/>\n\t<meta property=\"og:image:type\" content=\"image\/png\" \/>\n<meta name=\"twitter:card\" content=\"summary_large_image\" \/>\n<meta name=\"twitter:site\" content=\"@becomdigital\" \/>\n<meta name=\"twitter:label1\" content=\"Est. reading time\" \/>\n\t<meta name=\"twitter:data1\" content=\"4 minutes\" \/>\n<script type=\"application\/ld+json\" class=\"yoast-schema-graph\">{\"@context\":\"https:\/\/schema.org\",\"@graph\":[{\"@type\":\"WebPage\",\"@id\":\"https:\/\/becom.digital\/fr\/label_audits\/\",\"url\":\"https:\/\/becom.digital\/fr\/label_audits\/\",\"name\":\"Label & audits - Becom - Het Belgische e-commerce label\",\"isPartOf\":{\"@id\":\"https:\/\/becom.digital\/fr\/#website\"},\"primaryImageOfPage\":{\"@id\":\"https:\/\/becom.digital\/fr\/label_audits\/#primaryimage\"},\"image\":{\"@id\":\"https:\/\/becom.digital\/fr\/label_audits\/#primaryimage\"},\"thumbnailUrl\":\"https:\/\/becom.digital\/app\/uploads\/2023\/10\/lbecom-example.png\",\"datePublished\":\"2025-06-25T14:13:22+00:00\",\"dateModified\":\"2026-01-23T09:16:33+00:00\",\"description\":\"Obtenez le label de qualit\u00e9 Becom ou le Trustmark et inspirez confiance \u00e0 vos clients gr\u00e2ce \u00e0 votre Trustprofile personnalis\u00e9\",\"breadcrumb\":{\"@id\":\"https:\/\/becom.digital\/fr\/label_audits\/#breadcrumb\"},\"inLanguage\":\"fr-FR\",\"potentialAction\":[{\"@type\":\"ReadAction\",\"target\":[\"https:\/\/becom.digital\/fr\/label_audits\/\"]}]},{\"@type\":\"ImageObject\",\"inLanguage\":\"fr-FR\",\"@id\":\"https:\/\/becom.digital\/fr\/label_audits\/#primaryimage\",\"url\":\"https:\/\/becom.digital\/app\/uploads\/2023\/10\/lbecom-example.png\",\"contentUrl\":\"https:\/\/becom.digital\/app\/uploads\/2023\/10\/lbecom-example.png\",\"width\":1200,\"height\":628},{\"@type\":\"BreadcrumbList\",\"@id\":\"https:\/\/becom.digital\/fr\/label_audits\/#breadcrumb\",\"itemListElement\":[{\"@type\":\"ListItem\",\"position\":1,\"name\":\"Home\",\"item\":\"https:\/\/becom.digital\/fr\/\"},{\"@type\":\"ListItem\",\"position\":2,\"name\":\"Label &#038; audits\"}]},{\"@type\":\"WebSite\",\"@id\":\"https:\/\/becom.digital\/fr\/#website\",\"url\":\"https:\/\/becom.digital\/fr\/\",\"name\":\"Becom\",\"description\":\"Your digital wings\",\"publisher\":{\"@id\":\"https:\/\/becom.digital\/fr\/#organization\"},\"potentialAction\":[{\"@type\":\"SearchAction\",\"target\":{\"@type\":\"EntryPoint\",\"urlTemplate\":\"https:\/\/becom.digital\/fr\/?s={search_term_string}\"},\"query-input\":{\"@type\":\"PropertyValueSpecification\",\"valueRequired\":true,\"valueName\":\"search_term_string\"}}],\"inLanguage\":\"fr-FR\"},{\"@type\":\"Organization\",\"@id\":\"https:\/\/becom.digital\/fr\/#organization\",\"name\":\"Becom\",\"url\":\"https:\/\/becom.digital\/fr\/\",\"logo\":{\"@type\":\"ImageObject\",\"inLanguage\":\"fr-FR\",\"@id\":\"https:\/\/becom.digital\/fr\/#\/schema\/logo\/image\/\",\"url\":\"https:\/\/becom.digital\/app\/uploads\/2023\/10\/Becom_logo_POS_basic-3-e1697538309895.png\",\"contentUrl\":\"https:\/\/becom.digital\/app\/uploads\/2023\/10\/Becom_logo_POS_basic-3-e1697538309895.png\",\"width\":200,\"height\":72,\"caption\":\"Becom\"},\"image\":{\"@id\":\"https:\/\/becom.digital\/fr\/#\/schema\/logo\/image\/\"},\"sameAs\":[\"https:\/\/www.facebook.com\/Becomdigitalfederation\/\",\"https:\/\/x.com\/becomdigital\",\"https:\/\/www.linkedin.com\/company\/becomfederation\/\",\"https:\/\/www.instagram.com\/becomfederation\/\",\"https:\/\/www.youtube.com\/@becom-federation\",\"https:\/\/open.spotify.com\/show\/0oBItlT3FIpj6AxEqllkta\"]}]}<\/script>\n<!-- \/ Yoast SEO plugin. -->","yoast_head_json":{"title":"Label & audits - Becom - Het Belgische e-commerce label","description":"Obtenez le label de qualit\u00e9 Becom ou le Trustmark et inspirez confiance \u00e0 vos clients gr\u00e2ce \u00e0 votre Trustprofile personnalis\u00e9","robots":{"index":"index","follow":"follow","max-snippet":"max-snippet:-1","max-image-preview":"max-image-preview:large","max-video-preview":"max-video-preview:-1"},"canonical":"https:\/\/becom.digital\/fr\/label_audits\/","og_locale":"fr_FR","og_type":"article","og_title":"Label & audits - Becom - Het Belgische e-commerce label","og_description":"Obtenez le label de qualit\u00e9 Becom ou le Trustmark et inspirez confiance \u00e0 vos clients gr\u00e2ce \u00e0 votre Trustprofile personnalis\u00e9","og_url":"https:\/\/becom.digital\/fr\/label_audits\/","og_site_name":"Becom","article_publisher":"https:\/\/www.facebook.com\/Becomdigitalfederation\/","article_modified_time":"2026-01-23T09:16:33+00:00","og_image":[{"width":1200,"height":628,"url":"https:\/\/becom.digital\/app\/uploads\/2023\/10\/lbecom-example.png","type":"image\/png"}],"twitter_card":"summary_large_image","twitter_site":"@becomdigital","twitter_misc":{"Est. reading time":"4 minutes"},"schema":{"@context":"https:\/\/schema.org","@graph":[{"@type":"WebPage","@id":"https:\/\/becom.digital\/fr\/label_audits\/","url":"https:\/\/becom.digital\/fr\/label_audits\/","name":"Label & audits - Becom - Het Belgische e-commerce label","isPartOf":{"@id":"https:\/\/becom.digital\/fr\/#website"},"primaryImageOfPage":{"@id":"https:\/\/becom.digital\/fr\/label_audits\/#primaryimage"},"image":{"@id":"https:\/\/becom.digital\/fr\/label_audits\/#primaryimage"},"thumbnailUrl":"https:\/\/becom.digital\/app\/uploads\/2023\/10\/lbecom-example.png","datePublished":"2025-06-25T14:13:22+00:00","dateModified":"2026-01-23T09:16:33+00:00","description":"Obtenez le label de qualit\u00e9 Becom ou le Trustmark et inspirez confiance \u00e0 vos clients gr\u00e2ce \u00e0 votre Trustprofile personnalis\u00e9","breadcrumb":{"@id":"https:\/\/becom.digital\/fr\/label_audits\/#breadcrumb"},"inLanguage":"fr-FR","potentialAction":[{"@type":"ReadAction","target":["https:\/\/becom.digital\/fr\/label_audits\/"]}]},{"@type":"ImageObject","inLanguage":"fr-FR","@id":"https:\/\/becom.digital\/fr\/label_audits\/#primaryimage","url":"https:\/\/becom.digital\/app\/uploads\/2023\/10\/lbecom-example.png","contentUrl":"https:\/\/becom.digital\/app\/uploads\/2023\/10\/lbecom-example.png","width":1200,"height":628},{"@type":"BreadcrumbList","@id":"https:\/\/becom.digital\/fr\/label_audits\/#breadcrumb","itemListElement":[{"@type":"ListItem","position":1,"name":"Home","item":"https:\/\/becom.digital\/fr\/"},{"@type":"ListItem","position":2,"name":"Label &#038; audits"}]},{"@type":"WebSite","@id":"https:\/\/becom.digital\/fr\/#website","url":"https:\/\/becom.digital\/fr\/","name":"Becom","description":"Your digital wings","publisher":{"@id":"https:\/\/becom.digital\/fr\/#organization"},"potentialAction":[{"@type":"SearchAction","target":{"@type":"EntryPoint","urlTemplate":"https:\/\/becom.digital\/fr\/?s={search_term_string}"},"query-input":{"@type":"PropertyValueSpecification","valueRequired":true,"valueName":"search_term_string"}}],"inLanguage":"fr-FR"},{"@type":"Organization","@id":"https:\/\/becom.digital\/fr\/#organization","name":"Becom","url":"https:\/\/becom.digital\/fr\/","logo":{"@type":"ImageObject","inLanguage":"fr-FR","@id":"https:\/\/becom.digital\/fr\/#\/schema\/logo\/image\/","url":"https:\/\/becom.digital\/app\/uploads\/2023\/10\/Becom_logo_POS_basic-3-e1697538309895.png","contentUrl":"https:\/\/becom.digital\/app\/uploads\/2023\/10\/Becom_logo_POS_basic-3-e1697538309895.png","width":200,"height":72,"caption":"Becom"},"image":{"@id":"https:\/\/becom.digital\/fr\/#\/schema\/logo\/image\/"},"sameAs":["https:\/\/www.facebook.com\/Becomdigitalfederation\/","https:\/\/x.com\/becomdigital","https:\/\/www.linkedin.com\/company\/becomfederation\/","https:\/\/www.instagram.com\/becomfederation\/","https:\/\/www.youtube.com\/@becom-federation","https:\/\/open.spotify.com\/show\/0oBItlT3FIpj6AxEqllkta"]}]}},"_links":{"self":[{"href":"https:\/\/becom.digital\/fr\/wp-json\/wp\/v2\/pages\/62248","targetHints":{"allow":["GET"]}}],"collection":[{"href":"https:\/\/becom.digital\/fr\/wp-json\/wp\/v2\/pages"}],"about":[{"href":"https:\/\/becom.digital\/fr\/wp-json\/wp\/v2\/types\/page"}],"author":[{"embeddable":true,"href":"https:\/\/becom.digital\/fr\/wp-json\/wp\/v2\/users\/17"}],"replies":[{"embeddable":true,"href":"https:\/\/becom.digital\/fr\/wp-json\/wp\/v2\/comments?post=62248"}],"version-history":[{"count":18,"href":"https:\/\/becom.digital\/fr\/wp-json\/wp\/v2\/pages\/62248\/revisions"}],"predecessor-version":[{"id":64591,"href":"https:\/\/becom.digital\/fr\/wp-json\/wp\/v2\/pages\/62248\/revisions\/64591"}],"wp:featuredmedia":[{"embeddable":true,"href":"https:\/\/becom.digital\/fr\/wp-json\/wp\/v2\/media\/50965"}],"wp:attachment":[{"href":"https:\/\/becom.digital\/fr\/wp-json\/wp\/v2\/media?parent=62248"}],"wp:term":[{"taxonomy":"test-katrien1","embeddable":true,"href":"https:\/\/becom.digital\/fr\/wp-json\/wp\/v2\/test-katrien1?post=62248"}],"curies":[{"name":"wp","href":"https:\/\/api.w.org\/{rel}","templated":true}]}}