{"id":60651,"date":"2025-04-14T16:31:20","date_gmt":"2025-04-14T14:31:20","guid":{"rendered":"https:\/\/becom.digital\/?page_id=60651"},"modified":"2025-07-02T16:04:01","modified_gmt":"2025-07-02T14:04:01","slug":"becom-summit","status":"publish","type":"page","link":"https:\/\/becom.digital\/fr\/becom-summit\/","title":{"rendered":"Becom Summit"},"content":{"rendered":"<div class=\"wpb-content-wrapper\"><p>[vc_row type=&#8221;full_width_section&#8221;][vc_column width=&#8221;1\/1&#8243;]<div class=\"single_image wpb_content_element align-left    \" data-animation=\"none\" data-delay=\"0\"><img loading=\"lazy\" decoding=\"async\" width=\"2560\" height=\"350\" src=\"https:\/\/becom.digital\/app\/uploads\/2025\/07\/Summit-banner.png\" class=\"attachment-full\" alt=\"\" title=\"Summit banner\" srcset=\"https:\/\/becom.digital\/app\/uploads\/2025\/07\/Summit-banner.png 2560w, https:\/\/becom.digital\/app\/uploads\/2025\/07\/Summit-banner-300x41.png 300w, https:\/\/becom.digital\/app\/uploads\/2025\/07\/Summit-banner-1024x140.png 1024w, https:\/\/becom.digital\/app\/uploads\/2025\/07\/Summit-banner-768x105.png 768w, https:\/\/becom.digital\/app\/uploads\/2025\/07\/Summit-banner-1536x210.png 1536w, https:\/\/becom.digital\/app\/uploads\/2025\/07\/Summit-banner-2048x280.png 2048w\" sizes=\"auto, (max-width: 2560px) 100vw, 2560px\" \/><\/div>[\/vc_column][\/vc_row][vc_row][vc_column width=&#8221;1\/2&#8243;]<div class=\"becom-title-banner\"><div class=\"content-wrapper \" style=\"background-color:#ffffff \"><\/p>\n<h2 style=\"text-align: left;\" data-start=\"94\" data-end=\"300\"><strong><span style=\"color: #5e32ca;\">Le rendez-vous incontournable<\/span><\/strong><br data-start=\"37\" data-end=\"40\" \/><strong><span style=\"color: #5e32ca;\">pour tous les acteurs du e-commerce<\/span><span style=\"color: #00ea90;\">.<\/span><\/strong><\/h2>\n<p class=\"\" data-start=\"80\" data-end=\"235\">Le <span style=\"color: #5e32ca;\"><strong>Becom Summit<\/strong><\/span> s\u2019adresse \u00e0 tous les professionnels du monde du e-commerce, des start-ups aux acteurs \u00e9tablis, des sp\u00e9cialistes du marketing aux experts en logistique.<\/p>\n<p class=\"\" data-start=\"237\" data-end=\"517\">Avec un programme riche compos\u00e9 de keynotes, de sessions d\u2019inspiration, de stands de d\u00e9monstration et d\u2019opportunit\u00e9s de networking, le Summit rassemble l\u2019ensemble du secteur. Que vous recherchiez des insights, des outils ou de nouveaux contacts : tout est r\u00e9uni sous un m\u00eame toit.<\/p>\n<p class=\"\" data-start=\"519\" data-end=\"656\">D\u00e9couvrez les tendances, apprenez des experts et inspirez-vous pour l&#8217;avenir de votre activit\u00e9 en ligne.<\/p>\n<p><\/div><\/div><div class=\"spacer\" style=\"height: 20px;\"><\/div>[\/vc_column][vc_column width=&#8221;1\/4&#8243;]<div class=\"spacer\" style=\"height: 40px;\"><\/div><div class=\"iconbox  iconbox-style-8 icon-color-accent color-dark clearfix\"><h3><\/h3><i class=\"fa fa-user boxicon\" style=\"\"><\/i><p>\n<h2 style=\"text-align: center;\"><strong><span style=\"color: #5e32ca;\">Pour qui?<\/span><\/strong><\/h2>\n<p style=\"text-align: left;\">Le <span style=\"color: #000000;\">Becom Summit<\/span> est ouvert \u00e0 tous les webshops et acteurs en ligne en Belgique, et en tant que membre Becom, vous b\u00e9n\u00e9ficiez d\u2019une entr\u00e9e gratuite !<br data-start=\"144\" data-end=\"147\" \/>Commandez maintenant vos tickets pour le Becom Summit 2025.<\/p>\n<p style=\"text-align: center;\"><a href=\"https:\/\/becom.digital\/fr\/adhesion\/\" target=\"_blank\" class=\"button #5E32CA small \" style=\"border-radius: 2px;\">Deviens membre<\/a>\n<\/p><\/div>[\/vc_column][vc_column width=&#8221;1\/4&#8243;]<div class=\"spacer\" style=\"height: 40px;\"><\/div><div class=\"iconbox  iconbox-style-8 icon-color-accent color-dark clearfix\"><h3><\/h3><i class=\"fa fa-calendar boxicon\" style=\"\"><\/i><p>\n<h2 style=\"text-align: center;\"><strong><span style=\"color: #5e32ca;\">Quand?<\/span><\/strong><\/h2>\n<p class=\"\" data-start=\"0\" data-end=\"54\">La prochaine Becom Summit aura lieu <span style=\"color: #5e32ca;\"><strong>le 18 juin 2026<\/strong><\/span>.<\/p>\n<p class=\"\" data-start=\"56\" data-end=\"136\">Notez cette date dans votre agenda et achetez maintenant vos tickets pour ne rien manquer !<\/p>\n<a href=\"https:\/\/becomsummit.digital\/tickets\/\" target=\"_blank\" class=\"button #5e32ca small \" style=\"border-radius: 2px;\">R\u00e9servez votre billet<\/a><\/p><\/div>[\/vc_column][\/vc_row][vc_row bg_color=&#8221;#00000000&#8243;][vc_column width=&#8221;1\/1&#8243;]<div class=\"spacer\" style=\"height: 20px;\"><\/div>[\/vc_column][\/vc_row][vc_row bg_color=&#8221;#F6F6F6&#8243;][vc_column width=&#8221;2\/3&#8243;]<div class=\"becom-title-banner\"><div class=\"content-wrapper \" style=\"background-color:#00000000 \"><\/p>\n<h2 class=\"headline font-inherit fontsize-xl fontweight-700 lh-13 align-left transform-inherit \" style=\"text-align: left;\"><span style=\"color: #5e32ca;\"><strong><span style=\"color: #00ea90;\"><span style=\"color: #5e32ca;\">Le Becom Summit en un coup d&#8217;\u0153il<\/span>.<\/span><\/strong><\/span><\/h2>\n<p class=\"\" data-start=\"0\" data-end=\"246\">Avec <span style=\"color: #5e32ca;\"><strong>2 keynotes inspirantes, 16 sessions parall\u00e8les<\/strong><\/span> r\u00e9parties sur <strong><span style=\"color: #5e32ca;\">4 th\u00e9matiques<\/span><\/strong>, une zone de speeddate interactive et des stands d\u00e9mo d&#8217;entreprises innovantes, le Becom Summit est the place to be pour tous les acteurs du e-commerce.<\/p>\n<p class=\"\" data-start=\"248\" data-end=\"483\">Laissez-vous inspirer, d\u00e9couvrez de nouveaux outils et tendances, nouez des contacts pr\u00e9cieux et repartez peut-\u00eatre m\u00eame avec un nouveau partenariat. Une journ\u00e9e riche en insights et en connexions qui peuvent faire toute la diff\u00e9rence.<\/p>\n<div class=\"button-wrapper\" style=\"margin-top: 20px; display: inline-block; width: 100%;\"><a href=\"https:\/\/becomsummit.digital\/\" class=\"button button-appear color-3 medium \" title=\"Vers le Becom Summit\" target=\"\">Vers le Becom Summit<\/a><\/div><\/div><\/div>[\/vc_column][vc_column width=&#8221;1\/3&#8243;]<div class=\"spacer\" style=\"height: 80px;\"><\/div><div class=\"flexslider wpb_content_element\"><ul class=\"slides\"><li><img decoding=\"async\" src=\"https:\/\/becom.digital\/app\/uploads\/2025\/04\/6-1.png\" alt=\"\" \/><\/li><li><img decoding=\"async\" src=\"https:\/\/becom.digital\/app\/uploads\/2025\/04\/5-3.png\" alt=\"\" \/><\/li><li><img decoding=\"async\" src=\"https:\/\/becom.digital\/app\/uploads\/2025\/04\/4-1.png\" alt=\"\" \/><\/li><li><img decoding=\"async\" src=\"https:\/\/becom.digital\/app\/uploads\/2025\/04\/3-1.png\" alt=\"\" \/><\/li><li><img decoding=\"async\" src=\"https:\/\/becom.digital\/app\/uploads\/2025\/04\/2-1.png\" alt=\"\" \/><\/li><\/ul><\/div>[\/vc_column][\/vc_row][vc_row bg_color=&#8221;#F6F6F6&#8243;][vc_column width=&#8221;1\/1&#8243;]<div class=\"spacer\" style=\"height: 20px;\"><\/div>[\/vc_column][\/vc_row][vc_row bg_color=&#8221;#00000000&#8243;][vc_column width=&#8221;1\/2&#8243;]<div class=\"becom-title-banner\"><div class=\"content-wrapper \" style=\"background-color:#ffffff \"><\/p>\n<h2 class=\"headline font-inherit fontsize-xl fontweight-700 lh-13 align-left transform-inherit \"><span style=\"color: #5e32ca;\"><strong>Sessions parall\u00e8les<span style=\"color: #00ea90;\">.<\/span><\/strong><\/span><\/h2>\n<p class=\"\" data-start=\"0\" data-end=\"271\">Pendant le <span style=\"color: #5e32ca;\"><strong>Becom Summit<\/strong><\/span>, des sessions parall\u00e8les sont pr\u00e9vues tant le matin (de 11h15 \u00e0 12h30) que l\u2019apr\u00e8s-midi (de 14h00 \u00e0 15h15). Au total, vous pouvez choisir parmi <span style=\"color: #5e32ca;\"><strong>16 sessions<\/strong><\/span>, r\u00e9parties sur <span style=\"color: #5e32ca;\"><strong>4 th\u00e9matiques : Fiabilit\u00e9\/S\u00e9curit\u00e9, Innovation, Durabilit\u00e9 et Internationalisation.<\/strong><\/span><\/p>\n<p class=\"\" data-start=\"273\" data-end=\"394\">Vous pouvez choisir de suivre un axe entier ou de composer votre propre programme en fonction de vos int\u00e9r\u00eats.<\/p>\n<p class=\"\" data-start=\"396\" data-end=\"442\">Toutes les sessions seront donn\u00e9es en anglais.<\/p>\n<div class=\"button-wrapper\" style=\"margin-top: 20px; display: inline-block; width: 100%;\"><a href=\"https:\/\/becomsummit.digital\/parallel-track-sessions\/\" class=\"button button-appear color-3 medium \" title=\"Consultez le programme\" target=\"\">Consultez le programme<\/a><\/div><\/div><\/div>[\/vc_column][vc_column width=&#8221;1\/2&#8243;]<div class=\"becom-title-banner\"><div class=\"content-wrapper \" style=\"background-color:#ffffff \"><\/p>\n<h2 class=\"headline font-inherit fontsize-xl fontweight-700 lh-13 align-left transform-inherit \"><span style=\"color: #5e32ca;\"><strong>Speeddating &amp; Stands D\u00e9mo<span style=\"color: #00ea90;\">.<\/span><\/strong><\/span><\/h2>\n<p>Le <span style=\"color: #5e32ca;\"><strong>Becom Summit<\/strong><\/span> vous permet de d\u00e9couvrir <span style=\"color: #5e32ca;\"><strong>les derni\u00e8res innovations<\/strong><\/span>\u00a0en mati\u00e8re de commerce \u00e9lectronique <span style=\"color: #5e32ca;\"><b>en premi\u00e8re ligne<\/b><\/span>.<\/p>\n<p>Les stands D\u00e9mo seront anim\u00e9s par des entreprises innovantes pr\u00e9sentant leurs produits et services &#8211; endroit de pr\u00e9dilection pour faire le plein d\u2019inspiration, d\u00e9couvrir des outils en pratique et nouer des contacts int\u00e9ressants.<\/p>\n<p class=\"\" data-start=\"297\" data-end=\"523\">Entre <span style=\"color: #5e32ca;\"><strong>13h00 et 14h00<\/strong>, <strong>la zone de speeddating<\/strong><\/span> sera ouverte.<\/p>\n<p class=\"\" data-start=\"297\" data-end=\"523\">Prenez place et engagez la conversation avec des partenaires fascinants. En 10 minutes, vous pourrez \u00e9changer des id\u00e9es, d\u00e9couvrir de <span style=\"color: #5e32ca;\"><b>nouvelles opportunit\u00e9s<\/b><\/span> et \u00e9tablir de <span style=\"color: #5e32ca;\"><b>pr\u00e9cieux contacts<\/b><\/span>.<\/p>\n<div class=\"button-wrapper\" style=\"margin-top: 20px; display: inline-block; width: 100%;\"><a href=\"https:\/\/becomsummit.digital\/speeddating-demos\/\" class=\"button button-appear color-3 medium \" title=\"D\u00e9couvrez qui sera pr\u00e9sent\" target=\"\">D\u00e9couvrez qui sera pr\u00e9sent<\/a><\/div><\/div><\/div>[\/vc_column][\/vc_row][vc_row][vc_column width=&#8221;1\/1&#8243;]<div class=\"spacer\" style=\"height: 30px;\"><\/div>[\/vc_column][\/vc_row][vc_row bg_image=&#8221;49768&#8243; parallax_bg=&#8221;true&#8221; text_color=&#8221;light&#8221; top_padding=&#8221;20&#8243; bottom_padding=&#8221;20&#8243;][vc_column width=&#8221;1\/6&#8243;]<div class=\"single_image wpb_content_element align-left    \" data-animation=\"none\" data-delay=\"0\"><img loading=\"lazy\" decoding=\"async\" width=\"1365\" height=\"2048\" src=\"https:\/\/becom.digital\/app\/uploads\/2025\/01\/Therese.png\" class=\"attachment-full\" alt=\"\" title=\"Therese\" srcset=\"https:\/\/becom.digital\/app\/uploads\/2025\/01\/Therese.png 1365w, https:\/\/becom.digital\/app\/uploads\/2025\/01\/Therese-200x300.png 200w, https:\/\/becom.digital\/app\/uploads\/2025\/01\/Therese-683x1024.png 683w, https:\/\/becom.digital\/app\/uploads\/2025\/01\/Therese-768x1152.png 768w, https:\/\/becom.digital\/app\/uploads\/2025\/01\/Therese-1024x1536.png 1024w, https:\/\/becom.digital\/app\/uploads\/2025\/01\/Therese-400x600.png 400w, https:\/\/becom.digital\/app\/uploads\/2025\/01\/Therese-800x1200.png 800w\" sizes=\"auto, (max-width: 1365px) 100vw, 1365px\" \/><\/div>[\/vc_column][vc_column width=&#8221;2\/6&#8243;]<div class=\"spacer\" style=\"height: 20px;\"><\/div>[vc_column_text]<\/p>\n<h3><strong>Des questions \u00e0 propos du Becom Summit ?<\/strong><br \/>\n<strong>Contactez-nous<\/strong><\/h3>\n<p><strong>Th\u00e9r\u00e8se van Bellinghen<br \/>\nCommunications<\/strong><\/p>\n<p>therese@becom.digital<br \/>\n+32 475 47 82 33[\/vc_column_text][\/vc_column][vc_column width=&#8221;2\/6&#8243;]<div class=\"spacer\" style=\"height: 20px;\"><\/div>[vc_column_text]<\/p>\n<h3><strong>Devenir partenaire du Becom Summit ?<\/strong><br \/>\n<strong>Contactez-nous.<\/strong><\/h3>\n<p><strong>C\u00e9lia Boon<br \/>\nGrowth &amp; Membershipmanager<\/strong><\/p>\n<p>celia@becom.digital<br \/>\n+32 471 74 41 83[\/vc_column_text][\/vc_column][vc_column width=&#8221;1\/6&#8243;]<div class=\"single_image wpb_content_element align-left    \" data-animation=\"none\" data-delay=\"0\"><img loading=\"lazy\" decoding=\"async\" width=\"1365\" height=\"2048\" src=\"https:\/\/becom.digital\/app\/uploads\/2025\/01\/CElia.png\" class=\"attachment-full\" alt=\"\" title=\"CElia\" srcset=\"https:\/\/becom.digital\/app\/uploads\/2025\/01\/CElia.png 1365w, https:\/\/becom.digital\/app\/uploads\/2025\/01\/CElia-200x300.png 200w, https:\/\/becom.digital\/app\/uploads\/2025\/01\/CElia-683x1024.png 683w, https:\/\/becom.digital\/app\/uploads\/2025\/01\/CElia-768x1152.png 768w, https:\/\/becom.digital\/app\/uploads\/2025\/01\/CElia-1024x1536.png 1024w, https:\/\/becom.digital\/app\/uploads\/2025\/01\/CElia-400x600.png 400w, https:\/\/becom.digital\/app\/uploads\/2025\/01\/CElia-800x1200.png 800w\" sizes=\"auto, (max-width: 1365px) 100vw, 1365px\" \/><\/div>[\/vc_column][\/vc_row]<\/p>\n<\/div>","protected":false},"excerpt":{"rendered":"<p>[vc_row type=&#8221;full_width_section&#8221;][vc_column width=&#8221;1\/1&#8243;][\/vc_column][\/vc_row][vc_row][vc_column width=&#8221;1\/2&#8243;][\/vc_column][vc_column width=&#8221;1\/4&#8243;][\/vc_column][vc_column width=&#8221;1\/4&#8243;][\/vc_column][\/vc_row][vc_row bg_color=&#8221;#00000000&#8243;][vc_column width=&#8221;1\/1&#8243;][\/vc_column][\/vc_row][vc_row bg_color=&#8221;#F6F6F6&#8243;][vc_column width=&#8221;2\/3&#8243;][\/vc_column][vc_column width=&#8221;1\/3&#8243;][\/vc_column][\/vc_row][vc_row bg_color=&#8221;#F6F6F6&#8243;][vc_column width=&#8221;1\/1&#8243;][\/vc_column][\/vc_row][vc_row bg_color=&#8221;#00000000&#8243;][vc_column width=&#8221;1\/2&#8243;][\/vc_column][vc_column width=&#8221;1\/2&#8243;][\/vc_column][\/vc_row][vc_row][vc_column width=&#8221;1\/1&#8243;][\/vc_column][\/vc_row][vc_row bg_image=&#8221;49768&#8243; parallax_bg=&#8221;true&#8221; text_color=&#8221;light&#8221; top_padding=&#8221;20&#8243; bottom_padding=&#8221;20&#8243;][vc_column width=&#8221;1\/6&#8243;][\/vc_column][vc_column width=&#8221;2\/6&#8243;][vc_column_text] Des questions \u00e0 propos du Becom Summit ? Contactez-nous Th\u00e9r\u00e8se van Bellinghen Communications therese@becom.digital +32 475 47 82 33[\/vc_column_text][\/vc_column][vc_column width=&#8221;2\/6&#8243;][vc_column_text] Devenir partenaire du Becom Summit ? Contactez-nous. C\u00e9lia Boon Growth &amp; Membershipmanager celia@becom.digital +32 471 74 41 83[\/vc_column_text][\/vc_column][vc_column width=&#8221;1\/6&#8243;][\/vc_column][\/vc_row]<\/p>\n","protected":false},"author":17,"featured_media":0,"parent":0,"menu_order":0,"comment_status":"closed","ping_status":"closed","template":"","meta":{"_EventAllDay":false,"_EventTimezone":"","_EventStartDate":"","_EventEndDate":"","_EventStartDateUTC":"","_EventEndDateUTC":"","_EventShowMap":false,"_EventShowMapLink":false,"_EventURL":"","_EventCost":"","_EventCostDescription":"","_EventCurrencySymbol":"","_EventCurrencyCode":"","_EventCurrencyPosition":"","_EventDateTimeSeparator":"","_EventTimeRangeSeparator":"","_EventOrganizerID":[],"_EventVenueID":[],"_OrganizerEmail":"","_OrganizerPhone":"","_OrganizerWebsite":"","_VenueAddress":"","_VenueCity":"","_VenueCountry":"","_VenueProvince":"","_VenueState":"","_VenueZip":"","_VenuePhone":"","_VenueURL":"","_VenueStateProvince":"","_VenueLat":"","_VenueLng":"","_VenueShowMap":false,"_VenueShowMapLink":false,"footnotes":""},"test-katrien1":[],"class_list":["post-60651","page","type-page","status-publish","hentry"],"yoast_head":"<!-- This site is optimized with the Yoast SEO plugin v26.4 - https:\/\/yoast.com\/wordpress\/plugins\/seo\/ -->\n<title>Becom Summit - Becom<\/title>\n<meta name=\"description\" content=\"Le 19 juin 2025, le Becom Summit r\u00e9unirat plus de 300 entrepreneurs num\u00e9riques et d&#039;experts pour une journ\u00e9e pleine d&#039;inspiration, de nouvelles id\u00e9es, de sessions pratiques et de pr\u00e9cieux moments de networking : le rendez-vous incontournable pour tous les acteurs du e-commerce.\" \/>\n<meta name=\"robots\" content=\"index, follow, max-snippet:-1, max-image-preview:large, max-video-preview:-1\" \/>\n<link rel=\"canonical\" href=\"https:\/\/becom.digital\/fr\/becom-summit\/\" \/>\n<meta property=\"og:locale\" content=\"fr_FR\" \/>\n<meta property=\"og:type\" content=\"article\" \/>\n<meta property=\"og:title\" content=\"Becom Summit - Becom\" \/>\n<meta property=\"og:description\" content=\"Le 19 juin 2025, le Becom Summit r\u00e9unirat plus de 300 entrepreneurs num\u00e9riques et d&#039;experts pour une journ\u00e9e pleine d&#039;inspiration, de nouvelles id\u00e9es, de sessions pratiques et de pr\u00e9cieux moments de networking : le rendez-vous incontournable pour tous les acteurs du e-commerce.\" \/>\n<meta property=\"og:url\" content=\"https:\/\/becom.digital\/fr\/becom-summit\/\" \/>\n<meta property=\"og:site_name\" content=\"Becom\" \/>\n<meta property=\"article:publisher\" content=\"https:\/\/www.facebook.com\/Becomdigitalfederation\/\" \/>\n<meta property=\"article:modified_time\" content=\"2025-07-02T14:04:01+00:00\" \/>\n<meta name=\"twitter:card\" content=\"summary_large_image\" \/>\n<meta name=\"twitter:site\" content=\"@becomdigital\" \/>\n<meta name=\"twitter:label1\" content=\"Est. reading time\" \/>\n\t<meta name=\"twitter:data1\" content=\"5 minutes\" \/>\n<script type=\"application\/ld+json\" class=\"yoast-schema-graph\">{\"@context\":\"https:\/\/schema.org\",\"@graph\":[{\"@type\":\"WebPage\",\"@id\":\"https:\/\/becom.digital\/fr\/becom-summit\/\",\"url\":\"https:\/\/becom.digital\/fr\/becom-summit\/\",\"name\":\"Becom Summit - Becom\",\"isPartOf\":{\"@id\":\"https:\/\/becom.digital\/fr\/#website\"},\"datePublished\":\"2025-04-14T14:31:20+00:00\",\"dateModified\":\"2025-07-02T14:04:01+00:00\",\"description\":\"Le 19 juin 2025, le Becom Summit r\u00e9unirat plus de 300 entrepreneurs num\u00e9riques et d'experts pour une journ\u00e9e pleine d'inspiration, de nouvelles id\u00e9es, de sessions pratiques et de pr\u00e9cieux moments de networking : le rendez-vous incontournable pour tous les acteurs du e-commerce.\",\"breadcrumb\":{\"@id\":\"https:\/\/becom.digital\/fr\/becom-summit\/#breadcrumb\"},\"inLanguage\":\"fr-FR\",\"potentialAction\":[{\"@type\":\"ReadAction\",\"target\":[\"https:\/\/becom.digital\/fr\/becom-summit\/\"]}]},{\"@type\":\"BreadcrumbList\",\"@id\":\"https:\/\/becom.digital\/fr\/becom-summit\/#breadcrumb\",\"itemListElement\":[{\"@type\":\"ListItem\",\"position\":1,\"name\":\"Home\",\"item\":\"https:\/\/becom.digital\/fr\/\"},{\"@type\":\"ListItem\",\"position\":2,\"name\":\"Becom Summit\"}]},{\"@type\":\"WebSite\",\"@id\":\"https:\/\/becom.digital\/fr\/#website\",\"url\":\"https:\/\/becom.digital\/fr\/\",\"name\":\"Becom\",\"description\":\"Your digital wings\",\"publisher\":{\"@id\":\"https:\/\/becom.digital\/fr\/#organization\"},\"potentialAction\":[{\"@type\":\"SearchAction\",\"target\":{\"@type\":\"EntryPoint\",\"urlTemplate\":\"https:\/\/becom.digital\/fr\/?s={search_term_string}\"},\"query-input\":{\"@type\":\"PropertyValueSpecification\",\"valueRequired\":true,\"valueName\":\"search_term_string\"}}],\"inLanguage\":\"fr-FR\"},{\"@type\":\"Organization\",\"@id\":\"https:\/\/becom.digital\/fr\/#organization\",\"name\":\"Becom\",\"url\":\"https:\/\/becom.digital\/fr\/\",\"logo\":{\"@type\":\"ImageObject\",\"inLanguage\":\"fr-FR\",\"@id\":\"https:\/\/becom.digital\/fr\/#\/schema\/logo\/image\/\",\"url\":\"https:\/\/becom.digital\/app\/uploads\/2023\/10\/Becom_logo_POS_basic-3-e1697538309895.png\",\"contentUrl\":\"https:\/\/becom.digital\/app\/uploads\/2023\/10\/Becom_logo_POS_basic-3-e1697538309895.png\",\"width\":200,\"height\":72,\"caption\":\"Becom\"},\"image\":{\"@id\":\"https:\/\/becom.digital\/fr\/#\/schema\/logo\/image\/\"},\"sameAs\":[\"https:\/\/www.facebook.com\/Becomdigitalfederation\/\",\"https:\/\/x.com\/becomdigital\",\"https:\/\/www.linkedin.com\/company\/becomfederation\/\",\"https:\/\/www.instagram.com\/becomfederation\/\",\"https:\/\/www.youtube.com\/@becom-federation\",\"https:\/\/open.spotify.com\/show\/0oBItlT3FIpj6AxEqllkta\"]}]}<\/script>\n<!-- \/ Yoast SEO plugin. -->","yoast_head_json":{"title":"Becom Summit - Becom","description":"Le 19 juin 2025, le Becom Summit r\u00e9unirat plus de 300 entrepreneurs num\u00e9riques et d'experts pour une journ\u00e9e pleine d'inspiration, de nouvelles id\u00e9es, de sessions pratiques et de pr\u00e9cieux moments de networking : le rendez-vous incontournable pour tous les acteurs du e-commerce.","robots":{"index":"index","follow":"follow","max-snippet":"max-snippet:-1","max-image-preview":"max-image-preview:large","max-video-preview":"max-video-preview:-1"},"canonical":"https:\/\/becom.digital\/fr\/becom-summit\/","og_locale":"fr_FR","og_type":"article","og_title":"Becom Summit - Becom","og_description":"Le 19 juin 2025, le Becom Summit r\u00e9unirat plus de 300 entrepreneurs num\u00e9riques et d'experts pour une journ\u00e9e pleine d'inspiration, de nouvelles id\u00e9es, de sessions pratiques et de pr\u00e9cieux moments de networking : le rendez-vous incontournable pour tous les acteurs du e-commerce.","og_url":"https:\/\/becom.digital\/fr\/becom-summit\/","og_site_name":"Becom","article_publisher":"https:\/\/www.facebook.com\/Becomdigitalfederation\/","article_modified_time":"2025-07-02T14:04:01+00:00","twitter_card":"summary_large_image","twitter_site":"@becomdigital","twitter_misc":{"Est. reading time":"5 minutes"},"schema":{"@context":"https:\/\/schema.org","@graph":[{"@type":"WebPage","@id":"https:\/\/becom.digital\/fr\/becom-summit\/","url":"https:\/\/becom.digital\/fr\/becom-summit\/","name":"Becom Summit - Becom","isPartOf":{"@id":"https:\/\/becom.digital\/fr\/#website"},"datePublished":"2025-04-14T14:31:20+00:00","dateModified":"2025-07-02T14:04:01+00:00","description":"Le 19 juin 2025, le Becom Summit r\u00e9unirat plus de 300 entrepreneurs num\u00e9riques et d'experts pour une journ\u00e9e pleine d'inspiration, de nouvelles id\u00e9es, de sessions pratiques et de pr\u00e9cieux moments de networking : le rendez-vous incontournable pour tous les acteurs du e-commerce.","breadcrumb":{"@id":"https:\/\/becom.digital\/fr\/becom-summit\/#breadcrumb"},"inLanguage":"fr-FR","potentialAction":[{"@type":"ReadAction","target":["https:\/\/becom.digital\/fr\/becom-summit\/"]}]},{"@type":"BreadcrumbList","@id":"https:\/\/becom.digital\/fr\/becom-summit\/#breadcrumb","itemListElement":[{"@type":"ListItem","position":1,"name":"Home","item":"https:\/\/becom.digital\/fr\/"},{"@type":"ListItem","position":2,"name":"Becom Summit"}]},{"@type":"WebSite","@id":"https:\/\/becom.digital\/fr\/#website","url":"https:\/\/becom.digital\/fr\/","name":"Becom","description":"Your digital wings","publisher":{"@id":"https:\/\/becom.digital\/fr\/#organization"},"potentialAction":[{"@type":"SearchAction","target":{"@type":"EntryPoint","urlTemplate":"https:\/\/becom.digital\/fr\/?s={search_term_string}"},"query-input":{"@type":"PropertyValueSpecification","valueRequired":true,"valueName":"search_term_string"}}],"inLanguage":"fr-FR"},{"@type":"Organization","@id":"https:\/\/becom.digital\/fr\/#organization","name":"Becom","url":"https:\/\/becom.digital\/fr\/","logo":{"@type":"ImageObject","inLanguage":"fr-FR","@id":"https:\/\/becom.digital\/fr\/#\/schema\/logo\/image\/","url":"https:\/\/becom.digital\/app\/uploads\/2023\/10\/Becom_logo_POS_basic-3-e1697538309895.png","contentUrl":"https:\/\/becom.digital\/app\/uploads\/2023\/10\/Becom_logo_POS_basic-3-e1697538309895.png","width":200,"height":72,"caption":"Becom"},"image":{"@id":"https:\/\/becom.digital\/fr\/#\/schema\/logo\/image\/"},"sameAs":["https:\/\/www.facebook.com\/Becomdigitalfederation\/","https:\/\/x.com\/becomdigital","https:\/\/www.linkedin.com\/company\/becomfederation\/","https:\/\/www.instagram.com\/becomfederation\/","https:\/\/www.youtube.com\/@becom-federation","https:\/\/open.spotify.com\/show\/0oBItlT3FIpj6AxEqllkta"]}]}},"_links":{"self":[{"href":"https:\/\/becom.digital\/fr\/wp-json\/wp\/v2\/pages\/60651","targetHints":{"allow":["GET"]}}],"collection":[{"href":"https:\/\/becom.digital\/fr\/wp-json\/wp\/v2\/pages"}],"about":[{"href":"https:\/\/becom.digital\/fr\/wp-json\/wp\/v2\/types\/page"}],"author":[{"embeddable":true,"href":"https:\/\/becom.digital\/fr\/wp-json\/wp\/v2\/users\/17"}],"replies":[{"embeddable":true,"href":"https:\/\/becom.digital\/fr\/wp-json\/wp\/v2\/comments?post=60651"}],"version-history":[{"count":10,"href":"https:\/\/becom.digital\/fr\/wp-json\/wp\/v2\/pages\/60651\/revisions"}],"predecessor-version":[{"id":62722,"href":"https:\/\/becom.digital\/fr\/wp-json\/wp\/v2\/pages\/60651\/revisions\/62722"}],"wp:attachment":[{"href":"https:\/\/becom.digital\/fr\/wp-json\/wp\/v2\/media?parent=60651"}],"wp:term":[{"taxonomy":"test-katrien1","embeddable":true,"href":"https:\/\/becom.digital\/fr\/wp-json\/wp\/v2\/test-katrien1?post=60651"}],"curies":[{"name":"wp","href":"https:\/\/api.w.org\/{rel}","templated":true}]}}