{"id":60623,"date":"2025-04-14T09:11:04","date_gmt":"2025-04-14T07:11:04","guid":{"rendered":"https:\/\/becom.digital\/?page_id=60623"},"modified":"2025-07-17T09:38:06","modified_gmt":"2025-07-17T07:38:06","slug":"becom-awards","status":"publish","type":"page","link":"https:\/\/becom.digital\/fr\/becom-awards\/","title":{"rendered":"Becom Awards"},"content":{"rendered":"<div class=\"wpb-content-wrapper\"><p>[vc_row type=&#8221;full_width_section&#8221;][vc_column width=&#8221;1\/1&#8243;]<div class=\"single_image wpb_content_element align-left    \" data-animation=\"none\" data-delay=\"0\"><img loading=\"lazy\" decoding=\"async\" width=\"2560\" height=\"350\" src=\"https:\/\/becom.digital\/app\/uploads\/2025\/04\/Becom-Awards.png\" class=\"attachment-full\" alt=\"\" title=\"Becom Awards\" srcset=\"https:\/\/becom.digital\/app\/uploads\/2025\/04\/Becom-Awards.png 2560w, https:\/\/becom.digital\/app\/uploads\/2025\/04\/Becom-Awards-300x41.png 300w, https:\/\/becom.digital\/app\/uploads\/2025\/04\/Becom-Awards-1024x140.png 1024w, https:\/\/becom.digital\/app\/uploads\/2025\/04\/Becom-Awards-768x105.png 768w, https:\/\/becom.digital\/app\/uploads\/2025\/04\/Becom-Awards-1536x210.png 1536w, https:\/\/becom.digital\/app\/uploads\/2025\/04\/Becom-Awards-2048x280.png 2048w\" sizes=\"auto, (max-width: 2560px) 100vw, 2560px\" \/><\/div>[\/vc_column][\/vc_row][vc_row][vc_column width=&#8221;1\/2&#8243;]<div class=\"becom-title-banner\"><div class=\"content-wrapper \" style=\"background-color:#ffffff \"><\/p>\n<p class=\"\" data-start=\"54\" data-end=\"104\"><span style=\"color: #5e32ca;\"><strong>La reconnaissance ultime pour chaque boutique en ligne<\/strong><\/span><\/p>\n<p data-start=\"106\" data-end=\"497\">Les <span style=\"color: #5e32ca;\"><strong>Becom Awards<\/strong><\/span> sont ouverts <span style=\"color: #5e32ca;\"><strong>\u00e0 toutes les boutiques en ligne belges<\/strong><\/span>, quelle que soit leur taille, leur mod\u00e8le commercial ou leur public cible. Nous mettons les meilleures boutiques en ligne \u00e0 l\u2019honneur avec <span style=\"color: #5e32ca;\"><strong>23 prix prestigieux<\/strong><\/span>. Afin de donner \u00e0 chacun une chance \u00e9quitable, les prix sont d\u00e9cern\u00e9s dans trois cat\u00e9gories\u00a0: <span style=\"color: #5e32ca;\"><strong>small, medium et big<\/strong><\/span>. Ainsi, chaque webshop \u2014 du jeune projet prometteur \u00e0 l\u2019acteur bien \u00e9tabli \u2014 re\u00e7oit la reconnaissance qu\u2019il m\u00e9rite.<\/p>\n<p data-start=\"106\" data-end=\"497\">Rendez-vous sur <span style=\"color: #5e32ca;\"><a style=\"color: #5e32ca;\" href=\"http:\/\/becomawards.digital\">becomawards.digital<\/a><\/span>.<\/p>\n<p><\/div><\/div><div class=\"spacer\" style=\"height: 20px;\"><\/div>[\/vc_column][vc_column width=&#8221;1\/4&#8243;]<div class=\"spacer\" style=\"height: 40px;\"><\/div><div class=\"iconbox  iconbox-style-8 icon-color-accent color-dark clearfix\"><h3><\/h3><i class=\"fa fa-user boxicon\" style=\"\"><\/i><p>\n<h2 style=\"text-align: center;\"><span style=\"color: #5e32ca;\"><strong>Pour qui?<\/strong><\/span><\/h2>\n<p style=\"text-align: left;\">Les <span style=\"color: #5e32ca;\"><strong>Becom Awards<\/strong><\/span> sont ouverts \u00e0 toutes les <span style=\"color: #5e32ca;\"><strong>boutiques en ligne en Belgique. <\/strong>E<\/span>n tant que <span style=\"color: #000000;\">membre Becom<\/span>, vous participez <span style=\"color: #000000;\">gratuitement<\/span> ! Tentez votre chance pour remporter un prix prestigieux et obtenez la reconnaissance que votre boutique m\u00e9rite.<\/p>\n<p style=\"text-align: center;\"><a href=\"https:\/\/becom.digital\/fr\/adhesion\/\" target=\"_blank\" class=\"button #5E32CA small \" style=\"border-radius: 2px;\">Devenez membre<\/a>\n<\/p><\/div>[\/vc_column][vc_column width=&#8221;1\/4&#8243;]<div class=\"spacer\" style=\"height: 40px;\"><\/div><div class=\"iconbox  iconbox-style-8 icon-color-accent color-dark clearfix\"><h3><\/h3><i class=\"fa fa-calendar boxicon\" style=\"\"><\/i><p>\n<h2 style=\"text-align: center;\"><strong><span style=\"color: #5e32ca;\">Quand?<\/span><\/strong><\/h2>\n<p style=\"text-align: left;\">Les <span style=\"color: #5e32ca;\"><strong>Becom Awards<\/strong><\/span> seront d\u00e9cern\u00e9s le <span style=\"color: #5e32ca;\"><strong>6 novembre 2025<\/strong><\/span>.<br \/>\nNotez cette date dans votre agenda et r\u00e9servez vos tickets pour ne rien manquer !<\/p>\n<p>&nbsp;<\/p>\n<p>&nbsp;<\/p>\n<a href=\"https:\/\/becomawards.digital\/\" target=\"_blank\" class=\"button #5e32ca small \" style=\"border-radius: 2px;\">D\u00e9couvrez l\u2019\u00e9v\u00e9nement<\/a><\/p><\/div>[\/vc_column][\/vc_row][vc_row bg_color=&#8221;#00000000&#8243;][vc_column width=&#8221;1\/1&#8243;]<div class=\"spacer\" style=\"height: 20px;\"><\/div>[\/vc_column][\/vc_row][vc_row bg_color=&#8221;#F6F6F6&#8243;][vc_column width=&#8221;2\/3&#8243;]<div class=\"becom-title-banner\"><div class=\"content-wrapper \" style=\"background-color:#00000000 \"><\/p>\n<h2 class=\"headline font-inherit fontsize-xl fontweight-700 lh-13 align-left transform-inherit \" style=\"text-align: left;\"><span style=\"color: #5e32ca;\"><strong>Bienvenue dans notre Pays des Merveilles d\u2019Hiver<span style=\"color: #00ea90;\">.<\/span><\/strong><\/span><\/h2>\n<p>Cette ann\u00e9e, nous vous plongeons dans le th\u00e8me magique de <span style=\"color: #5e32ca;\"><strong data-start=\"82\" data-end=\"103\">Winter Wonderland<\/strong><\/span>. Du d\u00e9cor \u00e0 l\u2019exp\u00e9rience, tout est con\u00e7u pour vous faire vivre une soir\u00e9e f\u00e9erique. Mettez votre plus belle tenue Winter Wonderland et ensemble, nous ferons de cette soir\u00e9e <strong><span style=\"color: #5e32ca;\">un moment magique<\/span><\/strong>.<br data-start=\"295\" data-end=\"298\" \/>Vivez <span style=\"color: #5e32ca;\"><strong>une soir\u00e9e inoubliable<\/strong><\/span> avec votre \u00e9quipe : c\u00e9l\u00e9brez vos r\u00e9ussites, profitez de la reconnaissance et \u00e9changez avec les leaders du monde de l\u2019e-commerce.<\/p>\n<p>Inscrivez-vous pour tenter votre chance aux Awards et\/ou r\u00e9servez vos tickets !<div class=\"button-wrapper\" style=\"margin-top: 20px; display: inline-block; width: 100%;\"><a href=\"https:\/\/becomawards.digital\/\" class=\"button button-appear color-3 medium \" title=\"Inscris-toi aux Becom Awards\" target=\"\">Inscris-toi aux Becom Awards<\/a><\/div><\/div><\/div>[\/vc_column][vc_column width=&#8221;1\/3&#8243;]<div class=\"spacer\" style=\"height: 80px;\"><\/div><div class=\"flexslider wpb_content_element\"><ul class=\"slides\"><li><img decoding=\"async\" src=\"https:\/\/becom.digital\/app\/uploads\/2025\/03\/7.png\" alt=\"\" \/><\/li><li><img decoding=\"async\" src=\"https:\/\/becom.digital\/app\/uploads\/2025\/03\/8.png\" alt=\"\" \/><\/li><li><img decoding=\"async\" src=\"https:\/\/becom.digital\/app\/uploads\/2025\/03\/1-1.png\" alt=\"\" \/><\/li><li><img decoding=\"async\" src=\"https:\/\/becom.digital\/app\/uploads\/2025\/04\/Event-Visuals-Becom.Digital-Landscape.png\" alt=\"\" \/><\/li><li><img decoding=\"async\" src=\"https:\/\/becom.digital\/app\/uploads\/2025\/04\/Event-Visuals-Becom.Digital-Landscape-1.png\" alt=\"\" \/><\/li><\/ul><\/div>[\/vc_column][\/vc_row][vc_row bg_color=&#8221;#F6F6F6&#8243;][vc_column width=&#8221;1\/1&#8243;]<div class=\"spacer\" style=\"height: 20px;\"><\/div>[\/vc_column][\/vc_row][vc_row bg_color=&#8221;#00000000&#8243;][vc_column width=&#8221;1\/2&#8243;]<div class=\"spacer\" style=\"height: 20px;\"><\/div><div class=\"becom-title-banner\"><div class=\"content-wrapper \" style=\"background-color:#00000000 \"><\/p>\n<h2 class=\"headline font-inherit fontsize-xl fontweight-700 lh-13 align-left transform-inherit \"><span style=\"color: #5e32ca;\"><strong>Becom Jury Awards<span style=\"color: #00ea90;\">.<\/span><\/strong><\/span><\/h2>\n<p>Les <span style=\"color: #5e32ca;\"><strong>Becom Jury Awards<\/strong><\/span> r\u00e9compensent les boutiques en ligne qui se distinguent dans des segments de march\u00e9 sp\u00e9cifiques tels que <span style=\"color: #5e32ca;\"><strong>l&#8217;exportation, le B2B, les marketplaces, les start-ups ou par leur concept unique<\/strong><\/span>.<br data-start=\"231\" data-end=\"234\" \/>Ces awards sont destin\u00e9s aux webshops pour lesquels les \u00e9valuations des consommateurs ont moins, voir pas de valeur ajout\u00e9e. N&#8217;h\u00e9sitez pas \u00e0 tenter votre chance de briller sous les projecteurs !<\/p>\n<p style=\"font-family: 'Open Sans', sans-serif;\">Inscrivez-vous aux Becom Jury Awards et introduisez votre dossier qui doit r\u00e9pondre \u00e0 des questions sp\u00e9cifiques d&#8217;apr\u00e8s la cat\u00e9gorie choisie. Le jury \u00e9valuera votre candidature en fonction de ce dossier.<br data-start=\"212\" data-end=\"215\" \/>Vous pouvez vous inscrire dans une ou plusieurs cat\u00e9gories.<\/p>\n<div class=\"button-wrapper\" style=\"margin-top: 20px; display: inline-block; width: 100%;\"><a href=\"https:\/\/becomawards.digital\/\" class=\"button button-appear color-3 medium \" title=\"Inscris-toi aux Jury Awards\" target=\"\">Inscris-toi aux Jury Awards<\/a><\/div><\/div><\/div>[\/vc_column][vc_column width=&#8221;1\/2&#8243;]<div class=\"spacer\" style=\"height: 20px;\"><\/div><div class=\"becom-title-banner\"><div class=\"content-wrapper \" style=\"background-color:#00000000 \"><\/p>\n<h2 class=\"headline font-inherit fontsize-xl fontweight-700 lh-13 align-left transform-inherit \"><span style=\"color: #5e32ca;\"><strong>Becom Research Awards<span style=\"color: #00ea90;\">.<\/span><\/strong><\/span><\/h2>\n<p>Les <span style=\"color: #5e32ca;\"><strong>Becom Research Awards<\/strong><\/span> bas\u00e9s sur les <span style=\"color: #5e32ca;\"><strong>\u00e9valuations des clients<\/strong><\/span> ne sont pas jug\u00e9s par un jury, mais par vos propres clients. Votre boutique en ligne sera \u00e9valu\u00e9e \u00e0 l&#8217;aide d&#8217;un questionnaire de l&#8217;institut d&#8217;\u00e9tudes de march\u00e9 GfK. Vous \u00eates responsable de l&#8217;envoi du questionnaire et de garantir un taux de r\u00e9ponse suffisant pour obtenir des r\u00e9sultats repr\u00e9sentatifs. Le questionnaire aborde 4 sujets principaux : <span style=\"color: #5e32ca;\"><strong>le concept, la logistique &amp; l&#8217;ex\u00e9cution, le service client et les paiements.<\/strong><\/span><\/p>\n<article class=\"w-full text-token-text-primary\" dir=\"auto\" data-testid=\"conversation-turn-357\" data-scroll-anchor=\"true\">\n<div class=\"text-base my-auto mx-auto py-5 px-6\">\n<div class=\"mx-auto flex flex-1 text-base gap-4 md:gap-5 lg:gap-6 md:max-w-3xl group\/turn-messages focus-visible:outline-none\" tabindex=\"-1\">\n<div class=\"group\/conversation-turn relative flex w-full min-w-0 flex-col agent-turn @xs\/thread:px-0 @sm\/thread:px-1.5 @md\/thread:px-4\">\n<div class=\"relative flex-col gap-1 md:gap-3\">\n<div class=\"flex max-w-full flex-col flex-grow\">\n<div class=\"min-h-8 text-message relative flex w-full flex-col items-end gap-2 whitespace-normal break-words text-start [.text-message+&amp;]:mt-5\" dir=\"auto\" data-message-author-role=\"assistant\" data-message-id=\"5ff531c1-97f1-49b4-83f8-eb9d9e9eae48\" data-message-model-slug=\"gpt-4o-mini\">\n<div class=\"flex w-full flex-col gap-1 empty:hidden first:pt-[3px]\">\n<div class=\"markdown prose w-full break-words dark:prose-invert dark\">\n<p class=\"\" data-start=\"0\" data-end=\"742\">Les r\u00e9ponses de vos clients d\u00e9termineront les scores et la cat\u00e9gorie dans laquelle vous pourrez remporter l&#8217;un des prix suivants : Logistics Champion Award, Payment Hero Award,<br \/>\nCustomer Friendliness Award, Sustainability Award ou le gagnant ultime et all-round: le Diamond Award.<\/p>\n<\/div>\n<\/div>\n<\/div>\n<\/div>\n<\/div>\n<\/div>\n<\/div>\n<\/div>\n<\/article>\n<div class=\"button-wrapper\" style=\"margin-top: 20px; display: inline-block; width: 100%;\"><a href=\"https:\/\/becomawards.digital\/\" class=\"button button-appear color-3 medium \" title=\"Inscrivez-toi aux Research Awards\" target=\"\">Inscrivez-toi aux Research Awards<\/a><\/div><\/div><\/div>[\/vc_column][\/vc_row][vc_row][vc_column width=&#8221;1\/1&#8243;]<div class=\"spacer\" style=\"height: 30px;\"><\/div>[\/vc_column][\/vc_row][vc_row bg_image=&#8221;49768&#8243; parallax_bg=&#8221;true&#8221; text_color=&#8221;light&#8221; top_padding=&#8221;20&#8243; bottom_padding=&#8221;20&#8243;][vc_column width=&#8221;1\/6&#8243;]<div class=\"single_image wpb_content_element align-left    \" data-animation=\"none\" data-delay=\"0\"><img loading=\"lazy\" decoding=\"async\" width=\"1365\" height=\"2048\" src=\"https:\/\/becom.digital\/app\/uploads\/2025\/07\/Therese-1.png\" class=\"attachment-full\" alt=\"\" title=\"The\u0301re\u0300se\" srcset=\"https:\/\/becom.digital\/app\/uploads\/2025\/07\/Therese-1.png 1365w, https:\/\/becom.digital\/app\/uploads\/2025\/07\/Therese-1-200x300.png 200w, https:\/\/becom.digital\/app\/uploads\/2025\/07\/Therese-1-683x1024.png 683w, https:\/\/becom.digital\/app\/uploads\/2025\/07\/Therese-1-768x1152.png 768w, https:\/\/becom.digital\/app\/uploads\/2025\/07\/Therese-1-1024x1536.png 1024w, https:\/\/becom.digital\/app\/uploads\/2025\/07\/Therese-1-400x600.png 400w, https:\/\/becom.digital\/app\/uploads\/2025\/07\/Therese-1-800x1200.png 800w\" sizes=\"auto, (max-width: 1365px) 100vw, 1365px\" \/><\/div>[\/vc_column][vc_column width=&#8221;2\/6&#8243;]<div class=\"spacer\" style=\"height: 20px;\"><\/div>[vc_column_text]<\/p>\n<h3><strong>Des questions \u00e0 propos des Becom Awards ?<br \/>\nContactez-nous.<\/strong><\/h3>\n<p><strong>Th\u00e9r\u00e8se van Bellinghen<br \/>\nPR &amp; Communications<\/strong><\/p>\n<p>therese@becom.digital<br \/>\n+32 475 47 82 33[\/vc_column_text][\/vc_column][vc_column width=&#8221;2\/6&#8243;]<div class=\"spacer\" style=\"height: 20px;\"><\/div>[vc_column_text]<\/p>\n<h3><strong>Vous souhaitez devenir partenaire des Becom Awards ?<br \/>\nContactez-nous.<\/strong><\/h3>\n<p><strong>C\u00e9lia Boon<br \/>\nGrowth &amp; Membershipmanager<\/strong><\/p>\n<p>celia@becom.digital<br \/>\n+32 471 74 41 83[\/vc_column_text][\/vc_column][vc_column width=&#8221;1\/6&#8243;]<div class=\"single_image wpb_content_element align-left    \" data-animation=\"none\" data-delay=\"0\"><img loading=\"lazy\" decoding=\"async\" width=\"1365\" height=\"2048\" src=\"https:\/\/becom.digital\/app\/uploads\/2025\/07\/Celia-1.png\" class=\"attachment-full\" alt=\"\" title=\"Celia\" srcset=\"https:\/\/becom.digital\/app\/uploads\/2025\/07\/Celia-1.png 1365w, https:\/\/becom.digital\/app\/uploads\/2025\/07\/Celia-1-200x300.png 200w, https:\/\/becom.digital\/app\/uploads\/2025\/07\/Celia-1-683x1024.png 683w, https:\/\/becom.digital\/app\/uploads\/2025\/07\/Celia-1-768x1152.png 768w, https:\/\/becom.digital\/app\/uploads\/2025\/07\/Celia-1-1024x1536.png 1024w, https:\/\/becom.digital\/app\/uploads\/2025\/07\/Celia-1-400x600.png 400w, https:\/\/becom.digital\/app\/uploads\/2025\/07\/Celia-1-800x1200.png 800w\" sizes=\"auto, (max-width: 1365px) 100vw, 1365px\" \/><\/div>[\/vc_column][\/vc_row]<\/p>\n<\/div>","protected":false},"excerpt":{"rendered":"<p>[vc_row type=&#8221;full_width_section&#8221;][vc_column width=&#8221;1\/1&#8243;][\/vc_column][\/vc_row][vc_row][vc_column width=&#8221;1\/2&#8243;][\/vc_column][vc_column width=&#8221;1\/4&#8243;][\/vc_column][vc_column width=&#8221;1\/4&#8243;][\/vc_column][\/vc_row][vc_row bg_color=&#8221;#00000000&#8243;][vc_column width=&#8221;1\/1&#8243;][\/vc_column][\/vc_row][vc_row bg_color=&#8221;#F6F6F6&#8243;][vc_column width=&#8221;2\/3&#8243;][\/vc_column][vc_column width=&#8221;1\/3&#8243;][\/vc_column][\/vc_row][vc_row bg_color=&#8221;#F6F6F6&#8243;][vc_column width=&#8221;1\/1&#8243;][\/vc_column][\/vc_row][vc_row bg_color=&#8221;#00000000&#8243;][vc_column width=&#8221;1\/2&#8243;][\/vc_column][vc_column width=&#8221;1\/2&#8243;][\/vc_column][\/vc_row][vc_row][vc_column width=&#8221;1\/1&#8243;][\/vc_column][\/vc_row][vc_row bg_image=&#8221;49768&#8243; parallax_bg=&#8221;true&#8221; text_color=&#8221;light&#8221; top_padding=&#8221;20&#8243; bottom_padding=&#8221;20&#8243;][vc_column width=&#8221;1\/6&#8243;][\/vc_column][vc_column width=&#8221;2\/6&#8243;][vc_column_text] Des questions \u00e0 propos des Becom Awards ? Contactez-nous. Th\u00e9r\u00e8se van Bellinghen PR &amp; Communications therese@becom.digital +32 475 47 82 33[\/vc_column_text][\/vc_column][vc_column width=&#8221;2\/6&#8243;][vc_column_text] Vous souhaitez devenir partenaire des Becom Awards ? Contactez-nous. C\u00e9lia Boon Growth &amp; Membershipmanager celia@becom.digital +32 471 74 41 83[\/vc_column_text][\/vc_column][vc_column width=&#8221;1\/6&#8243;][\/vc_column][\/vc_row]<\/p>\n","protected":false},"author":17,"featured_media":0,"parent":0,"menu_order":0,"comment_status":"closed","ping_status":"closed","template":"","meta":{"_EventAllDay":false,"_EventTimezone":"","_EventStartDate":"","_EventEndDate":"","_EventStartDateUTC":"","_EventEndDateUTC":"","_EventShowMap":false,"_EventShowMapLink":false,"_EventURL":"","_EventCost":"","_EventCostDescription":"","_EventCurrencySymbol":"","_EventCurrencyCode":"","_EventCurrencyPosition":"","_EventDateTimeSeparator":"","_EventTimeRangeSeparator":"","_EventOrganizerID":[],"_EventVenueID":[],"_OrganizerEmail":"","_OrganizerPhone":"","_OrganizerWebsite":"","_VenueAddress":"","_VenueCity":"","_VenueCountry":"","_VenueProvince":"","_VenueState":"","_VenueZip":"","_VenuePhone":"","_VenueURL":"","_VenueStateProvince":"","_VenueLat":"","_VenueLng":"","_VenueShowMap":false,"_VenueShowMapLink":false,"footnotes":""},"test-katrien1":[],"class_list":["post-60623","page","type-page","status-publish","hentry"],"yoast_head":"<!-- This site is optimized with the Yoast SEO plugin v26.4 - https:\/\/yoast.com\/wordpress\/plugins\/seo\/ -->\n<title>Becom Awards - Becom<\/title>\n<meta name=\"description\" content=\"Les Becom Awards r\u00e9compensent les meilleures boutiques en ligne de Belgique. Les prix sont d\u00e9cern\u00e9s en 3 cat\u00e9gories de taille et distinguent les webshops par leur concept, service client\u00e8le, facilit\u00e9 de paiment ou logistique par exemple.\" \/>\n<meta name=\"robots\" content=\"index, follow, max-snippet:-1, max-image-preview:large, max-video-preview:-1\" \/>\n<link rel=\"canonical\" href=\"https:\/\/becom.digital\/fr\/becom-awards\/\" \/>\n<meta property=\"og:locale\" content=\"fr_FR\" \/>\n<meta property=\"og:type\" content=\"article\" \/>\n<meta property=\"og:title\" content=\"Becom Awards - Becom\" \/>\n<meta property=\"og:description\" content=\"Les Becom Awards r\u00e9compensent les meilleures boutiques en ligne de Belgique. Les prix sont d\u00e9cern\u00e9s en 3 cat\u00e9gories de taille et distinguent les webshops par leur concept, service client\u00e8le, facilit\u00e9 de paiment ou logistique par exemple.\" \/>\n<meta property=\"og:url\" content=\"https:\/\/becom.digital\/fr\/becom-awards\/\" \/>\n<meta property=\"og:site_name\" content=\"Becom\" \/>\n<meta property=\"article:publisher\" content=\"https:\/\/www.facebook.com\/Becomdigitalfederation\/\" \/>\n<meta property=\"article:modified_time\" content=\"2025-07-17T07:38:06+00:00\" \/>\n<meta name=\"twitter:card\" content=\"summary_large_image\" \/>\n<meta name=\"twitter:site\" content=\"@becomdigital\" \/>\n<meta name=\"twitter:label1\" content=\"Est. reading time\" \/>\n\t<meta name=\"twitter:data1\" content=\"5 minutes\" \/>\n<script type=\"application\/ld+json\" class=\"yoast-schema-graph\">{\"@context\":\"https:\/\/schema.org\",\"@graph\":[{\"@type\":\"WebPage\",\"@id\":\"https:\/\/becom.digital\/fr\/becom-awards\/\",\"url\":\"https:\/\/becom.digital\/fr\/becom-awards\/\",\"name\":\"Becom Awards - Becom\",\"isPartOf\":{\"@id\":\"https:\/\/becom.digital\/fr\/#website\"},\"datePublished\":\"2025-04-14T07:11:04+00:00\",\"dateModified\":\"2025-07-17T07:38:06+00:00\",\"description\":\"Les Becom Awards r\u00e9compensent les meilleures boutiques en ligne de Belgique. Les prix sont d\u00e9cern\u00e9s en 3 cat\u00e9gories de taille et distinguent les webshops par leur concept, service client\u00e8le, facilit\u00e9 de paiment ou logistique par exemple.\",\"breadcrumb\":{\"@id\":\"https:\/\/becom.digital\/fr\/becom-awards\/#breadcrumb\"},\"inLanguage\":\"fr-FR\",\"potentialAction\":[{\"@type\":\"ReadAction\",\"target\":[\"https:\/\/becom.digital\/fr\/becom-awards\/\"]}]},{\"@type\":\"BreadcrumbList\",\"@id\":\"https:\/\/becom.digital\/fr\/becom-awards\/#breadcrumb\",\"itemListElement\":[{\"@type\":\"ListItem\",\"position\":1,\"name\":\"Home\",\"item\":\"https:\/\/becom.digital\/fr\/\"},{\"@type\":\"ListItem\",\"position\":2,\"name\":\"Becom Awards\"}]},{\"@type\":\"WebSite\",\"@id\":\"https:\/\/becom.digital\/fr\/#website\",\"url\":\"https:\/\/becom.digital\/fr\/\",\"name\":\"Becom\",\"description\":\"Your digital wings\",\"publisher\":{\"@id\":\"https:\/\/becom.digital\/fr\/#organization\"},\"potentialAction\":[{\"@type\":\"SearchAction\",\"target\":{\"@type\":\"EntryPoint\",\"urlTemplate\":\"https:\/\/becom.digital\/fr\/?s={search_term_string}\"},\"query-input\":{\"@type\":\"PropertyValueSpecification\",\"valueRequired\":true,\"valueName\":\"search_term_string\"}}],\"inLanguage\":\"fr-FR\"},{\"@type\":\"Organization\",\"@id\":\"https:\/\/becom.digital\/fr\/#organization\",\"name\":\"Becom\",\"url\":\"https:\/\/becom.digital\/fr\/\",\"logo\":{\"@type\":\"ImageObject\",\"inLanguage\":\"fr-FR\",\"@id\":\"https:\/\/becom.digital\/fr\/#\/schema\/logo\/image\/\",\"url\":\"https:\/\/becom.digital\/app\/uploads\/2023\/10\/Becom_logo_POS_basic-3-e1697538309895.png\",\"contentUrl\":\"https:\/\/becom.digital\/app\/uploads\/2023\/10\/Becom_logo_POS_basic-3-e1697538309895.png\",\"width\":200,\"height\":72,\"caption\":\"Becom\"},\"image\":{\"@id\":\"https:\/\/becom.digital\/fr\/#\/schema\/logo\/image\/\"},\"sameAs\":[\"https:\/\/www.facebook.com\/Becomdigitalfederation\/\",\"https:\/\/x.com\/becomdigital\",\"https:\/\/www.linkedin.com\/company\/becomfederation\/\",\"https:\/\/www.instagram.com\/becomfederation\/\",\"https:\/\/www.youtube.com\/@becom-federation\",\"https:\/\/open.spotify.com\/show\/0oBItlT3FIpj6AxEqllkta\"]}]}<\/script>\n<!-- \/ Yoast SEO plugin. -->","yoast_head_json":{"title":"Becom Awards - Becom","description":"Les Becom Awards r\u00e9compensent les meilleures boutiques en ligne de Belgique. Les prix sont d\u00e9cern\u00e9s en 3 cat\u00e9gories de taille et distinguent les webshops par leur concept, service client\u00e8le, facilit\u00e9 de paiment ou logistique par exemple.","robots":{"index":"index","follow":"follow","max-snippet":"max-snippet:-1","max-image-preview":"max-image-preview:large","max-video-preview":"max-video-preview:-1"},"canonical":"https:\/\/becom.digital\/fr\/becom-awards\/","og_locale":"fr_FR","og_type":"article","og_title":"Becom Awards - Becom","og_description":"Les Becom Awards r\u00e9compensent les meilleures boutiques en ligne de Belgique. Les prix sont d\u00e9cern\u00e9s en 3 cat\u00e9gories de taille et distinguent les webshops par leur concept, service client\u00e8le, facilit\u00e9 de paiment ou logistique par exemple.","og_url":"https:\/\/becom.digital\/fr\/becom-awards\/","og_site_name":"Becom","article_publisher":"https:\/\/www.facebook.com\/Becomdigitalfederation\/","article_modified_time":"2025-07-17T07:38:06+00:00","twitter_card":"summary_large_image","twitter_site":"@becomdigital","twitter_misc":{"Est. reading time":"5 minutes"},"schema":{"@context":"https:\/\/schema.org","@graph":[{"@type":"WebPage","@id":"https:\/\/becom.digital\/fr\/becom-awards\/","url":"https:\/\/becom.digital\/fr\/becom-awards\/","name":"Becom Awards - Becom","isPartOf":{"@id":"https:\/\/becom.digital\/fr\/#website"},"datePublished":"2025-04-14T07:11:04+00:00","dateModified":"2025-07-17T07:38:06+00:00","description":"Les Becom Awards r\u00e9compensent les meilleures boutiques en ligne de Belgique. Les prix sont d\u00e9cern\u00e9s en 3 cat\u00e9gories de taille et distinguent les webshops par leur concept, service client\u00e8le, facilit\u00e9 de paiment ou logistique par exemple.","breadcrumb":{"@id":"https:\/\/becom.digital\/fr\/becom-awards\/#breadcrumb"},"inLanguage":"fr-FR","potentialAction":[{"@type":"ReadAction","target":["https:\/\/becom.digital\/fr\/becom-awards\/"]}]},{"@type":"BreadcrumbList","@id":"https:\/\/becom.digital\/fr\/becom-awards\/#breadcrumb","itemListElement":[{"@type":"ListItem","position":1,"name":"Home","item":"https:\/\/becom.digital\/fr\/"},{"@type":"ListItem","position":2,"name":"Becom Awards"}]},{"@type":"WebSite","@id":"https:\/\/becom.digital\/fr\/#website","url":"https:\/\/becom.digital\/fr\/","name":"Becom","description":"Your digital wings","publisher":{"@id":"https:\/\/becom.digital\/fr\/#organization"},"potentialAction":[{"@type":"SearchAction","target":{"@type":"EntryPoint","urlTemplate":"https:\/\/becom.digital\/fr\/?s={search_term_string}"},"query-input":{"@type":"PropertyValueSpecification","valueRequired":true,"valueName":"search_term_string"}}],"inLanguage":"fr-FR"},{"@type":"Organization","@id":"https:\/\/becom.digital\/fr\/#organization","name":"Becom","url":"https:\/\/becom.digital\/fr\/","logo":{"@type":"ImageObject","inLanguage":"fr-FR","@id":"https:\/\/becom.digital\/fr\/#\/schema\/logo\/image\/","url":"https:\/\/becom.digital\/app\/uploads\/2023\/10\/Becom_logo_POS_basic-3-e1697538309895.png","contentUrl":"https:\/\/becom.digital\/app\/uploads\/2023\/10\/Becom_logo_POS_basic-3-e1697538309895.png","width":200,"height":72,"caption":"Becom"},"image":{"@id":"https:\/\/becom.digital\/fr\/#\/schema\/logo\/image\/"},"sameAs":["https:\/\/www.facebook.com\/Becomdigitalfederation\/","https:\/\/x.com\/becomdigital","https:\/\/www.linkedin.com\/company\/becomfederation\/","https:\/\/www.instagram.com\/becomfederation\/","https:\/\/www.youtube.com\/@becom-federation","https:\/\/open.spotify.com\/show\/0oBItlT3FIpj6AxEqllkta"]}]}},"_links":{"self":[{"href":"https:\/\/becom.digital\/fr\/wp-json\/wp\/v2\/pages\/60623","targetHints":{"allow":["GET"]}}],"collection":[{"href":"https:\/\/becom.digital\/fr\/wp-json\/wp\/v2\/pages"}],"about":[{"href":"https:\/\/becom.digital\/fr\/wp-json\/wp\/v2\/types\/page"}],"author":[{"embeddable":true,"href":"https:\/\/becom.digital\/fr\/wp-json\/wp\/v2\/users\/17"}],"replies":[{"embeddable":true,"href":"https:\/\/becom.digital\/fr\/wp-json\/wp\/v2\/comments?post=60623"}],"version-history":[{"count":28,"href":"https:\/\/becom.digital\/fr\/wp-json\/wp\/v2\/pages\/60623\/revisions"}],"predecessor-version":[{"id":63350,"href":"https:\/\/becom.digital\/fr\/wp-json\/wp\/v2\/pages\/60623\/revisions\/63350"}],"wp:attachment":[{"href":"https:\/\/becom.digital\/fr\/wp-json\/wp\/v2\/media?parent=60623"}],"wp:term":[{"taxonomy":"test-katrien1","embeddable":true,"href":"https:\/\/becom.digital\/fr\/wp-json\/wp\/v2\/test-katrien1?post=60623"}],"curies":[{"name":"wp","href":"https:\/\/api.w.org\/{rel}","templated":true}]}}