{"id":60611,"date":"2025-04-11T16:44:36","date_gmt":"2025-04-11T14:44:36","guid":{"rendered":"https:\/\/becom.digital\/?page_id=60611"},"modified":"2025-07-02T09:08:20","modified_gmt":"2025-07-02T07:08:20","slug":"friday-snacks","status":"publish","type":"page","link":"https:\/\/becom.digital\/fr\/friday-snacks\/","title":{"rendered":"Friday Snacks"},"content":{"rendered":"<div class=\"wpb-content-wrapper\"><p>[vc_row type=&#8221;full_width_section&#8221;][vc_column width=&#8221;1\/1&#8243;]<div class=\"single_image wpb_content_element align-left    \" data-animation=\"none\" data-delay=\"0\"><img loading=\"lazy\" decoding=\"async\" width=\"2560\" height=\"350\" src=\"https:\/\/becom.digital\/app\/uploads\/2025\/04\/Friday-Snacks.png\" class=\"attachment-full\" alt=\"\" title=\"Friday Snacks\" srcset=\"https:\/\/becom.digital\/app\/uploads\/2025\/04\/Friday-Snacks.png 2560w, https:\/\/becom.digital\/app\/uploads\/2025\/04\/Friday-Snacks-300x41.png 300w, https:\/\/becom.digital\/app\/uploads\/2025\/04\/Friday-Snacks-1024x140.png 1024w, https:\/\/becom.digital\/app\/uploads\/2025\/04\/Friday-Snacks-768x105.png 768w, https:\/\/becom.digital\/app\/uploads\/2025\/04\/Friday-Snacks-1536x210.png 1536w, https:\/\/becom.digital\/app\/uploads\/2025\/04\/Friday-Snacks-2048x280.png 2048w\" sizes=\"auto, (max-width: 2560px) 100vw, 2560px\" \/><\/div>[\/vc_column][\/vc_row][vc_row][vc_column width=&#8221;1\/2&#8243;]<div class=\"becom-title-banner\"><div class=\"content-wrapper \" style=\"background-color:#ffffff \"><\/p>\n<p data-start=\"47\" data-end=\"273\">De courts webinaires faciles \u00e0 dig\u00e9rer le vendredi apr\u00e8s-midi. C&#8217;est ce que sont nos Friday Snacks. <span style=\"color: #5e32ca;\"><strong>En une demi-heure seulement<\/strong><\/span>, un expert vous donne des <span style=\"color: #5e32ca;\"><strong>\u00e9clairages pr\u00e9cieux<\/strong><\/span> sur un sujet sp\u00e9cifique du e-commerce. Pas de th\u00e9ories complexes, mais des <span style=\"color: #5e32ca;\"><strong>conseils pratiques et concrets<\/strong><\/span> que vous pouvez appliquer imm\u00e9diatement. Prenez un caf\u00e9 ou un th\u00e9 avec une friandise et profitez d&#8217;une <span style=\"color: #5e32ca;\"><strong>pause instructive<\/strong><\/span> ! Vous avez manqu\u00e9 une session ? Pas de souci, vous retrouvez tous les replays dans notre <span style=\"color: #5e32ca;\"><strong><a style=\"color: #5e32ca;\" href=\"http:\/\/wiki.becom.digital\">centre de connaissances, le Wiki<\/a><\/strong><\/span>.<\/p>\n<div class=\"button-wrapper\" style=\"margin-top: 20px; display: inline-block; width: 100%;\"><a href=\"https:\/\/wiki.becom.digital\/fr\/categorie-produit\/replays-de-l-academie\/\" class=\"button button-appear color-3 medium \" title=\"D\u00e9couvrez nos replays\" target=\"\">D\u00e9couvrez nos replays<\/a><\/div><\/div><\/div><div class=\"spacer\" style=\"height: 20px;\"><\/div>[\/vc_column][vc_column width=&#8221;1\/4&#8243;]<div class=\"spacer\" style=\"height: 40px;\"><\/div><div class=\"iconbox  iconbox-style-8 icon-color-accent color-dark clearfix\"><h3><\/h3><i class=\"fa fa-user boxicon\" style=\"\"><\/i><p>\n<h2 style=\"text-align: center;\"><strong><span style=\"color: #5e32ca;\">Pour qui ?<\/span><\/strong><\/h2>\n<p style=\"text-align: left;\"><span style=\"color: #5e32ca;\"><strong>Les Friday Snacks sont ouverts \u00e0 tous. <\/strong><\/span>Que vous soyez g\u00e9rant d&#8217;une boutique en ligne, entrepreneur ou tout autre acteur du web, ces courts webinaires sont ouverts \u00e0 tous.<\/p>\n<p style=\"text-align: center;\"><a href=\"https:\/\/becom.digital\/fr\/adhesion\/\" target=\"_blank\" class=\"button #5E32CA small \" style=\"border-radius: 2px;\">Devenez membre<\/a>\n<\/p><\/div>[\/vc_column][vc_column width=&#8221;1\/4&#8243;]<div class=\"spacer\" style=\"height: 40px;\"><\/div><div class=\"iconbox  iconbox-style-8 icon-color-accent color-dark clearfix\"><h3><\/h3><i class=\"fa fa-calendar boxicon\" style=\"\"><\/i><p>\n<h2 style=\"text-align: center;\"><strong><span style=\"color: #5e32ca;\">Quand?<\/span><\/strong><\/h2>\n<p style=\"text-align: left;\">Les <span style=\"color: #5e32ca;\"><strong>Friday Snacks<\/strong><\/span> ont toujours lieu <span style=\"color: #5e32ca;\"><strong>le vendredi \u00e0 14h<\/strong><\/span>. Consultez notre calendrier pour d\u00e9courvrir la prochaine session. Et inscrivez-vous <a href=\"https:\/\/becom.digital\/fr\/newsletter-b2c\/\">\u00e0 notre newsletter<\/a> pour rester inform\u00e9e !<\/p>\n<p>&nbsp;<\/p>\n<a href=\"http:\/\/\" target=\"_blank\" class=\"button #5e32ca small \" style=\"border-radius: 2px;\">Consultez l\u2019agenda<\/a><\/p><\/div>[\/vc_column][\/vc_row][vc_row][vc_column width=&#8221;1\/1&#8243;]<div class=\"spacer\" style=\"height: 30px;\"><\/div>[\/vc_column][\/vc_row][vc_row bg_image=&#8221;49768&#8243; parallax_bg=&#8221;true&#8221; text_color=&#8221;light&#8221; top_padding=&#8221;20&#8243; bottom_padding=&#8221;20&#8243;][vc_column width=&#8221;1\/6&#8243;]<div class=\"single_image wpb_content_element align-left    \" data-animation=\"none\" data-delay=\"0\"><img loading=\"lazy\" decoding=\"async\" width=\"1365\" height=\"2048\" src=\"https:\/\/becom.digital\/app\/uploads\/2025\/07\/Celia-1.png\" class=\"attachment-full\" alt=\"\" title=\"Celia\" srcset=\"https:\/\/becom.digital\/app\/uploads\/2025\/07\/Celia-1.png 1365w, https:\/\/becom.digital\/app\/uploads\/2025\/07\/Celia-1-200x300.png 200w, https:\/\/becom.digital\/app\/uploads\/2025\/07\/Celia-1-683x1024.png 683w, https:\/\/becom.digital\/app\/uploads\/2025\/07\/Celia-1-768x1152.png 768w, https:\/\/becom.digital\/app\/uploads\/2025\/07\/Celia-1-1024x1536.png 1024w, https:\/\/becom.digital\/app\/uploads\/2025\/07\/Celia-1-400x600.png 400w, https:\/\/becom.digital\/app\/uploads\/2025\/07\/Celia-1-800x1200.png 800w\" sizes=\"auto, (max-width: 1365px) 100vw, 1365px\" \/><\/div>[\/vc_column][vc_column width=&#8221;5\/6&#8243;]<div class=\"spacer\" style=\"height: 20px;\"><\/div>[vc_column_text]<\/p>\n<h3>Envie de partager vos id\u00e9es ou votre exp\u00e9rience avec la communaut\u00e9 Becom ?<br \/>\nContactez-nous.<\/h3>\n<p><strong>C\u00e9lia Boon<br \/>\nGrowth &amp; Membershipmanager<\/strong><\/p>\n<p>celia@becom.digital<br \/>\n+32 471 74 41 83[\/vc_column_text][\/vc_column][\/vc_row]<\/p>\n<\/div>","protected":false},"excerpt":{"rendered":"<p>[vc_row type=&#8221;full_width_section&#8221;][vc_column width=&#8221;1\/1&#8243;][\/vc_column][\/vc_row][vc_row][vc_column width=&#8221;1\/2&#8243;][\/vc_column][vc_column width=&#8221;1\/4&#8243;][\/vc_column][vc_column width=&#8221;1\/4&#8243;][\/vc_column][\/vc_row][vc_row][vc_column width=&#8221;1\/1&#8243;][\/vc_column][\/vc_row][vc_row bg_image=&#8221;49768&#8243; parallax_bg=&#8221;true&#8221; text_color=&#8221;light&#8221; top_padding=&#8221;20&#8243; bottom_padding=&#8221;20&#8243;][vc_column width=&#8221;1\/6&#8243;][\/vc_column][vc_column width=&#8221;5\/6&#8243;][vc_column_text] Envie de partager vos id\u00e9es ou votre exp\u00e9rience avec la communaut\u00e9 Becom ? Contactez-nous. C\u00e9lia Boon Growth &amp; Membershipmanager celia@becom.digital +32 471 74 41 83[\/vc_column_text][\/vc_column][\/vc_row]<\/p>\n","protected":false},"author":17,"featured_media":0,"parent":0,"menu_order":0,"comment_status":"closed","ping_status":"closed","template":"","meta":{"_EventAllDay":false,"_EventTimezone":"","_EventStartDate":"","_EventEndDate":"","_EventStartDateUTC":"","_EventEndDateUTC":"","_EventShowMap":false,"_EventShowMapLink":false,"_EventURL":"","_EventCost":"","_EventCostDescription":"","_EventCurrencySymbol":"","_EventCurrencyCode":"","_EventCurrencyPosition":"","_EventDateTimeSeparator":"","_EventTimeRangeSeparator":"","_EventOrganizerID":[],"_EventVenueID":[],"_OrganizerEmail":"","_OrganizerPhone":"","_OrganizerWebsite":"","_VenueAddress":"","_VenueCity":"","_VenueCountry":"","_VenueProvince":"","_VenueState":"","_VenueZip":"","_VenuePhone":"","_VenueURL":"","_VenueStateProvince":"","_VenueLat":"","_VenueLng":"","_VenueShowMap":false,"_VenueShowMapLink":false,"footnotes":""},"test-katrien1":[],"class_list":["post-60611","page","type-page","status-publish","hentry"],"yoast_head":"<!-- This site is optimized with the Yoast SEO plugin v26.4 - https:\/\/yoast.com\/wordpress\/plugins\/seo\/ -->\n<title>Friday Snacks - Becom<\/title>\n<meta name=\"description\" content=\"De courts webinaires : en 30 min seulement, un expert traite d&#039;un sujet sp\u00e9cifique du e-commerce. Pas de th\u00e9ories complexes, mais des conseils pratiques et concrets que vous pouvez appliquer imm\u00e9diatement. D\u00e9couvrez la prochaine session.\" \/>\n<meta name=\"robots\" content=\"index, follow, max-snippet:-1, max-image-preview:large, max-video-preview:-1\" \/>\n<link rel=\"canonical\" href=\"https:\/\/becom.digital\/fr\/friday-snacks\/\" \/>\n<meta property=\"og:locale\" content=\"fr_FR\" \/>\n<meta property=\"og:type\" content=\"article\" \/>\n<meta property=\"og:title\" content=\"Friday Snacks - Becom\" \/>\n<meta property=\"og:description\" content=\"De courts webinaires : en 30 min seulement, un expert traite d&#039;un sujet sp\u00e9cifique du e-commerce. Pas de th\u00e9ories complexes, mais des conseils pratiques et concrets que vous pouvez appliquer imm\u00e9diatement. D\u00e9couvrez la prochaine session.\" \/>\n<meta property=\"og:url\" content=\"https:\/\/becom.digital\/fr\/friday-snacks\/\" \/>\n<meta property=\"og:site_name\" content=\"Becom\" \/>\n<meta property=\"article:publisher\" content=\"https:\/\/www.facebook.com\/Becomdigitalfederation\/\" \/>\n<meta property=\"article:modified_time\" content=\"2025-07-02T07:08:20+00:00\" \/>\n<meta name=\"twitter:card\" content=\"summary_large_image\" \/>\n<meta name=\"twitter:site\" content=\"@becomdigital\" \/>\n<meta name=\"twitter:label1\" content=\"Est. reading time\" \/>\n\t<meta name=\"twitter:data1\" content=\"2 minutes\" \/>\n<script type=\"application\/ld+json\" class=\"yoast-schema-graph\">{\"@context\":\"https:\/\/schema.org\",\"@graph\":[{\"@type\":\"WebPage\",\"@id\":\"https:\/\/becom.digital\/fr\/friday-snacks\/\",\"url\":\"https:\/\/becom.digital\/fr\/friday-snacks\/\",\"name\":\"Friday Snacks - Becom\",\"isPartOf\":{\"@id\":\"https:\/\/becom.digital\/fr\/#website\"},\"datePublished\":\"2025-04-11T14:44:36+00:00\",\"dateModified\":\"2025-07-02T07:08:20+00:00\",\"description\":\"De courts webinaires : en 30 min seulement, un expert traite d'un sujet sp\u00e9cifique du e-commerce. Pas de th\u00e9ories complexes, mais des conseils pratiques et concrets que vous pouvez appliquer imm\u00e9diatement. D\u00e9couvrez la prochaine session.\",\"breadcrumb\":{\"@id\":\"https:\/\/becom.digital\/fr\/friday-snacks\/#breadcrumb\"},\"inLanguage\":\"fr-FR\",\"potentialAction\":[{\"@type\":\"ReadAction\",\"target\":[\"https:\/\/becom.digital\/fr\/friday-snacks\/\"]}]},{\"@type\":\"BreadcrumbList\",\"@id\":\"https:\/\/becom.digital\/fr\/friday-snacks\/#breadcrumb\",\"itemListElement\":[{\"@type\":\"ListItem\",\"position\":1,\"name\":\"Home\",\"item\":\"https:\/\/becom.digital\/fr\/\"},{\"@type\":\"ListItem\",\"position\":2,\"name\":\"Friday Snacks\"}]},{\"@type\":\"WebSite\",\"@id\":\"https:\/\/becom.digital\/fr\/#website\",\"url\":\"https:\/\/becom.digital\/fr\/\",\"name\":\"Becom\",\"description\":\"Your digital wings\",\"publisher\":{\"@id\":\"https:\/\/becom.digital\/fr\/#organization\"},\"potentialAction\":[{\"@type\":\"SearchAction\",\"target\":{\"@type\":\"EntryPoint\",\"urlTemplate\":\"https:\/\/becom.digital\/fr\/?s={search_term_string}\"},\"query-input\":{\"@type\":\"PropertyValueSpecification\",\"valueRequired\":true,\"valueName\":\"search_term_string\"}}],\"inLanguage\":\"fr-FR\"},{\"@type\":\"Organization\",\"@id\":\"https:\/\/becom.digital\/fr\/#organization\",\"name\":\"Becom\",\"url\":\"https:\/\/becom.digital\/fr\/\",\"logo\":{\"@type\":\"ImageObject\",\"inLanguage\":\"fr-FR\",\"@id\":\"https:\/\/becom.digital\/fr\/#\/schema\/logo\/image\/\",\"url\":\"https:\/\/becom.digital\/app\/uploads\/2023\/10\/Becom_logo_POS_basic-3-e1697538309895.png\",\"contentUrl\":\"https:\/\/becom.digital\/app\/uploads\/2023\/10\/Becom_logo_POS_basic-3-e1697538309895.png\",\"width\":200,\"height\":72,\"caption\":\"Becom\"},\"image\":{\"@id\":\"https:\/\/becom.digital\/fr\/#\/schema\/logo\/image\/\"},\"sameAs\":[\"https:\/\/www.facebook.com\/Becomdigitalfederation\/\",\"https:\/\/x.com\/becomdigital\",\"https:\/\/www.linkedin.com\/company\/becomfederation\/\",\"https:\/\/www.instagram.com\/becomfederation\/\",\"https:\/\/www.youtube.com\/@becom-federation\",\"https:\/\/open.spotify.com\/show\/0oBItlT3FIpj6AxEqllkta\"]}]}<\/script>\n<!-- \/ Yoast SEO plugin. -->","yoast_head_json":{"title":"Friday Snacks - Becom","description":"De courts webinaires : en 30 min seulement, un expert traite d'un sujet sp\u00e9cifique du e-commerce. Pas de th\u00e9ories complexes, mais des conseils pratiques et concrets que vous pouvez appliquer imm\u00e9diatement. D\u00e9couvrez la prochaine session.","robots":{"index":"index","follow":"follow","max-snippet":"max-snippet:-1","max-image-preview":"max-image-preview:large","max-video-preview":"max-video-preview:-1"},"canonical":"https:\/\/becom.digital\/fr\/friday-snacks\/","og_locale":"fr_FR","og_type":"article","og_title":"Friday Snacks - Becom","og_description":"De courts webinaires : en 30 min seulement, un expert traite d'un sujet sp\u00e9cifique du e-commerce. Pas de th\u00e9ories complexes, mais des conseils pratiques et concrets que vous pouvez appliquer imm\u00e9diatement. D\u00e9couvrez la prochaine session.","og_url":"https:\/\/becom.digital\/fr\/friday-snacks\/","og_site_name":"Becom","article_publisher":"https:\/\/www.facebook.com\/Becomdigitalfederation\/","article_modified_time":"2025-07-02T07:08:20+00:00","twitter_card":"summary_large_image","twitter_site":"@becomdigital","twitter_misc":{"Est. reading time":"2 minutes"},"schema":{"@context":"https:\/\/schema.org","@graph":[{"@type":"WebPage","@id":"https:\/\/becom.digital\/fr\/friday-snacks\/","url":"https:\/\/becom.digital\/fr\/friday-snacks\/","name":"Friday Snacks - Becom","isPartOf":{"@id":"https:\/\/becom.digital\/fr\/#website"},"datePublished":"2025-04-11T14:44:36+00:00","dateModified":"2025-07-02T07:08:20+00:00","description":"De courts webinaires : en 30 min seulement, un expert traite d'un sujet sp\u00e9cifique du e-commerce. Pas de th\u00e9ories complexes, mais des conseils pratiques et concrets que vous pouvez appliquer imm\u00e9diatement. D\u00e9couvrez la prochaine session.","breadcrumb":{"@id":"https:\/\/becom.digital\/fr\/friday-snacks\/#breadcrumb"},"inLanguage":"fr-FR","potentialAction":[{"@type":"ReadAction","target":["https:\/\/becom.digital\/fr\/friday-snacks\/"]}]},{"@type":"BreadcrumbList","@id":"https:\/\/becom.digital\/fr\/friday-snacks\/#breadcrumb","itemListElement":[{"@type":"ListItem","position":1,"name":"Home","item":"https:\/\/becom.digital\/fr\/"},{"@type":"ListItem","position":2,"name":"Friday Snacks"}]},{"@type":"WebSite","@id":"https:\/\/becom.digital\/fr\/#website","url":"https:\/\/becom.digital\/fr\/","name":"Becom","description":"Your digital wings","publisher":{"@id":"https:\/\/becom.digital\/fr\/#organization"},"potentialAction":[{"@type":"SearchAction","target":{"@type":"EntryPoint","urlTemplate":"https:\/\/becom.digital\/fr\/?s={search_term_string}"},"query-input":{"@type":"PropertyValueSpecification","valueRequired":true,"valueName":"search_term_string"}}],"inLanguage":"fr-FR"},{"@type":"Organization","@id":"https:\/\/becom.digital\/fr\/#organization","name":"Becom","url":"https:\/\/becom.digital\/fr\/","logo":{"@type":"ImageObject","inLanguage":"fr-FR","@id":"https:\/\/becom.digital\/fr\/#\/schema\/logo\/image\/","url":"https:\/\/becom.digital\/app\/uploads\/2023\/10\/Becom_logo_POS_basic-3-e1697538309895.png","contentUrl":"https:\/\/becom.digital\/app\/uploads\/2023\/10\/Becom_logo_POS_basic-3-e1697538309895.png","width":200,"height":72,"caption":"Becom"},"image":{"@id":"https:\/\/becom.digital\/fr\/#\/schema\/logo\/image\/"},"sameAs":["https:\/\/www.facebook.com\/Becomdigitalfederation\/","https:\/\/x.com\/becomdigital","https:\/\/www.linkedin.com\/company\/becomfederation\/","https:\/\/www.instagram.com\/becomfederation\/","https:\/\/www.youtube.com\/@becom-federation","https:\/\/open.spotify.com\/show\/0oBItlT3FIpj6AxEqllkta"]}]}},"_links":{"self":[{"href":"https:\/\/becom.digital\/fr\/wp-json\/wp\/v2\/pages\/60611","targetHints":{"allow":["GET"]}}],"collection":[{"href":"https:\/\/becom.digital\/fr\/wp-json\/wp\/v2\/pages"}],"about":[{"href":"https:\/\/becom.digital\/fr\/wp-json\/wp\/v2\/types\/page"}],"author":[{"embeddable":true,"href":"https:\/\/becom.digital\/fr\/wp-json\/wp\/v2\/users\/17"}],"replies":[{"embeddable":true,"href":"https:\/\/becom.digital\/fr\/wp-json\/wp\/v2\/comments?post=60611"}],"version-history":[{"count":12,"href":"https:\/\/becom.digital\/fr\/wp-json\/wp\/v2\/pages\/60611\/revisions"}],"predecessor-version":[{"id":62594,"href":"https:\/\/becom.digital\/fr\/wp-json\/wp\/v2\/pages\/60611\/revisions\/62594"}],"wp:attachment":[{"href":"https:\/\/becom.digital\/fr\/wp-json\/wp\/v2\/media?parent=60611"}],"wp:term":[{"taxonomy":"test-katrien1","embeddable":true,"href":"https:\/\/becom.digital\/fr\/wp-json\/wp\/v2\/test-katrien1?post=60611"}],"curies":[{"name":"wp","href":"https:\/\/api.w.org\/{rel}","templated":true}]}}