{"id":60607,"date":"2025-04-11T16:29:29","date_gmt":"2025-04-11T14:29:29","guid":{"rendered":"https:\/\/becom.digital\/?page_id=60607"},"modified":"2025-07-03T09:05:01","modified_gmt":"2025-07-03T07:05:01","slug":"bootcamps","status":"publish","type":"page","link":"https:\/\/becom.digital\/fr\/bootcamps\/","title":{"rendered":"Bootcamps"},"content":{"rendered":"<div class=\"wpb-content-wrapper\"><p>[vc_row type=&#8221;full_width_section&#8221;][vc_column width=&#8221;1\/1&#8243;]<div class=\"single_image wpb_content_element align-left    \" data-animation=\"none\" data-delay=\"0\"><img loading=\"lazy\" decoding=\"async\" width=\"2560\" height=\"350\" src=\"https:\/\/becom.digital\/app\/uploads\/2025\/04\/Bootcamp.png\" class=\"attachment-full\" alt=\"\" title=\"Bootcamp\" srcset=\"https:\/\/becom.digital\/app\/uploads\/2025\/04\/Bootcamp.png 2560w, https:\/\/becom.digital\/app\/uploads\/2025\/04\/Bootcamp-300x41.png 300w, https:\/\/becom.digital\/app\/uploads\/2025\/04\/Bootcamp-1024x140.png 1024w, https:\/\/becom.digital\/app\/uploads\/2025\/04\/Bootcamp-768x105.png 768w, https:\/\/becom.digital\/app\/uploads\/2025\/04\/Bootcamp-1536x210.png 1536w, https:\/\/becom.digital\/app\/uploads\/2025\/04\/Bootcamp-2048x280.png 2048w\" sizes=\"auto, (max-width: 2560px) 100vw, 2560px\" \/><\/div>[\/vc_column][\/vc_row][vc_row][vc_column width=&#8221;1\/1&#8243;]<div class=\"spacer\" style=\"height: 10px;\"><\/div><div class=\"becom-title-banner\"><div class=\"content-wrapper \" style=\"background-color:#ffffff \"><\/p>\n<p data-start=\"53\" data-end=\"294\">Un <strong><span style=\"color: #5e32ca;\">bootcamp<\/span><\/strong> est un programme ou trajet dans lequel nous vous guidons \u00e0 travers un sujet sp\u00e9cifique au e-commerce. Des experts partagent leurs exp\u00e9riences, leurs connaissances, leurs \u00e9tudes de cas, leurs chiffres et leurs conseils et astuces pratiques \u00e0 travers des webinaires et\/ou des sessions de formation en pr\u00e9sentiel, des pr\u00e9sentations, des documents ou des outils afin que vous puissiez acqu\u00e9rir des <span style=\"color: #5e32ca;\"><strong>connaissances pr\u00e9cieuses<\/strong><\/span> et apprendre \u00e0 les\u00a0<span style=\"color: #5e32ca;\"><strong>mettre en pratique<\/strong><\/span> dans votre boutique en ligne ou votre entreprise.<\/p>\n<p><\/div><\/div><div class=\"spacer\" style=\"height: 10px;\"><\/div>[\/vc_column][\/vc_row][vc_row bg_color=&#8221;#F9F9F9&#8243;][vc_column width=&#8221;1\/1&#8243;][vc_row_inner][vc_column_inner width=&#8221;3\/4&#8243;]<div class=\"becom-title-banner\"><div class=\"content-wrapper \" style=\"background-color:#f9f9f9 \"><\/p>\n<h3><strong><span style=\"color: #5e32ca;\">BeCyberSafe<\/span><\/strong><\/h3>\n<p>Sur cette plateforme, vous trouverez tout ce dont vous avez besoin pour s\u00e9curiser vos activit\u00e9s en ligne et les prot\u00e9ger contre les cyberattaques. Tous les webinaires, outils, informations et documents sont gratuits.<\/div><\/div><div class=\"becom-title-banner\"><div class=\"content-wrapper \" style=\"background-color:#00000000 \"><\/p>\n<ul>\n<li class=\"\" data-start=\"160\" data-end=\"304\">\n<p class=\"\" data-start=\"43\" data-end=\"201\"><strong data-start=\"43\" data-end=\"68\"><span style=\"color: #5e32ca;\">Quick Scan gratuit:<\/span><\/strong> Pas s\u00fbr que votre site web soit correctement s\u00e9curis\u00e9 ? Ce Quick Scan vous donne un rapport clair et structur\u00e9 indiquant les faiblesses en mati\u00e8re de s\u00e9curit\u00e9 de vos activit\u00e9s en ligne.<\/p>\n<\/li>\n<li class=\"\" data-start=\"160\" data-end=\"304\">\n<p class=\"\" data-start=\"43\" data-end=\"201\"><span style=\"color: #5e32ca;\"><strong data-start=\"203\" data-end=\"219\">Webinaires:<\/strong><\/span> Vous apprenez comment prot\u00e9ger votre entreprise des dangers en ligne: nos experts vous donnent des informations et explications claires en language humain, en plus d&#8217;astuces et de conseils pratiques qui vous permettent de s\u00e9curiser votre activit\u00e9 en ligne simplement et \u00e0 cout terme.<\/p>\n<\/li>\n<li><span style=\"color: #5e32ca;\"><strong data-start=\"614\" data-end=\"635\">Conseil gratuit:<\/strong><\/span> Vous avez besoin d\u2019aide ou vous avez une question sp\u00e9cifique concernant la s\u00e9curit\u00e9 de votre site web ? R\u00e9servez votre sc\u00e9ance d&#8217;une heure gratuite avec un expert ind\u00e9pendant en cybers\u00e9curit\u00e9.<\/li>\n<li class=\"\" data-start=\"160\" data-end=\"304\">\n<p class=\"\" data-start=\"43\" data-end=\"201\"><span style=\"color: #5e32ca;\"><strong data-start=\"354\" data-end=\"369\">Documents:<\/strong><\/span> Des guides pratiques et check-lists pour renforcer la s\u00e9curit\u00e9 de votre entreprise.<\/p>\n<\/li>\n<li class=\"\" data-start=\"160\" data-end=\"304\">\n<p class=\"\" data-start=\"43\" data-end=\"201\"><span style=\"color: #5e32ca;\"><strong data-start=\"455\" data-end=\"469\">Podcasts:<\/strong><\/span> Des \u00e9pisodes informatifs sur des sujets tels que l\u2019analyse des risques, les syst\u00e8mes de scanning ou l\u2019int\u00e9gration de la cybers\u00e9curit\u00e9 dans votre strat\u00e9gie d\u2019entreprise.<\/p>\n<\/li>\n<\/ul>\n<p><\/div><\/div><a href=\"https:\/\/www.becybersafe.be\/fr\/\" target=\"_blank\" class=\"button custom medium \" style=\"background-color: #5E32CA; border-color: #5E32CA;border-radius: 2px;\">En savoir plus sur BeCyberSafe<\/a><div class=\"spacer\" style=\"height: 20px;\"><\/div>[\/vc_column_inner][vc_column_inner width=&#8221;1\/4&#8243;]<div class=\"spacer\" style=\"height: 140px;\"><\/div><div class=\"single_image wpb_content_element align-left    \" data-animation=\"none\" data-delay=\"0\"><img loading=\"lazy\" decoding=\"async\" width=\"1707\" height=\"1707\" src=\"https:\/\/becom.digital\/app\/uploads\/2025\/04\/Becom-Summit-Linkedin-Socials.png\" class=\"attachment-full\" alt=\"\" title=\"Becom Summit Linkedin Socials\" srcset=\"https:\/\/becom.digital\/app\/uploads\/2025\/04\/Becom-Summit-Linkedin-Socials.png 1707w, https:\/\/becom.digital\/app\/uploads\/2025\/04\/Becom-Summit-Linkedin-Socials-300x300.png 300w, https:\/\/becom.digital\/app\/uploads\/2025\/04\/Becom-Summit-Linkedin-Socials-1024x1024.png 1024w, https:\/\/becom.digital\/app\/uploads\/2025\/04\/Becom-Summit-Linkedin-Socials-150x150.png 150w, https:\/\/becom.digital\/app\/uploads\/2025\/04\/Becom-Summit-Linkedin-Socials-768x768.png 768w, https:\/\/becom.digital\/app\/uploads\/2025\/04\/Becom-Summit-Linkedin-Socials-1536x1536.png 1536w, https:\/\/becom.digital\/app\/uploads\/2025\/04\/Becom-Summit-Linkedin-Socials-80x80.png 80w, https:\/\/becom.digital\/app\/uploads\/2025\/04\/Becom-Summit-Linkedin-Socials-500x500.png 500w, https:\/\/becom.digital\/app\/uploads\/2025\/04\/Becom-Summit-Linkedin-Socials-1000x1000.png 1000w, https:\/\/becom.digital\/app\/uploads\/2025\/04\/Becom-Summit-Linkedin-Socials-400x400.png 400w, https:\/\/becom.digital\/app\/uploads\/2025\/04\/Becom-Summit-Linkedin-Socials-600x600.png 600w\" sizes=\"auto, (max-width: 1707px) 100vw, 1707px\" \/><\/div>[\/vc_column_inner][\/vc_row_inner][\/vc_column][\/vc_row][vc_row bg_color=&#8221;#FFFFFF&#8221;][vc_column width=&#8221;1\/1&#8243;][vc_row_inner][vc_column_inner width=&#8221;3\/4&#8243;]<div class=\"becom-title-banner\"><div class=\"content-wrapper \" style=\"background-color:#FFFFFF \"><\/p>\n<h3><strong><span style=\"color: #5e32ca;\">Cross Border<\/span><\/strong><\/h3>\n<p>Depuis le 1er juillet 2021, les r\u00e8gles de TVA dans le paysage du e-commerce ont \u00e9t\u00e9 profond\u00e9ment r\u00e9form\u00e9es. Bien qu\u2019un cadre formel avec une r\u00e9glementation concr\u00e8te soit d\u00e9sormais en place, ces r\u00e8gles restent complexes et ne sont pas toujours \u00e9videntes \u00e0 appliquer.<\/div><\/div><div class=\"becom-title-banner\"><div class=\"content-wrapper \" style=\"background-color:#00000000 \"><\/p>\n<ul>\n<li data-start=\"69\" data-end=\"353\"><strong data-start=\"69\" data-end=\"91\"><span style=\"color: #5e32ca;\">Places de march\u00e9<\/span> :<\/strong> d\u00e9couvrez comment utiliser intelligemment les marketplaces pour lancer ou acc\u00e9l\u00e9rer vos ventes en dehors de la Belgique. Vous obtenez un aper\u00e7u des plateformes europ\u00e9ennes les plus populaires et des conseils pour faire le bon choix pour votre boutique en ligne.<\/li>\n<li data-start=\"355\" data-end=\"607\"><span style=\"color: #5e32ca;\"><strong data-start=\"355\" data-end=\"382\">L\u00e9gislation &amp; Accises :<\/strong><\/span> apprenez \u00e0 g\u00e9rer efficacement les r\u00e8gles en mati\u00e8re d\u2019accises lors de ventes transfrontali\u00e8res. De l\u2019harmonisation europ\u00e9enne aux exceptions nationales : d\u00e9couvrez comment rester en conformit\u00e9, de mani\u00e8re claire et efficace.<\/li>\n<li data-start=\"609\" data-end=\"808\"><span style=\"color: #5e32ca;\"><strong data-start=\"609\" data-end=\"634\">Strat\u00e9gie marketing :<\/strong><\/span> adaptez votre marketing mix aux march\u00e9s \u00e9trangers. Des pr\u00e9f\u00e9rences locales au comportement des consommateurs : apprenez \u00e0 ajuster votre approche pour maximiser votre impact.<\/li>\n<li data-start=\"810\" data-end=\"1025\"><span style=\"color: #5e32ca;\"><strong data-start=\"810\" data-end=\"831\">Canaux digitaux :<\/strong><\/span> recevez des conseils pratiques sur le SEO, la publicit\u00e9 en ligne, l\u2019email marketing et l\u2019optimisation de la conversion pour l\u2019export. Id\u00e9al pour booster votre visibilit\u00e9 au-del\u00e0 des fronti\u00e8res.<\/li>\n<li data-start=\"1027\" data-end=\"1235\"><span style=\"color: #5e32ca;\"><strong data-start=\"1027\" data-end=\"1068\">Ventes au Royaume-Uni (post-Brexit) :<\/strong><\/span> d\u00e9couvrez les sp\u00e9cificit\u00e9s li\u00e9es \u00e0 la vente vers le Royaume-Uni. Les formalit\u00e9s douani\u00e8res, les accises et les politiques de retour sont expliqu\u00e9es de mani\u00e8re claire.<\/li>\n<li data-start=\"1237\" data-end=\"1450\"><span style=\"color: #5e32ca;\"><strong data-start=\"1237\" data-end=\"1273\">Logistique vers le Royaume-Uni :<\/strong><\/span> apprenez \u00e0 exp\u00e9dier et retourner vos colis efficacement vers\/depuis le Royaume-Uni. Y compris des insights sur les attentes du consommateur britannique en mati\u00e8re de livraison.<\/li>\n<li data-start=\"1452\" data-end=\"1608\"><span style=\"color: #5e32ca;\"><strong data-start=\"1452\" data-end=\"1476\">Outils &amp; solutions :<\/strong><\/span> d\u00e9couvrez des solutions pratiques et des int\u00e9grations pour g\u00e9rer plusieurs marketplaces en m\u00eame temps et automatiser vos processus.<\/li>\n<li data-start=\"1610\" data-end=\"1746\"><span style=\"color: #5e32ca;\"><strong data-start=\"1610\" data-end=\"1638\">Inspiration &amp; insights :<\/strong><\/span> profitez d\u2019exemples concrets, de benchmarks et d\u2019analyses pour faire \u00e9voluer votre strat\u00e9gie d\u2019exportation.<\/li>\n<\/ul>\n<p><\/div><\/div><a href=\"https:\/\/wiki.becom.digital\/nl\/?post_type=product&#038;s=Bootcamp\" target=\"_blank\" class=\"button custom medium \" style=\"background-color: #5E32CA; border-color: #5E32CA;border-radius: 2px;\">Consultez les webinaires dans notre centre de connaissances<\/a><div class=\"spacer\" style=\"height: 10px;\"><\/div>[\/vc_column_inner][vc_column_inner width=&#8221;1\/4&#8243;]<div class=\"spacer\" style=\"height: 180px;\"><\/div>[\/vc_column_inner][\/vc_row_inner][\/vc_column][\/vc_row][vc_row][vc_column width=&#8221;1\/1&#8243;]<div class=\"spacer\" style=\"height: 30px;\"><\/div>[\/vc_column][\/vc_row][vc_row bg_image=&#8221;49768&#8243; parallax_bg=&#8221;true&#8221; text_color=&#8221;light&#8221; top_padding=&#8221;20&#8243; bottom_padding=&#8221;20&#8243;][vc_column width=&#8221;1\/6&#8243;]<div class=\"single_image wpb_content_element align-left    \" data-animation=\"none\" data-delay=\"0\"><img loading=\"lazy\" decoding=\"async\" width=\"1365\" height=\"2048\" src=\"https:\/\/becom.digital\/app\/uploads\/2025\/07\/MP.png\" class=\"attachment-full\" alt=\"\" title=\"MP\" srcset=\"https:\/\/becom.digital\/app\/uploads\/2025\/07\/MP.png 1365w, https:\/\/becom.digital\/app\/uploads\/2025\/07\/MP-200x300.png 200w, https:\/\/becom.digital\/app\/uploads\/2025\/07\/MP-683x1024.png 683w, https:\/\/becom.digital\/app\/uploads\/2025\/07\/MP-768x1152.png 768w, https:\/\/becom.digital\/app\/uploads\/2025\/07\/MP-1024x1536.png 1024w, https:\/\/becom.digital\/app\/uploads\/2025\/07\/MP-400x600.png 400w, https:\/\/becom.digital\/app\/uploads\/2025\/07\/MP-800x1200.png 800w\" sizes=\"auto, (max-width: 1365px) 100vw, 1365px\" \/><\/div>[\/vc_column][vc_column width=&#8221;5\/6&#8243;]<div class=\"spacer\" style=\"height: 20px;\"><\/div>[vc_column_text]<\/p>\n<h3>Des questions sur les Bootcamps ?<br \/>\nContactez-nous.<\/h3>\n<p><strong>Marie-Pascale Vandekerckhove<br \/>\nMarcom &amp; Event Manager<\/strong><\/p>\n<p>marie-pascale@becom.digital<br \/>\n+32 477 63 67 56[\/vc_column_text][\/vc_column][\/vc_row]<\/p>\n<\/div>","protected":false},"excerpt":{"rendered":"<p>[vc_row type=&#8221;full_width_section&#8221;][vc_column width=&#8221;1\/1&#8243;][\/vc_column][\/vc_row][vc_row][vc_column width=&#8221;1\/1&#8243;][\/vc_column][\/vc_row][vc_row bg_color=&#8221;#F9F9F9&#8243;][vc_column width=&#8221;1\/1&#8243;][vc_row_inner][vc_column_inner width=&#8221;3\/4&#8243;][\/vc_column_inner][vc_column_inner width=&#8221;1\/4&#8243;][\/vc_column_inner][\/vc_row_inner][\/vc_column][\/vc_row][vc_row bg_color=&#8221;#FFFFFF&#8221;][vc_column width=&#8221;1\/1&#8243;][vc_row_inner][vc_column_inner width=&#8221;3\/4&#8243;][\/vc_column_inner][vc_column_inner width=&#8221;1\/4&#8243;][\/vc_column_inner][\/vc_row_inner][\/vc_column][\/vc_row][vc_row][vc_column width=&#8221;1\/1&#8243;][\/vc_column][\/vc_row][vc_row bg_image=&#8221;49768&#8243; parallax_bg=&#8221;true&#8221; text_color=&#8221;light&#8221; top_padding=&#8221;20&#8243; bottom_padding=&#8221;20&#8243;][vc_column width=&#8221;1\/6&#8243;][\/vc_column][vc_column width=&#8221;5\/6&#8243;][vc_column_text] Des questions sur les Bootcamps ? Contactez-nous. Marie-Pascale Vandekerckhove Marcom &amp; Event Manager marie-pascale@becom.digital +32 477 63 67 56[\/vc_column_text][\/vc_column][\/vc_row]<\/p>\n","protected":false},"author":17,"featured_media":0,"parent":0,"menu_order":0,"comment_status":"closed","ping_status":"closed","template":"","meta":{"_EventAllDay":false,"_EventTimezone":"","_EventStartDate":"","_EventEndDate":"","_EventStartDateUTC":"","_EventEndDateUTC":"","_EventShowMap":false,"_EventShowMapLink":false,"_EventURL":"","_EventCost":"","_EventCostDescription":"","_EventCurrencySymbol":"","_EventCurrencyCode":"","_EventCurrencyPosition":"","_EventDateTimeSeparator":"","_EventTimeRangeSeparator":"","_EventOrganizerID":[],"_EventVenueID":[],"_OrganizerEmail":"","_OrganizerPhone":"","_OrganizerWebsite":"","_VenueAddress":"","_VenueCity":"","_VenueCountry":"","_VenueProvince":"","_VenueState":"","_VenueZip":"","_VenuePhone":"","_VenueURL":"","_VenueStateProvince":"","_VenueLat":"","_VenueLng":"","_VenueShowMap":false,"_VenueShowMapLink":false,"footnotes":""},"test-katrien1":[],"class_list":["post-60607","page","type-page","status-publish","hentry"],"yoast_head":"<!-- This site is optimized with the Yoast SEO plugin v26.4 - https:\/\/yoast.com\/wordpress\/plugins\/seo\/ -->\n<title>Bootcamps - Becom<\/title>\n<meta name=\"robots\" content=\"index, follow, max-snippet:-1, max-image-preview:large, max-video-preview:-1\" \/>\n<link rel=\"canonical\" href=\"https:\/\/becom.digital\/fr\/bootcamps\/\" \/>\n<meta property=\"og:locale\" content=\"fr_FR\" \/>\n<meta property=\"og:type\" content=\"article\" \/>\n<meta property=\"og:title\" content=\"Bootcamps - Becom\" \/>\n<meta property=\"og:description\" content=\"[vc_row type=&#8221;full_width_section&#8221;][vc_column width=&#8221;1\/1&#8243;][\/vc_column][\/vc_row][vc_row][vc_column width=&#8221;1\/1&#8243;][\/vc_column][\/vc_row][vc_row bg_color=&#8221;#F9F9F9&#8243;][vc_column width=&#8221;1\/1&#8243;][vc_row_inner][vc_column_inner width=&#8221;3\/4&#8243;][\/vc_column_inner][vc_column_inner width=&#8221;1\/4&#8243;][\/vc_column_inner][\/vc_row_inner][\/vc_column][\/vc_row][vc_row bg_color=&#8221;#FFFFFF&#8221;][vc_column width=&#8221;1\/1&#8243;][vc_row_inner][vc_column_inner width=&#8221;3\/4&#8243;][\/vc_column_inner][vc_column_inner width=&#8221;1\/4&#8243;][\/vc_column_inner][\/vc_row_inner][\/vc_column][\/vc_row][vc_row][vc_column width=&#8221;1\/1&#8243;][\/vc_column][\/vc_row][vc_row bg_image=&#8221;49768&#8243; parallax_bg=&#8221;true&#8221; text_color=&#8221;light&#8221; top_padding=&#8221;20&#8243; bottom_padding=&#8221;20&#8243;][vc_column width=&#8221;1\/6&#8243;][\/vc_column][vc_column width=&#8221;5\/6&#8243;][vc_column_text] Des questions sur les Bootcamps ? Contactez-nous. Marie-Pascale Vandekerckhove Marcom &amp; Event Manager marie-pascale@becom.digital +32 477 63 67 56[\/vc_column_text][\/vc_column][\/vc_row]\" \/>\n<meta property=\"og:url\" content=\"https:\/\/becom.digital\/fr\/bootcamps\/\" \/>\n<meta property=\"og:site_name\" content=\"Becom\" \/>\n<meta property=\"article:publisher\" content=\"https:\/\/www.facebook.com\/Becomdigitalfederation\/\" \/>\n<meta property=\"article:modified_time\" content=\"2025-07-03T07:05:01+00:00\" \/>\n<meta name=\"twitter:card\" content=\"summary_large_image\" \/>\n<meta name=\"twitter:site\" content=\"@becomdigital\" \/>\n<meta name=\"twitter:label1\" content=\"Est. reading time\" \/>\n\t<meta name=\"twitter:data1\" content=\"4 minutes\" \/>\n<script type=\"application\/ld+json\" class=\"yoast-schema-graph\">{\"@context\":\"https:\/\/schema.org\",\"@graph\":[{\"@type\":\"WebPage\",\"@id\":\"https:\/\/becom.digital\/fr\/bootcamps\/\",\"url\":\"https:\/\/becom.digital\/fr\/bootcamps\/\",\"name\":\"Bootcamps - Becom\",\"isPartOf\":{\"@id\":\"https:\/\/becom.digital\/fr\/#website\"},\"datePublished\":\"2025-04-11T14:29:29+00:00\",\"dateModified\":\"2025-07-03T07:05:01+00:00\",\"breadcrumb\":{\"@id\":\"https:\/\/becom.digital\/fr\/bootcamps\/#breadcrumb\"},\"inLanguage\":\"fr-FR\",\"potentialAction\":[{\"@type\":\"ReadAction\",\"target\":[\"https:\/\/becom.digital\/fr\/bootcamps\/\"]}]},{\"@type\":\"BreadcrumbList\",\"@id\":\"https:\/\/becom.digital\/fr\/bootcamps\/#breadcrumb\",\"itemListElement\":[{\"@type\":\"ListItem\",\"position\":1,\"name\":\"Home\",\"item\":\"https:\/\/becom.digital\/fr\/\"},{\"@type\":\"ListItem\",\"position\":2,\"name\":\"Bootcamps\"}]},{\"@type\":\"WebSite\",\"@id\":\"https:\/\/becom.digital\/fr\/#website\",\"url\":\"https:\/\/becom.digital\/fr\/\",\"name\":\"Becom\",\"description\":\"Your digital wings\",\"publisher\":{\"@id\":\"https:\/\/becom.digital\/fr\/#organization\"},\"potentialAction\":[{\"@type\":\"SearchAction\",\"target\":{\"@type\":\"EntryPoint\",\"urlTemplate\":\"https:\/\/becom.digital\/fr\/?s={search_term_string}\"},\"query-input\":{\"@type\":\"PropertyValueSpecification\",\"valueRequired\":true,\"valueName\":\"search_term_string\"}}],\"inLanguage\":\"fr-FR\"},{\"@type\":\"Organization\",\"@id\":\"https:\/\/becom.digital\/fr\/#organization\",\"name\":\"Becom\",\"url\":\"https:\/\/becom.digital\/fr\/\",\"logo\":{\"@type\":\"ImageObject\",\"inLanguage\":\"fr-FR\",\"@id\":\"https:\/\/becom.digital\/fr\/#\/schema\/logo\/image\/\",\"url\":\"https:\/\/becom.digital\/app\/uploads\/2023\/10\/Becom_logo_POS_basic-3-e1697538309895.png\",\"contentUrl\":\"https:\/\/becom.digital\/app\/uploads\/2023\/10\/Becom_logo_POS_basic-3-e1697538309895.png\",\"width\":200,\"height\":72,\"caption\":\"Becom\"},\"image\":{\"@id\":\"https:\/\/becom.digital\/fr\/#\/schema\/logo\/image\/\"},\"sameAs\":[\"https:\/\/www.facebook.com\/Becomdigitalfederation\/\",\"https:\/\/x.com\/becomdigital\",\"https:\/\/www.linkedin.com\/company\/becomfederation\/\",\"https:\/\/www.instagram.com\/becomfederation\/\",\"https:\/\/www.youtube.com\/@becom-federation\",\"https:\/\/open.spotify.com\/show\/0oBItlT3FIpj6AxEqllkta\"]}]}<\/script>\n<!-- \/ Yoast SEO plugin. -->","yoast_head_json":{"title":"Bootcamps - Becom","robots":{"index":"index","follow":"follow","max-snippet":"max-snippet:-1","max-image-preview":"max-image-preview:large","max-video-preview":"max-video-preview:-1"},"canonical":"https:\/\/becom.digital\/fr\/bootcamps\/","og_locale":"fr_FR","og_type":"article","og_title":"Bootcamps - Becom","og_description":"[vc_row type=&#8221;full_width_section&#8221;][vc_column width=&#8221;1\/1&#8243;][\/vc_column][\/vc_row][vc_row][vc_column width=&#8221;1\/1&#8243;][\/vc_column][\/vc_row][vc_row bg_color=&#8221;#F9F9F9&#8243;][vc_column width=&#8221;1\/1&#8243;][vc_row_inner][vc_column_inner width=&#8221;3\/4&#8243;][\/vc_column_inner][vc_column_inner width=&#8221;1\/4&#8243;][\/vc_column_inner][\/vc_row_inner][\/vc_column][\/vc_row][vc_row bg_color=&#8221;#FFFFFF&#8221;][vc_column width=&#8221;1\/1&#8243;][vc_row_inner][vc_column_inner width=&#8221;3\/4&#8243;][\/vc_column_inner][vc_column_inner width=&#8221;1\/4&#8243;][\/vc_column_inner][\/vc_row_inner][\/vc_column][\/vc_row][vc_row][vc_column width=&#8221;1\/1&#8243;][\/vc_column][\/vc_row][vc_row bg_image=&#8221;49768&#8243; parallax_bg=&#8221;true&#8221; text_color=&#8221;light&#8221; top_padding=&#8221;20&#8243; bottom_padding=&#8221;20&#8243;][vc_column width=&#8221;1\/6&#8243;][\/vc_column][vc_column width=&#8221;5\/6&#8243;][vc_column_text] Des questions sur les Bootcamps ? Contactez-nous. Marie-Pascale Vandekerckhove Marcom &amp; Event Manager marie-pascale@becom.digital +32 477 63 67 56[\/vc_column_text][\/vc_column][\/vc_row]","og_url":"https:\/\/becom.digital\/fr\/bootcamps\/","og_site_name":"Becom","article_publisher":"https:\/\/www.facebook.com\/Becomdigitalfederation\/","article_modified_time":"2025-07-03T07:05:01+00:00","twitter_card":"summary_large_image","twitter_site":"@becomdigital","twitter_misc":{"Est. reading time":"4 minutes"},"schema":{"@context":"https:\/\/schema.org","@graph":[{"@type":"WebPage","@id":"https:\/\/becom.digital\/fr\/bootcamps\/","url":"https:\/\/becom.digital\/fr\/bootcamps\/","name":"Bootcamps - Becom","isPartOf":{"@id":"https:\/\/becom.digital\/fr\/#website"},"datePublished":"2025-04-11T14:29:29+00:00","dateModified":"2025-07-03T07:05:01+00:00","breadcrumb":{"@id":"https:\/\/becom.digital\/fr\/bootcamps\/#breadcrumb"},"inLanguage":"fr-FR","potentialAction":[{"@type":"ReadAction","target":["https:\/\/becom.digital\/fr\/bootcamps\/"]}]},{"@type":"BreadcrumbList","@id":"https:\/\/becom.digital\/fr\/bootcamps\/#breadcrumb","itemListElement":[{"@type":"ListItem","position":1,"name":"Home","item":"https:\/\/becom.digital\/fr\/"},{"@type":"ListItem","position":2,"name":"Bootcamps"}]},{"@type":"WebSite","@id":"https:\/\/becom.digital\/fr\/#website","url":"https:\/\/becom.digital\/fr\/","name":"Becom","description":"Your digital wings","publisher":{"@id":"https:\/\/becom.digital\/fr\/#organization"},"potentialAction":[{"@type":"SearchAction","target":{"@type":"EntryPoint","urlTemplate":"https:\/\/becom.digital\/fr\/?s={search_term_string}"},"query-input":{"@type":"PropertyValueSpecification","valueRequired":true,"valueName":"search_term_string"}}],"inLanguage":"fr-FR"},{"@type":"Organization","@id":"https:\/\/becom.digital\/fr\/#organization","name":"Becom","url":"https:\/\/becom.digital\/fr\/","logo":{"@type":"ImageObject","inLanguage":"fr-FR","@id":"https:\/\/becom.digital\/fr\/#\/schema\/logo\/image\/","url":"https:\/\/becom.digital\/app\/uploads\/2023\/10\/Becom_logo_POS_basic-3-e1697538309895.png","contentUrl":"https:\/\/becom.digital\/app\/uploads\/2023\/10\/Becom_logo_POS_basic-3-e1697538309895.png","width":200,"height":72,"caption":"Becom"},"image":{"@id":"https:\/\/becom.digital\/fr\/#\/schema\/logo\/image\/"},"sameAs":["https:\/\/www.facebook.com\/Becomdigitalfederation\/","https:\/\/x.com\/becomdigital","https:\/\/www.linkedin.com\/company\/becomfederation\/","https:\/\/www.instagram.com\/becomfederation\/","https:\/\/www.youtube.com\/@becom-federation","https:\/\/open.spotify.com\/show\/0oBItlT3FIpj6AxEqllkta"]}]}},"_links":{"self":[{"href":"https:\/\/becom.digital\/fr\/wp-json\/wp\/v2\/pages\/60607","targetHints":{"allow":["GET"]}}],"collection":[{"href":"https:\/\/becom.digital\/fr\/wp-json\/wp\/v2\/pages"}],"about":[{"href":"https:\/\/becom.digital\/fr\/wp-json\/wp\/v2\/types\/page"}],"author":[{"embeddable":true,"href":"https:\/\/becom.digital\/fr\/wp-json\/wp\/v2\/users\/17"}],"replies":[{"embeddable":true,"href":"https:\/\/becom.digital\/fr\/wp-json\/wp\/v2\/comments?post=60607"}],"version-history":[{"count":11,"href":"https:\/\/becom.digital\/fr\/wp-json\/wp\/v2\/pages\/60607\/revisions"}],"predecessor-version":[{"id":62732,"href":"https:\/\/becom.digital\/fr\/wp-json\/wp\/v2\/pages\/60607\/revisions\/62732"}],"wp:attachment":[{"href":"https:\/\/becom.digital\/fr\/wp-json\/wp\/v2\/media?parent=60607"}],"wp:term":[{"taxonomy":"test-katrien1","embeddable":true,"href":"https:\/\/becom.digital\/fr\/wp-json\/wp\/v2\/test-katrien1?post=60607"}],"curies":[{"name":"wp","href":"https:\/\/api.w.org\/{rel}","templated":true}]}}