{"id":60146,"date":"2025-03-28T17:12:16","date_gmt":"2025-03-28T16:12:16","guid":{"rendered":"https:\/\/becom.digital\/?page_id=60146"},"modified":"2026-01-23T10:20:39","modified_gmt":"2026-01-23T09:20:39","slug":"wiki-explained","status":"publish","type":"page","link":"https:\/\/becom.digital\/fr\/wiki-explained\/","title":{"rendered":"Wiki Explained"},"content":{"rendered":"<div class=\"wpb-content-wrapper\"><p>[vc_row type=&#8221;full_width_section&#8221;][vc_column width=&#8221;1\/1&#8243;]<div class=\"single_image wpb_content_element align-left    \" data-animation=\"none\" data-delay=\"0\"><img loading=\"lazy\" decoding=\"async\" width=\"2560\" height=\"350\" src=\"https:\/\/becom.digital\/app\/uploads\/2025\/03\/Wiki.png\" class=\"attachment-full\" alt=\"\" title=\"Wiki\" srcset=\"https:\/\/becom.digital\/app\/uploads\/2025\/03\/Wiki.png 2560w, https:\/\/becom.digital\/app\/uploads\/2025\/03\/Wiki-300x41.png 300w, https:\/\/becom.digital\/app\/uploads\/2025\/03\/Wiki-1024x140.png 1024w, https:\/\/becom.digital\/app\/uploads\/2025\/03\/Wiki-768x105.png 768w, https:\/\/becom.digital\/app\/uploads\/2025\/03\/Wiki-1536x210.png 1536w, https:\/\/becom.digital\/app\/uploads\/2025\/03\/Wiki-2048x280.png 2048w\" sizes=\"auto, (max-width: 2560px) 100vw, 2560px\" \/><\/div>[\/vc_column][\/vc_row][vc_row][vc_column width=&#8221;1\/1&#8243;]<div class=\"spacer\" style=\"height: 40px;\"><\/div>[\/vc_column][\/vc_row][vc_row][vc_column width=&#8221;1\/2&#8243;]<h1 class=\"headline font-special fontsize-xl fontweight-700 lh-inherit align-left transform-inherit \" style=\"margin: 0 0 20px 0; color: #5e32ca;\">Vis comme si tu devais mourir demain.<br \/>\nApprends comme si tu devais vivre pour toujours.<br \/>\n~Gandhi<\/h1><div class=\"becom-title-banner\"><div class=\"content-wrapper \" style=\"background-color:#ffffff \"><\/p>\n<p class=\"\" data-start=\"41\" data-end=\"285\">Le Becom Wiki est <span style=\"color: #5e32ca;\"><strong>la plateforme de r\u00e9f\u00e9rence pour le savoir dans le secteur belge du e-commerce<\/strong><\/span>. Vous y trouverez des donn\u00e9es de march\u00e9, des directives juridiques, des conseils strat\u00e9giques ainsi que toutes les replays de nos Friday Snacks.<\/p>\n<p class=\"\" data-start=\"287\" data-end=\"621\">En tant que membre de Becom, vous restez inform\u00e9 des derniers chiffres et avez acc\u00e8s \u00e0 <strong><span style=\"color: #5e32ca;\">des analyses approfondies, des<\/span> <span style=\"color: #5e32ca;\">rapports d\u00e9taill\u00e9s et des bonnes pratiques<\/span><\/strong>. Le Wiki propose du contenu \u00e0 la fois gratuit et exclusif aux membres de Becom et est continuellement enrichi de nouvelles tendances, d\u2019analyses et d\u2019informations chiffr\u00e9es.<\/p>\n<div class=\"button-wrapper\" style=\"margin-top: 20px; display: inline-block; width: 100%;\"><a href=\"http:\/\/wiki.becom.digital\" class=\"button button-appear color-3 medium \" title=\"Allez au Wiki\" target=\"\">Allez au Wiki<\/a><\/div><\/div><\/div>[\/vc_column][vc_column width=&#8221;1\/2&#8243;]<div class=\"spacer\" style=\"height: 120px;\"><\/div><div class=\"iconbox  iconbox-style-10 icon-color-accent color-dark clearfix\"><i class=\"fa  boxicon\" style=\"\"><\/i><h3>\u00c0 quoi ai-je acc\u00e8s?<\/h3><p>\n<ul>\n<li><strong><span style=\"color: #5e32ca;\">Captain Members et Engaged Partners:<br \/>\n<\/span><\/strong>En tant que Captain Member ou Engaged Partner, vous b\u00e9n\u00e9ficiez d\u2019un acc\u00e8s illimit\u00e9 \u00e0 l\u2019int\u00e9gralit\u00e9 du Becom Wiki, y compris toutes les analyses approfondies et insights d\u00e9taill\u00e9s.<\/li>\n<li data-start=\"280\" data-end=\"324\"><span style=\"color: #5e32ca;\"><strong>Trustmark Members et Business Partners:<br \/>\n<\/strong><\/span>En tant que Trustmark Member ou Business Partner, vous acc\u00e9dez \u00e0 une version all\u00e9g\u00e9e du Becom Wiki. Vous y trouverez les informations essentielles, mais sans les d\u00e9tails approfondis ni les analyses compl\u00e8tes.<\/li>\n<li data-start=\"280\" data-end=\"324\"><span style=\"color: #5e32ca;\"><strong>Non-membres:<br \/>\n<\/strong><\/span>En tant que non-membre, vous avez acc\u00e8s aux documents gratuits disponibles sur le Becom Wiki.<\/li>\n<\/ul>\n<\/p><\/div>[\/vc_column][\/vc_row][vc_row][vc_column width=&#8221;1\/1&#8243;]<div class=\"spacer\" style=\"height: 40px;\"><\/div>[\/vc_column][\/vc_row][vc_row bg_color=&#8221;#F6F6F6&#8243;][vc_column width=&#8221;1\/1&#8243;]<div class=\"spacer\" style=\"height: 10px;\"><\/div><h1 class=\"headline font-special fontsize-xl fontweight-700 lh-inherit align-left transform-inherit \" style=\"margin: 0 0 20px 0; color: #5e32ca;\">Que trouverez-vous sur le Becom Wiki <\/h1>[vc_row_inner][vc_column_inner width=&#8221;1\/2&#8243;]<div class=\"becom-title-banner\"><div class=\"content-wrapper \" style=\"background-color: \"><\/p>\n<ul>\n<li><strong data-start=\"47\" data-end=\"70\">\u00c9tudes &amp; Recherches<\/strong>\n<ul>\n<li>Lisez-en plus sur nos recherches<\/li>\n<\/ul>\n<\/li>\n<li class=\"\" data-start=\"109\" data-end=\"186\">\n<p class=\"\" data-start=\"111\" data-end=\"186\"><strong data-start=\"111\" data-end=\"128\">Livres blancs<\/strong> (of gewoon <strong data-start=\"140\" data-end=\"155\">Whitepapers<\/strong> als je het modern wilt houden)<\/p>\n<\/li>\n<li class=\"\" data-start=\"188\" data-end=\"486\">\n<p class=\"\" data-start=\"190\" data-end=\"269\"><strong data-start=\"190\" data-end=\"214\">Points de discussion<\/strong> (letterlijk)<\/p>\n<\/li>\n<\/ul>\n<p><\/div><\/div>[\/vc_column_inner][vc_column_inner width=&#8221;1\/2&#8243;]<div class=\"becom-title-banner\"><div class=\"content-wrapper \" style=\"background-color: \"><\/p>\n<ul>\n<li class=\"\" data-start=\"34\" data-end=\"63\">\n<p class=\"\" data-start=\"36\" data-end=\"63\"><strong>Replays des Friday Snacks<\/strong><\/p>\n<\/li>\n<li class=\"\" data-start=\"64\" data-end=\"81\">\n<p class=\"\" data-start=\"66\" data-end=\"81\"><strong>Pr\u00e9sentations<\/strong><\/p>\n<\/li>\n<li class=\"\" data-start=\"82\" data-end=\"95\">\n<p class=\"\" data-start=\"84\" data-end=\"95\"><strong>Bootcamps<\/strong><\/p>\n<\/li>\n<li class=\"\" data-start=\"96\" data-end=\"105\">\n<p class=\"\" data-start=\"98\" data-end=\"105\"><strong>Blogs<\/strong><\/p>\n<\/li>\n<\/ul>\n<p><\/div><\/div>[\/vc_column_inner][\/vc_row_inner][\/vc_column][\/vc_row][vc_row][vc_column width=&#8221;1\/1&#8243;]<div class=\"spacer\" style=\"height: 20px;\"><\/div>[\/vc_column][\/vc_row][vc_row][vc_column width=&#8221;1\/2&#8243;]<div class=\"becom-title-banner\"><div class=\"content-wrapper \" style=\"background-color:#f9f9f9 \"><\/p>\n<h2><span style=\"color: #5e32ca;\"><strong>Le centre de connaissances pour le e-commerce<\/strong><\/span><\/h2>\n<p>Vous souhaitez en savoir plus sur le monde du <span style=\"color: #5e32ca;\"><strong>e-commerce belge<\/strong><\/span> et rester toujours inform\u00e9 des derni\u00e8res tendances, donn\u00e9es de march\u00e9 et insights ?<br data-start=\"146\" data-end=\"149\" \/>Devenez membre de Becom et acc\u00e9dez \u00e0 un savoir exclusif, \u00e0 des opportunit\u00e9s de networking pr\u00e9cieuses et \u00e0 des outils pratiques pour faire passer votre e-business au niveau sup\u00e9rieur !<div class=\"button-wrapper\" style=\"margin-top: 20px; display: inline-block; width: 100%;\"><a href=\"https:\/\/becom.digital\/fr\/adhesion\/\" class=\"button button-appear color-3 medium \" title=\"Devenez membre maintenant\" target=\"\">Devenez membre maintenant<\/a><\/div><\/div><\/div>[\/vc_column][vc_column width=&#8221;1\/2&#8243;]<div class=\"becom-title-banner\"><div class=\"content-wrapper \" style=\"background-color:#f9f9f9 \"><\/p>\n<h2><span style=\"color: #5e32ca;\"><strong>S&#8217;inscrire sur le Wiki<\/strong><\/span><\/h2>\n<p>\u00cates-vous d\u00e9j\u00e0 membre de Becom ? Alors, nous vous accompagnons sous notre aile et vous donnez acc\u00e8s \u00e0 une mine d\u2019informations pr\u00e9cieuses, de donn\u00e9es de march\u00e9 et de guides pratiques pour vous aider \u00e0 c<span style=\"color: #5e32ca;\"><strong>ro\u00eetre dans le monde du e-commerce belge<\/strong><\/span>. Nous nous assurons ainsi que vous restez toujours \u00e0 jour. Tout ce dont vous avez besoin pour faire passer votre e-business au niveau sup\u00e9rieur se trouve ici ! Vous voulez savoir comment vous inscrire ? Suivez simplement ce guide \u00e9tape par \u00e9tape et acc\u00e9dez \u00e0 du contenu exclusif. Vous \u00eates d\u00e9j\u00e0 inscrit ? Allez directement au Wiki.<div class=\"button-wrapper\" style=\"margin-top: 20px; display: inline-block; width: 100%;\"><a href=\"http:\/\/wiki.becom.digital\" class=\"button button-appear color-3 medium \" title=\"Inscrivez-vous sur le Wiki\" target=\"\">Inscrivez-vous sur le Wiki<\/a><\/div><\/div><\/div>[\/vc_column][\/vc_row][vc_row][vc_column width=&#8221;1\/1&#8243;]<div class=\"spacer\" style=\"height: 40px;\"><\/div>[\/vc_column][\/vc_row][vc_row][vc_column width=&#8221;1\/1&#8243;]<div class=\"newdivider align-center\" style=\"border-bottom-style: solid; border-color: #00ea90; border-bottom-width: 1px; margin-top: 0; margin-bottom: 0; width: 100%; \"><\/div><div class=\"clear\"><\/div><div class=\"spacer\" style=\"height: 40px;\"><\/div><h1 class=\"headline font-inherit fontsize-xl fontweight-700 lh-inherit align-left transform-inherit \" style=\"margin: 0 0 20px 0; color: #5e32ca;\">Questions fr\u00e9quemment pos\u00e9es<\/h1>[vc_tta_accordion style=&#8221;modern&#8221; gap=&#8221;3&#8243; c_icon=&#8221;chevron&#8221; active_section=&#8221;0&#8243; collapsible_all=&#8221;true&#8221;][vc_tta_section title=&#8221;Mon num\u00e9ro de TVA n&#8217;est pas connu.&#8221; tab_id=&#8221;1741362806019-6341b0be-1c98&#8243;]<div class=\"becom-title-banner\"><div class=\"content-wrapper \" style=\"background-color:#f9f9f9 \">V\u00e9rifiez si votre num\u00e9ro de TVA est correctement \u00e9crit.<br \/>\nLe format doit \u00eatre : BE0123456789<\/div><\/div>[\/vc_tta_section][vc_tta_section title=&#8221;Puis-je \u00e9galement donner acc\u00e8s au wiki \u00e0 mon coll\u00e8gue ?&#8221; tab_id=&#8221;1741362806033-4b61d2e7-77f6&#8243;]<div class=\"becom-title-banner\"><div class=\"content-wrapper \" style=\"background-color:#f9f9f9 \">Tout le monde peut s&#8217;inscrire sur le Becom Wiki.<\/div><\/div>[\/vc_tta_section][vc_tta_section title=&#8221;J&#8217;ai du contenu int\u00e9ressant pour le Wiki&#8221; tab_id=&#8221;1741362806048-8f517fcc-3f2b&#8221;]<div class=\"becom-title-banner\"><div class=\"content-wrapper \" style=\"background-color:#f9f9f9 \">Nous serions heureux de l&#8217;examiner pour le partager avec nos membres !<br data-start=\"83\" data-end=\"86\" \/>Envoyez votre contenu \u00e0 <a href=\"mailto:kim@becom.digital\">kim@becom.digital<\/a><\/div><\/div>[\/vc_tta_section][\/vc_tta_accordion]<div class=\"spacer\" style=\"height: 20px;\"><\/div>[\/vc_column][\/vc_row][vc_row bg_image=&#8221;49768&#8243; parallax_bg=&#8221;true&#8221; text_color=&#8221;light&#8221; top_padding=&#8221;20&#8243; bottom_padding=&#8221;20&#8243;][vc_column width=&#8221;1\/6&#8243;]<div class=\"single_image wpb_content_element align-left    \" data-animation=\"none\" data-delay=\"0\"><img loading=\"lazy\" decoding=\"async\" width=\"120\" height=\"180\" src=\"https:\/\/becom.digital\/app\/uploads\/2025\/07\/Kim.png\" class=\"attachment-full\" alt=\"\" title=\"Kim\" \/><\/div>[\/vc_column][vc_column width=&#8221;5\/6&#8243;]<div class=\"spacer\" style=\"height: 20px;\"><\/div>[vc_column_text]<\/p>\n<h2>Vous avez des questions concernant le Becom Wiki ?<br \/>\nContactez-nous.<\/h2>\n<p><strong>Kim D&#8217;hondt<br \/>\nFinance &amp; Administration<\/strong><\/p>\n<p>kim@becom.digital<br \/>\n+32 498 19 94 79<strong><br \/>\n<\/strong>[\/vc_column_text][\/vc_column][\/vc_row]<\/p>\n<\/div>","protected":false},"excerpt":{"rendered":"<p>[vc_row type=&#8221;full_width_section&#8221;][vc_column width=&#8221;1\/1&#8243;][\/vc_column][\/vc_row][vc_row][vc_column width=&#8221;1\/1&#8243;][\/vc_column][\/vc_row][vc_row][vc_column width=&#8221;1\/2&#8243;][\/vc_column][vc_column width=&#8221;1\/2&#8243;][\/vc_column][\/vc_row][vc_row][vc_column width=&#8221;1\/1&#8243;][\/vc_column][\/vc_row][vc_row bg_color=&#8221;#F6F6F6&#8243;][vc_column width=&#8221;1\/1&#8243;][vc_row_inner][vc_column_inner width=&#8221;1\/2&#8243;][\/vc_column_inner][vc_column_inner width=&#8221;1\/2&#8243;][\/vc_column_inner][\/vc_row_inner][\/vc_column][\/vc_row][vc_row][vc_column width=&#8221;1\/1&#8243;][\/vc_column][\/vc_row][vc_row][vc_column width=&#8221;1\/2&#8243;][\/vc_column][vc_column width=&#8221;1\/2&#8243;][\/vc_column][\/vc_row][vc_row][vc_column width=&#8221;1\/1&#8243;][\/vc_column][\/vc_row][vc_row][vc_column width=&#8221;1\/1&#8243;][vc_tta_accordion style=&#8221;modern&#8221; gap=&#8221;3&#8243; c_icon=&#8221;chevron&#8221; active_section=&#8221;0&#8243; collapsible_all=&#8221;true&#8221;][vc_tta_section title=&#8221;Mon num\u00e9ro de TVA n&#8217;est pas connu.&#8221; tab_id=&#8221;1741362806019-6341b0be-1c98&#8243;][\/vc_tta_section][vc_tta_section title=&#8221;Puis-je \u00e9galement donner acc\u00e8s au wiki \u00e0 mon coll\u00e8gue ?&#8221; tab_id=&#8221;1741362806033-4b61d2e7-77f6&#8243;][\/vc_tta_section][vc_tta_section title=&#8221;J&#8217;ai du contenu int\u00e9ressant pour le Wiki&#8221; tab_id=&#8221;1741362806048-8f517fcc-3f2b&#8221;][\/vc_tta_section][\/vc_tta_accordion][\/vc_column][\/vc_row][vc_row bg_image=&#8221;49768&#8243; parallax_bg=&#8221;true&#8221; text_color=&#8221;light&#8221; top_padding=&#8221;20&#8243; bottom_padding=&#8221;20&#8243;][vc_column width=&#8221;1\/6&#8243;][\/vc_column][vc_column width=&#8221;5\/6&#8243;][vc_column_text] Vous avez des questions concernant le Becom Wiki ? Contactez-nous. Kim D&#8217;hondt Finance &amp; Administration kim@becom.digital +32 498 19 94 79 [\/vc_column_text][\/vc_column][\/vc_row]<\/p>\n","protected":false},"author":17,"featured_media":0,"parent":0,"menu_order":0,"comment_status":"closed","ping_status":"closed","template":"","meta":{"_EventAllDay":false,"_EventTimezone":"","_EventStartDate":"","_EventEndDate":"","_EventStartDateUTC":"","_EventEndDateUTC":"","_EventShowMap":false,"_EventShowMapLink":false,"_EventURL":"","_EventCost":"","_EventCostDescription":"","_EventCurrencySymbol":"","_EventCurrencyCode":"","_EventCurrencyPosition":"","_EventDateTimeSeparator":"","_EventTimeRangeSeparator":"","_EventOrganizerID":[],"_EventVenueID":[],"_OrganizerEmail":"","_OrganizerPhone":"","_OrganizerWebsite":"","_VenueAddress":"","_VenueCity":"","_VenueCountry":"","_VenueProvince":"","_VenueState":"","_VenueZip":"","_VenuePhone":"","_VenueURL":"","_VenueStateProvince":"","_VenueLat":"","_VenueLng":"","_VenueShowMap":false,"_VenueShowMapLink":false,"footnotes":""},"test-katrien1":[],"class_list":["post-60146","page","type-page","status-publish","hentry"],"yoast_head":"<!-- This site is optimized with the Yoast SEO plugin v26.4 - https:\/\/yoast.com\/wordpress\/plugins\/seo\/ -->\n<title>Wiki Explained - Becom<\/title>\n<meta name=\"robots\" content=\"index, follow, max-snippet:-1, max-image-preview:large, max-video-preview:-1\" \/>\n<link rel=\"canonical\" href=\"https:\/\/becom.digital\/fr\/wiki-explained\/\" \/>\n<meta property=\"og:locale\" content=\"fr_FR\" \/>\n<meta property=\"og:type\" content=\"article\" \/>\n<meta property=\"og:title\" content=\"Wiki Explained - Becom\" \/>\n<meta property=\"og:description\" content=\"[vc_row type=&#8221;full_width_section&#8221;][vc_column width=&#8221;1\/1&#8243;][\/vc_column][\/vc_row][vc_row][vc_column width=&#8221;1\/1&#8243;][\/vc_column][\/vc_row][vc_row][vc_column width=&#8221;1\/2&#8243;][\/vc_column][vc_column width=&#8221;1\/2&#8243;][\/vc_column][\/vc_row][vc_row][vc_column width=&#8221;1\/1&#8243;][\/vc_column][\/vc_row][vc_row bg_color=&#8221;#F6F6F6&#8243;][vc_column width=&#8221;1\/1&#8243;][vc_row_inner][vc_column_inner width=&#8221;1\/2&#8243;][\/vc_column_inner][vc_column_inner width=&#8221;1\/2&#8243;][\/vc_column_inner][\/vc_row_inner][\/vc_column][\/vc_row][vc_row][vc_column width=&#8221;1\/1&#8243;][\/vc_column][\/vc_row][vc_row][vc_column width=&#8221;1\/2&#8243;][\/vc_column][vc_column width=&#8221;1\/2&#8243;][\/vc_column][\/vc_row][vc_row][vc_column width=&#8221;1\/1&#8243;][\/vc_column][\/vc_row][vc_row][vc_column width=&#8221;1\/1&#8243;][vc_tta_accordion style=&#8221;modern&#8221; gap=&#8221;3&#8243; c_icon=&#8221;chevron&#8221; active_section=&#8221;0&#8243; collapsible_all=&#8221;true&#8221;][vc_tta_section title=&#8221;Mon num\u00e9ro de TVA n&#8217;est pas connu.&#8221; tab_id=&#8221;1741362806019-6341b0be-1c98&#8243;][\/vc_tta_section][vc_tta_section title=&#8221;Puis-je \u00e9galement donner acc\u00e8s au wiki \u00e0 mon coll\u00e8gue ?&#8221; tab_id=&#8221;1741362806033-4b61d2e7-77f6&#8243;][\/vc_tta_section][vc_tta_section title=&#8221;J&#8217;ai du contenu int\u00e9ressant pour le Wiki&#8221; tab_id=&#8221;1741362806048-8f517fcc-3f2b&#8221;][\/vc_tta_section][\/vc_tta_accordion][\/vc_column][\/vc_row][vc_row bg_image=&#8221;49768&#8243; parallax_bg=&#8221;true&#8221; text_color=&#8221;light&#8221; top_padding=&#8221;20&#8243; bottom_padding=&#8221;20&#8243;][vc_column width=&#8221;1\/6&#8243;][\/vc_column][vc_column width=&#8221;5\/6&#8243;][vc_column_text] Vous avez des questions concernant le Becom Wiki ? Contactez-nous. Kim D&#8217;hondt Finance &amp; Administration kim@becom.digital +32 498 19 94 79 [\/vc_column_text][\/vc_column][\/vc_row]\" \/>\n<meta property=\"og:url\" content=\"https:\/\/becom.digital\/fr\/wiki-explained\/\" \/>\n<meta property=\"og:site_name\" content=\"Becom\" \/>\n<meta property=\"article:publisher\" content=\"https:\/\/www.facebook.com\/Becomdigitalfederation\/\" \/>\n<meta property=\"article:modified_time\" content=\"2026-01-23T09:20:39+00:00\" \/>\n<meta name=\"twitter:card\" content=\"summary_large_image\" \/>\n<meta name=\"twitter:site\" content=\"@becomdigital\" \/>\n<meta name=\"twitter:label1\" content=\"Est. reading time\" \/>\n\t<meta name=\"twitter:data1\" content=\"4 minutes\" \/>\n<script type=\"application\/ld+json\" class=\"yoast-schema-graph\">{\"@context\":\"https:\/\/schema.org\",\"@graph\":[{\"@type\":\"WebPage\",\"@id\":\"https:\/\/becom.digital\/fr\/wiki-explained\/\",\"url\":\"https:\/\/becom.digital\/fr\/wiki-explained\/\",\"name\":\"Wiki Explained - Becom\",\"isPartOf\":{\"@id\":\"https:\/\/becom.digital\/fr\/#website\"},\"datePublished\":\"2025-03-28T16:12:16+00:00\",\"dateModified\":\"2026-01-23T09:20:39+00:00\",\"breadcrumb\":{\"@id\":\"https:\/\/becom.digital\/fr\/wiki-explained\/#breadcrumb\"},\"inLanguage\":\"fr-FR\",\"potentialAction\":[{\"@type\":\"ReadAction\",\"target\":[\"https:\/\/becom.digital\/fr\/wiki-explained\/\"]}]},{\"@type\":\"BreadcrumbList\",\"@id\":\"https:\/\/becom.digital\/fr\/wiki-explained\/#breadcrumb\",\"itemListElement\":[{\"@type\":\"ListItem\",\"position\":1,\"name\":\"Home\",\"item\":\"https:\/\/becom.digital\/fr\/\"},{\"@type\":\"ListItem\",\"position\":2,\"name\":\"Wiki Explained\"}]},{\"@type\":\"WebSite\",\"@id\":\"https:\/\/becom.digital\/fr\/#website\",\"url\":\"https:\/\/becom.digital\/fr\/\",\"name\":\"Becom\",\"description\":\"Your digital wings\",\"publisher\":{\"@id\":\"https:\/\/becom.digital\/fr\/#organization\"},\"potentialAction\":[{\"@type\":\"SearchAction\",\"target\":{\"@type\":\"EntryPoint\",\"urlTemplate\":\"https:\/\/becom.digital\/fr\/?s={search_term_string}\"},\"query-input\":{\"@type\":\"PropertyValueSpecification\",\"valueRequired\":true,\"valueName\":\"search_term_string\"}}],\"inLanguage\":\"fr-FR\"},{\"@type\":\"Organization\",\"@id\":\"https:\/\/becom.digital\/fr\/#organization\",\"name\":\"Becom\",\"url\":\"https:\/\/becom.digital\/fr\/\",\"logo\":{\"@type\":\"ImageObject\",\"inLanguage\":\"fr-FR\",\"@id\":\"https:\/\/becom.digital\/fr\/#\/schema\/logo\/image\/\",\"url\":\"https:\/\/becom.digital\/app\/uploads\/2023\/10\/Becom_logo_POS_basic-3-e1697538309895.png\",\"contentUrl\":\"https:\/\/becom.digital\/app\/uploads\/2023\/10\/Becom_logo_POS_basic-3-e1697538309895.png\",\"width\":200,\"height\":72,\"caption\":\"Becom\"},\"image\":{\"@id\":\"https:\/\/becom.digital\/fr\/#\/schema\/logo\/image\/\"},\"sameAs\":[\"https:\/\/www.facebook.com\/Becomdigitalfederation\/\",\"https:\/\/x.com\/becomdigital\",\"https:\/\/www.linkedin.com\/company\/becomfederation\/\",\"https:\/\/www.instagram.com\/becomfederation\/\",\"https:\/\/www.youtube.com\/@becom-federation\",\"https:\/\/open.spotify.com\/show\/0oBItlT3FIpj6AxEqllkta\"]}]}<\/script>\n<!-- \/ Yoast SEO plugin. -->","yoast_head_json":{"title":"Wiki Explained - Becom","robots":{"index":"index","follow":"follow","max-snippet":"max-snippet:-1","max-image-preview":"max-image-preview:large","max-video-preview":"max-video-preview:-1"},"canonical":"https:\/\/becom.digital\/fr\/wiki-explained\/","og_locale":"fr_FR","og_type":"article","og_title":"Wiki Explained - Becom","og_description":"[vc_row type=&#8221;full_width_section&#8221;][vc_column width=&#8221;1\/1&#8243;][\/vc_column][\/vc_row][vc_row][vc_column width=&#8221;1\/1&#8243;][\/vc_column][\/vc_row][vc_row][vc_column width=&#8221;1\/2&#8243;][\/vc_column][vc_column width=&#8221;1\/2&#8243;][\/vc_column][\/vc_row][vc_row][vc_column width=&#8221;1\/1&#8243;][\/vc_column][\/vc_row][vc_row bg_color=&#8221;#F6F6F6&#8243;][vc_column width=&#8221;1\/1&#8243;][vc_row_inner][vc_column_inner width=&#8221;1\/2&#8243;][\/vc_column_inner][vc_column_inner width=&#8221;1\/2&#8243;][\/vc_column_inner][\/vc_row_inner][\/vc_column][\/vc_row][vc_row][vc_column width=&#8221;1\/1&#8243;][\/vc_column][\/vc_row][vc_row][vc_column width=&#8221;1\/2&#8243;][\/vc_column][vc_column width=&#8221;1\/2&#8243;][\/vc_column][\/vc_row][vc_row][vc_column width=&#8221;1\/1&#8243;][\/vc_column][\/vc_row][vc_row][vc_column width=&#8221;1\/1&#8243;][vc_tta_accordion style=&#8221;modern&#8221; gap=&#8221;3&#8243; c_icon=&#8221;chevron&#8221; active_section=&#8221;0&#8243; collapsible_all=&#8221;true&#8221;][vc_tta_section title=&#8221;Mon num\u00e9ro de TVA n&#8217;est pas connu.&#8221; tab_id=&#8221;1741362806019-6341b0be-1c98&#8243;][\/vc_tta_section][vc_tta_section title=&#8221;Puis-je \u00e9galement donner acc\u00e8s au wiki \u00e0 mon coll\u00e8gue ?&#8221; tab_id=&#8221;1741362806033-4b61d2e7-77f6&#8243;][\/vc_tta_section][vc_tta_section title=&#8221;J&#8217;ai du contenu int\u00e9ressant pour le Wiki&#8221; tab_id=&#8221;1741362806048-8f517fcc-3f2b&#8221;][\/vc_tta_section][\/vc_tta_accordion][\/vc_column][\/vc_row][vc_row bg_image=&#8221;49768&#8243; parallax_bg=&#8221;true&#8221; text_color=&#8221;light&#8221; top_padding=&#8221;20&#8243; bottom_padding=&#8221;20&#8243;][vc_column width=&#8221;1\/6&#8243;][\/vc_column][vc_column width=&#8221;5\/6&#8243;][vc_column_text] Vous avez des questions concernant le Becom Wiki ? Contactez-nous. Kim D&#8217;hondt Finance &amp; Administration kim@becom.digital +32 498 19 94 79 [\/vc_column_text][\/vc_column][\/vc_row]","og_url":"https:\/\/becom.digital\/fr\/wiki-explained\/","og_site_name":"Becom","article_publisher":"https:\/\/www.facebook.com\/Becomdigitalfederation\/","article_modified_time":"2026-01-23T09:20:39+00:00","twitter_card":"summary_large_image","twitter_site":"@becomdigital","twitter_misc":{"Est. reading time":"4 minutes"},"schema":{"@context":"https:\/\/schema.org","@graph":[{"@type":"WebPage","@id":"https:\/\/becom.digital\/fr\/wiki-explained\/","url":"https:\/\/becom.digital\/fr\/wiki-explained\/","name":"Wiki Explained - Becom","isPartOf":{"@id":"https:\/\/becom.digital\/fr\/#website"},"datePublished":"2025-03-28T16:12:16+00:00","dateModified":"2026-01-23T09:20:39+00:00","breadcrumb":{"@id":"https:\/\/becom.digital\/fr\/wiki-explained\/#breadcrumb"},"inLanguage":"fr-FR","potentialAction":[{"@type":"ReadAction","target":["https:\/\/becom.digital\/fr\/wiki-explained\/"]}]},{"@type":"BreadcrumbList","@id":"https:\/\/becom.digital\/fr\/wiki-explained\/#breadcrumb","itemListElement":[{"@type":"ListItem","position":1,"name":"Home","item":"https:\/\/becom.digital\/fr\/"},{"@type":"ListItem","position":2,"name":"Wiki Explained"}]},{"@type":"WebSite","@id":"https:\/\/becom.digital\/fr\/#website","url":"https:\/\/becom.digital\/fr\/","name":"Becom","description":"Your digital wings","publisher":{"@id":"https:\/\/becom.digital\/fr\/#organization"},"potentialAction":[{"@type":"SearchAction","target":{"@type":"EntryPoint","urlTemplate":"https:\/\/becom.digital\/fr\/?s={search_term_string}"},"query-input":{"@type":"PropertyValueSpecification","valueRequired":true,"valueName":"search_term_string"}}],"inLanguage":"fr-FR"},{"@type":"Organization","@id":"https:\/\/becom.digital\/fr\/#organization","name":"Becom","url":"https:\/\/becom.digital\/fr\/","logo":{"@type":"ImageObject","inLanguage":"fr-FR","@id":"https:\/\/becom.digital\/fr\/#\/schema\/logo\/image\/","url":"https:\/\/becom.digital\/app\/uploads\/2023\/10\/Becom_logo_POS_basic-3-e1697538309895.png","contentUrl":"https:\/\/becom.digital\/app\/uploads\/2023\/10\/Becom_logo_POS_basic-3-e1697538309895.png","width":200,"height":72,"caption":"Becom"},"image":{"@id":"https:\/\/becom.digital\/fr\/#\/schema\/logo\/image\/"},"sameAs":["https:\/\/www.facebook.com\/Becomdigitalfederation\/","https:\/\/x.com\/becomdigital","https:\/\/www.linkedin.com\/company\/becomfederation\/","https:\/\/www.instagram.com\/becomfederation\/","https:\/\/www.youtube.com\/@becom-federation","https:\/\/open.spotify.com\/show\/0oBItlT3FIpj6AxEqllkta"]}]}},"_links":{"self":[{"href":"https:\/\/becom.digital\/fr\/wp-json\/wp\/v2\/pages\/60146","targetHints":{"allow":["GET"]}}],"collection":[{"href":"https:\/\/becom.digital\/fr\/wp-json\/wp\/v2\/pages"}],"about":[{"href":"https:\/\/becom.digital\/fr\/wp-json\/wp\/v2\/types\/page"}],"author":[{"embeddable":true,"href":"https:\/\/becom.digital\/fr\/wp-json\/wp\/v2\/users\/17"}],"replies":[{"embeddable":true,"href":"https:\/\/becom.digital\/fr\/wp-json\/wp\/v2\/comments?post=60146"}],"version-history":[{"count":13,"href":"https:\/\/becom.digital\/fr\/wp-json\/wp\/v2\/pages\/60146\/revisions"}],"predecessor-version":[{"id":64596,"href":"https:\/\/becom.digital\/fr\/wp-json\/wp\/v2\/pages\/60146\/revisions\/64596"}],"wp:attachment":[{"href":"https:\/\/becom.digital\/fr\/wp-json\/wp\/v2\/media?parent=60146"}],"wp:term":[{"taxonomy":"test-katrien1","embeddable":true,"href":"https:\/\/becom.digital\/fr\/wp-json\/wp\/v2\/test-katrien1?post=60146"}],"curies":[{"name":"wp","href":"https:\/\/api.w.org\/{rel}","templated":true}]}}