{"id":60134,"date":"2025-03-28T15:36:24","date_gmt":"2025-03-28T14:36:24","guid":{"rendered":"https:\/\/becom.digital\/?page_id=60134"},"modified":"2025-07-30T16:50:02","modified_gmt":"2025-07-30T14:50:02","slug":"recherche-labs","status":"publish","type":"page","link":"https:\/\/becom.digital\/fr\/recherche-labs\/","title":{"rendered":"\u00c9tudes &#038; Labs"},"content":{"rendered":"<div class=\"wpb-content-wrapper\"><p>[vc_row type=&#8221;full_width_section&#8221; bg_image=&#8221;50259&#8243;][vc_column width=&#8221;1\/1&#8243;]<div class=\"single_image wpb_content_element align-left    \" data-animation=\"none\" data-delay=\"0\"><img loading=\"lazy\" decoding=\"async\" width=\"2560\" height=\"350\" src=\"https:\/\/becom.digital\/app\/uploads\/2025\/04\/Etudes-et-Labs.png\" class=\"attachment-full\" alt=\"\" title=\"E\u0301tudes et Labs\" srcset=\"https:\/\/becom.digital\/app\/uploads\/2025\/04\/Etudes-et-Labs.png 2560w, https:\/\/becom.digital\/app\/uploads\/2025\/04\/Etudes-et-Labs-300x41.png 300w, https:\/\/becom.digital\/app\/uploads\/2025\/04\/Etudes-et-Labs-1024x140.png 1024w, https:\/\/becom.digital\/app\/uploads\/2025\/04\/Etudes-et-Labs-768x105.png 768w, https:\/\/becom.digital\/app\/uploads\/2025\/04\/Etudes-et-Labs-1536x210.png 1536w, https:\/\/becom.digital\/app\/uploads\/2025\/04\/Etudes-et-Labs-2048x280.png 2048w\" sizes=\"auto, (max-width: 2560px) 100vw, 2560px\" \/><\/div>[\/vc_column][\/vc_row][vc_row][vc_column width=&#8221;1\/1&#8243;]<div class=\"spacer\" style=\"height: 80px;\"><\/div>[\/vc_column][\/vc_row][vc_row][vc_column width=&#8221;3\/5&#8243;][vc_column_text]<\/p>\n<h2><strong><span style=\"color: #5e32ca;\">D\u00e9couvrez comment Becom associe connaissances et innovation pour renforcer le commerce \u00e9lectronique belge.<\/span><\/strong><\/h2>\n<p>Gr\u00e2ce \u00e0 des <strong><span style=\"color: #5e32ca;\">\u00e9tudes<\/span><\/strong> approfondies et \u00e0 des <span style=\"color: #5e32ca;\"><strong>Labs<\/strong><\/span> sp\u00e9cialis\u00e9s, nous offrons des connaissances pratiques et des solutions pour relever les d\u00e9fis actuels et futurs du secteur. Que vous soyez int\u00e9ress\u00e9 par l&#8217;analyse de march\u00e9, la durabilit\u00e9 ou les avanc\u00e9es technologiques, nos \u00e9tudes et nos Labs sont votre source d&#8217;informations sur les tendances actuelles, les opportunit\u00e9s et les strat\u00e9gies qui propulseront votre boutique en ligne vers de <span style=\"color: #5e32ca;\"><strong>nouveaux sommets<\/strong><\/span>. Plongez-vous dans les conclusions et enseignements et d\u00e9couvrez des outils pr\u00e9cieux pour l&#8217;avenir du commerce \u00e9lectronique.[\/vc_column_text][\/vc_column][vc_column width=&#8221;2\/5&#8243;]<div class=\"single_image wpb_content_element align-left    \" data-animation=\"none\" data-delay=\"0\"><img loading=\"lazy\" decoding=\"async\" width=\"600\" height=\"350\" src=\"https:\/\/becom.digital\/app\/uploads\/2025\/07\/Ondezoek-Labs-Kennis-visual-1.png\" class=\"attachment-full\" alt=\"\" title=\"Ondezoek &amp; Labs Kennis visual (1)\" srcset=\"https:\/\/becom.digital\/app\/uploads\/2025\/07\/Ondezoek-Labs-Kennis-visual-1.png 600w, https:\/\/becom.digital\/app\/uploads\/2025\/07\/Ondezoek-Labs-Kennis-visual-1-300x175.png 300w\" sizes=\"auto, (max-width: 600px) 100vw, 600px\" \/><\/div>[\/vc_column][\/vc_row][vc_row][vc_column width=&#8221;1\/1&#8243;]<div class=\"spacer\" style=\"height: 40px;\"><\/div>[\/vc_column][\/vc_row][vc_row][vc_column width=&#8221;1\/2&#8243;]<div class=\"iconbox  iconbox-style-8 icon-color-custom color-dark clearfix\"><h3><\/h3><i class=\"fa fa-book boxicon\" style=\"color: #5E32CA;\"><\/i><p>\n<h2 style=\"text-align: center;\"><strong><span style=\"color: #5e32ca;\">\u00c9tudes<\/span><\/strong><\/h2>\n<p>Chez Becom, nous comprenons que <span style=\"color: #5e32ca;\"><strong>la connaissance et les informations<\/strong><\/span> sont essentielles pour r\u00e9ussir dans le monde en <span style=\"color: #5e32ca;\"><strong>constante \u00e9volution du commerce en ligne<\/strong><\/span>. C\u2019est pourquoi nous nous engageons \u00e0 vous fournir <strong><span style=\"color: #5e32ca;\">les derni\u00e8res tendances<\/span>, <span style=\"color: #5e32ca;\">chiffres et insights strat\u00e9giques<\/span><\/strong>. Nos recherches offrent des informations pr\u00e9cieuses qui vous aident \u00e0 identifier des opportunit\u00e9s, relever des d\u00e9fis et am\u00e9liorer la gestion de votre entreprise. Que vous soyez une boutique en ligne d\u00e9butante ou active depuis des ann\u00e9es, nos donn\u00e9es et conseils sont con\u00e7us pour vous <span style=\"color: #5e32ca;\"><strong>soutenir<\/strong><\/span> \u00e0 chaque \u00e9tape de votre parcours e-commerce.<\/p>\n<p style=\"text-align: left;\"><a href=\"https:\/\/becom.digital\/fr\/etude\/\" target=\"_blank\" class=\"button #00EA90 medium \" style=\"border-radius: 2px;\">En savoir plus sur nos \u00e9tudes<\/a>\n<\/p><\/div>[\/vc_column][vc_column width=&#8221;1\/2&#8243;]<div class=\"iconbox  iconbox-style-8 icon-color-custom color-dark clearfix\"><h3><\/h3><i class=\"fa fa-flask boxicon\" style=\"color: #5E32CA;\"><\/i><p>\n<h2 style=\"text-align: center;\"><strong><span style=\"color: #5e32ca;\">Labs<\/span><\/strong><\/h2>\n<p><span style=\"color: #5e32ca;\"><strong>Les Becom Labs<\/strong><\/span> sont des groupes de travail topiques o\u00f9 des sujets actuels de l&#8217;e-commerce sont discut\u00e9s. Ils offrent une plateforme pour \u00e9laborer des points de vue et d\u00e9velopper des \u00e9tudes et du contenu. Actuellement, nous proposons quatre Labs : <span style=\"color: #5e32ca;\"><strong>Market, Sustainability, Innovation et B2B<\/strong><\/span>, dans lesquels les d\u00e9fis du secteur de l&#8217;e-commerce sont examin\u00e9s respectivement sous l&#8217;angle des analyses de march\u00e9, des sujets de durabilit\u00e9, des innovations technologiques et des particularit\u00e9s du B2B. La participation est r\u00e9serv\u00e9e aux <span style=\"color: #5e32ca;\"><strong>membres Captain<\/strong><\/span> et aux <span style=\"color: #5e32ca;\"><strong>Engaged Partners<\/strong><\/span>.<\/p>\n<p style=\"text-align: left;\"><a href=\"https:\/\/becom.digital\/fr\/labs\/\" target=\"_blank\" class=\"button #00EA90 medium \" style=\"border-radius: 2px;\">En savoir plus sur nos Labs<\/a>\n<\/p><\/div>[\/vc_column][\/vc_row][vc_row][vc_column width=&#8221;1\/1&#8243;]<div class=\"spacer\" style=\"height: 40px;\"><\/div>[\/vc_column][\/vc_row][vc_row][vc_column width=&#8221;1\/1&#8243;]<div class=\"iconbox  iconbox-style-8 icon-color-custom color-dark clearfix\"><h3><\/h3><i class=\"fa fa-book boxicon\" style=\"color: #5E32CA;\"><\/i><p>\n<h2 style=\"text-align: center;\"><strong><span style=\"color: #5e32ca;\">Notre Centre de Connaissances<\/span><\/strong><\/h2>\n<p>Le <span style=\"color: #5e32ca;\"><strong>Becom Wiki<\/strong><\/span>, centralise toutes les connaissances pr\u00e9cieuses stimulant le succ\u00e8s de votre boutique en ligne. Vous trouverez dans cette biblioth\u00e8que en ligne <strong><span style=\"color: #5e32ca;\">des guides, des \u00e9tudes de march\u00e9, des bonnes pratiques et les derni\u00e8res<\/span> <span style=\"color: #5e32ca;\">tendances en mati\u00e8re de commerce \u00e9lectronique<\/span><\/strong>. Que vous recherchiez des astuces pratiques, des informations juridiques ou des conseils strat\u00e9giques, le Becom Wiki aide \u00e0 <span style=\"color: #5e32ca;\"><strong>la croissance et \u00e0 l&#8217;innovation <\/strong>de <\/span>votre boutique en ligne. D\u00e9couvrez tout ce dont vous avez besoin pour d\u00e9velopper votre entreprise en ligne !<\/p>\n<p style=\"text-align: left;\"><a href=\"http:\/\/wiki.becom.digital\" target=\"_blank\" class=\"button #00EA90 medium \" style=\"border-radius: 2px;\">D\u00e9couvrez notre Wiki<\/a>\n<\/p><\/div><div class=\"spacer\" style=\"height: 40px;\"><\/div>[\/vc_column][\/vc_row]<\/p>\n<\/div>","protected":false},"excerpt":{"rendered":"<p>[vc_row type=&#8221;full_width_section&#8221; bg_image=&#8221;50259&#8243;][vc_column width=&#8221;1\/1&#8243;][\/vc_column][\/vc_row][vc_row][vc_column width=&#8221;1\/1&#8243;][\/vc_column][\/vc_row][vc_row][vc_column width=&#8221;3\/5&#8243;][vc_column_text] D\u00e9couvrez comment Becom associe connaissances et innovation pour renforcer le commerce \u00e9lectronique belge. Gr\u00e2ce \u00e0 des \u00e9tudes approfondies et \u00e0 des Labs sp\u00e9cialis\u00e9s, nous offrons des connaissances pratiques et des solutions pour relever les d\u00e9fis actuels et futurs du secteur. Que vous soyez int\u00e9ress\u00e9 par l&#8217;analyse de march\u00e9, la durabilit\u00e9 ou les avanc\u00e9es technologiques, nos \u00e9tudes et nos Labs sont votre source d&#8217;informations sur les tendances actuelles, les opportunit\u00e9s et les strat\u00e9gies qui propulseront votre boutique en ligne vers de nouveaux sommets. Plongez-vous dans les conclusions et enseignements et d\u00e9couvrez des outils pr\u00e9cieux pour l&#8217;avenir du commerce \u00e9lectronique.[\/vc_column_text][\/vc_column][vc_column width=&#8221;2\/5&#8243;][\/vc_column][\/vc_row][vc_row][vc_column width=&#8221;1\/1&#8243;][\/vc_column][\/vc_row][vc_row][vc_column width=&#8221;1\/2&#8243;][\/vc_column][vc_column width=&#8221;1\/2&#8243;][\/vc_column][\/vc_row][vc_row][vc_column width=&#8221;1\/1&#8243;][\/vc_column][\/vc_row][vc_row][vc_column width=&#8221;1\/1&#8243;][\/vc_column][\/vc_row]<\/p>\n","protected":false},"author":17,"featured_media":0,"parent":0,"menu_order":0,"comment_status":"closed","ping_status":"closed","template":"","meta":{"_EventAllDay":false,"_EventTimezone":"","_EventStartDate":"","_EventEndDate":"","_EventStartDateUTC":"","_EventEndDateUTC":"","_EventShowMap":false,"_EventShowMapLink":false,"_EventURL":"","_EventCost":"","_EventCostDescription":"","_EventCurrencySymbol":"","_EventCurrencyCode":"","_EventCurrencyPosition":"","_EventDateTimeSeparator":"","_EventTimeRangeSeparator":"","_EventOrganizerID":[],"_EventVenueID":[],"_OrganizerEmail":"","_OrganizerPhone":"","_OrganizerWebsite":"","_VenueAddress":"","_VenueCity":"","_VenueCountry":"","_VenueProvince":"","_VenueState":"","_VenueZip":"","_VenuePhone":"","_VenueURL":"","_VenueStateProvince":"","_VenueLat":"","_VenueLng":"","_VenueShowMap":false,"_VenueShowMapLink":false,"footnotes":""},"test-katrien1":[],"class_list":["post-60134","page","type-page","status-publish","hentry"],"yoast_head":"<!-- This site is optimized with the Yoast SEO plugin v26.4 - https:\/\/yoast.com\/wordpress\/plugins\/seo\/ -->\n<title>\u00c9tudes &amp; Labs - Becom<\/title>\n<meta name=\"description\" content=\"D\u00e9couvrez comment Becom associe connaissances et innovation pour renforcer le commerce \u00e9lectronique belge.\" \/>\n<meta name=\"robots\" content=\"index, follow, max-snippet:-1, max-image-preview:large, max-video-preview:-1\" \/>\n<link rel=\"canonical\" href=\"https:\/\/becom.digital\/fr\/recherche-labs\/\" \/>\n<meta property=\"og:locale\" content=\"fr_FR\" \/>\n<meta property=\"og:type\" content=\"article\" \/>\n<meta property=\"og:title\" content=\"\u00c9tudes &amp; Labs - Becom\" \/>\n<meta property=\"og:description\" content=\"D\u00e9couvrez comment Becom associe connaissances et innovation pour renforcer le commerce \u00e9lectronique belge.\" \/>\n<meta property=\"og:url\" content=\"https:\/\/becom.digital\/fr\/recherche-labs\/\" \/>\n<meta property=\"og:site_name\" content=\"Becom\" \/>\n<meta property=\"article:publisher\" content=\"https:\/\/www.facebook.com\/Becomdigitalfederation\/\" \/>\n<meta property=\"article:modified_time\" content=\"2025-07-30T14:50:02+00:00\" \/>\n<meta name=\"twitter:card\" content=\"summary_large_image\" \/>\n<meta name=\"twitter:site\" content=\"@becomdigital\" \/>\n<meta name=\"twitter:label1\" content=\"Est. reading time\" \/>\n\t<meta name=\"twitter:data1\" content=\"3 minutes\" \/>\n<script type=\"application\/ld+json\" class=\"yoast-schema-graph\">{\"@context\":\"https:\/\/schema.org\",\"@graph\":[{\"@type\":\"WebPage\",\"@id\":\"https:\/\/becom.digital\/fr\/recherche-labs\/\",\"url\":\"https:\/\/becom.digital\/fr\/recherche-labs\/\",\"name\":\"\u00c9tudes & Labs - Becom\",\"isPartOf\":{\"@id\":\"https:\/\/becom.digital\/fr\/#website\"},\"datePublished\":\"2025-03-28T14:36:24+00:00\",\"dateModified\":\"2025-07-30T14:50:02+00:00\",\"description\":\"D\u00e9couvrez comment Becom associe connaissances et innovation pour renforcer le commerce \u00e9lectronique belge.\",\"breadcrumb\":{\"@id\":\"https:\/\/becom.digital\/fr\/recherche-labs\/#breadcrumb\"},\"inLanguage\":\"fr-FR\",\"potentialAction\":[{\"@type\":\"ReadAction\",\"target\":[\"https:\/\/becom.digital\/fr\/recherche-labs\/\"]}]},{\"@type\":\"BreadcrumbList\",\"@id\":\"https:\/\/becom.digital\/fr\/recherche-labs\/#breadcrumb\",\"itemListElement\":[{\"@type\":\"ListItem\",\"position\":1,\"name\":\"Home\",\"item\":\"https:\/\/becom.digital\/fr\/\"},{\"@type\":\"ListItem\",\"position\":2,\"name\":\"\u00c9tudes &#038; Labs\"}]},{\"@type\":\"WebSite\",\"@id\":\"https:\/\/becom.digital\/fr\/#website\",\"url\":\"https:\/\/becom.digital\/fr\/\",\"name\":\"Becom\",\"description\":\"Your digital wings\",\"publisher\":{\"@id\":\"https:\/\/becom.digital\/fr\/#organization\"},\"potentialAction\":[{\"@type\":\"SearchAction\",\"target\":{\"@type\":\"EntryPoint\",\"urlTemplate\":\"https:\/\/becom.digital\/fr\/?s={search_term_string}\"},\"query-input\":{\"@type\":\"PropertyValueSpecification\",\"valueRequired\":true,\"valueName\":\"search_term_string\"}}],\"inLanguage\":\"fr-FR\"},{\"@type\":\"Organization\",\"@id\":\"https:\/\/becom.digital\/fr\/#organization\",\"name\":\"Becom\",\"url\":\"https:\/\/becom.digital\/fr\/\",\"logo\":{\"@type\":\"ImageObject\",\"inLanguage\":\"fr-FR\",\"@id\":\"https:\/\/becom.digital\/fr\/#\/schema\/logo\/image\/\",\"url\":\"https:\/\/becom.digital\/app\/uploads\/2023\/10\/Becom_logo_POS_basic-3-e1697538309895.png\",\"contentUrl\":\"https:\/\/becom.digital\/app\/uploads\/2023\/10\/Becom_logo_POS_basic-3-e1697538309895.png\",\"width\":200,\"height\":72,\"caption\":\"Becom\"},\"image\":{\"@id\":\"https:\/\/becom.digital\/fr\/#\/schema\/logo\/image\/\"},\"sameAs\":[\"https:\/\/www.facebook.com\/Becomdigitalfederation\/\",\"https:\/\/x.com\/becomdigital\",\"https:\/\/www.linkedin.com\/company\/becomfederation\/\",\"https:\/\/www.instagram.com\/becomfederation\/\",\"https:\/\/www.youtube.com\/@becom-federation\",\"https:\/\/open.spotify.com\/show\/0oBItlT3FIpj6AxEqllkta\"]}]}<\/script>\n<!-- \/ Yoast SEO plugin. -->","yoast_head_json":{"title":"\u00c9tudes & Labs - Becom","description":"D\u00e9couvrez comment Becom associe connaissances et innovation pour renforcer le commerce \u00e9lectronique belge.","robots":{"index":"index","follow":"follow","max-snippet":"max-snippet:-1","max-image-preview":"max-image-preview:large","max-video-preview":"max-video-preview:-1"},"canonical":"https:\/\/becom.digital\/fr\/recherche-labs\/","og_locale":"fr_FR","og_type":"article","og_title":"\u00c9tudes & Labs - Becom","og_description":"D\u00e9couvrez comment Becom associe connaissances et innovation pour renforcer le commerce \u00e9lectronique belge.","og_url":"https:\/\/becom.digital\/fr\/recherche-labs\/","og_site_name":"Becom","article_publisher":"https:\/\/www.facebook.com\/Becomdigitalfederation\/","article_modified_time":"2025-07-30T14:50:02+00:00","twitter_card":"summary_large_image","twitter_site":"@becomdigital","twitter_misc":{"Est. reading time":"3 minutes"},"schema":{"@context":"https:\/\/schema.org","@graph":[{"@type":"WebPage","@id":"https:\/\/becom.digital\/fr\/recherche-labs\/","url":"https:\/\/becom.digital\/fr\/recherche-labs\/","name":"\u00c9tudes & Labs - Becom","isPartOf":{"@id":"https:\/\/becom.digital\/fr\/#website"},"datePublished":"2025-03-28T14:36:24+00:00","dateModified":"2025-07-30T14:50:02+00:00","description":"D\u00e9couvrez comment Becom associe connaissances et innovation pour renforcer le commerce \u00e9lectronique belge.","breadcrumb":{"@id":"https:\/\/becom.digital\/fr\/recherche-labs\/#breadcrumb"},"inLanguage":"fr-FR","potentialAction":[{"@type":"ReadAction","target":["https:\/\/becom.digital\/fr\/recherche-labs\/"]}]},{"@type":"BreadcrumbList","@id":"https:\/\/becom.digital\/fr\/recherche-labs\/#breadcrumb","itemListElement":[{"@type":"ListItem","position":1,"name":"Home","item":"https:\/\/becom.digital\/fr\/"},{"@type":"ListItem","position":2,"name":"\u00c9tudes &#038; Labs"}]},{"@type":"WebSite","@id":"https:\/\/becom.digital\/fr\/#website","url":"https:\/\/becom.digital\/fr\/","name":"Becom","description":"Your digital wings","publisher":{"@id":"https:\/\/becom.digital\/fr\/#organization"},"potentialAction":[{"@type":"SearchAction","target":{"@type":"EntryPoint","urlTemplate":"https:\/\/becom.digital\/fr\/?s={search_term_string}"},"query-input":{"@type":"PropertyValueSpecification","valueRequired":true,"valueName":"search_term_string"}}],"inLanguage":"fr-FR"},{"@type":"Organization","@id":"https:\/\/becom.digital\/fr\/#organization","name":"Becom","url":"https:\/\/becom.digital\/fr\/","logo":{"@type":"ImageObject","inLanguage":"fr-FR","@id":"https:\/\/becom.digital\/fr\/#\/schema\/logo\/image\/","url":"https:\/\/becom.digital\/app\/uploads\/2023\/10\/Becom_logo_POS_basic-3-e1697538309895.png","contentUrl":"https:\/\/becom.digital\/app\/uploads\/2023\/10\/Becom_logo_POS_basic-3-e1697538309895.png","width":200,"height":72,"caption":"Becom"},"image":{"@id":"https:\/\/becom.digital\/fr\/#\/schema\/logo\/image\/"},"sameAs":["https:\/\/www.facebook.com\/Becomdigitalfederation\/","https:\/\/x.com\/becomdigital","https:\/\/www.linkedin.com\/company\/becomfederation\/","https:\/\/www.instagram.com\/becomfederation\/","https:\/\/www.youtube.com\/@becom-federation","https:\/\/open.spotify.com\/show\/0oBItlT3FIpj6AxEqllkta"]}]}},"_links":{"self":[{"href":"https:\/\/becom.digital\/fr\/wp-json\/wp\/v2\/pages\/60134","targetHints":{"allow":["GET"]}}],"collection":[{"href":"https:\/\/becom.digital\/fr\/wp-json\/wp\/v2\/pages"}],"about":[{"href":"https:\/\/becom.digital\/fr\/wp-json\/wp\/v2\/types\/page"}],"author":[{"embeddable":true,"href":"https:\/\/becom.digital\/fr\/wp-json\/wp\/v2\/users\/17"}],"replies":[{"embeddable":true,"href":"https:\/\/becom.digital\/fr\/wp-json\/wp\/v2\/comments?post=60134"}],"version-history":[{"count":9,"href":"https:\/\/becom.digital\/fr\/wp-json\/wp\/v2\/pages\/60134\/revisions"}],"predecessor-version":[{"id":63414,"href":"https:\/\/becom.digital\/fr\/wp-json\/wp\/v2\/pages\/60134\/revisions\/63414"}],"wp:attachment":[{"href":"https:\/\/becom.digital\/fr\/wp-json\/wp\/v2\/media?parent=60134"}],"wp:term":[{"taxonomy":"test-katrien1","embeddable":true,"href":"https:\/\/becom.digital\/fr\/wp-json\/wp\/v2\/test-katrien1?post=60134"}],"curies":[{"name":"wp","href":"https:\/\/api.w.org\/{rel}","templated":true}]}}