{"id":59872,"date":"2025-03-21T13:36:19","date_gmt":"2025-03-21T12:36:19","guid":{"rendered":"https:\/\/becom.digital\/?page_id=59872"},"modified":"2025-12-15T15:38:02","modified_gmt":"2025-12-15T14:38:02","slug":"labs","status":"publish","type":"page","link":"https:\/\/becom.digital\/fr\/labs\/","title":{"rendered":"Labs"},"content":{"rendered":"<div class=\"wpb-content-wrapper\"><p>[vc_row type=&#8221;full_width_section&#8221; bg_image=&#8221;50259&#8243;][vc_column width=&#8221;1\/1&#8243;]<div class=\"single_image wpb_content_element align-left    \" data-animation=\"none\" data-delay=\"0\"><\/div>[\/vc_column][\/vc_row][vc_row][vc_column width=&#8221;1\/1&#8243;]<div class=\"spacer\" style=\"height: 80px;\"><\/div>[\/vc_column][\/vc_row][vc_row][vc_column width=&#8221;1\/1&#8243;][vc_row_inner][vc_column_inner width=&#8221;1\/4&#8243;]<h1 class=\"headline font-inherit fontsize-m fontweight-700 lh-inherit align-left transform-inherit \" style=\"margin: 0 0 20px 0; color: #5e33c8;\">Qu\u2019est-ce qu\u2019un Lab?<\/h1>[vc_column_text]<\/p>\n<p class=\"cvGsUA direction-ltr align-start para-style-body\"><span class=\"OYPEnA text-decoration-none text-strikethrough-none\">Dans un Lab, nous discutons des principales pr\u00e9occupations du march\u00e9 et d\u00e9veloppons nos points de vue.<\/span><\/p>\n<p class=\"cvGsUA direction-ltr align-start para-style-body\"><span class=\"OYPEnA text-decoration-none text-strikethrough-none\">En 2025, plusieurs Labs seront organis\u00e9s : <strong><span style=\"color: #5e32ca;\">Market, Sustainability, Innovation et B2B<\/span>. <\/strong><\/span><span class=\"OYPEnA text-decoration-none text-strikethrough-none\">Chaque Lab est con\u00e7u \u00e0 sa mani\u00e8re et a son propre pr\u00e9sident. Les Labs sont organis\u00e9s de mani\u00e8re hybride.<\/span><\/p>\n<p>[\/vc_column_text][\/vc_column_inner][vc_column_inner width=&#8221;1\/4&#8243;]<h1 class=\"headline font-inherit fontsize-m fontweight-700 lh-inherit align-left transform-inherit \" style=\"margin: 0 0 20px 0; color: #5e33c8;\">Pourquoi des Labs ?<\/h1>[vc_column_text]<\/p>\n<p class=\"cvGsUA direction-ltr align-start para-style-body\"><span class=\"OYPEnA text-decoration-none text-strikethrough-none\">En tant que f\u00e9d\u00e9ration, notre t\u00e2che est de soutenir et de\u00a0<span style=\"color: #5e32ca;\"><strong>stimuler le d\u00e9veloppement du commerce \u00e9lectronique belge<\/strong><\/span>. Il est important de partir de la pratique pour cr\u00e9er les supports n\u00e9cessaires \u00e0 cet effet. Un Lab peut aboutir \u00e0 des r\u00e9alisations telles qu&#8217;un whitepaper ou une formation par exemple.\u00a0<\/span><\/p>\n<p>[\/vc_column_text][\/vc_column_inner][vc_column_inner width=&#8221;1\/4&#8243;]<h1 class=\"headline font-inherit fontsize-m fontweight-700 lh-inherit align-left transform-inherit \" style=\"margin: 0 0 20px 0; color: #5e33c8;\">Pourquoi participer ?<\/h1>[vc_column_text]<\/p>\n<p class=\"cvGsUA direction-ltr align-start para-style-body\"><span class=\"OYPEnA text-decoration-none text-strikethrough-none\"><span style=\"color: #5e32ca;\"><strong>Vous aimez avoir un impact?<\/strong><\/span> Ou vous aimez \u00eatre inform\u00e9 par des experts dans le domaine ? Alors les Labs peuvent vous apporter ce que vous recherchez !<\/span><\/p>\n<p class=\"cvGsUA direction-ltr align-start para-style-body\"><span class=\"OYPEnA text-decoration-none text-strikethrough-none\">Les Labs sont toutefois r\u00e9serv\u00e9s aux <\/span><a href=\"https:\/\/becom.digital\/fr\/adhesion\/\"><strong><span class=\"OYPEnA text-decoration-none text-strikethrough-none\"><span style=\"color: #5e32ca;\">Captain Members <\/span><\/span><\/strong><\/a><span class=\"OYPEnA text-decoration-none text-strikethrough-none\">ou<\/span><strong><a href=\"https:\/\/becom.digital\/fr\/partenariat\/\"> <span class=\"OYPEnA text-decoration-none text-strikethrough-none\" style=\"color: #5e32ca;\">Engaged Partners<\/span><\/a><span class=\"OYPEnA text-decoration-none text-strikethrough-none\">.<\/span><\/strong><\/p>\n<p>[\/vc_column_text][\/vc_column_inner][vc_column_inner width=&#8221;1\/4&#8243;]<h1 class=\"headline font-inherit fontsize-m fontweight-700 lh-inherit align-left transform-inherit \" style=\"margin: 0 0 20px 0; color: #5e33c8;\">Comment s\u2019inscrire ?<\/h1><a href=\"https:\/\/becom.digital\/fr\/agenda-des-labs\/\" target=\"_blank\" class=\"button custom small \" style=\"background-color: #01ec90; border-color: #01ec90;border-radius: 2px;\">Consultez le calendrier ici<\/a><div class=\"spacer\" style=\"height: 15px;\"><\/div><a href=\"https:\/\/becom.digital\/fr\/labs-inscription\/\" target=\"_blank\" class=\"button custom small \" style=\"background-color: #01ec90; border-color: #01ec90;border-radius: 2px;\">Inscrivez-vous pour les labs<\/a>[\/vc_column_inner][\/vc_row_inner]<div class=\"spacer\" style=\"height: 50px;\"><\/div>[\/vc_column][\/vc_row][vc_row class=&#8221;same-height&#8221;][vc_column width=&#8221;1\/2&#8243;]<div class=\"becom-title-banner\"><div class=\"title-wrapper\" style=\"background-color:#5e33c9 \"><img loading=\"lazy\" decoding=\"async\" width=\"200\" height=\"200\" src=\"https:\/\/becom.digital\/app\/uploads\/2023\/10\/events.png\" class=\"attachment-full size-full\" alt=\"\" srcset=\"https:\/\/becom.digital\/app\/uploads\/2023\/10\/events.png 200w, https:\/\/becom.digital\/app\/uploads\/2023\/10\/events-150x150.png 150w, https:\/\/becom.digital\/app\/uploads\/2023\/10\/events-80x80.png 80w\" sizes=\"auto, (max-width: 200px) 100vw, 200px\" \/><div class=\"banner-title\">Market Lab<\/div><\/div><div class=\"content-wrapper \" style=\"background-color: \"><\/p>\n<p style=\"font-weight: 400;\">Dans le Market Lab, nous examinons d\u2019un \u0153il critique les \u00e9tudes men\u00e9es par Becom, nous cherchons d\u2019autres angles d\u2019approche et nous travaillons \u00e0 de nouvelles \u00e9tudes. Nous cherchons \u00e9galement \u00e0 alimenter constamment notre propre Becom Wiki. Plusieurs fois par an, nous invitons des chercheurs et des experts du march\u00e9 pour analyser avec eux les donn\u00e9es et insights pertinentes sur le march\u00e9.<\/p>\n<div class=\"button-wrapper\" style=\"margin-top: 20px; display: inline-block; width: 100%;\"><a href=\"https:\/\/becom.digital\/fr\/labs-inscription\/\" class=\"button button-appear color-3 medium \" title=\"Inscrivez-vous !\" target=\"_blank\">Inscrivez-vous !<\/a><\/div><\/div><\/div>[\/vc_column][vc_column width=&#8221;1\/2&#8243;]<div class=\"becom-title-banner\"><div class=\"title-wrapper\" style=\"background-color:#5e33c9 \"><img loading=\"lazy\" decoding=\"async\" width=\"200\" height=\"200\" src=\"https:\/\/becom.digital\/app\/uploads\/2023\/10\/events.png\" class=\"attachment-full size-full\" alt=\"\" srcset=\"https:\/\/becom.digital\/app\/uploads\/2023\/10\/events.png 200w, https:\/\/becom.digital\/app\/uploads\/2023\/10\/events-150x150.png 150w, https:\/\/becom.digital\/app\/uploads\/2023\/10\/events-80x80.png 80w\" sizes=\"auto, (max-width: 200px) 100vw, 200px\" \/><div class=\"banner-title\">Sustainability Lab<\/div><\/div><div class=\"content-wrapper \" style=\"background-color: \"><\/p>\n<p style=\"font-weight: 400;\">Dans le Sustainability Lab, nous nous engageons avec force et conviction \u00e0 rendre l\u2019e-business belge plus durable. Nous consid\u00e9rons la probl\u00e9matique de la durabilit\u00e9 d\u2019un point de vue politique, socio-\u00e9conomique et \u00e9cologique. Il est donc question de la l\u00e9gislation \u00e9cologique et sociale actuelle que nous mettons \u00e0 l\u2019\u00e9preuve par le prisme de cas concrets et de bonnes pratiques. Chaque Sustainability Lab se concentre sur un aspect sp\u00e9cifique du cycle de la durabilit\u00e9 (emballage\/retour\/transport\/conditions de travail\/\u2026). Nous nous r\u00e9unissons plusieurs fois par an.<\/p>\n<div class=\"button-wrapper\" style=\"margin-top: 20px; display: inline-block; width: 100%;\"><a href=\"https:\/\/becom.digital\/fr\/labs-inscription\/\" class=\"button button-appear color-3 medium \" title=\"Inscrivez-vous !\" target=\"_blank\">Inscrivez-vous !<\/a><\/div><\/div><\/div>[\/vc_column][\/vc_row][vc_row][vc_column width=&#8221;1\/1&#8243;]<div class=\"spacer\" style=\"height: 40px;\"><\/div>[\/vc_column][\/vc_row][vc_row class=&#8221;same-height&#8221;][vc_column width=&#8221;1\/2&#8243;]<div class=\"becom-title-banner\"><div class=\"title-wrapper\" style=\"background-color:#5e33c9 \"><img loading=\"lazy\" decoding=\"async\" width=\"200\" height=\"200\" src=\"https:\/\/becom.digital\/app\/uploads\/2023\/10\/events.png\" class=\"attachment-full size-full\" alt=\"\" srcset=\"https:\/\/becom.digital\/app\/uploads\/2023\/10\/events.png 200w, https:\/\/becom.digital\/app\/uploads\/2023\/10\/events-150x150.png 150w, https:\/\/becom.digital\/app\/uploads\/2023\/10\/events-80x80.png 80w\" sizes=\"auto, (max-width: 200px) 100vw, 200px\" \/><div class=\"banner-title\">Innovation Lab<\/div><\/div><div class=\"content-wrapper \" style=\"background-color: \"><\/p>\n<p style=\"font-weight: 400;\">Un Innovation Lab est un m\u00e9lange dynamique de pitches inspirants, de discussions anim\u00e9es et d\u2019un d\u00e9jeuner convivial. C\u2019est l\u2019endroit o\u00f9 les id\u00e9es prennent vie, o\u00f9 de nouvelles perspectives \u00e9mergent et o\u00f9 les collaborations naissent naturellement. Chaque Lab suit cette formule \u00e9nergique, tout en mettant l\u2019accent sur un th\u00e8me unique que vous pourrez d\u00e9couvrir ci-dessous.<\/p>\n<div class=\"button-wrapper\" style=\"margin-top: 20px; display: inline-block; width: 100%;\"><a href=\"https:\/\/becom.digital\/fr\/labs-inscription\/\" class=\"button button-appear color-3 medium \" title=\"Inscrivez-vous !\" target=\"_blank\">Inscrivez-vous !<\/a><\/div><\/div><\/div>[\/vc_column][vc_column width=&#8221;1\/2&#8243;]<div class=\"becom-title-banner\"><div class=\"title-wrapper\" style=\"background-color:#5e33c9 \"><img loading=\"lazy\" decoding=\"async\" width=\"200\" height=\"200\" src=\"https:\/\/becom.digital\/app\/uploads\/2023\/10\/events.png\" class=\"attachment-full size-full\" alt=\"\" srcset=\"https:\/\/becom.digital\/app\/uploads\/2023\/10\/events.png 200w, https:\/\/becom.digital\/app\/uploads\/2023\/10\/events-150x150.png 150w, https:\/\/becom.digital\/app\/uploads\/2023\/10\/events-80x80.png 80w\" sizes=\"auto, (max-width: 200px) 100vw, 200px\" \/><div class=\"banner-title\">B2B Lab<\/div><\/div><div class=\"content-wrapper \" style=\"background-color: \"><\/p>\n<p style=\"font-weight: 400;\">Selon l\u2019IBPT (chiffres 2022), l\u2019e-commerce B2B p\u00e8se de 35 \u00e0 45 milliards d\u2019euros en Belgique. C\u2019est \u00e9norme. Si le commerce \u00e9lectronique B2B pr\u00e9sente beaucoup de similitudes avec le B2C ou D2C, il poss\u00e8de ses particularit\u00e9s. C\u2019est pourquoi, trois fois par an, le B2B Lab se penche sur les d\u00e9fis sp\u00e9cifiques de l\u2019e-business en B2B. En tant que commer\u00e7ant ou prestataire de services B2B, vous pouvez partager vos exp\u00e9riences et vos meilleures pratiques avec vos pairs et avoir un aper\u00e7u du mat\u00e9riel d\u2019\u00e9tude, de la l\u00e9gislation et de la technologie sp\u00e9cifiques \u00e0 ce segment du march\u00e9.<\/p>\n<div class=\"button-wrapper\" style=\"margin-top: 20px; display: inline-block; width: 100%;\"><a href=\"https:\/\/becom.digital\/fr\/labs-inscription\/\" class=\"button button-appear color-3 medium \" title=\"Inscrivez-vous !\" target=\"\">Inscrivez-vous !<\/a><\/div><\/div><\/div>[\/vc_column][\/vc_row][vc_row][vc_column width=&#8221;1\/1&#8243;]<div class=\"spacer\" style=\"height: 40px;\"><\/div>[\/vc_column][\/vc_row][vc_row bg_image=&#8221;49768&#8243; parallax_bg=&#8221;true&#8221; text_color=&#8221;light&#8221; text_align=&#8221;center&#8221; top_padding=&#8221;20&#8243; bottom_padding=&#8221;20&#8243;][vc_column text_align=&#8221;right&#8221; width=&#8221;1\/6&#8243;]<div class=\"minti_boxedholder   clearfix\" style=\"padding: 20px 20px 20px 20px; margin: 0px 0px 0px 0px; \"><div class=\"single_image wpb_content_element align-left    \" data-animation=\"none\" data-delay=\"0\"><img loading=\"lazy\" decoding=\"async\" width=\"1365\" height=\"2048\" src=\"https:\/\/becom.digital\/app\/uploads\/2025\/01\/Therese.png\" class=\"attachment-full\" alt=\"\" title=\"Therese\" srcset=\"https:\/\/becom.digital\/app\/uploads\/2025\/01\/Therese.png 1365w, https:\/\/becom.digital\/app\/uploads\/2025\/01\/Therese-200x300.png 200w, https:\/\/becom.digital\/app\/uploads\/2025\/01\/Therese-683x1024.png 683w, https:\/\/becom.digital\/app\/uploads\/2025\/01\/Therese-768x1152.png 768w, https:\/\/becom.digital\/app\/uploads\/2025\/01\/Therese-1024x1536.png 1024w, https:\/\/becom.digital\/app\/uploads\/2025\/01\/Therese-400x600.png 400w, https:\/\/becom.digital\/app\/uploads\/2025\/01\/Therese-800x1200.png 800w\" sizes=\"auto, (max-width: 1365px) 100vw, 1365px\" \/><\/div><\/div>[\/vc_column][vc_column text_color=&#8221;light&#8221; width=&#8221;5\/6&#8243;]<div class=\"spacer\" style=\"height: 40px;\"><\/div>[vc_column_text]<\/p>\n<h2 style=\"text-align: left;\">Avez-vous des questions ? Contactez nous.<\/h2>\n<p style=\"text-align: left;\"><b><span lang=\"EN-US\"><span class=\"outlook-search-highlight\" data-markjs=\"true\">Therese van Bellinghen<\/span><\/span><\/b><br \/>\nCommunications<\/p>\n<p style=\"text-align: left;\"><strong>therese@becom.digital<\/strong><br \/>\n<strong>+32 475 47 82 33<\/strong><\/p>\n<p>[\/vc_column_text][\/vc_column][\/vc_row]<\/p>\n<\/div>","protected":false},"excerpt":{"rendered":"<p>[vc_row type=&#8221;full_width_section&#8221; bg_image=&#8221;50259&#8243;][vc_column width=&#8221;1\/1&#8243;][\/vc_column][\/vc_row][vc_row][vc_column width=&#8221;1\/1&#8243;][\/vc_column][\/vc_row][vc_row][vc_column width=&#8221;1\/1&#8243;][vc_row_inner][vc_column_inner width=&#8221;1\/4&#8243;][vc_column_text] Dans un Lab, nous discutons des principales pr\u00e9occupations du march\u00e9 et d\u00e9veloppons nos points de vue. En 2025, plusieurs Labs seront organis\u00e9s : Market, Sustainability, Innovation et B2B. Chaque Lab est con\u00e7u \u00e0 sa mani\u00e8re et a son propre pr\u00e9sident. Les Labs sont organis\u00e9s de mani\u00e8re hybride. [\/vc_column_text][\/vc_column_inner][vc_column_inner width=&#8221;1\/4&#8243;][vc_column_text] En tant que f\u00e9d\u00e9ration, notre t\u00e2che est de soutenir et de\u00a0stimuler le d\u00e9veloppement du commerce \u00e9lectronique belge. Il est important de partir de la pratique pour cr\u00e9er les supports n\u00e9cessaires \u00e0 cet effet. Un Lab peut aboutir \u00e0 des r\u00e9alisations telles qu&#8217;un whitepaper ou une formation par exemple.\u00a0 [\/vc_column_text][\/vc_column_inner][vc_column_inner width=&#8221;1\/4&#8243;][vc_column_text] Vous aimez avoir un impact? Ou vous aimez \u00eatre inform\u00e9 par des experts dans le domaine ? Alors les Labs peuvent vous apporter ce que vous recherchez ! Les Labs sont toutefois r\u00e9serv\u00e9s aux Captain Members ou Engaged Partners. [\/vc_column_text][\/vc_column_inner][vc_column_inner width=&#8221;1\/4&#8243;][\/vc_column_inner][\/vc_row_inner][\/vc_column][\/vc_row][vc_row class=&#8221;same-height&#8221;][vc_column width=&#8221;1\/2&#8243;][\/vc_column][vc_column width=&#8221;1\/2&#8243;][\/vc_column][\/vc_row][vc_row][vc_column width=&#8221;1\/1&#8243;][\/vc_column][\/vc_row][vc_row class=&#8221;same-height&#8221;][vc_column width=&#8221;1\/2&#8243;][\/vc_column][vc_column width=&#8221;1\/2&#8243;][\/vc_column][\/vc_row][vc_row][vc_column width=&#8221;1\/1&#8243;][\/vc_column][\/vc_row][vc_row bg_image=&#8221;49768&#8243; parallax_bg=&#8221;true&#8221; text_color=&#8221;light&#8221; text_align=&#8221;center&#8221; top_padding=&#8221;20&#8243; bottom_padding=&#8221;20&#8243;][vc_column text_align=&#8221;right&#8221; width=&#8221;1\/6&#8243;][\/vc_column][vc_column text_color=&#8221;light&#8221; width=&#8221;5\/6&#8243;][vc_column_text] Avez-vous des questions ? Contactez nous. Therese van Bellinghen Communications therese@becom.digital +32 475 47 82 33 [\/vc_column_text][\/vc_column][\/vc_row]<\/p>\n","protected":false},"author":17,"featured_media":0,"parent":0,"menu_order":0,"comment_status":"closed","ping_status":"closed","template":"","meta":{"_EventAllDay":false,"_EventTimezone":"","_EventStartDate":"","_EventEndDate":"","_EventStartDateUTC":"","_EventEndDateUTC":"","_EventShowMap":false,"_EventShowMapLink":false,"_EventURL":"","_EventCost":"","_EventCostDescription":"","_EventCurrencySymbol":"","_EventCurrencyCode":"","_EventCurrencyPosition":"","_EventDateTimeSeparator":"","_EventTimeRangeSeparator":"","_EventOrganizerID":[],"_EventVenueID":[],"_OrganizerEmail":"","_OrganizerPhone":"","_OrganizerWebsite":"","_VenueAddress":"","_VenueCity":"","_VenueCountry":"","_VenueProvince":"","_VenueState":"","_VenueZip":"","_VenuePhone":"","_VenueURL":"","_VenueStateProvince":"","_VenueLat":"","_VenueLng":"","_VenueShowMap":false,"_VenueShowMapLink":false,"footnotes":""},"test-katrien1":[],"class_list":["post-59872","page","type-page","status-publish","hentry"],"yoast_head":"<!-- This site is optimized with the Yoast SEO plugin v26.4 - https:\/\/yoast.com\/wordpress\/plugins\/seo\/ -->\n<title>Labs - Becom<\/title>\n<meta name=\"description\" content=\"Dans un Lab, nous discutons des principales pr\u00e9occupations du march\u00e9 et \u00e9laborons nos points de vue. Participer \u00e0 un Lab vous apporte des connaissances et des contacts pr\u00e9cieux.\" \/>\n<meta name=\"robots\" content=\"index, follow, max-snippet:-1, max-image-preview:large, max-video-preview:-1\" \/>\n<link rel=\"canonical\" href=\"https:\/\/becom.digital\/fr\/labs\/\" \/>\n<meta property=\"og:locale\" content=\"fr_FR\" \/>\n<meta property=\"og:type\" content=\"article\" \/>\n<meta property=\"og:title\" content=\"Labs - Becom\" \/>\n<meta property=\"og:description\" content=\"Dans un Lab, nous discutons des principales pr\u00e9occupations du march\u00e9 et \u00e9laborons nos points de vue. Participer \u00e0 un Lab vous apporte des connaissances et des contacts pr\u00e9cieux.\" \/>\n<meta property=\"og:url\" content=\"https:\/\/becom.digital\/fr\/labs\/\" \/>\n<meta property=\"og:site_name\" content=\"Becom\" \/>\n<meta property=\"article:publisher\" content=\"https:\/\/www.facebook.com\/Becomdigitalfederation\/\" \/>\n<meta property=\"article:modified_time\" content=\"2025-12-15T14:38:02+00:00\" \/>\n<meta name=\"twitter:card\" content=\"summary_large_image\" \/>\n<meta name=\"twitter:site\" content=\"@becomdigital\" \/>\n<meta name=\"twitter:label1\" content=\"Est. reading time\" \/>\n\t<meta name=\"twitter:data1\" content=\"4 minutes\" \/>\n<script type=\"application\/ld+json\" class=\"yoast-schema-graph\">{\"@context\":\"https:\/\/schema.org\",\"@graph\":[{\"@type\":\"WebPage\",\"@id\":\"https:\/\/becom.digital\/fr\/labs\/\",\"url\":\"https:\/\/becom.digital\/fr\/labs\/\",\"name\":\"Labs - Becom\",\"isPartOf\":{\"@id\":\"https:\/\/becom.digital\/fr\/#website\"},\"datePublished\":\"2025-03-21T12:36:19+00:00\",\"dateModified\":\"2025-12-15T14:38:02+00:00\",\"description\":\"Dans un Lab, nous discutons des principales pr\u00e9occupations du march\u00e9 et \u00e9laborons nos points de vue. Participer \u00e0 un Lab vous apporte des connaissances et des contacts pr\u00e9cieux.\",\"breadcrumb\":{\"@id\":\"https:\/\/becom.digital\/fr\/labs\/#breadcrumb\"},\"inLanguage\":\"fr-FR\",\"potentialAction\":[{\"@type\":\"ReadAction\",\"target\":[\"https:\/\/becom.digital\/fr\/labs\/\"]}]},{\"@type\":\"BreadcrumbList\",\"@id\":\"https:\/\/becom.digital\/fr\/labs\/#breadcrumb\",\"itemListElement\":[{\"@type\":\"ListItem\",\"position\":1,\"name\":\"Home\",\"item\":\"https:\/\/becom.digital\/fr\/\"},{\"@type\":\"ListItem\",\"position\":2,\"name\":\"Labs\"}]},{\"@type\":\"WebSite\",\"@id\":\"https:\/\/becom.digital\/fr\/#website\",\"url\":\"https:\/\/becom.digital\/fr\/\",\"name\":\"Becom\",\"description\":\"Your digital wings\",\"publisher\":{\"@id\":\"https:\/\/becom.digital\/fr\/#organization\"},\"potentialAction\":[{\"@type\":\"SearchAction\",\"target\":{\"@type\":\"EntryPoint\",\"urlTemplate\":\"https:\/\/becom.digital\/fr\/?s={search_term_string}\"},\"query-input\":{\"@type\":\"PropertyValueSpecification\",\"valueRequired\":true,\"valueName\":\"search_term_string\"}}],\"inLanguage\":\"fr-FR\"},{\"@type\":\"Organization\",\"@id\":\"https:\/\/becom.digital\/fr\/#organization\",\"name\":\"Becom\",\"url\":\"https:\/\/becom.digital\/fr\/\",\"logo\":{\"@type\":\"ImageObject\",\"inLanguage\":\"fr-FR\",\"@id\":\"https:\/\/becom.digital\/fr\/#\/schema\/logo\/image\/\",\"url\":\"https:\/\/becom.digital\/app\/uploads\/2023\/10\/Becom_logo_POS_basic-3-e1697538309895.png\",\"contentUrl\":\"https:\/\/becom.digital\/app\/uploads\/2023\/10\/Becom_logo_POS_basic-3-e1697538309895.png\",\"width\":200,\"height\":72,\"caption\":\"Becom\"},\"image\":{\"@id\":\"https:\/\/becom.digital\/fr\/#\/schema\/logo\/image\/\"},\"sameAs\":[\"https:\/\/www.facebook.com\/Becomdigitalfederation\/\",\"https:\/\/x.com\/becomdigital\",\"https:\/\/www.linkedin.com\/company\/becomfederation\/\",\"https:\/\/www.instagram.com\/becomfederation\/\",\"https:\/\/www.youtube.com\/@becom-federation\",\"https:\/\/open.spotify.com\/show\/0oBItlT3FIpj6AxEqllkta\"]}]}<\/script>\n<!-- \/ Yoast SEO plugin. -->","yoast_head_json":{"title":"Labs - Becom","description":"Dans un Lab, nous discutons des principales pr\u00e9occupations du march\u00e9 et \u00e9laborons nos points de vue. Participer \u00e0 un Lab vous apporte des connaissances et des contacts pr\u00e9cieux.","robots":{"index":"index","follow":"follow","max-snippet":"max-snippet:-1","max-image-preview":"max-image-preview:large","max-video-preview":"max-video-preview:-1"},"canonical":"https:\/\/becom.digital\/fr\/labs\/","og_locale":"fr_FR","og_type":"article","og_title":"Labs - Becom","og_description":"Dans un Lab, nous discutons des principales pr\u00e9occupations du march\u00e9 et \u00e9laborons nos points de vue. Participer \u00e0 un Lab vous apporte des connaissances et des contacts pr\u00e9cieux.","og_url":"https:\/\/becom.digital\/fr\/labs\/","og_site_name":"Becom","article_publisher":"https:\/\/www.facebook.com\/Becomdigitalfederation\/","article_modified_time":"2025-12-15T14:38:02+00:00","twitter_card":"summary_large_image","twitter_site":"@becomdigital","twitter_misc":{"Est. reading time":"4 minutes"},"schema":{"@context":"https:\/\/schema.org","@graph":[{"@type":"WebPage","@id":"https:\/\/becom.digital\/fr\/labs\/","url":"https:\/\/becom.digital\/fr\/labs\/","name":"Labs - Becom","isPartOf":{"@id":"https:\/\/becom.digital\/fr\/#website"},"datePublished":"2025-03-21T12:36:19+00:00","dateModified":"2025-12-15T14:38:02+00:00","description":"Dans un Lab, nous discutons des principales pr\u00e9occupations du march\u00e9 et \u00e9laborons nos points de vue. Participer \u00e0 un Lab vous apporte des connaissances et des contacts pr\u00e9cieux.","breadcrumb":{"@id":"https:\/\/becom.digital\/fr\/labs\/#breadcrumb"},"inLanguage":"fr-FR","potentialAction":[{"@type":"ReadAction","target":["https:\/\/becom.digital\/fr\/labs\/"]}]},{"@type":"BreadcrumbList","@id":"https:\/\/becom.digital\/fr\/labs\/#breadcrumb","itemListElement":[{"@type":"ListItem","position":1,"name":"Home","item":"https:\/\/becom.digital\/fr\/"},{"@type":"ListItem","position":2,"name":"Labs"}]},{"@type":"WebSite","@id":"https:\/\/becom.digital\/fr\/#website","url":"https:\/\/becom.digital\/fr\/","name":"Becom","description":"Your digital wings","publisher":{"@id":"https:\/\/becom.digital\/fr\/#organization"},"potentialAction":[{"@type":"SearchAction","target":{"@type":"EntryPoint","urlTemplate":"https:\/\/becom.digital\/fr\/?s={search_term_string}"},"query-input":{"@type":"PropertyValueSpecification","valueRequired":true,"valueName":"search_term_string"}}],"inLanguage":"fr-FR"},{"@type":"Organization","@id":"https:\/\/becom.digital\/fr\/#organization","name":"Becom","url":"https:\/\/becom.digital\/fr\/","logo":{"@type":"ImageObject","inLanguage":"fr-FR","@id":"https:\/\/becom.digital\/fr\/#\/schema\/logo\/image\/","url":"https:\/\/becom.digital\/app\/uploads\/2023\/10\/Becom_logo_POS_basic-3-e1697538309895.png","contentUrl":"https:\/\/becom.digital\/app\/uploads\/2023\/10\/Becom_logo_POS_basic-3-e1697538309895.png","width":200,"height":72,"caption":"Becom"},"image":{"@id":"https:\/\/becom.digital\/fr\/#\/schema\/logo\/image\/"},"sameAs":["https:\/\/www.facebook.com\/Becomdigitalfederation\/","https:\/\/x.com\/becomdigital","https:\/\/www.linkedin.com\/company\/becomfederation\/","https:\/\/www.instagram.com\/becomfederation\/","https:\/\/www.youtube.com\/@becom-federation","https:\/\/open.spotify.com\/show\/0oBItlT3FIpj6AxEqllkta"]}]}},"_links":{"self":[{"href":"https:\/\/becom.digital\/fr\/wp-json\/wp\/v2\/pages\/59872","targetHints":{"allow":["GET"]}}],"collection":[{"href":"https:\/\/becom.digital\/fr\/wp-json\/wp\/v2\/pages"}],"about":[{"href":"https:\/\/becom.digital\/fr\/wp-json\/wp\/v2\/types\/page"}],"author":[{"embeddable":true,"href":"https:\/\/becom.digital\/fr\/wp-json\/wp\/v2\/users\/17"}],"replies":[{"embeddable":true,"href":"https:\/\/becom.digital\/fr\/wp-json\/wp\/v2\/comments?post=59872"}],"version-history":[{"count":10,"href":"https:\/\/becom.digital\/fr\/wp-json\/wp\/v2\/pages\/59872\/revisions"}],"predecessor-version":[{"id":64277,"href":"https:\/\/becom.digital\/fr\/wp-json\/wp\/v2\/pages\/59872\/revisions\/64277"}],"wp:attachment":[{"href":"https:\/\/becom.digital\/fr\/wp-json\/wp\/v2\/media?parent=59872"}],"wp:term":[{"taxonomy":"test-katrien1","embeddable":true,"href":"https:\/\/becom.digital\/fr\/wp-json\/wp\/v2\/test-katrien1?post=59872"}],"curies":[{"name":"wp","href":"https:\/\/api.w.org\/{rel}","templated":true}]}}