{"id":58753,"date":"2025-02-12T09:49:38","date_gmt":"2025-02-12T08:49:38","guid":{"rendered":"https:\/\/becom.digital\/?page_id=58753"},"modified":"2025-07-02T09:00:12","modified_gmt":"2025-07-02T07:00:12","slug":"eu-webinar","status":"publish","type":"page","link":"https:\/\/becom.digital\/fr\/eu-webinar\/","title":{"rendered":"Eu Webinar"},"content":{"rendered":"<div class=\"wpb-content-wrapper\"><p>[vc_row type=&#8221;full_width_section&#8221;][vc_column width=&#8221;1\/1&#8243;]<div class=\"single_image wpb_content_element align-left    \" data-animation=\"none\" data-delay=\"0\"><img loading=\"lazy\" decoding=\"async\" width=\"2560\" height=\"350\" src=\"https:\/\/becom.digital\/app\/uploads\/2025\/07\/Form-visual-Extra-Members-only.png\" class=\"attachment-full\" alt=\"\" title=\"Form visual Extra Members only\" srcset=\"https:\/\/becom.digital\/app\/uploads\/2025\/07\/Form-visual-Extra-Members-only.png 2560w, https:\/\/becom.digital\/app\/uploads\/2025\/07\/Form-visual-Extra-Members-only-300x41.png 300w, https:\/\/becom.digital\/app\/uploads\/2025\/07\/Form-visual-Extra-Members-only-1024x140.png 1024w, https:\/\/becom.digital\/app\/uploads\/2025\/07\/Form-visual-Extra-Members-only-768x105.png 768w, https:\/\/becom.digital\/app\/uploads\/2025\/07\/Form-visual-Extra-Members-only-1536x210.png 1536w, https:\/\/becom.digital\/app\/uploads\/2025\/07\/Form-visual-Extra-Members-only-2048x280.png 2048w\" sizes=\"auto, (max-width: 2560px) 100vw, 2560px\" \/><\/div>[\/vc_column][\/vc_row][vc_row][vc_column width=&#8221;1\/1&#8243;]<div class=\"spacer\" style=\"height: 25px;\"><\/div>[vc_column_text]<\/p>\n<p data-start=\"0\" data-end=\"369\">Le vendredi 21 f\u00e9vrier, Becom organise un webinaire pour ses membres. Lors de cet \u00e9v\u00e9nement, nous aborderons les nouvelles mesures de la Commission europ\u00e9enne visant \u00e0 rendre l\u2019importation en e-commerce plus s\u00fbre et plus durable. Ces mesures favorisent une concurrence \u00e9quitable entre les entreprises au sein et en dehors de l\u2019UE et suscitent de nombreuses questions.<\/p>\n<p data-start=\"371\" data-end=\"461\">Nous vous aidons \u00e0 mieux comprendre ces changements et leur impact sur votre entreprise.<\/p>\n<p data-start=\"463\" data-end=\"508\" data-is-last-node=\"\"><strong data-start=\"463\" data-end=\"508\" data-is-last-node=\"\">Inscrivez-vous d\u00e8s maintenant ci-dessous.<\/strong><\/p>\n<p>[\/vc_column_text][\/vc_column][\/vc_row][vc_row][vc_column width=&#8221;1\/1&#8243;]<p class=\"gform_not_found\">Oups\u00a0! Nous n\u2019avons pas retrouv\u00e9 votre formulaire.<\/p>[\/vc_column][\/vc_row]<\/p>\n<\/div>","protected":false},"excerpt":{"rendered":"<p>[vc_row type=&#8221;full_width_section&#8221;][vc_column width=&#8221;1\/1&#8243;][\/vc_column][\/vc_row][vc_row][vc_column width=&#8221;1\/1&#8243;][vc_column_text] Le vendredi 21 f\u00e9vrier, Becom organise un webinaire pour ses membres. Lors de cet \u00e9v\u00e9nement, nous aborderons les nouvelles mesures de la Commission europ\u00e9enne visant \u00e0 rendre l\u2019importation en e-commerce plus s\u00fbre et plus durable. Ces mesures favorisent une concurrence \u00e9quitable entre les entreprises au sein et en dehors de l\u2019UE et suscitent de nombreuses questions. Nous vous aidons \u00e0 mieux comprendre ces changements et leur impact sur votre entreprise. Inscrivez-vous d\u00e8s maintenant ci-dessous. [\/vc_column_text][\/vc_column][\/vc_row][vc_row][vc_column width=&#8221;1\/1&#8243;][\/vc_column][\/vc_row]<\/p>\n","protected":false},"author":17,"featured_media":0,"parent":0,"menu_order":0,"comment_status":"closed","ping_status":"closed","template":"","meta":{"_EventAllDay":false,"_EventTimezone":"","_EventStartDate":"","_EventEndDate":"","_EventStartDateUTC":"","_EventEndDateUTC":"","_EventShowMap":false,"_EventShowMapLink":false,"_EventURL":"","_EventCost":"","_EventCostDescription":"","_EventCurrencySymbol":"","_EventCurrencyCode":"","_EventCurrencyPosition":"","_EventDateTimeSeparator":"","_EventTimeRangeSeparator":"","_EventOrganizerID":[],"_EventVenueID":[],"_OrganizerEmail":"","_OrganizerPhone":"","_OrganizerWebsite":"","_VenueAddress":"","_VenueCity":"","_VenueCountry":"","_VenueProvince":"","_VenueState":"","_VenueZip":"","_VenuePhone":"","_VenueURL":"","_VenueStateProvince":"","_VenueLat":"","_VenueLng":"","_VenueShowMap":false,"_VenueShowMapLink":false,"footnotes":""},"test-katrien1":[],"class_list":["post-58753","page","type-page","status-publish","hentry"],"yoast_head":"<!-- This site is optimized with the Yoast SEO plugin v26.4 - https:\/\/yoast.com\/wordpress\/plugins\/seo\/ -->\n<title>Eu Webinar - Becom<\/title>\n<meta name=\"robots\" content=\"index, follow, max-snippet:-1, max-image-preview:large, max-video-preview:-1\" \/>\n<link rel=\"canonical\" href=\"https:\/\/becom.digital\/fr\/eu-webinar\/\" \/>\n<meta property=\"og:locale\" content=\"fr_FR\" \/>\n<meta property=\"og:type\" content=\"article\" \/>\n<meta property=\"og:title\" content=\"Eu Webinar - Becom\" \/>\n<meta property=\"og:description\" content=\"[vc_row type=&#8221;full_width_section&#8221;][vc_column width=&#8221;1\/1&#8243;][\/vc_column][\/vc_row][vc_row][vc_column width=&#8221;1\/1&#8243;][vc_column_text] Le vendredi 21 f\u00e9vrier, Becom organise un webinaire pour ses membres. Lors de cet \u00e9v\u00e9nement, nous aborderons les nouvelles mesures de la Commission europ\u00e9enne visant \u00e0 rendre l\u2019importation en e-commerce plus s\u00fbre et plus durable. Ces mesures favorisent une concurrence \u00e9quitable entre les entreprises au sein et en dehors de l\u2019UE et suscitent de nombreuses questions. Nous vous aidons \u00e0 mieux comprendre ces changements et leur impact sur votre entreprise. Inscrivez-vous d\u00e8s maintenant ci-dessous. [\/vc_column_text][\/vc_column][\/vc_row][vc_row][vc_column width=&#8221;1\/1&#8243;][\/vc_column][\/vc_row]\" \/>\n<meta property=\"og:url\" content=\"https:\/\/becom.digital\/fr\/eu-webinar\/\" \/>\n<meta property=\"og:site_name\" content=\"Becom\" \/>\n<meta property=\"article:publisher\" content=\"https:\/\/www.facebook.com\/Becomdigitalfederation\/\" \/>\n<meta property=\"article:modified_time\" content=\"2025-07-02T07:00:12+00:00\" \/>\n<meta name=\"twitter:card\" content=\"summary_large_image\" \/>\n<meta name=\"twitter:site\" content=\"@becomdigital\" \/>\n<meta name=\"twitter:label1\" content=\"Est. reading time\" \/>\n\t<meta name=\"twitter:data1\" content=\"1 minute\" \/>\n<script type=\"application\/ld+json\" class=\"yoast-schema-graph\">{\"@context\":\"https:\/\/schema.org\",\"@graph\":[{\"@type\":\"WebPage\",\"@id\":\"https:\/\/becom.digital\/fr\/eu-webinar\/\",\"url\":\"https:\/\/becom.digital\/fr\/eu-webinar\/\",\"name\":\"Eu Webinar - Becom\",\"isPartOf\":{\"@id\":\"https:\/\/becom.digital\/fr\/#website\"},\"datePublished\":\"2025-02-12T08:49:38+00:00\",\"dateModified\":\"2025-07-02T07:00:12+00:00\",\"breadcrumb\":{\"@id\":\"https:\/\/becom.digital\/fr\/eu-webinar\/#breadcrumb\"},\"inLanguage\":\"fr-FR\",\"potentialAction\":[{\"@type\":\"ReadAction\",\"target\":[\"https:\/\/becom.digital\/fr\/eu-webinar\/\"]}]},{\"@type\":\"BreadcrumbList\",\"@id\":\"https:\/\/becom.digital\/fr\/eu-webinar\/#breadcrumb\",\"itemListElement\":[{\"@type\":\"ListItem\",\"position\":1,\"name\":\"Home\",\"item\":\"https:\/\/becom.digital\/fr\/\"},{\"@type\":\"ListItem\",\"position\":2,\"name\":\"Eu Webinar\"}]},{\"@type\":\"WebSite\",\"@id\":\"https:\/\/becom.digital\/fr\/#website\",\"url\":\"https:\/\/becom.digital\/fr\/\",\"name\":\"Becom\",\"description\":\"Your digital wings\",\"publisher\":{\"@id\":\"https:\/\/becom.digital\/fr\/#organization\"},\"potentialAction\":[{\"@type\":\"SearchAction\",\"target\":{\"@type\":\"EntryPoint\",\"urlTemplate\":\"https:\/\/becom.digital\/fr\/?s={search_term_string}\"},\"query-input\":{\"@type\":\"PropertyValueSpecification\",\"valueRequired\":true,\"valueName\":\"search_term_string\"}}],\"inLanguage\":\"fr-FR\"},{\"@type\":\"Organization\",\"@id\":\"https:\/\/becom.digital\/fr\/#organization\",\"name\":\"Becom\",\"url\":\"https:\/\/becom.digital\/fr\/\",\"logo\":{\"@type\":\"ImageObject\",\"inLanguage\":\"fr-FR\",\"@id\":\"https:\/\/becom.digital\/fr\/#\/schema\/logo\/image\/\",\"url\":\"https:\/\/becom.digital\/app\/uploads\/2023\/10\/Becom_logo_POS_basic-3-e1697538309895.png\",\"contentUrl\":\"https:\/\/becom.digital\/app\/uploads\/2023\/10\/Becom_logo_POS_basic-3-e1697538309895.png\",\"width\":200,\"height\":72,\"caption\":\"Becom\"},\"image\":{\"@id\":\"https:\/\/becom.digital\/fr\/#\/schema\/logo\/image\/\"},\"sameAs\":[\"https:\/\/www.facebook.com\/Becomdigitalfederation\/\",\"https:\/\/x.com\/becomdigital\",\"https:\/\/www.linkedin.com\/company\/becomfederation\/\",\"https:\/\/www.instagram.com\/becomfederation\/\",\"https:\/\/www.youtube.com\/@becom-federation\",\"https:\/\/open.spotify.com\/show\/0oBItlT3FIpj6AxEqllkta\"]}]}<\/script>\n<!-- \/ Yoast SEO plugin. -->","yoast_head_json":{"title":"Eu Webinar - Becom","robots":{"index":"index","follow":"follow","max-snippet":"max-snippet:-1","max-image-preview":"max-image-preview:large","max-video-preview":"max-video-preview:-1"},"canonical":"https:\/\/becom.digital\/fr\/eu-webinar\/","og_locale":"fr_FR","og_type":"article","og_title":"Eu Webinar - Becom","og_description":"[vc_row type=&#8221;full_width_section&#8221;][vc_column width=&#8221;1\/1&#8243;][\/vc_column][\/vc_row][vc_row][vc_column width=&#8221;1\/1&#8243;][vc_column_text] Le vendredi 21 f\u00e9vrier, Becom organise un webinaire pour ses membres. Lors de cet \u00e9v\u00e9nement, nous aborderons les nouvelles mesures de la Commission europ\u00e9enne visant \u00e0 rendre l\u2019importation en e-commerce plus s\u00fbre et plus durable. Ces mesures favorisent une concurrence \u00e9quitable entre les entreprises au sein et en dehors de l\u2019UE et suscitent de nombreuses questions. Nous vous aidons \u00e0 mieux comprendre ces changements et leur impact sur votre entreprise. Inscrivez-vous d\u00e8s maintenant ci-dessous. [\/vc_column_text][\/vc_column][\/vc_row][vc_row][vc_column width=&#8221;1\/1&#8243;][\/vc_column][\/vc_row]","og_url":"https:\/\/becom.digital\/fr\/eu-webinar\/","og_site_name":"Becom","article_publisher":"https:\/\/www.facebook.com\/Becomdigitalfederation\/","article_modified_time":"2025-07-02T07:00:12+00:00","twitter_card":"summary_large_image","twitter_site":"@becomdigital","twitter_misc":{"Est. reading time":"1 minute"},"schema":{"@context":"https:\/\/schema.org","@graph":[{"@type":"WebPage","@id":"https:\/\/becom.digital\/fr\/eu-webinar\/","url":"https:\/\/becom.digital\/fr\/eu-webinar\/","name":"Eu Webinar - Becom","isPartOf":{"@id":"https:\/\/becom.digital\/fr\/#website"},"datePublished":"2025-02-12T08:49:38+00:00","dateModified":"2025-07-02T07:00:12+00:00","breadcrumb":{"@id":"https:\/\/becom.digital\/fr\/eu-webinar\/#breadcrumb"},"inLanguage":"fr-FR","potentialAction":[{"@type":"ReadAction","target":["https:\/\/becom.digital\/fr\/eu-webinar\/"]}]},{"@type":"BreadcrumbList","@id":"https:\/\/becom.digital\/fr\/eu-webinar\/#breadcrumb","itemListElement":[{"@type":"ListItem","position":1,"name":"Home","item":"https:\/\/becom.digital\/fr\/"},{"@type":"ListItem","position":2,"name":"Eu Webinar"}]},{"@type":"WebSite","@id":"https:\/\/becom.digital\/fr\/#website","url":"https:\/\/becom.digital\/fr\/","name":"Becom","description":"Your digital wings","publisher":{"@id":"https:\/\/becom.digital\/fr\/#organization"},"potentialAction":[{"@type":"SearchAction","target":{"@type":"EntryPoint","urlTemplate":"https:\/\/becom.digital\/fr\/?s={search_term_string}"},"query-input":{"@type":"PropertyValueSpecification","valueRequired":true,"valueName":"search_term_string"}}],"inLanguage":"fr-FR"},{"@type":"Organization","@id":"https:\/\/becom.digital\/fr\/#organization","name":"Becom","url":"https:\/\/becom.digital\/fr\/","logo":{"@type":"ImageObject","inLanguage":"fr-FR","@id":"https:\/\/becom.digital\/fr\/#\/schema\/logo\/image\/","url":"https:\/\/becom.digital\/app\/uploads\/2023\/10\/Becom_logo_POS_basic-3-e1697538309895.png","contentUrl":"https:\/\/becom.digital\/app\/uploads\/2023\/10\/Becom_logo_POS_basic-3-e1697538309895.png","width":200,"height":72,"caption":"Becom"},"image":{"@id":"https:\/\/becom.digital\/fr\/#\/schema\/logo\/image\/"},"sameAs":["https:\/\/www.facebook.com\/Becomdigitalfederation\/","https:\/\/x.com\/becomdigital","https:\/\/www.linkedin.com\/company\/becomfederation\/","https:\/\/www.instagram.com\/becomfederation\/","https:\/\/www.youtube.com\/@becom-federation","https:\/\/open.spotify.com\/show\/0oBItlT3FIpj6AxEqllkta"]}]}},"_links":{"self":[{"href":"https:\/\/becom.digital\/fr\/wp-json\/wp\/v2\/pages\/58753","targetHints":{"allow":["GET"]}}],"collection":[{"href":"https:\/\/becom.digital\/fr\/wp-json\/wp\/v2\/pages"}],"about":[{"href":"https:\/\/becom.digital\/fr\/wp-json\/wp\/v2\/types\/page"}],"author":[{"embeddable":true,"href":"https:\/\/becom.digital\/fr\/wp-json\/wp\/v2\/users\/17"}],"replies":[{"embeddable":true,"href":"https:\/\/becom.digital\/fr\/wp-json\/wp\/v2\/comments?post=58753"}],"version-history":[{"count":3,"href":"https:\/\/becom.digital\/fr\/wp-json\/wp\/v2\/pages\/58753\/revisions"}],"predecessor-version":[{"id":62587,"href":"https:\/\/becom.digital\/fr\/wp-json\/wp\/v2\/pages\/58753\/revisions\/62587"}],"wp:attachment":[{"href":"https:\/\/becom.digital\/fr\/wp-json\/wp\/v2\/media?parent=58753"}],"wp:term":[{"taxonomy":"test-katrien1","embeddable":true,"href":"https:\/\/becom.digital\/fr\/wp-json\/wp\/v2\/test-katrien1?post=58753"}],"curies":[{"name":"wp","href":"https:\/\/api.w.org\/{rel}","templated":true}]}}