{"id":56711,"date":"2025-01-30T08:56:12","date_gmt":"2025-01-30T07:56:12","guid":{"rendered":"https:\/\/becom.digital\/?page_id=56711"},"modified":"2026-01-13T09:35:38","modified_gmt":"2026-01-13T08:35:38","slug":"cookiescan_juridique","status":"publish","type":"page","link":"https:\/\/becom.digital\/fr\/cookiescan_juridique\/","title":{"rendered":"Cookie Scan juridique"},"content":{"rendered":"<div class=\"wpb-content-wrapper\"><p>[vc_row type=&#8221;full_width_section&#8221;][vc_column width=&#8221;1\/1&#8243;]<div class=\"single_image wpb_content_element align-left    \" data-animation=\"none\" data-delay=\"0\"><img loading=\"lazy\" decoding=\"async\" width=\"7040\" height=\"963\" src=\"https:\/\/becom.digital\/app\/uploads\/2025\/04\/Cookiescan-4.png\" class=\"attachment-full\" alt=\"\" title=\"Cookiescan (4)\" srcset=\"https:\/\/becom.digital\/app\/uploads\/2025\/04\/Cookiescan-4.png 7040w, https:\/\/becom.digital\/app\/uploads\/2025\/04\/Cookiescan-4-300x41.png 300w, https:\/\/becom.digital\/app\/uploads\/2025\/04\/Cookiescan-4-1024x140.png 1024w, https:\/\/becom.digital\/app\/uploads\/2025\/04\/Cookiescan-4-768x105.png 768w, https:\/\/becom.digital\/app\/uploads\/2025\/04\/Cookiescan-4-1536x210.png 1536w, https:\/\/becom.digital\/app\/uploads\/2025\/04\/Cookiescan-4-2048x280.png 2048w\" sizes=\"auto, (max-width: 7040px) 100vw, 7040px\" \/><\/div>[\/vc_column][\/vc_row][vc_row][vc_column width=&#8221;1\/2&#8243;]<div class=\"spacer\" style=\"height: 40px;\"><\/div><div class=\"becom-title-banner\"><div class=\"content-wrapper \" style=\"background-color:#ffffff \">Le <strong><span style=\"color: #5e32ca;\">Cookie Scan juridique<\/span><\/strong> porte sur votre <span style=\"color: #5e32ca;\">politique en mati\u00e8re de cookies<\/span>.<\/p>\n<p>Il s&#8217;agit du document d&#8217;information concernant vos cookies et l\u2019utilisation que vous en faites. En tant que boutique en ligne, vous \u00eates tenu d&#8217;expliquer de mani\u00e8re simple et claire \u00e0 vos visiteurs le r\u00f4le des cookies et les raisons pour lesquelles vous souhaitez les placer et\/ou les lire apr\u00e8s avoir obtenu leur consentement juridiquement valable.<div class=\"button-wrapper\" style=\"margin-top: 20px; display: inline-block; width: 100%;\"><a href=\"https:\/\/shop.becom.digital\/cookiescan_juridique\" class=\"button button-appear color-3 medium \" title=\"Demandez votre Cookie Scan juridique ici\" target=\"_blank\">Demandez votre Cookie Scan juridique ici<\/a><\/div><\/div><\/div>[\/vc_column][vc_column width=&#8221;1\/4&#8243;]<div class=\"spacer\" style=\"height: 35px;\"><\/div><div class=\"iconbox  iconbox-style-8 icon-color-custom color-dark clearfix\"><h3><\/h3><i class=\"fa fa-euro boxicon\" style=\"color: #5e32ca;\"><\/i><p>\n<p style=\"text-align: center;\"><strong><span style=\"color: #5e32ca;\">Prix petites entreprises<\/span><\/strong><\/p>\n<p style=\"text-align: center;\">Le co\u00fbt du Cookie Scan juridique unique, incluant conseil &amp; accompagnement, est <strong><span style=\"color: #5e32ca;\">450\u20ac<\/span><\/strong> hors TVA si votre chiffre d&#8217;affaires annuel est <span style=\"color: #5e32ca;\">inf\u00e9rieur \u00e0 5 millions d&#8217;euros<\/span>.<\/p><\/div><div class=\"spacer\" style=\"height: 5px;\"><\/div>[\/vc_column][vc_column width=&#8221;1\/4&#8243;]<div class=\"spacer\" style=\"height: 35px;\"><\/div><div class=\"iconbox  iconbox-style-8 icon-color-custom color-dark clearfix\"><h3><\/h3><i class=\"fa fa-euro boxicon\" style=\"color: #5e32ca;\"><\/i><p>\n<p style=\"text-align: center;\"><strong><span style=\"color: #5e32ca;\">Prix grandes entreprises<\/span><\/strong><\/p>\n<p style=\"text-align: center;\">Le co\u00fbt du Cookie Scan juridique unique, incluant conseil &amp; accompagnement, est <strong><span style=\"color: #5e32ca;\">950\u20ac<\/span><\/strong> hors TVA si votre chiffre d&#8217;affaires annuel est <span style=\"color: #5e32ca;\">sup\u00e9rieur \u00e0 5 millions d&#8217;euros<\/span>.<\/p><\/div><div class=\"spacer\" style=\"height: 5px;\"><\/div>[\/vc_column][\/vc_row][vc_row][vc_column width=&#8221;1\/1&#8243;]<div class=\"newdivider align-center\" style=\"border-bottom-style: solid; border-color: #00ea90; border-bottom-width: 1px; margin-top: 0; margin-bottom: 0; width: 100%; \"><\/div><div class=\"clear\"><\/div><div class=\"becom-title-banner\"><div class=\"content-wrapper \" style=\"background-color:#ffffff \"><\/p>\n<h3><strong><span style=\"color: #5e32ca;\">Que contr\u00f4lons-nous avec le Cookie Scan juridique ?<\/span><\/strong><\/h3>\n<p>Ce scan permet de v\u00e9rifier si vous fournissez <span style=\"color: #5e32ca;\">suffisamment d&#8217;informations<\/span> aux visiteurs de votre site web, si ces informations sont <span style=\"color: #5e32ca;\">suffisamment visibles, compl\u00e8tes et claires<\/span>, et si vous avez <span style=\"color: #5e32ca;\">demand\u00e9 leur consentement de la bonne mani\u00e8re<\/span>.<\/div><\/div>[\/vc_column][\/vc_row][vc_row][vc_column width=&#8221;1\/2&#8243;]<div class=\"spacer\" style=\"height: 40px;\"><\/div><div class=\"iconbox  iconbox-style-8 icon-color-custom color-dark clearfix\"><h3><\/h3><i class=\"fa fa-check-square-o boxicon\" style=\"color: #5e32ca;\"><\/i><p>\n<h4 style=\"text-align: center;\"><strong><span style=\"color: #5e32ca;\">Un consentement valable ?<\/span><\/strong><\/h4>\n<p style=\"text-align: left;\">Pour la plupart des cookies, vous devez d&#8217;abord obtenir <span style=\"color: #5e32ca;\">le consentement de votre visiteur<\/span> avant de pouvoir les utiliser. Ce consentement doit satisfaire \u00e0 toutes les conditions de validit\u00e9 d&#8217;un consentement (au sens du R\u00e8glement g\u00e9n\u00e9ral sur la protection des donn\u00e9es &#8211; RGPD).<\/p>\n<p style=\"text-align: left;\">Le consentement du visiteur doit donc \u00eatre pr\u00e9c\u00e9d\u00e9 par la fourniture d&#8217;informations pr\u00e9cises concernant le responsable du traitement, les finalit\u00e9s pour lesquelles les cookies et autres traceurs sont plac\u00e9s ou lus, les donn\u00e9es qu&#8217;ils collectent ainsi que la dur\u00e9e de vie de ces cookies.<br \/>\nLes informations doivent \u00e9galement porter sur l&#8217;\u00e9ventuelle utilisation de ces donn\u00e9es aux fins d\u2019une prise de d\u00e9cision automatis\u00e9e ainsi que sur les droits des personnes concern\u00e9es, tels que d\u00e9finis par le RGPD. En outre, votre visiteur doit pouvoir retirer \u00e0 tout moment son consentement au placement et\/ou \u00e0 la lecture de cookies.<\/p><\/div>[\/vc_column][vc_column width=&#8221;1\/2&#8243;]<div class=\"spacer\" style=\"height: 40px;\"><\/div><div class=\"iconbox  iconbox-style-8 icon-color-custom color-dark clearfix\"><h3><\/h3><i class=\"fa fa-check-square-o boxicon\" style=\"color: #5e32ca;\"><\/i><p>\n<h4 style=\"text-align: center;\"><strong><span style=\"color: #5e32ca;\">Suffisamment inform\u00e9 ?<\/span><\/strong><\/h4>\n<p style=\"text-align: left;\">Le scan juridique veille \u00e0 ce que votre politique en mati\u00e8re de cookies contienne les informations requises concernant <span style=\"color: #5e32ca;\">les types de cookies<\/span>, <span style=\"color: #5e32ca;\">la finalit\u00e9 de leur utilisation<\/span>, <span style=\"color: #5e32ca;\">les donn\u00e9es qu&#8217;ils collectent<\/span> ainsi que leur <span style=\"color: #5e32ca;\">dur\u00e9e de vie<\/span>.<\/p>\n<p style=\"text-align: left;\">Nous veillons \u00e9galement \u00e0 ce que les cookies lus lors du scan technique soient correctement cat\u00e9goris\u00e9s dans votre politique en mati\u00e8re de cookies. Pour assurer une couverture compl\u00e8te, le scan technique doit d\u2019abord \u00eatre r\u00e9alis\u00e9 ou fourni par la boutique en ligne elle-m\u00eame \u00e0 l&#8217;aide d&#8217;un scanner de cookies.<br \/>\nSans l\u2019aper\u00e7u des cookies plac\u00e9s sur votre site web, il est impossible de fournir une politique compl\u00e8te en mati\u00e8re de cookies.<\/p><\/div>[\/vc_column][\/vc_row][vc_row][vc_column width=&#8221;1\/1&#8243;]<div class=\"becom-title-banner\"><div class=\"content-wrapper \" style=\"background-color:#ffffff \"><strong><span style=\"color: #5e32ca;\">ATTENTION<\/span><\/strong>: Ce Cookie Scan juridique ne lit pas les cookies. Pour cela, vous pouvez demander notre audit technique des cookies.<br \/>\nVous trouverez plus d&#8217;informations sur la mani\u00e8re de contr\u00f4ler vos cookies techniquement \u00e0 l&#8217;adresse suivante : <a href=\"https:\/\/becom.digital\/fr\/cookiescan_technique\/\"><span style=\"color: #5e32ca;\">cliquez ici<\/span><\/a>.<\/div><\/div><div class=\"newdivider align-center\" style=\"border-bottom-style: solid; border-color: #00ea90; border-bottom-width: 1px; margin-top: 0; margin-bottom: 0; width: 100%; \"><\/div><div class=\"clear\"><\/div><div class=\"becom-title-banner\"><div class=\"content-wrapper \" style=\"background-color:#ffffff \"><\/p>\n<h3><strong><span style=\"color: #5e32ca;\">Le Cookie Scan juridique en quelques \u00e9tapes.<\/span><\/strong><\/h3>\n<ul>\n<li><strong><span style=\"color: #5e32ca;\">\u00c9tape 1:<\/span> <\/strong>Vous demandez le scan juridique des cookies <a href=\"https:\/\/shop.becom.digital\/Juridische-cookiescan\"><span style=\"color: #5e32ca;\">directement<\/span> <\/a> sur notre boutique en ligne. Pour ce faire, vous fournissez les informations suivantes\u00a0: nom, num\u00e9ro de TVA, nom de domaine et personne de contact.<\/li>\n<li><strong><span style=\"color: #5e32ca;\">\u00c9tape 2:<\/span> <\/strong>Apr\u00e8s avoir pass\u00e9 votre commande, vous nous fournissez l&#8217;un des documents suivants\u00a0:\n<ul>\n<li>Soit, l&#8217;exportation des cookies de votre site web d\u00e9tect\u00e9s, que vous avez re\u00e7ue apr\u00e8s le scan technique r\u00e9alis\u00e9 par MvH Media.<\/li>\n<li>Soit, si vous n&#8217;avez pas effectu\u00e9 de scan technique chez nous, un aper\u00e7u des cookies d\u00e9tect\u00e9s sur votre site web, \u00e0 t\u00e9l\u00e9charger et \u00e0 nous fournir. Ce document sera envoy\u00e9, avec votre demande de scan juridique, au cabinet d&#8217;avocats Nelissen Grade.<\/li>\n<\/ul>\n<\/li>\n<li><strong><span style=\"color: #5e32ca;\">\u00c9tape 3:<\/span>\u00a0<\/strong> Vous recevez votre <span style=\"color: #5e32ca;\">politique en mati\u00e8re de cookies<\/span> de la part du cabinet d&#8217;avocats Nelissen Grade au plus tard 2 \u00e0 3 semaines apr\u00e8s votre commande et la fourniture du document d&#8217;exportation.<\/li>\n<li><strong><span style=\"color: #5e32ca;\">\u00c9tape 4:<\/span>\u00a0<\/strong> Vous avez encore des questions\u00a0? Pas de probl\u00e8me, votre scan juridique comprend \u00e9galement <span style=\"color: #5e32ca;\">une heure de conseil<\/span>, que vous pouvez planifier avec Nelissen Grade. Pour les grandes entreprises, un accompagnement suppl\u00e9mentaire est \u00e9galement pr\u00e9vu.<\/li>\n<\/ul>\n<div class=\"button-wrapper\" style=\"margin-top: 20px; display: inline-block; width: 100%;\"><a href=\"https:\/\/shop.becom.digital\/cookiescan_juridique\" class=\"button button-appear color-3 medium \" title=\"Demandez votre Cookie Scan juridique ici\" target=\"_blank\">Demandez votre Cookie Scan juridique ici<\/a><\/div><\/div><\/div>[\/vc_column][\/vc_row][vc_row bg_image=&#8221;49768&#8243; parallax_bg=&#8221;true&#8221; text_color=&#8221;light&#8221; top_padding=&#8221;20&#8243; bottom_padding=&#8221;20&#8243;][vc_column width=&#8221;1\/6&#8243;]<div class=\"single_image wpb_content_element align-left    \" data-animation=\"none\" data-delay=\"0\"><img loading=\"lazy\" decoding=\"async\" width=\"1365\" height=\"2048\" src=\"https:\/\/becom.digital\/app\/uploads\/2025\/07\/Kim-1.png\" class=\"attachment-full\" alt=\"\" title=\"Kim\" srcset=\"https:\/\/becom.digital\/app\/uploads\/2025\/07\/Kim-1.png 1365w, https:\/\/becom.digital\/app\/uploads\/2025\/07\/Kim-1-200x300.png 200w, https:\/\/becom.digital\/app\/uploads\/2025\/07\/Kim-1-683x1024.png 683w, https:\/\/becom.digital\/app\/uploads\/2025\/07\/Kim-1-768x1152.png 768w, https:\/\/becom.digital\/app\/uploads\/2025\/07\/Kim-1-1024x1536.png 1024w, https:\/\/becom.digital\/app\/uploads\/2025\/07\/Kim-1-400x600.png 400w, https:\/\/becom.digital\/app\/uploads\/2025\/07\/Kim-1-800x1200.png 800w\" sizes=\"auto, (max-width: 1365px) 100vw, 1365px\" \/><\/div>[\/vc_column][vc_column width=&#8221;5\/6&#8243;]<div class=\"spacer\" style=\"height: 20px;\"><\/div>[vc_column_text]<\/p>\n<h3>Avez-vous des questions concernant le Cookie Scan juridique?<br \/>\nContactez-nous.<\/h3>\n<p><strong>Kim D&#8217;hondt<br \/>\nFinance &amp; Administration<\/strong><\/p>\n<p>kim@becom.digital<br \/>\n+32 472 09 73 68[\/vc_column_text][\/vc_column][\/vc_row]<\/p>\n<\/div>","protected":false},"excerpt":{"rendered":"<p>[vc_row type=&#8221;full_width_section&#8221;][vc_column width=&#8221;1\/1&#8243;][\/vc_column][\/vc_row][vc_row][vc_column width=&#8221;1\/2&#8243;][\/vc_column][vc_column width=&#8221;1\/4&#8243;][\/vc_column][vc_column width=&#8221;1\/4&#8243;][\/vc_column][\/vc_row][vc_row][vc_column width=&#8221;1\/1&#8243;][\/vc_column][\/vc_row][vc_row][vc_column width=&#8221;1\/2&#8243;][\/vc_column][vc_column width=&#8221;1\/2&#8243;][\/vc_column][\/vc_row][vc_row][vc_column width=&#8221;1\/1&#8243;][\/vc_column][\/vc_row][vc_row bg_image=&#8221;49768&#8243; parallax_bg=&#8221;true&#8221; text_color=&#8221;light&#8221; top_padding=&#8221;20&#8243; bottom_padding=&#8221;20&#8243;][vc_column width=&#8221;1\/6&#8243;][\/vc_column][vc_column width=&#8221;5\/6&#8243;][vc_column_text] Avez-vous des questions concernant le Cookie Scan juridique? Contactez-nous. Kim D&#8217;hondt Finance &amp; Administration kim@becom.digital +32 472 09 73 68[\/vc_column_text][\/vc_column][\/vc_row]<\/p>\n","protected":false},"author":17,"featured_media":0,"parent":0,"menu_order":0,"comment_status":"closed","ping_status":"closed","template":"","meta":{"_EventAllDay":false,"_EventTimezone":"","_EventStartDate":"","_EventEndDate":"","_EventStartDateUTC":"","_EventEndDateUTC":"","_EventShowMap":false,"_EventShowMapLink":false,"_EventURL":"","_EventCost":"","_EventCostDescription":"","_EventCurrencySymbol":"","_EventCurrencyCode":"","_EventCurrencyPosition":"","_EventDateTimeSeparator":"","_EventTimeRangeSeparator":"","_EventOrganizerID":[],"_EventVenueID":[],"_OrganizerEmail":"","_OrganizerPhone":"","_OrganizerWebsite":"","_VenueAddress":"","_VenueCity":"","_VenueCountry":"","_VenueProvince":"","_VenueState":"","_VenueZip":"","_VenuePhone":"","_VenueURL":"","_VenueStateProvince":"","_VenueLat":"","_VenueLng":"","_VenueShowMap":false,"_VenueShowMapLink":false,"footnotes":""},"test-katrien1":[],"class_list":["post-56711","page","type-page","status-publish","hentry"],"yoast_head":"<!-- This site is optimized with the Yoast SEO plugin v26.4 - https:\/\/yoast.com\/wordpress\/plugins\/seo\/ -->\n<title>Cookie Scan juridique - Becom<\/title>\n<meta name=\"description\" content=\"Pendant ce Cookie Scan juridique de Becom, Nelissen Grade v\u00e9rifie votre cookie policy; le document concernant vos cookies et leur utilisation.\" \/>\n<meta name=\"robots\" content=\"index, follow, max-snippet:-1, max-image-preview:large, max-video-preview:-1\" \/>\n<link rel=\"canonical\" href=\"https:\/\/becom.digital\/fr\/cookiescan_juridique\/\" \/>\n<meta property=\"og:locale\" content=\"fr_FR\" \/>\n<meta property=\"og:type\" content=\"article\" \/>\n<meta property=\"og:title\" content=\"Cookie Scan juridique - Becom\" \/>\n<meta property=\"og:description\" content=\"Pendant ce Cookie Scan juridique de Becom, Nelissen Grade v\u00e9rifie votre cookie policy; le document concernant vos cookies et leur utilisation.\" \/>\n<meta property=\"og:url\" content=\"https:\/\/becom.digital\/fr\/cookiescan_juridique\/\" \/>\n<meta property=\"og:site_name\" content=\"Becom\" \/>\n<meta property=\"article:publisher\" content=\"https:\/\/www.facebook.com\/Becomdigitalfederation\/\" \/>\n<meta property=\"article:modified_time\" content=\"2026-01-13T08:35:38+00:00\" \/>\n<meta name=\"twitter:card\" content=\"summary_large_image\" \/>\n<meta name=\"twitter:site\" content=\"@becomdigital\" \/>\n<meta name=\"twitter:label1\" content=\"Est. reading time\" \/>\n\t<meta name=\"twitter:data1\" content=\"4 minutes\" \/>\n<script type=\"application\/ld+json\" class=\"yoast-schema-graph\">{\"@context\":\"https:\/\/schema.org\",\"@graph\":[{\"@type\":\"WebPage\",\"@id\":\"https:\/\/becom.digital\/fr\/cookiescan_juridique\/\",\"url\":\"https:\/\/becom.digital\/fr\/cookiescan_juridique\/\",\"name\":\"Cookie Scan juridique - Becom\",\"isPartOf\":{\"@id\":\"https:\/\/becom.digital\/fr\/#website\"},\"datePublished\":\"2025-01-30T07:56:12+00:00\",\"dateModified\":\"2026-01-13T08:35:38+00:00\",\"description\":\"Pendant ce Cookie Scan juridique de Becom, Nelissen Grade v\u00e9rifie votre cookie policy; le document concernant vos cookies et leur utilisation.\",\"breadcrumb\":{\"@id\":\"https:\/\/becom.digital\/fr\/cookiescan_juridique\/#breadcrumb\"},\"inLanguage\":\"fr-FR\",\"potentialAction\":[{\"@type\":\"ReadAction\",\"target\":[\"https:\/\/becom.digital\/fr\/cookiescan_juridique\/\"]}]},{\"@type\":\"BreadcrumbList\",\"@id\":\"https:\/\/becom.digital\/fr\/cookiescan_juridique\/#breadcrumb\",\"itemListElement\":[{\"@type\":\"ListItem\",\"position\":1,\"name\":\"Home\",\"item\":\"https:\/\/becom.digital\/fr\/\"},{\"@type\":\"ListItem\",\"position\":2,\"name\":\"Cookie Scan juridique\"}]},{\"@type\":\"WebSite\",\"@id\":\"https:\/\/becom.digital\/fr\/#website\",\"url\":\"https:\/\/becom.digital\/fr\/\",\"name\":\"Becom\",\"description\":\"Your digital wings\",\"publisher\":{\"@id\":\"https:\/\/becom.digital\/fr\/#organization\"},\"potentialAction\":[{\"@type\":\"SearchAction\",\"target\":{\"@type\":\"EntryPoint\",\"urlTemplate\":\"https:\/\/becom.digital\/fr\/?s={search_term_string}\"},\"query-input\":{\"@type\":\"PropertyValueSpecification\",\"valueRequired\":true,\"valueName\":\"search_term_string\"}}],\"inLanguage\":\"fr-FR\"},{\"@type\":\"Organization\",\"@id\":\"https:\/\/becom.digital\/fr\/#organization\",\"name\":\"Becom\",\"url\":\"https:\/\/becom.digital\/fr\/\",\"logo\":{\"@type\":\"ImageObject\",\"inLanguage\":\"fr-FR\",\"@id\":\"https:\/\/becom.digital\/fr\/#\/schema\/logo\/image\/\",\"url\":\"https:\/\/becom.digital\/app\/uploads\/2023\/10\/Becom_logo_POS_basic-3-e1697538309895.png\",\"contentUrl\":\"https:\/\/becom.digital\/app\/uploads\/2023\/10\/Becom_logo_POS_basic-3-e1697538309895.png\",\"width\":200,\"height\":72,\"caption\":\"Becom\"},\"image\":{\"@id\":\"https:\/\/becom.digital\/fr\/#\/schema\/logo\/image\/\"},\"sameAs\":[\"https:\/\/www.facebook.com\/Becomdigitalfederation\/\",\"https:\/\/x.com\/becomdigital\",\"https:\/\/www.linkedin.com\/company\/becomfederation\/\",\"https:\/\/www.instagram.com\/becomfederation\/\",\"https:\/\/www.youtube.com\/@becom-federation\",\"https:\/\/open.spotify.com\/show\/0oBItlT3FIpj6AxEqllkta\"]}]}<\/script>\n<!-- \/ Yoast SEO plugin. -->","yoast_head_json":{"title":"Cookie Scan juridique - Becom","description":"Pendant ce Cookie Scan juridique de Becom, Nelissen Grade v\u00e9rifie votre cookie policy; le document concernant vos cookies et leur utilisation.","robots":{"index":"index","follow":"follow","max-snippet":"max-snippet:-1","max-image-preview":"max-image-preview:large","max-video-preview":"max-video-preview:-1"},"canonical":"https:\/\/becom.digital\/fr\/cookiescan_juridique\/","og_locale":"fr_FR","og_type":"article","og_title":"Cookie Scan juridique - Becom","og_description":"Pendant ce Cookie Scan juridique de Becom, Nelissen Grade v\u00e9rifie votre cookie policy; le document concernant vos cookies et leur utilisation.","og_url":"https:\/\/becom.digital\/fr\/cookiescan_juridique\/","og_site_name":"Becom","article_publisher":"https:\/\/www.facebook.com\/Becomdigitalfederation\/","article_modified_time":"2026-01-13T08:35:38+00:00","twitter_card":"summary_large_image","twitter_site":"@becomdigital","twitter_misc":{"Est. reading time":"4 minutes"},"schema":{"@context":"https:\/\/schema.org","@graph":[{"@type":"WebPage","@id":"https:\/\/becom.digital\/fr\/cookiescan_juridique\/","url":"https:\/\/becom.digital\/fr\/cookiescan_juridique\/","name":"Cookie Scan juridique - Becom","isPartOf":{"@id":"https:\/\/becom.digital\/fr\/#website"},"datePublished":"2025-01-30T07:56:12+00:00","dateModified":"2026-01-13T08:35:38+00:00","description":"Pendant ce Cookie Scan juridique de Becom, Nelissen Grade v\u00e9rifie votre cookie policy; le document concernant vos cookies et leur utilisation.","breadcrumb":{"@id":"https:\/\/becom.digital\/fr\/cookiescan_juridique\/#breadcrumb"},"inLanguage":"fr-FR","potentialAction":[{"@type":"ReadAction","target":["https:\/\/becom.digital\/fr\/cookiescan_juridique\/"]}]},{"@type":"BreadcrumbList","@id":"https:\/\/becom.digital\/fr\/cookiescan_juridique\/#breadcrumb","itemListElement":[{"@type":"ListItem","position":1,"name":"Home","item":"https:\/\/becom.digital\/fr\/"},{"@type":"ListItem","position":2,"name":"Cookie Scan juridique"}]},{"@type":"WebSite","@id":"https:\/\/becom.digital\/fr\/#website","url":"https:\/\/becom.digital\/fr\/","name":"Becom","description":"Your digital wings","publisher":{"@id":"https:\/\/becom.digital\/fr\/#organization"},"potentialAction":[{"@type":"SearchAction","target":{"@type":"EntryPoint","urlTemplate":"https:\/\/becom.digital\/fr\/?s={search_term_string}"},"query-input":{"@type":"PropertyValueSpecification","valueRequired":true,"valueName":"search_term_string"}}],"inLanguage":"fr-FR"},{"@type":"Organization","@id":"https:\/\/becom.digital\/fr\/#organization","name":"Becom","url":"https:\/\/becom.digital\/fr\/","logo":{"@type":"ImageObject","inLanguage":"fr-FR","@id":"https:\/\/becom.digital\/fr\/#\/schema\/logo\/image\/","url":"https:\/\/becom.digital\/app\/uploads\/2023\/10\/Becom_logo_POS_basic-3-e1697538309895.png","contentUrl":"https:\/\/becom.digital\/app\/uploads\/2023\/10\/Becom_logo_POS_basic-3-e1697538309895.png","width":200,"height":72,"caption":"Becom"},"image":{"@id":"https:\/\/becom.digital\/fr\/#\/schema\/logo\/image\/"},"sameAs":["https:\/\/www.facebook.com\/Becomdigitalfederation\/","https:\/\/x.com\/becomdigital","https:\/\/www.linkedin.com\/company\/becomfederation\/","https:\/\/www.instagram.com\/becomfederation\/","https:\/\/www.youtube.com\/@becom-federation","https:\/\/open.spotify.com\/show\/0oBItlT3FIpj6AxEqllkta"]}]}},"_links":{"self":[{"href":"https:\/\/becom.digital\/fr\/wp-json\/wp\/v2\/pages\/56711","targetHints":{"allow":["GET"]}}],"collection":[{"href":"https:\/\/becom.digital\/fr\/wp-json\/wp\/v2\/pages"}],"about":[{"href":"https:\/\/becom.digital\/fr\/wp-json\/wp\/v2\/types\/page"}],"author":[{"embeddable":true,"href":"https:\/\/becom.digital\/fr\/wp-json\/wp\/v2\/users\/17"}],"replies":[{"embeddable":true,"href":"https:\/\/becom.digital\/fr\/wp-json\/wp\/v2\/comments?post=56711"}],"version-history":[{"count":39,"href":"https:\/\/becom.digital\/fr\/wp-json\/wp\/v2\/pages\/56711\/revisions"}],"predecessor-version":[{"id":64532,"href":"https:\/\/becom.digital\/fr\/wp-json\/wp\/v2\/pages\/56711\/revisions\/64532"}],"wp:attachment":[{"href":"https:\/\/becom.digital\/fr\/wp-json\/wp\/v2\/media?parent=56711"}],"wp:term":[{"taxonomy":"test-katrien1","embeddable":true,"href":"https:\/\/becom.digital\/fr\/wp-json\/wp\/v2\/test-katrien1?post=56711"}],"curies":[{"name":"wp","href":"https:\/\/api.w.org\/{rel}","templated":true}]}}