{"id":56681,"date":"2025-01-30T07:56:54","date_gmt":"2025-01-30T06:56:54","guid":{"rendered":"https:\/\/becom.digital\/?page_id=56681"},"modified":"2025-07-02T16:08:32","modified_gmt":"2025-07-02T14:08:32","slug":"cookiescan_technique","status":"publish","type":"page","link":"https:\/\/becom.digital\/fr\/cookiescan_technique\/","title":{"rendered":"Cookie Scan technique"},"content":{"rendered":"<div class=\"wpb-content-wrapper\"><p>[vc_row type=&#8221;full_width_section&#8221;][vc_column width=&#8221;1\/1&#8243;]<div class=\"single_image wpb_content_element align-left    \" data-animation=\"none\" data-delay=\"0\"><img loading=\"lazy\" decoding=\"async\" width=\"7040\" height=\"963\" src=\"https:\/\/becom.digital\/app\/uploads\/2025\/04\/Cookiescan-3.png\" class=\"attachment-full\" alt=\"\" title=\"Cookiescan (3)\" srcset=\"https:\/\/becom.digital\/app\/uploads\/2025\/04\/Cookiescan-3.png 7040w, https:\/\/becom.digital\/app\/uploads\/2025\/04\/Cookiescan-3-300x41.png 300w, https:\/\/becom.digital\/app\/uploads\/2025\/04\/Cookiescan-3-1024x140.png 1024w, https:\/\/becom.digital\/app\/uploads\/2025\/04\/Cookiescan-3-768x105.png 768w, https:\/\/becom.digital\/app\/uploads\/2025\/04\/Cookiescan-3-1536x210.png 1536w, https:\/\/becom.digital\/app\/uploads\/2025\/04\/Cookiescan-3-2048x280.png 2048w\" sizes=\"auto, (max-width: 7040px) 100vw, 7040px\" \/><\/div>[\/vc_column][\/vc_row][vc_row][vc_column width=&#8221;3\/4&#8243;]<div class=\"spacer\" style=\"height: 40px;\"><\/div><div class=\"becom-title-banner\"><div class=\"content-wrapper \" style=\"background-color:#ffffff \">Pour le <strong><span style=\"color: #5e32ca;\">Cookie Scan technique<\/span><\/strong>, Follo proc\u00e8de \u00e0 des contr\u00f4les de votre banni\u00e8re de cookies et de son fonctionnement. Ces contr\u00f4les portent sur plusieurs outils et domaines, dont <span style=\"color: #5e32ca;\"> (la banni\u00e8re de) votre site Web<\/span>, la <span style=\"color: #5e32ca;\">plate-forme de gestion de consentement utilis\u00e9e<\/span>, <span style=\"color: #5e32ca;\">Google Analytics<\/span> et <span style=\"color: #5e32ca;\">Google Tag Manager<\/span>. Lors de cette analyse technique, Follo va analyser tous ces \u00e9l\u00e9ments.<\/p>\n<p>Au terme de l\u2019analyse, vous recevrez <span style=\"color: #5e32ca;\">un rapport avec des conseils<\/span> (en n\u00e9erlandais ou en anglais) qui vous aideront \u00e0 param\u00e9trer correctement votre banni\u00e8re de cookies ainsi qu\u2019une exportation de cookies d\u00e9tect\u00e9s sur votre site Web.<div class=\"button-wrapper\" style=\"margin-top: 20px; display: inline-block; width: 100%;\"><a href=\"https:\/\/shop.becom.digital\/cookiescan_technique\" class=\"button button-appear color-3 medium \" title=\"Demandez votre Cookie Scan technique ici\" target=\"_blank\">Demandez votre Cookie Scan technique ici<\/a><\/div><\/div><\/div>[\/vc_column][vc_column width=&#8221;1\/4&#8243;]<div class=\"spacer\" style=\"height: 35px;\"><\/div><div class=\"iconbox  iconbox-style-8 icon-color-custom color-dark clearfix\"><h3><\/h3><i class=\"fa fa-euro boxicon\" style=\"color: #5e32ca;\"><\/i><p><strong><span style=\"color: #5e32ca;\">Prix<\/span><\/strong><\/p>\n<p>Ce Cookie Scan technique unique, les conseils et l\u2019accompagnement qui vont de pair vous co\u00fbteront <span style=\"color: #5e32ca;\"><strong>395\u20ac<\/strong><\/span> HTVA.<\/p><\/div><div class=\"spacer\" style=\"height: 5px;\"><\/div>[\/vc_column][\/vc_row][vc_row][vc_column width=&#8221;1\/1&#8243;]<div class=\"newdivider align-center\" style=\"border-bottom-style: solid; border-color: #00ea90; border-bottom-width: 1px; margin-top: 0; margin-bottom: 0; width: 100%; \"><\/div><div class=\"clear\"><\/div><div class=\"becom-title-banner\"><div class=\"content-wrapper \" style=\"background-color:#ffffff \"><\/p>\n<h3><strong><span style=\"color: #5e32ca;\">Que contr\u00f4lons-nous dans le cadre de cette analyse technique\u00a0?<\/span><\/strong><\/h3>\n<p>Ce Cookie Scan analyse votre <span style=\"color: #5e32ca;\">Consent Management Setup<\/span>, l\u2019application correcte des \u00e9ventuels <span style=\"color: #5e32ca;\">consentements (consent)<\/span> de l\u2019utilisateur et leur <span style=\"color: #5e32ca;\">mise en \u0153uvre<\/span> sur votre site Web.<\/div><\/div>[\/vc_column][\/vc_row][vc_row][vc_column width=&#8221;1\/3&#8243;]<div class=\"spacer\" style=\"height: 40px;\"><\/div><div class=\"iconbox  iconbox-style-8 icon-color-custom color-dark clearfix\"><h3><\/h3><i class=\"fa fa-check-square-o boxicon\" style=\"color: #5e32ca;\"><\/i><p>\n<h4 style=\"text-align: center;\"><strong><span style=\"color: #5e32ca;\">Consent Management Setup<\/span><\/strong><\/h4>\n<p style=\"text-align: left;\">Dans cette partie, Follo passe au crible les param\u00e8tres de votre module de gestion des consentements (Consent Management Module). Ce module fait en sorte que <span style=\"color: #5e32ca;\">les visiteurs puissent ou non donner leurs pr\u00e9f\u00e9rences en mati\u00e8re de cookies et de trackers<\/span>.<\/p>\n<p style=\"text-align: left;\">Une configuration ad\u00e9quate constitue la fondation de votre Cookie Setup. Ce setup doit en fin de compte correspondre \u00e0 votre politique de cookies. Follo pr\u00e9sente de mani\u00e8re claire votre setup effectif et vous aide ainsi \u00e0 satisfaire \u00e0 la l\u00e9gislation.<\/p><\/div>[\/vc_column][vc_column width=&#8221;1\/3&#8243;]<div class=\"spacer\" style=\"height: 40px;\"><\/div><div class=\"iconbox  iconbox-style-8 icon-color-custom color-dark clearfix\"><h3><\/h3><i class=\"fa fa-check-square-o boxicon\" style=\"color: #5e32ca;\"><\/i><p>\n<h4 style=\"text-align: center;\"><strong><span style=\"color: #5e32ca;\">Consent mode<\/span><\/strong><\/h4>\n<p style=\"text-align: left;\">Cet \u00e9l\u00e9ment adapte le comportement des cookies et du tra\u00e7age en fonction du consentement de l\u2019utilisateur.<\/p>\n<p style=\"text-align: left;\">Car <span style=\"color: #5e32ca;\">vous devez tenir dans la pratique les promesses que vous faites dans votre banni\u00e8re de cookies<\/span>, et ne recueillir et ne traiter que les donn\u00e9es pour lesquelles l\u2019utilisateur donne son consentement.<\/p>\n<p style=\"text-align: left;\">Vous communiquez ces pr\u00e9f\u00e9rences avec Google ou Bing et contribuez \u00e0 respecter les choix de l\u2019utilisateur final.<\/p><\/div>[\/vc_column][vc_column width=&#8221;1\/3&#8243;]<div class=\"spacer\" style=\"height: 40px;\"><\/div><div class=\"iconbox  iconbox-style-8 icon-color-custom color-dark clearfix\"><h3><\/h3><i class=\"fa fa-check-square-o boxicon\" style=\"color: #5e32ca;\"><\/i><p>\n<h4 style=\"text-align: center;\"><strong><span style=\"color: #5e32ca;\">Website scan<\/span><\/strong><\/h4>\n<p style=\"text-align: left;\">Lors d\u2019un Website Scan, nous contr\u00f4lons <span style=\"color: #5e32ca;\">la pr\u00e9sence de cookies, la politique de confidentialit\u00e9 et\/ou la politique de cookies<\/span>.<\/p>\n<p style=\"text-align: left;\">Les r\u00e9sultats des contr\u00f4les effectu\u00e9s apparaissent directement dans le Cookie Scan.<\/p>\n<p style=\"text-align: left;\">Vous recevez \u00e9galement une exportation de tous les cookies d\u00e9tect\u00e9s sur le site en annexe.<\/p><\/div>[\/vc_column][\/vc_row][vc_row][vc_column width=&#8221;1\/1&#8243;]<div class=\"becom-title-banner\"><div class=\"content-wrapper \" style=\"background-color:#ffffff \"><strong><span style=\"color: #5e32ca;\">ATTENTION<\/span><\/strong>: aucun contr\u00f4le juridique n\u2019est effectu\u00e9 sur la politique de confidentialit\u00e9 et la politique en mati\u00e8re de cookies proprement dites. Mais vous pouvez utiliser l\u2019annexe pour contr\u00f4ler votre politique de cookies dans la pratique. Pour une certitude compl\u00e8te, nous vous conseillons de proc\u00e9der au moins une fois \u00e0 une analyse juridique de votre politique en mati\u00e8re de cookies.<\/p>\n<p>Pour de plus amples informations sur le contr\u00f4le juridique de votre politique en mati\u00e8re de cookies, <a href=\"https:\/\/becom.digital\/fr\/cookiescan_juridique\/\"><u><span style=\"color: #5e32ca;\">cliquez ici<\/span><\/u><\/a>.<\/div><\/div><div class=\"newdivider align-center\" style=\"border-bottom-style: solid; border-color: #00ea90; border-bottom-width: 1px; margin-top: 0; margin-bottom: 0; width: 100%; \"><\/div><div class=\"clear\"><\/div><div class=\"becom-title-banner\"><div class=\"content-wrapper \" style=\"background-color:#ffffff \"><\/p>\n<h3><strong><span style=\"color: #5e32ca;\">Le Cookie Scan technique en quelques \u00e9tapes.<\/span><\/strong><\/h3>\n<ul>\n<li><strong><span style=\"color: #5e32ca;\">\u00c9tape 1<\/span><\/strong>:\u00a0Vous demandez le Cookie Scan <a href=\"https:\/\/shop.becom.digital\/cookiescan_technique\">ici<\/a>, sur notre boutique en ligne.<br \/>\n\u00c0 cette occasion, vous communiquez les donn\u00e9es suivantes : nom, TVA, nom de domaine et personne de contact.<\/li>\n<li><strong><span style=\"color: #5e32ca;\">\u00c9tape 2<\/span><\/strong>: Dans les deux semaines, Follo prend contact avec vous pour discuter du lancement de l\u2019analyse.<\/li>\n<li><strong><span style=\"color: #5e32ca;\">\u00c9tape 3<\/span><\/strong>: Au plus tard deux \u00e0 trois semaines apr\u00e8s votre demande, vous recevez <span style=\"color: #5e32ca;\">un rapport<\/span> de Follo avec leurs conseils et <span style=\"color: #5e32ca;\">une exportation des cookies d\u00e9tect\u00e9s<\/span>. Vous disposez ainsi de recommandations concr\u00e8tes sur les possibilit\u00e9s de rectifier les \u00e9l\u00e9ments qui ne sont pas parfaitement en r\u00e8gle.<\/li>\n<\/ul>\n<div class=\"button-wrapper\" style=\"margin-top: 20px; display: inline-block; width: 100%;\"><a href=\"https:\/\/shop.becom.digital\/cookiescan_technique\" class=\"button button-appear color-3 medium \" title=\"Demandez votre Cookie Scan technique ici\" target=\"_blank\">Demandez votre Cookie Scan technique ici<\/a><\/div><\/div><\/div><div class=\"newdivider align-center\" style=\"border-bottom-style: solid; border-color: #00ea90; border-bottom-width: 1px; margin-top: 0; margin-bottom: 0; width: 100%; \"><\/div><div class=\"clear\"><\/div>[\/vc_column][vc_column]<div class=\"becom-title-banner\"><div class=\"content-wrapper \" style=\"background-color:#ffffff \"><\/p>\n<h3><strong><span style=\"color: #5e32ca;\">Questions fr\u00e9quentes<\/span><\/strong><\/h3>\n<p><\/div><\/div>[vc_tta_accordion style=&#8221;modern&#8221; gap=&#8221;3&#8243; c_icon=&#8221;chevron&#8221; active_section=&#8221;0&#8243; collapsible_all=&#8221;true&#8221;][vc_tta_section title=&#8221;Pourquoi est-il important le Consent Management Setup ?&#8221; tab_id=&#8221;1738157031458-12665219-84c8&#8243;]<div class=\"becom-title-banner\"><div class=\"content-wrapper \" style=\"background-color: \"><\/p>\n<ul>\n<li>Une banni\u00e8re de cookies visuellement attrayante, fiable et reconnaissable augmente le pourcentage d\u2019utilisateurs dispos\u00e9s \u00e0 donner leur consentement.<\/li>\n<li>Elle contribue \u00e0 satisfaire \u00e0 la l\u00e9gislation et \u00e0 cr\u00e9er un environnement fiable pour l\u2019utilisateur final.<\/li>\n<li>De nombreux sites Web souffrent d\u2019une banni\u00e8re de cookies dysfonctionnelle. R\u00e9sultat\u00a0: ils voient leur \u00e9chapper des donn\u00e9es importantes ou n\u2019obtiennent pas d\u2019informations compl\u00e8tes.<\/li>\n<li>Vous \u00eates parfaitement pr\u00e9par\u00e9s aux futurs changements impos\u00e9s par les plates-formes et\/ou la l\u00e9gislation.<\/li>\n<\/ul>\n<p><\/div><\/div>[\/vc_tta_section][vc_tta_section title=&#8221;Pourquoi est-il important le Consent Mode ?&#8221; tab_id=&#8221;1738170753000-b7676c50-3a0f&#8221;]<div class=\"becom-title-banner\"><div class=\"content-wrapper \" style=\"background-color: \"><\/p>\n<ul>\n<li>Obligatoire depuis mars 2024 pour ceux qui font des publicit\u00e9s sur la plate-forme Google Ads et \u00e0 partir de la mi-2024 pour Bing.<\/li>\n<li>Donne la possibilit\u00e9 de compl\u00e9ter les donn\u00e9es manquantes avec des donn\u00e9es mod\u00e9lis\u00e9es. De ce fait, vous comblez les lacunes dans\u00a0les donn\u00e9es des utilisateurs qui ne donnent pas leur consentement.<\/li>\n<li>Aide \u00e0 respecter la r\u00e9glementation RGPD<\/li>\n<\/ul>\n<p><\/div><\/div>[\/vc_tta_section][vc_tta_section title=&#8221;Pourquoi est-il important le Website Scan ?&#8221; tab_id=&#8221;1738170743784-2e4789a9-0cea&#8221;]<div class=\"becom-title-banner\"><div class=\"content-wrapper \" style=\"background-color: \"><\/p>\n<ul>\n<li>Vous aurez une id\u00e9e claire des cookies qui sont charg\u00e9s sur votre site Web.<\/li>\n<li>Sans politique de confidentialit\u00e9 et politique en mati\u00e8re de cookies, vous ne respectez pas la l\u00e9gislation.<\/li>\n<li>Des mises \u00e0 jour automatiques de vos cookies vous aident \u00e0 maintenir \u00e0 jour votre politique de cookies.<\/li>\n<\/ul>\n<p><\/div><\/div>[\/vc_tta_section][\/vc_tta_accordion]<div class=\"spacer\" style=\"height: 20px;\"><\/div>[\/vc_column][\/vc_row][vc_row bg_image=&#8221;49768&#8243; parallax_bg=&#8221;true&#8221; text_color=&#8221;light&#8221; top_padding=&#8221;20&#8243; bottom_padding=&#8221;20&#8243;][vc_column width=&#8221;1\/6&#8243;]<div class=\"single_image wpb_content_element align-left    \" data-animation=\"none\" data-delay=\"0\"><img loading=\"lazy\" decoding=\"async\" width=\"1365\" height=\"2048\" src=\"https:\/\/becom.digital\/app\/uploads\/2025\/07\/Kim-1.png\" class=\"attachment-full\" alt=\"\" title=\"Kim\" srcset=\"https:\/\/becom.digital\/app\/uploads\/2025\/07\/Kim-1.png 1365w, https:\/\/becom.digital\/app\/uploads\/2025\/07\/Kim-1-200x300.png 200w, https:\/\/becom.digital\/app\/uploads\/2025\/07\/Kim-1-683x1024.png 683w, https:\/\/becom.digital\/app\/uploads\/2025\/07\/Kim-1-768x1152.png 768w, https:\/\/becom.digital\/app\/uploads\/2025\/07\/Kim-1-1024x1536.png 1024w, https:\/\/becom.digital\/app\/uploads\/2025\/07\/Kim-1-400x600.png 400w, https:\/\/becom.digital\/app\/uploads\/2025\/07\/Kim-1-800x1200.png 800w\" sizes=\"auto, (max-width: 1365px) 100vw, 1365px\" \/><\/div>[\/vc_column][vc_column width=&#8221;5\/6&#8243;]<div class=\"spacer\" style=\"height: 20px;\"><\/div>[vc_column_text]<\/p>\n<h3>Avez-vous des questions concernant le Cookie Scan technique?<br \/>\nContactez-nous.<\/h3>\n<p><strong>Kim D&#8217;hondt<br \/>\nFinance &amp; Administration<\/strong><\/p>\n<p>kim@becom.digital<br \/>\n+32 472 09 73 68[\/vc_column_text][\/vc_column][\/vc_row]<\/p>\n<\/div>","protected":false},"excerpt":{"rendered":"<p>[vc_row type=&#8221;full_width_section&#8221;][vc_column width=&#8221;1\/1&#8243;][\/vc_column][\/vc_row][vc_row][vc_column width=&#8221;3\/4&#8243;][\/vc_column][vc_column width=&#8221;1\/4&#8243;][\/vc_column][\/vc_row][vc_row][vc_column width=&#8221;1\/1&#8243;][\/vc_column][\/vc_row][vc_row][vc_column width=&#8221;1\/3&#8243;][\/vc_column][vc_column width=&#8221;1\/3&#8243;][\/vc_column][vc_column width=&#8221;1\/3&#8243;][\/vc_column][\/vc_row][vc_row][vc_column width=&#8221;1\/1&#8243;][\/vc_column][vc_column][vc_tta_accordion style=&#8221;modern&#8221; gap=&#8221;3&#8243; c_icon=&#8221;chevron&#8221; active_section=&#8221;0&#8243; collapsible_all=&#8221;true&#8221;][vc_tta_section title=&#8221;Pourquoi est-il important le Consent Management Setup ?&#8221; tab_id=&#8221;1738157031458-12665219-84c8&#8243;][\/vc_tta_section][vc_tta_section title=&#8221;Pourquoi est-il important le Consent Mode ?&#8221; tab_id=&#8221;1738170753000-b7676c50-3a0f&#8221;][\/vc_tta_section][vc_tta_section title=&#8221;Pourquoi est-il important le Website Scan ?&#8221; tab_id=&#8221;1738170743784-2e4789a9-0cea&#8221;][\/vc_tta_section][\/vc_tta_accordion][\/vc_column][\/vc_row][vc_row bg_image=&#8221;49768&#8243; parallax_bg=&#8221;true&#8221; text_color=&#8221;light&#8221; top_padding=&#8221;20&#8243; bottom_padding=&#8221;20&#8243;][vc_column width=&#8221;1\/6&#8243;][\/vc_column][vc_column width=&#8221;5\/6&#8243;][vc_column_text] Avez-vous des questions concernant le Cookie Scan technique? Contactez-nous. Kim D&#8217;hondt Finance &amp; Administration kim@becom.digital +32 472 09 73 68[\/vc_column_text][\/vc_column][\/vc_row]<\/p>\n","protected":false},"author":17,"featured_media":0,"parent":0,"menu_order":0,"comment_status":"closed","ping_status":"closed","template":"","meta":{"_EventAllDay":false,"_EventTimezone":"","_EventStartDate":"","_EventEndDate":"","_EventStartDateUTC":"","_EventEndDateUTC":"","_EventShowMap":false,"_EventShowMapLink":false,"_EventURL":"","_EventCost":"","_EventCostDescription":"","_EventCurrencySymbol":"","_EventCurrencyCode":"","_EventCurrencyPosition":"","_EventDateTimeSeparator":"","_EventTimeRangeSeparator":"","_EventOrganizerID":[],"_EventVenueID":[],"_OrganizerEmail":"","_OrganizerPhone":"","_OrganizerWebsite":"","_VenueAddress":"","_VenueCity":"","_VenueCountry":"","_VenueProvince":"","_VenueState":"","_VenueZip":"","_VenuePhone":"","_VenueURL":"","_VenueStateProvince":"","_VenueLat":"","_VenueLng":"","_VenueShowMap":false,"_VenueShowMapLink":false,"footnotes":""},"test-katrien1":[],"class_list":["post-56681","page","type-page","status-publish","hentry"],"yoast_head":"<!-- This site is optimized with the Yoast SEO plugin v26.4 - https:\/\/yoast.com\/wordpress\/plugins\/seo\/ -->\n<title>Cookie Scan technique - Becom<\/title>\n<meta name=\"description\" content=\"Pendant le Cookie Scan technique de Becom , MvH Media analyse votre banni\u00e8re de cookies et le fonctionnement de la banni\u00e8re de cookies.\" \/>\n<meta name=\"robots\" content=\"index, follow, max-snippet:-1, max-image-preview:large, max-video-preview:-1\" \/>\n<link rel=\"canonical\" href=\"https:\/\/becom.digital\/fr\/cookiescan_technique\/\" \/>\n<meta property=\"og:locale\" content=\"fr_FR\" \/>\n<meta property=\"og:type\" content=\"article\" \/>\n<meta property=\"og:title\" content=\"Cookie Scan technique - Becom\" \/>\n<meta property=\"og:description\" content=\"Pendant le Cookie Scan technique de Becom , MvH Media analyse votre banni\u00e8re de cookies et le fonctionnement de la banni\u00e8re de cookies.\" \/>\n<meta property=\"og:url\" content=\"https:\/\/becom.digital\/fr\/cookiescan_technique\/\" \/>\n<meta property=\"og:site_name\" content=\"Becom\" \/>\n<meta property=\"article:publisher\" content=\"https:\/\/www.facebook.com\/Becomdigitalfederation\/\" \/>\n<meta property=\"article:modified_time\" content=\"2025-07-02T14:08:32+00:00\" \/>\n<meta name=\"twitter:card\" content=\"summary_large_image\" \/>\n<meta name=\"twitter:site\" content=\"@becomdigital\" \/>\n<meta name=\"twitter:label1\" content=\"Est. reading time\" \/>\n\t<meta name=\"twitter:data1\" content=\"5 minutes\" \/>\n<script type=\"application\/ld+json\" class=\"yoast-schema-graph\">{\"@context\":\"https:\/\/schema.org\",\"@graph\":[{\"@type\":\"WebPage\",\"@id\":\"https:\/\/becom.digital\/fr\/cookiescan_technique\/\",\"url\":\"https:\/\/becom.digital\/fr\/cookiescan_technique\/\",\"name\":\"Cookie Scan technique - Becom\",\"isPartOf\":{\"@id\":\"https:\/\/becom.digital\/fr\/#website\"},\"datePublished\":\"2025-01-30T06:56:54+00:00\",\"dateModified\":\"2025-07-02T14:08:32+00:00\",\"description\":\"Pendant le Cookie Scan technique de Becom , MvH Media analyse votre banni\u00e8re de cookies et le fonctionnement de la banni\u00e8re de cookies.\",\"breadcrumb\":{\"@id\":\"https:\/\/becom.digital\/fr\/cookiescan_technique\/#breadcrumb\"},\"inLanguage\":\"fr-FR\",\"potentialAction\":[{\"@type\":\"ReadAction\",\"target\":[\"https:\/\/becom.digital\/fr\/cookiescan_technique\/\"]}]},{\"@type\":\"BreadcrumbList\",\"@id\":\"https:\/\/becom.digital\/fr\/cookiescan_technique\/#breadcrumb\",\"itemListElement\":[{\"@type\":\"ListItem\",\"position\":1,\"name\":\"Home\",\"item\":\"https:\/\/becom.digital\/fr\/\"},{\"@type\":\"ListItem\",\"position\":2,\"name\":\"Cookie Scan technique\"}]},{\"@type\":\"WebSite\",\"@id\":\"https:\/\/becom.digital\/fr\/#website\",\"url\":\"https:\/\/becom.digital\/fr\/\",\"name\":\"Becom\",\"description\":\"Your digital wings\",\"publisher\":{\"@id\":\"https:\/\/becom.digital\/fr\/#organization\"},\"potentialAction\":[{\"@type\":\"SearchAction\",\"target\":{\"@type\":\"EntryPoint\",\"urlTemplate\":\"https:\/\/becom.digital\/fr\/?s={search_term_string}\"},\"query-input\":{\"@type\":\"PropertyValueSpecification\",\"valueRequired\":true,\"valueName\":\"search_term_string\"}}],\"inLanguage\":\"fr-FR\"},{\"@type\":\"Organization\",\"@id\":\"https:\/\/becom.digital\/fr\/#organization\",\"name\":\"Becom\",\"url\":\"https:\/\/becom.digital\/fr\/\",\"logo\":{\"@type\":\"ImageObject\",\"inLanguage\":\"fr-FR\",\"@id\":\"https:\/\/becom.digital\/fr\/#\/schema\/logo\/image\/\",\"url\":\"https:\/\/becom.digital\/app\/uploads\/2023\/10\/Becom_logo_POS_basic-3-e1697538309895.png\",\"contentUrl\":\"https:\/\/becom.digital\/app\/uploads\/2023\/10\/Becom_logo_POS_basic-3-e1697538309895.png\",\"width\":200,\"height\":72,\"caption\":\"Becom\"},\"image\":{\"@id\":\"https:\/\/becom.digital\/fr\/#\/schema\/logo\/image\/\"},\"sameAs\":[\"https:\/\/www.facebook.com\/Becomdigitalfederation\/\",\"https:\/\/x.com\/becomdigital\",\"https:\/\/www.linkedin.com\/company\/becomfederation\/\",\"https:\/\/www.instagram.com\/becomfederation\/\",\"https:\/\/www.youtube.com\/@becom-federation\",\"https:\/\/open.spotify.com\/show\/0oBItlT3FIpj6AxEqllkta\"]}]}<\/script>\n<!-- \/ Yoast SEO plugin. -->","yoast_head_json":{"title":"Cookie Scan technique - Becom","description":"Pendant le Cookie Scan technique de Becom , MvH Media analyse votre banni\u00e8re de cookies et le fonctionnement de la banni\u00e8re de cookies.","robots":{"index":"index","follow":"follow","max-snippet":"max-snippet:-1","max-image-preview":"max-image-preview:large","max-video-preview":"max-video-preview:-1"},"canonical":"https:\/\/becom.digital\/fr\/cookiescan_technique\/","og_locale":"fr_FR","og_type":"article","og_title":"Cookie Scan technique - Becom","og_description":"Pendant le Cookie Scan technique de Becom , MvH Media analyse votre banni\u00e8re de cookies et le fonctionnement de la banni\u00e8re de cookies.","og_url":"https:\/\/becom.digital\/fr\/cookiescan_technique\/","og_site_name":"Becom","article_publisher":"https:\/\/www.facebook.com\/Becomdigitalfederation\/","article_modified_time":"2025-07-02T14:08:32+00:00","twitter_card":"summary_large_image","twitter_site":"@becomdigital","twitter_misc":{"Est. reading time":"5 minutes"},"schema":{"@context":"https:\/\/schema.org","@graph":[{"@type":"WebPage","@id":"https:\/\/becom.digital\/fr\/cookiescan_technique\/","url":"https:\/\/becom.digital\/fr\/cookiescan_technique\/","name":"Cookie Scan technique - Becom","isPartOf":{"@id":"https:\/\/becom.digital\/fr\/#website"},"datePublished":"2025-01-30T06:56:54+00:00","dateModified":"2025-07-02T14:08:32+00:00","description":"Pendant le Cookie Scan technique de Becom , MvH Media analyse votre banni\u00e8re de cookies et le fonctionnement de la banni\u00e8re de cookies.","breadcrumb":{"@id":"https:\/\/becom.digital\/fr\/cookiescan_technique\/#breadcrumb"},"inLanguage":"fr-FR","potentialAction":[{"@type":"ReadAction","target":["https:\/\/becom.digital\/fr\/cookiescan_technique\/"]}]},{"@type":"BreadcrumbList","@id":"https:\/\/becom.digital\/fr\/cookiescan_technique\/#breadcrumb","itemListElement":[{"@type":"ListItem","position":1,"name":"Home","item":"https:\/\/becom.digital\/fr\/"},{"@type":"ListItem","position":2,"name":"Cookie Scan technique"}]},{"@type":"WebSite","@id":"https:\/\/becom.digital\/fr\/#website","url":"https:\/\/becom.digital\/fr\/","name":"Becom","description":"Your digital wings","publisher":{"@id":"https:\/\/becom.digital\/fr\/#organization"},"potentialAction":[{"@type":"SearchAction","target":{"@type":"EntryPoint","urlTemplate":"https:\/\/becom.digital\/fr\/?s={search_term_string}"},"query-input":{"@type":"PropertyValueSpecification","valueRequired":true,"valueName":"search_term_string"}}],"inLanguage":"fr-FR"},{"@type":"Organization","@id":"https:\/\/becom.digital\/fr\/#organization","name":"Becom","url":"https:\/\/becom.digital\/fr\/","logo":{"@type":"ImageObject","inLanguage":"fr-FR","@id":"https:\/\/becom.digital\/fr\/#\/schema\/logo\/image\/","url":"https:\/\/becom.digital\/app\/uploads\/2023\/10\/Becom_logo_POS_basic-3-e1697538309895.png","contentUrl":"https:\/\/becom.digital\/app\/uploads\/2023\/10\/Becom_logo_POS_basic-3-e1697538309895.png","width":200,"height":72,"caption":"Becom"},"image":{"@id":"https:\/\/becom.digital\/fr\/#\/schema\/logo\/image\/"},"sameAs":["https:\/\/www.facebook.com\/Becomdigitalfederation\/","https:\/\/x.com\/becomdigital","https:\/\/www.linkedin.com\/company\/becomfederation\/","https:\/\/www.instagram.com\/becomfederation\/","https:\/\/www.youtube.com\/@becom-federation","https:\/\/open.spotify.com\/show\/0oBItlT3FIpj6AxEqllkta"]}]}},"_links":{"self":[{"href":"https:\/\/becom.digital\/fr\/wp-json\/wp\/v2\/pages\/56681","targetHints":{"allow":["GET"]}}],"collection":[{"href":"https:\/\/becom.digital\/fr\/wp-json\/wp\/v2\/pages"}],"about":[{"href":"https:\/\/becom.digital\/fr\/wp-json\/wp\/v2\/types\/page"}],"author":[{"embeddable":true,"href":"https:\/\/becom.digital\/fr\/wp-json\/wp\/v2\/users\/17"}],"replies":[{"embeddable":true,"href":"https:\/\/becom.digital\/fr\/wp-json\/wp\/v2\/comments?post=56681"}],"version-history":[{"count":25,"href":"https:\/\/becom.digital\/fr\/wp-json\/wp\/v2\/pages\/56681\/revisions"}],"predecessor-version":[{"id":62725,"href":"https:\/\/becom.digital\/fr\/wp-json\/wp\/v2\/pages\/56681\/revisions\/62725"}],"wp:attachment":[{"href":"https:\/\/becom.digital\/fr\/wp-json\/wp\/v2\/media?parent=56681"}],"wp:term":[{"taxonomy":"test-katrien1","embeddable":true,"href":"https:\/\/becom.digital\/fr\/wp-json\/wp\/v2\/test-katrien1?post=56681"}],"curies":[{"name":"wp","href":"https:\/\/api.w.org\/{rel}","templated":true}]}}