{"id":56669,"date":"2025-01-30T06:50:07","date_gmt":"2025-01-30T05:50:07","guid":{"rendered":"https:\/\/becom.digital\/?page_id=56669"},"modified":"2026-01-23T10:17:53","modified_gmt":"2026-01-23T09:17:53","slug":"cookiescan","status":"publish","type":"page","link":"https:\/\/becom.digital\/fr\/cookiescan\/","title":{"rendered":"Cookiescan"},"content":{"rendered":"<div class=\"wpb-content-wrapper\"><p>[vc_row type=&#8221;full_width_section&#8221;][vc_column width=&#8221;1\/1&#8243;]<div class=\"single_image wpb_content_element align-left    \" data-animation=\"none\" data-delay=\"0\"><img loading=\"lazy\" decoding=\"async\" width=\"7040\" height=\"963\" src=\"https:\/\/becom.digital\/app\/uploads\/2025\/04\/Cookiescan.png\" class=\"attachment-full\" alt=\"\" title=\"Cookiescan\" srcset=\"https:\/\/becom.digital\/app\/uploads\/2025\/04\/Cookiescan.png 7040w, https:\/\/becom.digital\/app\/uploads\/2025\/04\/Cookiescan-300x41.png 300w, https:\/\/becom.digital\/app\/uploads\/2025\/04\/Cookiescan-1024x140.png 1024w, https:\/\/becom.digital\/app\/uploads\/2025\/04\/Cookiescan-768x105.png 768w, https:\/\/becom.digital\/app\/uploads\/2025\/04\/Cookiescan-1536x210.png 1536w, https:\/\/becom.digital\/app\/uploads\/2025\/04\/Cookiescan-2048x280.png 2048w\" sizes=\"auto, (max-width: 7040px) 100vw, 7040px\" \/><\/div>[\/vc_column][\/vc_row][vc_row][vc_column width=&#8221;1\/2&#8243;]<div class=\"spacer\" style=\"height: 40px;\"><\/div><h1 class=\"headline font-inherit fontsize-xl fontweight-700 lh-inherit align-left transform-inherit \" style=\"margin: 0 0 20px 10px; color: #5e32ca;\">Restez en conformit\u00e9.<br \/>\nV\u00e9rifions la configuration de vos cookies.<\/h1><div class=\"becom-title-banner\"><div class=\"content-wrapper \" style=\"background-color:#ffffff \">\u00catre <span style=\"color: #5e32ca;\"><strong>transparent et honn\u00eate<\/strong><\/span> sur la mani\u00e8re dont votre site collecte des donn\u00e9es est essentiel pour instaurer la confiance aupr\u00e8s de vos visiteurs.<br \/>\nUne banni\u00e8re de cookies correcte et fonctionnelle vous permet de respecter les obligations l\u00e9gales, tout en offrant \u00e0 vos utilisateurs de la transparence et un r\u00e9el contr\u00f4le sur leurs donn\u00e9es.<div class=\"button-wrapper\" style=\"margin-top: 20px; display: inline-block; width: 100%;\"><a href=\"https:\/\/shop.becom.digital\/cookiescan\" class=\"button button-appear color-3 medium \" title=\"Demandez votre Cookie Scan ici\" target=\"_blank\">Demandez votre Cookie Scan ici<\/a><\/div><\/div><\/div>[\/vc_column][vc_column width=&#8221;1\/4&#8243;]<div class=\"spacer\" style=\"height: 40px;\"><\/div><div class=\"iconbox  iconbox-style-8 icon-color-custom color-dark clearfix\"><h3><\/h3><i class=\"fa fa-check boxicon\" style=\"color: #5e32ca;\"><\/i><p>\n<p style=\"font-weight: 200; text-align: center;\"><strong><span style=\"color: #5e32ca;\">Fonctionnement<\/span><\/strong><\/p>\n<p style=\"text-align: left;\">Pour ce Becom Cookie Scan, nous collaborons avec <span style=\"color: #5e32ca;\">Follo<\/span> en qualit\u00e9 de partenaire technique et le <span style=\"color: #5e32ca;\">cabinet d\u2019avocats Nelissen Grade<\/span> en qualit\u00e9 de partenaire juridique.<\/p>\n<p style=\"text-align: left;\">La configuration des cookies doit en effet \u00eatre analys\u00e9e sous deux angles\u00a0: <span style=\"color: #5e32ca;\"><strong>un angle technique<\/strong><\/span> et <span style=\"color: #5e32ca;\"><strong>un angle juridique<\/strong><\/span>. Car vous devez toujours tenir sur le plan technique les promesses que vous faites sur le plan juridique.<\/p><\/div>[\/vc_column][vc_column width=&#8221;1\/4&#8243;]<div class=\"spacer\" style=\"height: 40px;\"><\/div><div class=\"iconbox  iconbox-style-8 icon-color-custom color-dark clearfix\"><h3><\/h3><i class=\"fa fa-euro boxicon\" style=\"color: #5e32ca;\"><\/i><p>\n<p style=\"font-weight: 200;\"><strong><span style=\"color: #5e32ca;\">Prix<\/span><\/strong><\/p>\n<p style=\"text-align: left;\">Le co\u00fbt du <span style=\"color: #5e32ca;\">Cookie Scan technique<\/span>, accompagn\u00e9e d\u2019un suivi, est de <strong><span style=\"color: #5e32ca;\">395\u20ac <\/span><\/strong>hTVA.<\/p>\n<p style=\"text-align: left;\">Le co\u00fbt du <span style=\"color: #5e32ca;\">Cookie Scan juridique,<\/span> incluant un avis personnalis\u00e9 et un accompagnement, est de <strong>4<span style=\"color: #5e32ca;\">50\u20ac<\/span><\/strong> hTVA pour les petites entreprises et de <strong><span style=\"color: #5e32ca;\">950\u20ac<\/span><\/strong> hTVA pour les grandes entreprises.<\/p>\n<p style=\"text-align: left;\">Il est recommand\u00e9 de combiner les deux analyses pour une mise en conformit\u00e9 compl\u00e8te.<\/p><\/div>[\/vc_column][\/vc_row][vc_row][vc_column width=&#8221;1\/2&#8243;]<div class=\"spacer\" style=\"height: 40px;\"><\/div><div class=\"becom-title-banner\"><div class=\"title-wrapper\" style=\"background-color:#5e32ca \"><div class=\"banner-title\">Cookie Scan technique<\/div><\/div><div class=\"content-wrapper \" style=\"background-color: \">Pour le Cookie Scan technique, <strong><span style=\"color: #5e32ca;\">Follo<\/span><\/strong> proc\u00e8de \u00e0 des contr\u00f4les de votre banni\u00e8re de cookies et de son fonctionnement.<\/p>\n<p>Ces contr\u00f4les portent sur plusieurs outils et domaines, dont <strong><span style=\"color: #5e32ca;\">la banni\u00e8re de votre site Web<\/span><\/strong>, la <strong><span style=\"color: #5e32ca;\">plate-forme de gestion de consentement<\/span><\/strong> utilis\u00e9e, <strong><span style=\"color: #5e32ca;\">Google Analytics<\/span><\/strong> et <strong><span style=\"color: #5e32ca;\">Google Tag Manager<\/span><\/strong>. Lors de cette analyse technique, Follo va analyser tous ces \u00e9l\u00e9ments.<\/p>\n<p>Au terme de l\u2019analyse, vous recevrez <span style=\"color: #5e32ca;\">un rapport avec des conseils<\/span> (en n\u00e9erlandais ou en anglais) qui vous aideront \u00e0 param\u00e9trer correctement votre banni\u00e8re de cookies ainsi qu\u2019une exportation de cookies d\u00e9tect\u00e9s sur votre site Web.<div class=\"button-wrapper\" style=\"margin-top: 20px; display: inline-block; width: 100%;\"><a href=\"https:\/\/becom.digital\/fr\/cookiescan_technique\/\" class=\"button button-appear color-3 medium \" title=\"En savoir plus sur le Cookie Scan technique\" target=\"_blank\">En savoir plus sur le Cookie Scan technique<\/a><\/div><\/div><\/div><div class=\"spacer\" style=\"height: 40px;\"><\/div>[\/vc_column][vc_column width=&#8221;1\/2&#8243;]<div class=\"spacer\" style=\"height: 40px;\"><\/div><div class=\"becom-title-banner\"><div class=\"title-wrapper\" style=\"background-color:#5e32ca \"><div class=\"banner-title\">Cookie Scan juridique<\/div><\/div><div class=\"content-wrapper \" style=\"background-color: \">Le Cookie Scan juridique porte sur votre <strong><span style=\"color: #5e32ca;\">politique en mati\u00e8re de cookies<\/span><\/strong>.<\/p>\n<p>Il s&#8217;agit du document d&#8217;information concernant vos cookies et l\u2019utilisation que vous en faites. En tant que boutique en ligne, vous \u00eates tenu d&#8217;expliquer de mani\u00e8re simple et claire \u00e0 vos visiteurs le r\u00f4le des cookies et les raisons pour lesquelles vous souhaitez les placer et\/ou les lire apr\u00e8s avoir obtenu leur consentement juridiquement valable.<\/p>\n<p>Dans le cadre de cette analyse, <strong><span style=\"color: #5e32ca;\">le cabinet d&#8217;avocats Nelissen Grade<\/span><\/strong> v\u00e9rifie si vous fournissez suffisamment d&#8217;informations au visiteur de votre site web, si ces informations sont suffisamment visibles, compl\u00e8tes et claires, et si vous avez demand\u00e9 l&#8217;autorisation de la bonne mani\u00e8re.<div class=\"button-wrapper\" style=\"margin-top: 20px; display: inline-block; width: 100%;\"><a href=\"https:\/\/becom.digital\/fr\/cookiescan_juridique\/\" class=\"button button-appear color-3 medium \" title=\"En savoir plus sur le Cookie Scan juridique\" target=\"_blank\">En savoir plus sur le Cookie Scan juridique<\/a><\/div><\/div><\/div><div class=\"spacer\" style=\"height: 40px;\"><\/div>[\/vc_column][\/vc_row][vc_row bg_image=&#8221;49768&#8243; parallax_bg=&#8221;true&#8221; text_color=&#8221;light&#8221; top_padding=&#8221;20&#8243; bottom_padding=&#8221;20&#8243;][vc_column width=&#8221;1\/6&#8243;]<div class=\"single_image wpb_content_element align-left    \" data-animation=\"none\" data-delay=\"0\"><img loading=\"lazy\" decoding=\"async\" width=\"1365\" height=\"2048\" src=\"https:\/\/becom.digital\/app\/uploads\/2025\/07\/Kim-1.png\" class=\"attachment-full\" alt=\"\" title=\"Kim\" srcset=\"https:\/\/becom.digital\/app\/uploads\/2025\/07\/Kim-1.png 1365w, https:\/\/becom.digital\/app\/uploads\/2025\/07\/Kim-1-200x300.png 200w, https:\/\/becom.digital\/app\/uploads\/2025\/07\/Kim-1-683x1024.png 683w, https:\/\/becom.digital\/app\/uploads\/2025\/07\/Kim-1-768x1152.png 768w, https:\/\/becom.digital\/app\/uploads\/2025\/07\/Kim-1-1024x1536.png 1024w, https:\/\/becom.digital\/app\/uploads\/2025\/07\/Kim-1-400x600.png 400w, https:\/\/becom.digital\/app\/uploads\/2025\/07\/Kim-1-800x1200.png 800w\" sizes=\"auto, (max-width: 1365px) 100vw, 1365px\" \/><\/div>[\/vc_column][vc_column width=&#8221;5\/6&#8243;]<div class=\"spacer\" style=\"height: 20px;\"><\/div>[vc_column_text]<\/p>\n<h3>Avez-vous des questions concernant le Cookie Scan?<br \/>\nContactez-nous.<\/h3>\n<p><strong>Kim D&#8217;hondt<br \/>\nFinance &amp; Administration<\/strong><\/p>\n<p>kim@becom.digital<br \/>\n+32 498 19 94 79[\/vc_column_text][\/vc_column][\/vc_row]<\/p>\n<\/div>","protected":false},"excerpt":{"rendered":"<p>[vc_row type=&#8221;full_width_section&#8221;][vc_column width=&#8221;1\/1&#8243;][\/vc_column][\/vc_row][vc_row][vc_column width=&#8221;1\/2&#8243;][\/vc_column][vc_column width=&#8221;1\/4&#8243;][\/vc_column][vc_column width=&#8221;1\/4&#8243;][\/vc_column][\/vc_row][vc_row][vc_column width=&#8221;1\/2&#8243;][\/vc_column][vc_column width=&#8221;1\/2&#8243;][\/vc_column][\/vc_row][vc_row bg_image=&#8221;49768&#8243; parallax_bg=&#8221;true&#8221; text_color=&#8221;light&#8221; top_padding=&#8221;20&#8243; bottom_padding=&#8221;20&#8243;][vc_column width=&#8221;1\/6&#8243;][\/vc_column][vc_column width=&#8221;5\/6&#8243;][vc_column_text] Avez-vous des questions concernant le Cookie Scan? Contactez-nous. Kim D&#8217;hondt Finance &amp; Administration kim@becom.digital +32 498 19 94 79[\/vc_column_text][\/vc_column][\/vc_row]<\/p>\n","protected":false},"author":17,"featured_media":0,"parent":0,"menu_order":0,"comment_status":"closed","ping_status":"closed","template":"","meta":{"_EventAllDay":false,"_EventTimezone":"","_EventStartDate":"","_EventEndDate":"","_EventStartDateUTC":"","_EventEndDateUTC":"","_EventShowMap":false,"_EventShowMapLink":false,"_EventURL":"","_EventCost":"","_EventCostDescription":"","_EventCurrencySymbol":"","_EventCurrencyCode":"","_EventCurrencyPosition":"","_EventDateTimeSeparator":"","_EventTimeRangeSeparator":"","_EventOrganizerID":[],"_EventVenueID":[],"_OrganizerEmail":"","_OrganizerPhone":"","_OrganizerWebsite":"","_VenueAddress":"","_VenueCity":"","_VenueCountry":"","_VenueProvince":"","_VenueState":"","_VenueZip":"","_VenuePhone":"","_VenueURL":"","_VenueStateProvince":"","_VenueLat":"","_VenueLng":"","_VenueShowMap":false,"_VenueShowMapLink":false,"footnotes":""},"test-katrien1":[],"class_list":["post-56669","page","type-page","status-publish","hentry"],"yoast_head":"<!-- This site is optimized with the Yoast SEO plugin v26.4 - https:\/\/yoast.com\/wordpress\/plugins\/seo\/ -->\n<title>Cookiescan - Becom<\/title>\n<meta name=\"description\" content=\"Le Cookiescan de Becom v\u00e9rifie vos cookies juridiquement et techniquement. Ce que vous promettez, vous devez le mettre en \u0153uvre correctement.\" \/>\n<meta name=\"robots\" content=\"index, follow, max-snippet:-1, max-image-preview:large, max-video-preview:-1\" \/>\n<link rel=\"canonical\" href=\"https:\/\/becom.digital\/fr\/cookiescan\/\" \/>\n<meta property=\"og:locale\" content=\"fr_FR\" \/>\n<meta property=\"og:type\" content=\"article\" \/>\n<meta property=\"og:title\" content=\"Cookiescan - Becom\" \/>\n<meta property=\"og:description\" content=\"Le Cookiescan de Becom v\u00e9rifie vos cookies juridiquement et techniquement. Ce que vous promettez, vous devez le mettre en \u0153uvre correctement.\" \/>\n<meta property=\"og:url\" content=\"https:\/\/becom.digital\/fr\/cookiescan\/\" \/>\n<meta property=\"og:site_name\" content=\"Becom\" \/>\n<meta property=\"article:publisher\" content=\"https:\/\/www.facebook.com\/Becomdigitalfederation\/\" \/>\n<meta property=\"article:modified_time\" content=\"2026-01-23T09:17:53+00:00\" \/>\n<meta name=\"twitter:card\" content=\"summary_large_image\" \/>\n<meta name=\"twitter:site\" content=\"@becomdigital\" \/>\n<meta name=\"twitter:label1\" content=\"Est. reading time\" \/>\n\t<meta name=\"twitter:data1\" content=\"3 minutes\" \/>\n<script type=\"application\/ld+json\" class=\"yoast-schema-graph\">{\"@context\":\"https:\/\/schema.org\",\"@graph\":[{\"@type\":\"WebPage\",\"@id\":\"https:\/\/becom.digital\/fr\/cookiescan\/\",\"url\":\"https:\/\/becom.digital\/fr\/cookiescan\/\",\"name\":\"Cookiescan - Becom\",\"isPartOf\":{\"@id\":\"https:\/\/becom.digital\/fr\/#website\"},\"datePublished\":\"2025-01-30T05:50:07+00:00\",\"dateModified\":\"2026-01-23T09:17:53+00:00\",\"description\":\"Le Cookiescan de Becom v\u00e9rifie vos cookies juridiquement et techniquement. Ce que vous promettez, vous devez le mettre en \u0153uvre correctement.\",\"breadcrumb\":{\"@id\":\"https:\/\/becom.digital\/fr\/cookiescan\/#breadcrumb\"},\"inLanguage\":\"fr-FR\",\"potentialAction\":[{\"@type\":\"ReadAction\",\"target\":[\"https:\/\/becom.digital\/fr\/cookiescan\/\"]}]},{\"@type\":\"BreadcrumbList\",\"@id\":\"https:\/\/becom.digital\/fr\/cookiescan\/#breadcrumb\",\"itemListElement\":[{\"@type\":\"ListItem\",\"position\":1,\"name\":\"Home\",\"item\":\"https:\/\/becom.digital\/fr\/\"},{\"@type\":\"ListItem\",\"position\":2,\"name\":\"Cookiescan\"}]},{\"@type\":\"WebSite\",\"@id\":\"https:\/\/becom.digital\/fr\/#website\",\"url\":\"https:\/\/becom.digital\/fr\/\",\"name\":\"Becom\",\"description\":\"Your digital wings\",\"publisher\":{\"@id\":\"https:\/\/becom.digital\/fr\/#organization\"},\"potentialAction\":[{\"@type\":\"SearchAction\",\"target\":{\"@type\":\"EntryPoint\",\"urlTemplate\":\"https:\/\/becom.digital\/fr\/?s={search_term_string}\"},\"query-input\":{\"@type\":\"PropertyValueSpecification\",\"valueRequired\":true,\"valueName\":\"search_term_string\"}}],\"inLanguage\":\"fr-FR\"},{\"@type\":\"Organization\",\"@id\":\"https:\/\/becom.digital\/fr\/#organization\",\"name\":\"Becom\",\"url\":\"https:\/\/becom.digital\/fr\/\",\"logo\":{\"@type\":\"ImageObject\",\"inLanguage\":\"fr-FR\",\"@id\":\"https:\/\/becom.digital\/fr\/#\/schema\/logo\/image\/\",\"url\":\"https:\/\/becom.digital\/app\/uploads\/2023\/10\/Becom_logo_POS_basic-3-e1697538309895.png\",\"contentUrl\":\"https:\/\/becom.digital\/app\/uploads\/2023\/10\/Becom_logo_POS_basic-3-e1697538309895.png\",\"width\":200,\"height\":72,\"caption\":\"Becom\"},\"image\":{\"@id\":\"https:\/\/becom.digital\/fr\/#\/schema\/logo\/image\/\"},\"sameAs\":[\"https:\/\/www.facebook.com\/Becomdigitalfederation\/\",\"https:\/\/x.com\/becomdigital\",\"https:\/\/www.linkedin.com\/company\/becomfederation\/\",\"https:\/\/www.instagram.com\/becomfederation\/\",\"https:\/\/www.youtube.com\/@becom-federation\",\"https:\/\/open.spotify.com\/show\/0oBItlT3FIpj6AxEqllkta\"]}]}<\/script>\n<!-- \/ Yoast SEO plugin. -->","yoast_head_json":{"title":"Cookiescan - Becom","description":"Le Cookiescan de Becom v\u00e9rifie vos cookies juridiquement et techniquement. Ce que vous promettez, vous devez le mettre en \u0153uvre correctement.","robots":{"index":"index","follow":"follow","max-snippet":"max-snippet:-1","max-image-preview":"max-image-preview:large","max-video-preview":"max-video-preview:-1"},"canonical":"https:\/\/becom.digital\/fr\/cookiescan\/","og_locale":"fr_FR","og_type":"article","og_title":"Cookiescan - Becom","og_description":"Le Cookiescan de Becom v\u00e9rifie vos cookies juridiquement et techniquement. Ce que vous promettez, vous devez le mettre en \u0153uvre correctement.","og_url":"https:\/\/becom.digital\/fr\/cookiescan\/","og_site_name":"Becom","article_publisher":"https:\/\/www.facebook.com\/Becomdigitalfederation\/","article_modified_time":"2026-01-23T09:17:53+00:00","twitter_card":"summary_large_image","twitter_site":"@becomdigital","twitter_misc":{"Est. reading time":"3 minutes"},"schema":{"@context":"https:\/\/schema.org","@graph":[{"@type":"WebPage","@id":"https:\/\/becom.digital\/fr\/cookiescan\/","url":"https:\/\/becom.digital\/fr\/cookiescan\/","name":"Cookiescan - Becom","isPartOf":{"@id":"https:\/\/becom.digital\/fr\/#website"},"datePublished":"2025-01-30T05:50:07+00:00","dateModified":"2026-01-23T09:17:53+00:00","description":"Le Cookiescan de Becom v\u00e9rifie vos cookies juridiquement et techniquement. Ce que vous promettez, vous devez le mettre en \u0153uvre correctement.","breadcrumb":{"@id":"https:\/\/becom.digital\/fr\/cookiescan\/#breadcrumb"},"inLanguage":"fr-FR","potentialAction":[{"@type":"ReadAction","target":["https:\/\/becom.digital\/fr\/cookiescan\/"]}]},{"@type":"BreadcrumbList","@id":"https:\/\/becom.digital\/fr\/cookiescan\/#breadcrumb","itemListElement":[{"@type":"ListItem","position":1,"name":"Home","item":"https:\/\/becom.digital\/fr\/"},{"@type":"ListItem","position":2,"name":"Cookiescan"}]},{"@type":"WebSite","@id":"https:\/\/becom.digital\/fr\/#website","url":"https:\/\/becom.digital\/fr\/","name":"Becom","description":"Your digital wings","publisher":{"@id":"https:\/\/becom.digital\/fr\/#organization"},"potentialAction":[{"@type":"SearchAction","target":{"@type":"EntryPoint","urlTemplate":"https:\/\/becom.digital\/fr\/?s={search_term_string}"},"query-input":{"@type":"PropertyValueSpecification","valueRequired":true,"valueName":"search_term_string"}}],"inLanguage":"fr-FR"},{"@type":"Organization","@id":"https:\/\/becom.digital\/fr\/#organization","name":"Becom","url":"https:\/\/becom.digital\/fr\/","logo":{"@type":"ImageObject","inLanguage":"fr-FR","@id":"https:\/\/becom.digital\/fr\/#\/schema\/logo\/image\/","url":"https:\/\/becom.digital\/app\/uploads\/2023\/10\/Becom_logo_POS_basic-3-e1697538309895.png","contentUrl":"https:\/\/becom.digital\/app\/uploads\/2023\/10\/Becom_logo_POS_basic-3-e1697538309895.png","width":200,"height":72,"caption":"Becom"},"image":{"@id":"https:\/\/becom.digital\/fr\/#\/schema\/logo\/image\/"},"sameAs":["https:\/\/www.facebook.com\/Becomdigitalfederation\/","https:\/\/x.com\/becomdigital","https:\/\/www.linkedin.com\/company\/becomfederation\/","https:\/\/www.instagram.com\/becomfederation\/","https:\/\/www.youtube.com\/@becom-federation","https:\/\/open.spotify.com\/show\/0oBItlT3FIpj6AxEqllkta"]}]}},"_links":{"self":[{"href":"https:\/\/becom.digital\/fr\/wp-json\/wp\/v2\/pages\/56669","targetHints":{"allow":["GET"]}}],"collection":[{"href":"https:\/\/becom.digital\/fr\/wp-json\/wp\/v2\/pages"}],"about":[{"href":"https:\/\/becom.digital\/fr\/wp-json\/wp\/v2\/types\/page"}],"author":[{"embeddable":true,"href":"https:\/\/becom.digital\/fr\/wp-json\/wp\/v2\/users\/17"}],"replies":[{"embeddable":true,"href":"https:\/\/becom.digital\/fr\/wp-json\/wp\/v2\/comments?post=56669"}],"version-history":[{"count":32,"href":"https:\/\/becom.digital\/fr\/wp-json\/wp\/v2\/pages\/56669\/revisions"}],"predecessor-version":[{"id":64593,"href":"https:\/\/becom.digital\/fr\/wp-json\/wp\/v2\/pages\/56669\/revisions\/64593"}],"wp:attachment":[{"href":"https:\/\/becom.digital\/fr\/wp-json\/wp\/v2\/media?parent=56669"}],"wp:term":[{"taxonomy":"test-katrien1","embeddable":true,"href":"https:\/\/becom.digital\/fr\/wp-json\/wp\/v2\/test-katrien1?post=56669"}],"curies":[{"name":"wp","href":"https:\/\/api.w.org\/{rel}","templated":true}]}}