{"id":55304,"date":"2024-11-15T16:29:57","date_gmt":"2024-11-15T15:29:57","guid":{"rendered":"https:\/\/becom.digital\/?page_id=55304"},"modified":"2025-01-27T12:00:18","modified_gmt":"2025-01-27T11:00:18","slug":"installation-trust-guard","status":"publish","type":"page","link":"https:\/\/becom.digital\/fr\/installation-trust-guard\/","title":{"rendered":"Installation Trust guard"},"content":{"rendered":"<div class=\"wpb-content-wrapper\"><p>[vc_row type=&#8221;full_width_section&#8221;][vc_column width=&#8221;1\/1&#8243;]<div class=\"single_image wpb_content_element align-left    \" data-animation=\"none\" data-delay=\"0\"><img loading=\"lazy\" decoding=\"async\" width=\"2560\" height=\"350\" src=\"https:\/\/becom.digital\/app\/uploads\/2024\/01\/Trustguard-NL-1.png\" class=\"attachment-full\" alt=\"\" title=\"Trustguard NL (1)\" srcset=\"https:\/\/becom.digital\/app\/uploads\/2024\/01\/Trustguard-NL-1.png 2560w, https:\/\/becom.digital\/app\/uploads\/2024\/01\/Trustguard-NL-1-300x41.png 300w, https:\/\/becom.digital\/app\/uploads\/2024\/01\/Trustguard-NL-1-1024x140.png 1024w, https:\/\/becom.digital\/app\/uploads\/2024\/01\/Trustguard-NL-1-768x105.png 768w, https:\/\/becom.digital\/app\/uploads\/2024\/01\/Trustguard-NL-1-1536x210.png 1536w, https:\/\/becom.digital\/app\/uploads\/2024\/01\/Trustguard-NL-1-2048x280.png 2048w\" sizes=\"auto, (max-width: 2560px) 100vw, 2560px\" \/><\/div>[\/vc_column][\/vc_row][vc_row][vc_column width=&#8221;1\/1&#8243;]<div class=\"spacer\" style=\"height: 40px;\"><\/div><h3 class=\"headline font-inherit fontsize-m fontweight-700 lh-13 align-left transform-inherit \" style=\"margin: 0 0 20px 0; color: #5e32ca;\">Installation de Trust Guard<\/h3>[\/vc_column][\/vc_row][vc_row bottom_padding=&#8221;50&#8243;][vc_column width=&#8221;1\/1&#8243;]<div class=\"spacer\" style=\"height: 10px;\"><\/div>[vc_column_text]Vous avez re\u00e7u un e-mail avec des instructions pour vous connecter au tableau de bord Trust Guard et ajouter votre nom de domaine\u00a0? Ce plan par \u00e9tape vous guidera dans l\u2019ensemble du processus. D\u00e8s que tout sera en ordre, nous pourrons entamer la premi\u00e8re analyse.[\/vc_column_text][\/vc_column][\/vc_row][vc_row][vc_column width=&#8221;1\/1&#8243;]<div class=\"spacer\" style=\"height: 40px;\"><\/div>[\/vc_column][\/vc_row][vc_row][vc_column width=&#8221;1\/1&#8243;][vc_column_text]<span style=\"color: #5e32ca;\"><strong>Configurer Trust Guard en six \u00e9tapes!\u00a0<\/strong><\/span>[\/vc_column_text][vc_tta_accordion spacing=&#8221;2&#8243; gap=&#8221;10&#8243; c_icon=&#8221;chevron&#8221; active_section=&#8221;102839012830248&#8243; collapsible_all=&#8221;true&#8221;][vc_tta_section title=&#8221;\u00c9TAPE 1 : SE CONNECTER AU TABLEAU DE BORD TRUST GUARD &#8221; tab_id=&#8221;1650358816459-4286f993-1f95&#8243;][vc_column_text]<strong>\u00c9tape 1\u00a0: Connectez-vous au tableau de bord Trust Guard <\/strong><\/p>\n<p>\u2013 Cliquez sur le lien dans l\u2019e-mail que vous avez re\u00e7u pour vous connecter au tableau de bord Trust Guard.<\/p>\n<p>\u2013 Cr\u00e9ez un nouveau mot de passe.<\/p>\n<p>\u2013 Une fois connect\u00e9, vous vous retrouvez sur la page d\u2019accueil.[\/vc_column_text][\/vc_tta_section][vc_tta_section title=&#8221;\u00c9TAPE 2 : AJOUTER UN DOMAINE &#8221; tab_id=&#8221;1650358816441-dd94db66-5d45&#8243;][vc_column_text]<strong>\u00c9tape 2 : Ajoutez votre domaine<\/strong><\/p>\n<p>\u2013 Sur la page d\u2019accueil, cliquez sur le bouton orange \u00ab\u00a0Ajouter un Domaine\u00a0\u00bb.<\/p>\n<p>Remarque\u00a0: il est d\u00e9sormais \u00e9galement possible de le faire via le menu \u00ab\u00a0Management\u00a0\u00bb, \u00ab\u00a0Domaines\u00a0\u00bb.[\/vc_column_text][\/vc_tta_section][vc_tta_section title=&#8221;\u00c9TAPE 3 : ACHETER UN DOMAINE&#8221; tab_id=&#8221;1650359117914-50e12d99-1c8d&#8221;][vc_column_text]<strong>\u00c9tape 3 : Achetez un domaine <\/strong><\/p>\n<p>\u2013 Vous vous trouvez sur la page Abonnement. Votre compte ne contient pas encore d\u2019abonnement activ\u00e9.<\/p>\n<p>\u2013 Sous Scan <strong>TRIMESTRIEL<\/strong>, cliquez sur <strong>\u00ab\u00a0<\/strong>Buy Now\u00a0\u00bb<\/p>\n<p>\u2013 Dans le panier, s\u00e9lectionnez un domaine avec un abonnement d\u2019un an (1), le montant s\u2019\u00e9l\u00e8ve \u00e0 120,00 \u20ac.<\/p>\n<p>\u2013 Dans Code Coupon, saisissez <strong>CAPTAINQ1<\/strong>. Le montant total devient 0,00 \u20ac.<\/p>\n<p>\u2013 Cliquez sur \u00ab Continuer \u00bb en bas \u00e0 droite.[\/vc_column_text][\/vc_tta_section][vc_tta_section title=&#8221;\u00c9TAPE 4 : COMPL\u00c9TER VOS DONN\u00c9ES&#8221; tab_id=&#8221;1650361416195-e4f6528c-c67d&#8221;][vc_column_text]<strong>\u00c9tape 4\u00a0: Compl\u00e9tez vos donn\u00e9es de facturation <\/strong><\/p>\n<p>\u2013 Compl\u00e9tez les donn\u00e9es de facturation exig\u00e9es (num\u00e9ro de TVA et adresse de facturation).<\/p>\n<p>\u2013 Confirmez les conditions g\u00e9n\u00e9rales.<\/p>\n<p>\u2013 Cliquez sur \u00ab Payer \u00bb (aucun paiement n\u2019est n\u00e9cessaire).[\/vc_column_text][\/vc_tta_section][vc_tta_section title=&#8221;\u00c9TAPE 5 : CONFIRMER LES PAIEMENTS ET L\u2019AJOUT DU DOMAINE&#8221; tab_id=&#8221;1650361391364-1a68502e-d08d&#8221;][vc_column_text]<strong>\u00c9tape 5 : Confirmez les paiements et l\u2019ajout d\u2019un domaine <\/strong><\/p>\n<p>\u2013 Une fois l\u2019achat confirm\u00e9, cliquez sur \u00ab Revenir aux abonnements \u00bb.<br \/>\n\u2013 Sous Scan trimestriel, cliquez sur \u00ab Ajouter un Domaine \u00bb.[\/vc_column_text][\/vc_tta_section][vc_tta_section title=&#8221;\u00c9TAPE 6 : COMPL\u00c9TER LE NOM DE DOMAINE ET LANCER L\u2019ANALYSE&#8221; tab_id=&#8221;1706706515887-bce9af3f-9abb&#8221;][vc_column_text]<strong>\u00c9tape 6 : Compl\u00e9tez le nom de domaine et lancez l\u2019analyse<\/strong><\/p>\n<p>\u2013 Compl\u00e9tez le nom de domaine \u00e0 scanner (<a href=\"https:\/\/www.xxxx.xx\/\">https:\/\/www.xxxx.xx<\/a>).<\/p>\n<p>\u2013 Choisissez \u00e9ventuellement une date et une heure pour l\u2019analyse.<\/p>\n<p>\u2013 S\u00e9lectionnez une analyse conforme \u00e0 la norme PCI ou OWASP.<\/p>\n<p>PCI\/DSS est une norme provenant de secteur des cartes de cr\u00e9dit (vous ne devez pas compl\u00e9ter l\u2019option Scope PCI).<\/p>\n<p>OWASP est une norme g\u00e9n\u00e9rale utilis\u00e9e par de nombreuses entreprises.<\/p>\n<p>\u2013 Activez \u00ab\u00a0Analyser imm\u00e9diatement ce domaine \u00bb.<\/p>\n<p>\u2013 Activez \u00ab\u00a0Becom \u2013 Autoriser l\u2019acc\u00e8s aux r\u00e9sultats de votre analyse\u00a0\u00bb.<\/p>\n<p>\u2013 Cliquez sur \u00ab\u00a0Ajouter des partenaires\u00a0\u00bb (+) pour ajouter \u00ab\u00a0Becom\u00a0\u00bb.<\/p>\n<p>\u2013 Confirmez que vous \u00eates le propri\u00e9taire l\u00e9gitime du nom de domaine.<\/p>\n<p>\u2013 Confirmez avec \u00ab\u00a0Ajouter D\u00e9tails Domaine\/IP\u00a0\u00bb.[\/vc_column_text][\/vc_tta_section][\/vc_tta_accordion][vc_column_text]<strong>Conseil\u00a0:<\/strong><\/p>\n<ol>\n<li>Dans le menu \u00ab\u00a0R\u00e9sultats de l\u2019analyse\u00a0\u00bb, \u00ab\u00a0<strong>Notification<\/strong>\u00bb, choisissez de recevoir les r\u00e9sultats d\u2019analyse <strong>par mail<\/strong>\u00a0!<\/li>\n<li>Laissez \u00e9galement <strong>vos coll\u00e8gues acc\u00e9der<\/strong> au tableau de bord Trust Guard, s\u00e9lectionnez l\u2019option \u00ab\u00a0Utilisateurs\u00a0\u00bb dans le menu \u00ab\u00a0Management\u00a0\u00bb.<\/li>\n<\/ol>\n<p>[\/vc_column_text][\/vc_column][\/vc_row][vc_row][vc_column width=&#8221;1\/1&#8243;]<div class=\"spacer\" style=\"height: 40px;\"><\/div>[\/vc_column][\/vc_row][vc_row bottom_padding=&#8221;50&#8243;][vc_column width=&#8221;1\/2&#8243;]<div class=\"spacer\" style=\"height: 10px;\"><\/div>[vc_column_text]<\/p>\n<p style=\"font-weight: 400;\"><span style=\"color: #5e32ca;\"><strong>Vous rencontrez des probl\u00e8mes? Vous avez d&#8217;autres questions? <\/strong><\/span><\/p>\n<p>Vous pouvez toujours prendre contact avec la Support Team de Trust Guard.<\/p>\n<ul>\n<li>S\u00e9lectionnez \u00ab\u00a0Support\u00a0\u00bb et \u00ab\u00a0Formulaire de contact\u00a0\u00bb,<\/li>\n<li>Ou envoyez un mail \u00e0 <a href=\"mailto:support@trustguard.eu\">support@trustguard.eu.<\/a><\/li>\n<li>Ou t\u00e9l\u00e9phonez au +31 297 38 13 03.<\/li>\n<\/ul>\n<p>[\/vc_column_text][\/vc_column][vc_column width=&#8221;1\/2&#8243;]<div class=\"spacer\" style=\"height: 50px;\"><\/div><div class=\"single_image wpb_content_element align-left    \" data-animation=\"none\" data-delay=\"0\"><img loading=\"lazy\" decoding=\"async\" width=\"2048\" height=\"1360\" src=\"https:\/\/becom.digital\/app\/uploads\/2024\/01\/Afbeelding-events-agenda-1-1.png\" class=\"attachment-full\" alt=\"\" title=\"Afbeelding events agenda (1)\" srcset=\"https:\/\/becom.digital\/app\/uploads\/2024\/01\/Afbeelding-events-agenda-1-1.png 2048w, https:\/\/becom.digital\/app\/uploads\/2024\/01\/Afbeelding-events-agenda-1-1-300x199.png 300w, https:\/\/becom.digital\/app\/uploads\/2024\/01\/Afbeelding-events-agenda-1-1-1024x680.png 1024w, https:\/\/becom.digital\/app\/uploads\/2024\/01\/Afbeelding-events-agenda-1-1-768x510.png 768w, https:\/\/becom.digital\/app\/uploads\/2024\/01\/Afbeelding-events-agenda-1-1-1536x1020.png 1536w\" sizes=\"auto, (max-width: 2048px) 100vw, 2048px\" \/><\/div>[\/vc_column][\/vc_row][vc_row][vc_column width=&#8221;1\/1&#8243;]<div class=\"spacer\" style=\"height: 40px;\"><\/div>[\/vc_column][\/vc_row]<\/p>\n<\/div>","protected":false},"excerpt":{"rendered":"<p>[vc_row type=&#8221;full_width_section&#8221;][vc_column width=&#8221;1\/1&#8243;][\/vc_column][\/vc_row][vc_row][vc_column width=&#8221;1\/1&#8243;][\/vc_column][\/vc_row][vc_row bottom_padding=&#8221;50&#8243;][vc_column width=&#8221;1\/1&#8243;][vc_column_text]Vous avez re\u00e7u un e-mail avec des instructions pour vous connecter au tableau de bord Trust Guard et ajouter votre nom de domaine\u00a0? Ce plan par \u00e9tape vous guidera dans l\u2019ensemble du processus. D\u00e8s que tout sera en ordre, nous pourrons entamer la premi\u00e8re analyse.[\/vc_column_text][\/vc_column][\/vc_row][vc_row][vc_column width=&#8221;1\/1&#8243;][\/vc_column][\/vc_row][vc_row][vc_column width=&#8221;1\/1&#8243;][vc_column_text]Configurer Trust Guard en six \u00e9tapes!\u00a0[\/vc_column_text][vc_tta_accordion spacing=&#8221;2&#8243; gap=&#8221;10&#8243; c_icon=&#8221;chevron&#8221; active_section=&#8221;102839012830248&#8243; collapsible_all=&#8221;true&#8221;][vc_tta_section title=&#8221;\u00c9TAPE 1 : SE CONNECTER AU TABLEAU DE BORD TRUST GUARD &#8221; tab_id=&#8221;1650358816459-4286f993-1f95&#8243;][vc_column_text]\u00c9tape 1\u00a0: Connectez-vous au tableau de bord Trust Guard \u2013 Cliquez sur le lien dans l\u2019e-mail que vous avez re\u00e7u pour vous connecter au tableau de bord Trust Guard. \u2013 Cr\u00e9ez un nouveau mot de passe. \u2013 Une fois connect\u00e9, vous vous retrouvez sur la page d\u2019accueil.[\/vc_column_text][\/vc_tta_section][vc_tta_section title=&#8221;\u00c9TAPE 2 : AJOUTER UN DOMAINE &#8221; tab_id=&#8221;1650358816441-dd94db66-5d45&#8243;][vc_column_text]\u00c9tape 2 : Ajoutez votre domaine \u2013 Sur la page d\u2019accueil, cliquez sur le bouton orange \u00ab\u00a0Ajouter un Domaine\u00a0\u00bb. Remarque\u00a0: il est d\u00e9sormais \u00e9galement possible de le faire via le menu \u00ab\u00a0Management\u00a0\u00bb, \u00ab\u00a0Domaines\u00a0\u00bb.[\/vc_column_text][\/vc_tta_section][vc_tta_section title=&#8221;\u00c9TAPE 3 : ACHETER UN DOMAINE&#8221; tab_id=&#8221;1650359117914-50e12d99-1c8d&#8221;][vc_column_text]\u00c9tape 3 : Achetez un domaine \u2013 Vous vous trouvez sur la page Abonnement. Votre compte ne contient pas encore d\u2019abonnement activ\u00e9. \u2013 Sous Scan TRIMESTRIEL, cliquez sur \u00ab\u00a0Buy Now\u00a0\u00bb \u2013 Dans le [&hellip;]<\/p>\n","protected":false},"author":17,"featured_media":0,"parent":0,"menu_order":0,"comment_status":"closed","ping_status":"closed","template":"","meta":{"_EventAllDay":false,"_EventTimezone":"","_EventStartDate":"","_EventEndDate":"","_EventStartDateUTC":"","_EventEndDateUTC":"","_EventShowMap":false,"_EventShowMapLink":false,"_EventURL":"","_EventCost":"","_EventCostDescription":"","_EventCurrencySymbol":"","_EventCurrencyCode":"","_EventCurrencyPosition":"","_EventDateTimeSeparator":"","_EventTimeRangeSeparator":"","_EventOrganizerID":[],"_EventVenueID":[],"_OrganizerEmail":"","_OrganizerPhone":"","_OrganizerWebsite":"","_VenueAddress":"","_VenueCity":"","_VenueCountry":"","_VenueProvince":"","_VenueState":"","_VenueZip":"","_VenuePhone":"","_VenueURL":"","_VenueStateProvince":"","_VenueLat":"","_VenueLng":"","_VenueShowMap":false,"_VenueShowMapLink":false,"footnotes":""},"test-katrien1":[],"class_list":["post-55304","page","type-page","status-publish","hentry"],"yoast_head":"<!-- This site is optimized with the Yoast SEO plugin v26.4 - https:\/\/yoast.com\/wordpress\/plugins\/seo\/ -->\n<title>Installation Trust guard - Becom<\/title>\n<meta name=\"robots\" content=\"index, follow, max-snippet:-1, max-image-preview:large, max-video-preview:-1\" \/>\n<link rel=\"canonical\" href=\"https:\/\/becom.digital\/fr\/installation-trust-guard\/\" \/>\n<meta property=\"og:locale\" content=\"fr_FR\" \/>\n<meta property=\"og:type\" content=\"article\" \/>\n<meta property=\"og:title\" content=\"Installation Trust guard - Becom\" \/>\n<meta property=\"og:description\" content=\"[vc_row type=&#8221;full_width_section&#8221;][vc_column width=&#8221;1\/1&#8243;][\/vc_column][\/vc_row][vc_row][vc_column width=&#8221;1\/1&#8243;][\/vc_column][\/vc_row][vc_row bottom_padding=&#8221;50&#8243;][vc_column width=&#8221;1\/1&#8243;][vc_column_text]Vous avez re\u00e7u un e-mail avec des instructions pour vous connecter au tableau de bord Trust Guard et ajouter votre nom de domaine\u00a0? Ce plan par \u00e9tape vous guidera dans l\u2019ensemble du processus. D\u00e8s que tout sera en ordre, nous pourrons entamer la premi\u00e8re analyse.[\/vc_column_text][\/vc_column][\/vc_row][vc_row][vc_column width=&#8221;1\/1&#8243;][\/vc_column][\/vc_row][vc_row][vc_column width=&#8221;1\/1&#8243;][vc_column_text]Configurer Trust Guard en six \u00e9tapes!\u00a0[\/vc_column_text][vc_tta_accordion spacing=&#8221;2&#8243; gap=&#8221;10&#8243; c_icon=&#8221;chevron&#8221; active_section=&#8221;102839012830248&#8243; collapsible_all=&#8221;true&#8221;][vc_tta_section title=&#8221;\u00c9TAPE 1 : SE CONNECTER AU TABLEAU DE BORD TRUST GUARD &#8221; tab_id=&#8221;1650358816459-4286f993-1f95&#8243;][vc_column_text]\u00c9tape 1\u00a0: Connectez-vous au tableau de bord Trust Guard \u2013 Cliquez sur le lien dans l\u2019e-mail que vous avez re\u00e7u pour vous connecter au tableau de bord Trust Guard. \u2013 Cr\u00e9ez un nouveau mot de passe. \u2013 Une fois connect\u00e9, vous vous retrouvez sur la page d\u2019accueil.[\/vc_column_text][\/vc_tta_section][vc_tta_section title=&#8221;\u00c9TAPE 2 : AJOUTER UN DOMAINE &#8221; tab_id=&#8221;1650358816441-dd94db66-5d45&#8243;][vc_column_text]\u00c9tape 2 : Ajoutez votre domaine \u2013 Sur la page d\u2019accueil, cliquez sur le bouton orange \u00ab\u00a0Ajouter un Domaine\u00a0\u00bb. Remarque\u00a0: il est d\u00e9sormais \u00e9galement possible de le faire via le menu \u00ab\u00a0Management\u00a0\u00bb, \u00ab\u00a0Domaines\u00a0\u00bb.[\/vc_column_text][\/vc_tta_section][vc_tta_section title=&#8221;\u00c9TAPE 3 : ACHETER UN DOMAINE&#8221; tab_id=&#8221;1650359117914-50e12d99-1c8d&#8221;][vc_column_text]\u00c9tape 3 : Achetez un domaine \u2013 Vous vous trouvez sur la page Abonnement. Votre compte ne contient pas encore d\u2019abonnement activ\u00e9. \u2013 Sous Scan TRIMESTRIEL, cliquez sur \u00ab\u00a0Buy Now\u00a0\u00bb \u2013 Dans le [&hellip;]\" \/>\n<meta property=\"og:url\" content=\"https:\/\/becom.digital\/fr\/installation-trust-guard\/\" \/>\n<meta property=\"og:site_name\" content=\"Becom\" \/>\n<meta property=\"article:publisher\" content=\"https:\/\/www.facebook.com\/Becomdigitalfederation\/\" \/>\n<meta property=\"article:modified_time\" content=\"2025-01-27T11:00:18+00:00\" \/>\n<meta name=\"twitter:card\" content=\"summary_large_image\" \/>\n<meta name=\"twitter:site\" content=\"@becomdigital\" \/>\n<meta name=\"twitter:label1\" content=\"Est. reading time\" \/>\n\t<meta name=\"twitter:data1\" content=\"4 minutes\" \/>\n<script type=\"application\/ld+json\" class=\"yoast-schema-graph\">{\"@context\":\"https:\/\/schema.org\",\"@graph\":[{\"@type\":\"WebPage\",\"@id\":\"https:\/\/becom.digital\/fr\/installation-trust-guard\/\",\"url\":\"https:\/\/becom.digital\/fr\/installation-trust-guard\/\",\"name\":\"Installation Trust guard - Becom\",\"isPartOf\":{\"@id\":\"https:\/\/becom.digital\/fr\/#website\"},\"datePublished\":\"2024-11-15T15:29:57+00:00\",\"dateModified\":\"2025-01-27T11:00:18+00:00\",\"breadcrumb\":{\"@id\":\"https:\/\/becom.digital\/fr\/installation-trust-guard\/#breadcrumb\"},\"inLanguage\":\"fr-FR\",\"potentialAction\":[{\"@type\":\"ReadAction\",\"target\":[\"https:\/\/becom.digital\/fr\/installation-trust-guard\/\"]}]},{\"@type\":\"BreadcrumbList\",\"@id\":\"https:\/\/becom.digital\/fr\/installation-trust-guard\/#breadcrumb\",\"itemListElement\":[{\"@type\":\"ListItem\",\"position\":1,\"name\":\"Home\",\"item\":\"https:\/\/becom.digital\/fr\/\"},{\"@type\":\"ListItem\",\"position\":2,\"name\":\"Installation Trust guard\"}]},{\"@type\":\"WebSite\",\"@id\":\"https:\/\/becom.digital\/fr\/#website\",\"url\":\"https:\/\/becom.digital\/fr\/\",\"name\":\"Becom\",\"description\":\"Your digital wings\",\"publisher\":{\"@id\":\"https:\/\/becom.digital\/fr\/#organization\"},\"potentialAction\":[{\"@type\":\"SearchAction\",\"target\":{\"@type\":\"EntryPoint\",\"urlTemplate\":\"https:\/\/becom.digital\/fr\/?s={search_term_string}\"},\"query-input\":{\"@type\":\"PropertyValueSpecification\",\"valueRequired\":true,\"valueName\":\"search_term_string\"}}],\"inLanguage\":\"fr-FR\"},{\"@type\":\"Organization\",\"@id\":\"https:\/\/becom.digital\/fr\/#organization\",\"name\":\"Becom\",\"url\":\"https:\/\/becom.digital\/fr\/\",\"logo\":{\"@type\":\"ImageObject\",\"inLanguage\":\"fr-FR\",\"@id\":\"https:\/\/becom.digital\/fr\/#\/schema\/logo\/image\/\",\"url\":\"https:\/\/becom.digital\/app\/uploads\/2023\/10\/Becom_logo_POS_basic-3-e1697538309895.png\",\"contentUrl\":\"https:\/\/becom.digital\/app\/uploads\/2023\/10\/Becom_logo_POS_basic-3-e1697538309895.png\",\"width\":200,\"height\":72,\"caption\":\"Becom\"},\"image\":{\"@id\":\"https:\/\/becom.digital\/fr\/#\/schema\/logo\/image\/\"},\"sameAs\":[\"https:\/\/www.facebook.com\/Becomdigitalfederation\/\",\"https:\/\/x.com\/becomdigital\",\"https:\/\/www.linkedin.com\/company\/becomfederation\/\",\"https:\/\/www.instagram.com\/becomfederation\/\",\"https:\/\/www.youtube.com\/@becom-federation\",\"https:\/\/open.spotify.com\/show\/0oBItlT3FIpj6AxEqllkta\"]}]}<\/script>\n<!-- \/ Yoast SEO plugin. -->","yoast_head_json":{"title":"Installation Trust guard - Becom","robots":{"index":"index","follow":"follow","max-snippet":"max-snippet:-1","max-image-preview":"max-image-preview:large","max-video-preview":"max-video-preview:-1"},"canonical":"https:\/\/becom.digital\/fr\/installation-trust-guard\/","og_locale":"fr_FR","og_type":"article","og_title":"Installation Trust guard - Becom","og_description":"[vc_row type=&#8221;full_width_section&#8221;][vc_column width=&#8221;1\/1&#8243;][\/vc_column][\/vc_row][vc_row][vc_column width=&#8221;1\/1&#8243;][\/vc_column][\/vc_row][vc_row bottom_padding=&#8221;50&#8243;][vc_column width=&#8221;1\/1&#8243;][vc_column_text]Vous avez re\u00e7u un e-mail avec des instructions pour vous connecter au tableau de bord Trust Guard et ajouter votre nom de domaine\u00a0? Ce plan par \u00e9tape vous guidera dans l\u2019ensemble du processus. D\u00e8s que tout sera en ordre, nous pourrons entamer la premi\u00e8re analyse.[\/vc_column_text][\/vc_column][\/vc_row][vc_row][vc_column width=&#8221;1\/1&#8243;][\/vc_column][\/vc_row][vc_row][vc_column width=&#8221;1\/1&#8243;][vc_column_text]Configurer Trust Guard en six \u00e9tapes!\u00a0[\/vc_column_text][vc_tta_accordion spacing=&#8221;2&#8243; gap=&#8221;10&#8243; c_icon=&#8221;chevron&#8221; active_section=&#8221;102839012830248&#8243; collapsible_all=&#8221;true&#8221;][vc_tta_section title=&#8221;\u00c9TAPE 1 : SE CONNECTER AU TABLEAU DE BORD TRUST GUARD &#8221; tab_id=&#8221;1650358816459-4286f993-1f95&#8243;][vc_column_text]\u00c9tape 1\u00a0: Connectez-vous au tableau de bord Trust Guard \u2013 Cliquez sur le lien dans l\u2019e-mail que vous avez re\u00e7u pour vous connecter au tableau de bord Trust Guard. \u2013 Cr\u00e9ez un nouveau mot de passe. \u2013 Une fois connect\u00e9, vous vous retrouvez sur la page d\u2019accueil.[\/vc_column_text][\/vc_tta_section][vc_tta_section title=&#8221;\u00c9TAPE 2 : AJOUTER UN DOMAINE &#8221; tab_id=&#8221;1650358816441-dd94db66-5d45&#8243;][vc_column_text]\u00c9tape 2 : Ajoutez votre domaine \u2013 Sur la page d\u2019accueil, cliquez sur le bouton orange \u00ab\u00a0Ajouter un Domaine\u00a0\u00bb. Remarque\u00a0: il est d\u00e9sormais \u00e9galement possible de le faire via le menu \u00ab\u00a0Management\u00a0\u00bb, \u00ab\u00a0Domaines\u00a0\u00bb.[\/vc_column_text][\/vc_tta_section][vc_tta_section title=&#8221;\u00c9TAPE 3 : ACHETER UN DOMAINE&#8221; tab_id=&#8221;1650359117914-50e12d99-1c8d&#8221;][vc_column_text]\u00c9tape 3 : Achetez un domaine \u2013 Vous vous trouvez sur la page Abonnement. Votre compte ne contient pas encore d\u2019abonnement activ\u00e9. \u2013 Sous Scan TRIMESTRIEL, cliquez sur \u00ab\u00a0Buy Now\u00a0\u00bb \u2013 Dans le [&hellip;]","og_url":"https:\/\/becom.digital\/fr\/installation-trust-guard\/","og_site_name":"Becom","article_publisher":"https:\/\/www.facebook.com\/Becomdigitalfederation\/","article_modified_time":"2025-01-27T11:00:18+00:00","twitter_card":"summary_large_image","twitter_site":"@becomdigital","twitter_misc":{"Est. reading time":"4 minutes"},"schema":{"@context":"https:\/\/schema.org","@graph":[{"@type":"WebPage","@id":"https:\/\/becom.digital\/fr\/installation-trust-guard\/","url":"https:\/\/becom.digital\/fr\/installation-trust-guard\/","name":"Installation Trust guard - Becom","isPartOf":{"@id":"https:\/\/becom.digital\/fr\/#website"},"datePublished":"2024-11-15T15:29:57+00:00","dateModified":"2025-01-27T11:00:18+00:00","breadcrumb":{"@id":"https:\/\/becom.digital\/fr\/installation-trust-guard\/#breadcrumb"},"inLanguage":"fr-FR","potentialAction":[{"@type":"ReadAction","target":["https:\/\/becom.digital\/fr\/installation-trust-guard\/"]}]},{"@type":"BreadcrumbList","@id":"https:\/\/becom.digital\/fr\/installation-trust-guard\/#breadcrumb","itemListElement":[{"@type":"ListItem","position":1,"name":"Home","item":"https:\/\/becom.digital\/fr\/"},{"@type":"ListItem","position":2,"name":"Installation Trust guard"}]},{"@type":"WebSite","@id":"https:\/\/becom.digital\/fr\/#website","url":"https:\/\/becom.digital\/fr\/","name":"Becom","description":"Your digital wings","publisher":{"@id":"https:\/\/becom.digital\/fr\/#organization"},"potentialAction":[{"@type":"SearchAction","target":{"@type":"EntryPoint","urlTemplate":"https:\/\/becom.digital\/fr\/?s={search_term_string}"},"query-input":{"@type":"PropertyValueSpecification","valueRequired":true,"valueName":"search_term_string"}}],"inLanguage":"fr-FR"},{"@type":"Organization","@id":"https:\/\/becom.digital\/fr\/#organization","name":"Becom","url":"https:\/\/becom.digital\/fr\/","logo":{"@type":"ImageObject","inLanguage":"fr-FR","@id":"https:\/\/becom.digital\/fr\/#\/schema\/logo\/image\/","url":"https:\/\/becom.digital\/app\/uploads\/2023\/10\/Becom_logo_POS_basic-3-e1697538309895.png","contentUrl":"https:\/\/becom.digital\/app\/uploads\/2023\/10\/Becom_logo_POS_basic-3-e1697538309895.png","width":200,"height":72,"caption":"Becom"},"image":{"@id":"https:\/\/becom.digital\/fr\/#\/schema\/logo\/image\/"},"sameAs":["https:\/\/www.facebook.com\/Becomdigitalfederation\/","https:\/\/x.com\/becomdigital","https:\/\/www.linkedin.com\/company\/becomfederation\/","https:\/\/www.instagram.com\/becomfederation\/","https:\/\/www.youtube.com\/@becom-federation","https:\/\/open.spotify.com\/show\/0oBItlT3FIpj6AxEqllkta"]}]}},"_links":{"self":[{"href":"https:\/\/becom.digital\/fr\/wp-json\/wp\/v2\/pages\/55304","targetHints":{"allow":["GET"]}}],"collection":[{"href":"https:\/\/becom.digital\/fr\/wp-json\/wp\/v2\/pages"}],"about":[{"href":"https:\/\/becom.digital\/fr\/wp-json\/wp\/v2\/types\/page"}],"author":[{"embeddable":true,"href":"https:\/\/becom.digital\/fr\/wp-json\/wp\/v2\/users\/17"}],"replies":[{"embeddable":true,"href":"https:\/\/becom.digital\/fr\/wp-json\/wp\/v2\/comments?post=55304"}],"version-history":[{"count":3,"href":"https:\/\/becom.digital\/fr\/wp-json\/wp\/v2\/pages\/55304\/revisions"}],"predecessor-version":[{"id":56180,"href":"https:\/\/becom.digital\/fr\/wp-json\/wp\/v2\/pages\/55304\/revisions\/56180"}],"wp:attachment":[{"href":"https:\/\/becom.digital\/fr\/wp-json\/wp\/v2\/media?parent=55304"}],"wp:term":[{"taxonomy":"test-katrien1","embeddable":true,"href":"https:\/\/becom.digital\/fr\/wp-json\/wp\/v2\/test-katrien1?post=55304"}],"curies":[{"name":"wp","href":"https:\/\/api.w.org\/{rel}","templated":true}]}}