{"id":54236,"date":"2024-06-03T06:53:58","date_gmt":"2024-06-03T04:53:58","guid":{"rendered":"https:\/\/becom.digital\/?page_id=54236"},"modified":"2025-07-02T15:21:54","modified_gmt":"2025-07-02T13:21:54","slug":"masterclasses","status":"publish","type":"page","link":"https:\/\/becom.digital\/fr\/masterclasses\/","title":{"rendered":"Masterclasses"},"content":{"rendered":"<div class=\"wpb-content-wrapper\"><p>[vc_row type=&#8221;full_width_section&#8221;][vc_column width=&#8221;1\/1&#8243;]<div class=\"single_image wpb_content_element align-left    \" data-animation=\"none\" data-delay=\"0\"><img loading=\"lazy\" decoding=\"async\" width=\"2560\" height=\"350\" src=\"https:\/\/becom.digital\/app\/uploads\/2025\/07\/Masterclass.png\" class=\"attachment-full\" alt=\"\" title=\"Masterclass\" srcset=\"https:\/\/becom.digital\/app\/uploads\/2025\/07\/Masterclass.png 2560w, https:\/\/becom.digital\/app\/uploads\/2025\/07\/Masterclass-300x41.png 300w, https:\/\/becom.digital\/app\/uploads\/2025\/07\/Masterclass-1024x140.png 1024w, https:\/\/becom.digital\/app\/uploads\/2025\/07\/Masterclass-768x105.png 768w, https:\/\/becom.digital\/app\/uploads\/2025\/07\/Masterclass-1536x210.png 1536w, https:\/\/becom.digital\/app\/uploads\/2025\/07\/Masterclass-2048x280.png 2048w\" sizes=\"auto, (max-width: 2560px) 100vw, 2560px\" \/><\/div>[\/vc_column][\/vc_row][vc_row][vc_column width=&#8221;1\/1&#8243;]<div class=\"spacer\" style=\"height: 20px;\"><\/div>[vc_column_text]<\/p>\n<h2><strong><span style=\"color: #5e33c8;\">Qu&#8217;est-ce qu&#8217;une masterclass<\/span> <span style=\"color: #01ec90;\">?<\/span><\/strong><\/h2>\n<p>Dans ce monde en constante \u00e9volution, en tant qu&#8217;entrepreneur (digital), vous faites face \u00e0 divers d\u00e9fis. Les Becom Masterclasses se concentrent sur certains d&#8217;entre eux. Que signifient-ils pour votre entreprise en ligne et comment pouvez-vous les aborder efficacement ? En combinant des contextes juridiques, technologiques et commerciaux, ces Masterclasses offrent des strat\u00e9gies ax\u00e9es sur les solutions pour aider votre entreprise \u00e0 progresser.<\/p>\n<p>En 2024, les Becom Masterclasses aborderont des sujets qui sont en t\u00eate de l&#8217;agenda : <span class=\"OYPEnA text-decoration-none text-strikethrough-none\">AI<\/span><span class=\"OYPEnA text-decoration-none text-strikethrough-none\">, <\/span><span class=\"OYPEnA text-decoration-none text-strikethrough-none\">data &amp; tracking<\/span><span class=\"OYPEnA text-decoration-none text-strikethrough-none\">, <\/span><span class=\"OYPEnA text-decoration-none text-strikethrough-none\">pricing &amp; discounts<\/span> et marketplaces.<\/p>\n<h2><span style=\"color: #5e33c8;\"><strong>Pourquoi faisons-nous cela <span style=\"color: #01ec90;\">?<\/span><\/strong><\/span><\/h2>\n<p>En tant que f\u00e9d\u00e9ration du commerce \u00e9lectronique belge, nous voulons non seulement \u00e9couter les besoins de nos membres. Nous voulons \u00e9galement les accompagner en offrant l&#8217;expertise n\u00e9cessaire et ainsi contribuer au d\u00e9veloppement continu de l&#8217;\u00e9conomie num\u00e9rique.<\/p>\n<h2><strong><span style=\"color: #5e33c8;\">Comment m&#8217;inscrire<\/span> <span style=\"color: #01ec90;\">?<\/span><\/strong><\/h2>\n<p class=\"\" data-start=\"120\" data-end=\"369\">Les masterclasses sont r\u00e9serv\u00e9es \u00e0 nos membres. En tant que <span style=\"color: #5e32ca;\"><strong>Captain Member<\/strong><\/span>, vous pouvez y <span style=\"color: #5e32ca;\"><strong>participer gratuitement<\/strong><\/span>, cela fait partie de votre package d&#8217;adh\u00e9sion. En tant que <span style=\"color: #5e32ca;\"><strong>Trustmark Member<\/strong><\/span>, vous b\u00e9n\u00e9ficiez d&#8217;un tarif pr\u00e9f\u00e9rentiel de <span style=\"color: #5e32ca;\"><strong>145 \u20ac HT<\/strong><\/span>.<br \/>\nM\u00eame en tant que <span style=\"color: #5e32ca;\"><strong>non-membre<\/strong><\/span>, vous pouvez vous inscrire pour <span style=\"color: #5e32ca;\"><strong>325 \u20ac HT<\/strong><\/span>.<\/p>\n<div class=\"button-wrapper\">\n<p>Inscrivez-vous ci-dessous ou consultez notre agenda.<\/p>\n<a href=\"https:\/\/becom.digital\/fr\/agenda\/\" target=\"_blank\" class=\"button #00EA90 small \" style=\"border-radius: 2px;\">Becom Agenda<\/a>\n<\/div>\n<div class=\"button-wrapper\"><\/div>\n<p>[\/vc_column_text]<div class=\"spacer\" style=\"height: 40px;\"><\/div>[\/vc_column][\/vc_row][vc_row][vc_column width=&#8221;1\/3&#8243;]<div class=\"becom-title-banner\"><div class=\"title-wrapper\" style=\"background-color:#5e33c8 \"><div class=\"banner-title\">Masterclass Marketplaces<\/div><\/div><div class=\"content-wrapper \" style=\"background-color: \"><\/p>\n<ul>\n<li>Quand : Le 25 f\u00e9vrier 2025<\/li>\n<li>L&#8217;heure : 13h30 &#8211; 17h00<\/li>\n<li>O\u00f9 : Becom Office<\/li>\n<\/ul>\n<div class=\"button-wrapper\" style=\"margin-top: 20px; display: inline-block; width: 100%;\"><a href=\"https:\/\/becom.digital\/fr\/event\/masterclass-marketplaces\/\" class=\"button button-appear color-3 medium \" title=\"Plus d'informations\" target=\"_blank\">Plus d'informations<\/a><\/div><\/div><\/div>[\/vc_column][vc_column width=&#8221;1\/3&#8243;]<div class=\"becom-title-banner\"><div class=\"title-wrapper\" style=\"background-color:#5e33c8 \"><div class=\"banner-title\">Masterclass Accessibility<\/div><\/div><div class=\"content-wrapper \" style=\"background-color: \"><\/p>\n<ul>\n<li>Quand : Le 20 mai 2025<\/li>\n<li>L&#8217;heure : 13h30 &#8211; 17h00<\/li>\n<li>O\u00f9 : Becom Office<\/li>\n<\/ul>\n<div class=\"button-wrapper\" style=\"margin-top: 20px; display: inline-block; width: 100%;\"><a href=\"https:\/\/becom.digital\/fr\/event\/masterclass-accessibility\/\" class=\"button button-appear color-3 medium \" title=\"Plus d'informations\" target=\"_blank\">Plus d'informations<\/a><\/div><\/div><\/div>[\/vc_column][vc_column width=&#8221;1\/3&#8243;][\/vc_column][\/vc_row][vc_row][vc_column width=&#8221;1\/3&#8243;]<div class=\"becom-title-banner\"><div class=\"title-wrapper\" style=\"background-color:#5e33c8 \"><div class=\"banner-title\">Masterclass: Ethique<\/div><\/div><div class=\"content-wrapper \" style=\"background-color: \"><\/p>\n<ul>\n<li>Quand : Le 3 juin 2025<\/li>\n<li>L&#8217;heure : 13h30 &#8211; 17h00<\/li>\n<li>O\u00f9 : Becom Office<\/li>\n<\/ul>\n<div class=\"button-wrapper\" style=\"margin-top: 20px; display: inline-block; width: 100%;\"><a href=\"https:\/\/becom.digital\/fr\/event\/masterclass-ethique\/\" class=\"button button-appear color-3 medium \" title=\"Plus d'informations\" target=\"_blank\">Plus d'informations<\/a><\/div><\/div><\/div>[\/vc_column][vc_column width=&#8221;1\/3&#8243;]<div class=\"becom-title-banner\"><div class=\"title-wrapper\" style=\"background-color:#5e33c8 \"><div class=\"banner-title\">Masterclass Export<\/div><\/div><div class=\"content-wrapper \" style=\"background-color: \"><\/p>\n<ul>\n<li>Quand : Le 9 septembre 2025<\/li>\n<li>L&#8217;heure : 13h30 &#8211; 17h00<\/li>\n<li>O\u00f9 : Becom Office<\/li>\n<\/ul>\n<div class=\"button-wrapper\" style=\"margin-top: 20px; display: inline-block; width: 100%;\"><a href=\"https:\/\/becom.digital\/fr\/event\/masterclass-export\/\" class=\"button button-appear color-3 medium \" title=\"Plus d'informations\" target=\"_blank\">Plus d'informations<\/a><\/div><\/div><\/div>[\/vc_column][vc_column width=&#8221;1\/3&#8243;]<div class=\"becom-title-banner\"><div class=\"title-wrapper\" style=\"background-color:#5e33c8 \"><div class=\"banner-title\">Masterclass Data &amp; Tracking<\/div><\/div><div class=\"content-wrapper \" style=\"background-color: \"><\/p>\n<ul>\n<li>Quand : Le 21 octobre 2025<\/li>\n<li>L&#8217;heure : 13h30 &#8211; 17h00<\/li>\n<li>O\u00f9 : Becom Office<\/li>\n<\/ul>\n<div class=\"button-wrapper\" style=\"margin-top: 20px; display: inline-block; width: 100%;\"><a href=\"https:\/\/becom.digital\/fr\/event\/masterclass-datatracking\/\" class=\"button button-appear color-3 medium \" title=\"Plus d'informations\" target=\"_blank\">Plus d'informations<\/a><\/div><\/div><\/div>[\/vc_column][\/vc_row][vc_row text_align=&#8221;center&#8221;][vc_column width=&#8221;1\/1&#8243;]<div class=\"spacer\" style=\"height: 40px;\"><\/div><a href=\"https:\/\/becom.digital\/fr\/agenda-academy\/\" target=\"_blank\" class=\"button custom medium \" style=\"background-color: #01ec90; border-color: #01ec90;border-radius: 2px;\">D\u00e9couvrez l&#8217;agenda ici<\/a><div class=\"spacer\" style=\"height: 40px;\"><\/div>[\/vc_column][\/vc_row]<\/p>\n<\/div>","protected":false},"excerpt":{"rendered":"<p>[vc_row type=&#8221;full_width_section&#8221;][vc_column width=&#8221;1\/1&#8243;][\/vc_column][\/vc_row][vc_row][vc_column width=&#8221;1\/1&#8243;][vc_column_text] Qu&#8217;est-ce qu&#8217;une masterclass ? Dans ce monde en constante \u00e9volution, en tant qu&#8217;entrepreneur (digital), vous faites face \u00e0 divers d\u00e9fis. Les Becom Masterclasses se concentrent sur certains d&#8217;entre eux. Que signifient-ils pour votre entreprise en ligne et comment pouvez-vous les aborder efficacement ? En combinant des contextes juridiques, technologiques et commerciaux, ces Masterclasses offrent des strat\u00e9gies ax\u00e9es sur les solutions pour aider votre entreprise \u00e0 progresser. En 2024, les Becom Masterclasses aborderont des sujets qui sont en t\u00eate de l&#8217;agenda : AI, data &amp; tracking, pricing &amp; discounts et marketplaces. Pourquoi faisons-nous cela ? En tant que f\u00e9d\u00e9ration du commerce \u00e9lectronique belge, nous voulons non seulement \u00e9couter les besoins de nos membres. Nous voulons \u00e9galement les accompagner en offrant l&#8217;expertise n\u00e9cessaire et ainsi contribuer au d\u00e9veloppement continu de l&#8217;\u00e9conomie num\u00e9rique. Comment m&#8217;inscrire ? Les masterclasses sont r\u00e9serv\u00e9es \u00e0 nos membres. En tant que Captain Member, vous pouvez y participer gratuitement, cela fait partie de votre package d&#8217;adh\u00e9sion. En tant que Trustmark Member, vous b\u00e9n\u00e9ficiez d&#8217;un tarif pr\u00e9f\u00e9rentiel de 145 \u20ac HT. M\u00eame en tant que non-membre, vous pouvez vous inscrire pour 325 \u20ac HT. Inscrivez-vous ci-dessous ou consultez notre agenda. [\/vc_column_text][\/vc_column][\/vc_row][vc_row][vc_column width=&#8221;1\/3&#8243;][\/vc_column][vc_column width=&#8221;1\/3&#8243;][\/vc_column][vc_column width=&#8221;1\/3&#8243;][\/vc_column][\/vc_row][vc_row][vc_column width=&#8221;1\/3&#8243;][\/vc_column][vc_column width=&#8221;1\/3&#8243;][\/vc_column][vc_column [&hellip;]<\/p>\n","protected":false},"author":17,"featured_media":0,"parent":0,"menu_order":0,"comment_status":"closed","ping_status":"closed","template":"","meta":{"_EventAllDay":false,"_EventTimezone":"","_EventStartDate":"","_EventEndDate":"","_EventStartDateUTC":"","_EventEndDateUTC":"","_EventShowMap":false,"_EventShowMapLink":false,"_EventURL":"","_EventCost":"","_EventCostDescription":"","_EventCurrencySymbol":"","_EventCurrencyCode":"","_EventCurrencyPosition":"","_EventDateTimeSeparator":"","_EventTimeRangeSeparator":"","_EventOrganizerID":[],"_EventVenueID":[],"_OrganizerEmail":"","_OrganizerPhone":"","_OrganizerWebsite":"","_VenueAddress":"","_VenueCity":"","_VenueCountry":"","_VenueProvince":"","_VenueState":"","_VenueZip":"","_VenuePhone":"","_VenueURL":"","_VenueStateProvince":"","_VenueLat":"","_VenueLng":"","_VenueShowMap":false,"_VenueShowMapLink":false,"footnotes":""},"test-katrien1":[],"class_list":["post-54236","page","type-page","status-publish","hentry"],"yoast_head":"<!-- This site is optimized with the Yoast SEO plugin v26.4 - https:\/\/yoast.com\/wordpress\/plugins\/seo\/ -->\n<title>Masterclasses - Becom<\/title>\n<meta name=\"robots\" content=\"index, follow, max-snippet:-1, max-image-preview:large, max-video-preview:-1\" \/>\n<link rel=\"canonical\" href=\"https:\/\/becom.digital\/fr\/masterclasses\/\" \/>\n<meta property=\"og:locale\" content=\"fr_FR\" \/>\n<meta property=\"og:type\" content=\"article\" \/>\n<meta property=\"og:title\" content=\"Masterclasses - Becom\" \/>\n<meta property=\"og:description\" content=\"[vc_row type=&#8221;full_width_section&#8221;][vc_column width=&#8221;1\/1&#8243;][\/vc_column][\/vc_row][vc_row][vc_column width=&#8221;1\/1&#8243;][vc_column_text] Qu&#8217;est-ce qu&#8217;une masterclass ? Dans ce monde en constante \u00e9volution, en tant qu&#8217;entrepreneur (digital), vous faites face \u00e0 divers d\u00e9fis. Les Becom Masterclasses se concentrent sur certains d&#8217;entre eux. Que signifient-ils pour votre entreprise en ligne et comment pouvez-vous les aborder efficacement ? En combinant des contextes juridiques, technologiques et commerciaux, ces Masterclasses offrent des strat\u00e9gies ax\u00e9es sur les solutions pour aider votre entreprise \u00e0 progresser. En 2024, les Becom Masterclasses aborderont des sujets qui sont en t\u00eate de l&#8217;agenda : AI, data &amp; tracking, pricing &amp; discounts et marketplaces. Pourquoi faisons-nous cela ? En tant que f\u00e9d\u00e9ration du commerce \u00e9lectronique belge, nous voulons non seulement \u00e9couter les besoins de nos membres. Nous voulons \u00e9galement les accompagner en offrant l&#8217;expertise n\u00e9cessaire et ainsi contribuer au d\u00e9veloppement continu de l&#8217;\u00e9conomie num\u00e9rique. Comment m&#8217;inscrire ? Les masterclasses sont r\u00e9serv\u00e9es \u00e0 nos membres. En tant que Captain Member, vous pouvez y participer gratuitement, cela fait partie de votre package d&#8217;adh\u00e9sion. En tant que Trustmark Member, vous b\u00e9n\u00e9ficiez d&#8217;un tarif pr\u00e9f\u00e9rentiel de 145 \u20ac HT. M\u00eame en tant que non-membre, vous pouvez vous inscrire pour 325 \u20ac HT. Inscrivez-vous ci-dessous ou consultez notre agenda. [\/vc_column_text][\/vc_column][\/vc_row][vc_row][vc_column width=&#8221;1\/3&#8243;][\/vc_column][vc_column width=&#8221;1\/3&#8243;][\/vc_column][vc_column width=&#8221;1\/3&#8243;][\/vc_column][\/vc_row][vc_row][vc_column width=&#8221;1\/3&#8243;][\/vc_column][vc_column width=&#8221;1\/3&#8243;][\/vc_column][vc_column [&hellip;]\" \/>\n<meta property=\"og:url\" content=\"https:\/\/becom.digital\/fr\/masterclasses\/\" \/>\n<meta property=\"og:site_name\" content=\"Becom\" \/>\n<meta property=\"article:publisher\" content=\"https:\/\/www.facebook.com\/Becomdigitalfederation\/\" \/>\n<meta property=\"article:modified_time\" content=\"2025-07-02T13:21:54+00:00\" \/>\n<meta name=\"twitter:card\" content=\"summary_large_image\" \/>\n<meta name=\"twitter:site\" content=\"@becomdigital\" \/>\n<meta name=\"twitter:label1\" content=\"Est. reading time\" \/>\n\t<meta name=\"twitter:data1\" content=\"2 minutes\" \/>\n<script type=\"application\/ld+json\" class=\"yoast-schema-graph\">{\"@context\":\"https:\/\/schema.org\",\"@graph\":[{\"@type\":\"WebPage\",\"@id\":\"https:\/\/becom.digital\/fr\/masterclasses\/\",\"url\":\"https:\/\/becom.digital\/fr\/masterclasses\/\",\"name\":\"Masterclasses - Becom\",\"isPartOf\":{\"@id\":\"https:\/\/becom.digital\/fr\/#website\"},\"datePublished\":\"2024-06-03T04:53:58+00:00\",\"dateModified\":\"2025-07-02T13:21:54+00:00\",\"breadcrumb\":{\"@id\":\"https:\/\/becom.digital\/fr\/masterclasses\/#breadcrumb\"},\"inLanguage\":\"fr-FR\",\"potentialAction\":[{\"@type\":\"ReadAction\",\"target\":[\"https:\/\/becom.digital\/fr\/masterclasses\/\"]}]},{\"@type\":\"BreadcrumbList\",\"@id\":\"https:\/\/becom.digital\/fr\/masterclasses\/#breadcrumb\",\"itemListElement\":[{\"@type\":\"ListItem\",\"position\":1,\"name\":\"Home\",\"item\":\"https:\/\/becom.digital\/fr\/\"},{\"@type\":\"ListItem\",\"position\":2,\"name\":\"Masterclasses\"}]},{\"@type\":\"WebSite\",\"@id\":\"https:\/\/becom.digital\/fr\/#website\",\"url\":\"https:\/\/becom.digital\/fr\/\",\"name\":\"Becom\",\"description\":\"Your digital wings\",\"publisher\":{\"@id\":\"https:\/\/becom.digital\/fr\/#organization\"},\"potentialAction\":[{\"@type\":\"SearchAction\",\"target\":{\"@type\":\"EntryPoint\",\"urlTemplate\":\"https:\/\/becom.digital\/fr\/?s={search_term_string}\"},\"query-input\":{\"@type\":\"PropertyValueSpecification\",\"valueRequired\":true,\"valueName\":\"search_term_string\"}}],\"inLanguage\":\"fr-FR\"},{\"@type\":\"Organization\",\"@id\":\"https:\/\/becom.digital\/fr\/#organization\",\"name\":\"Becom\",\"url\":\"https:\/\/becom.digital\/fr\/\",\"logo\":{\"@type\":\"ImageObject\",\"inLanguage\":\"fr-FR\",\"@id\":\"https:\/\/becom.digital\/fr\/#\/schema\/logo\/image\/\",\"url\":\"https:\/\/becom.digital\/app\/uploads\/2023\/10\/Becom_logo_POS_basic-3-e1697538309895.png\",\"contentUrl\":\"https:\/\/becom.digital\/app\/uploads\/2023\/10\/Becom_logo_POS_basic-3-e1697538309895.png\",\"width\":200,\"height\":72,\"caption\":\"Becom\"},\"image\":{\"@id\":\"https:\/\/becom.digital\/fr\/#\/schema\/logo\/image\/\"},\"sameAs\":[\"https:\/\/www.facebook.com\/Becomdigitalfederation\/\",\"https:\/\/x.com\/becomdigital\",\"https:\/\/www.linkedin.com\/company\/becomfederation\/\",\"https:\/\/www.instagram.com\/becomfederation\/\",\"https:\/\/www.youtube.com\/@becom-federation\",\"https:\/\/open.spotify.com\/show\/0oBItlT3FIpj6AxEqllkta\"]}]}<\/script>\n<!-- \/ Yoast SEO plugin. -->","yoast_head_json":{"title":"Masterclasses - Becom","robots":{"index":"index","follow":"follow","max-snippet":"max-snippet:-1","max-image-preview":"max-image-preview:large","max-video-preview":"max-video-preview:-1"},"canonical":"https:\/\/becom.digital\/fr\/masterclasses\/","og_locale":"fr_FR","og_type":"article","og_title":"Masterclasses - Becom","og_description":"[vc_row type=&#8221;full_width_section&#8221;][vc_column width=&#8221;1\/1&#8243;][\/vc_column][\/vc_row][vc_row][vc_column width=&#8221;1\/1&#8243;][vc_column_text] Qu&#8217;est-ce qu&#8217;une masterclass ? Dans ce monde en constante \u00e9volution, en tant qu&#8217;entrepreneur (digital), vous faites face \u00e0 divers d\u00e9fis. Les Becom Masterclasses se concentrent sur certains d&#8217;entre eux. Que signifient-ils pour votre entreprise en ligne et comment pouvez-vous les aborder efficacement ? En combinant des contextes juridiques, technologiques et commerciaux, ces Masterclasses offrent des strat\u00e9gies ax\u00e9es sur les solutions pour aider votre entreprise \u00e0 progresser. En 2024, les Becom Masterclasses aborderont des sujets qui sont en t\u00eate de l&#8217;agenda : AI, data &amp; tracking, pricing &amp; discounts et marketplaces. Pourquoi faisons-nous cela ? En tant que f\u00e9d\u00e9ration du commerce \u00e9lectronique belge, nous voulons non seulement \u00e9couter les besoins de nos membres. Nous voulons \u00e9galement les accompagner en offrant l&#8217;expertise n\u00e9cessaire et ainsi contribuer au d\u00e9veloppement continu de l&#8217;\u00e9conomie num\u00e9rique. Comment m&#8217;inscrire ? Les masterclasses sont r\u00e9serv\u00e9es \u00e0 nos membres. En tant que Captain Member, vous pouvez y participer gratuitement, cela fait partie de votre package d&#8217;adh\u00e9sion. En tant que Trustmark Member, vous b\u00e9n\u00e9ficiez d&#8217;un tarif pr\u00e9f\u00e9rentiel de 145 \u20ac HT. M\u00eame en tant que non-membre, vous pouvez vous inscrire pour 325 \u20ac HT. Inscrivez-vous ci-dessous ou consultez notre agenda. [\/vc_column_text][\/vc_column][\/vc_row][vc_row][vc_column width=&#8221;1\/3&#8243;][\/vc_column][vc_column width=&#8221;1\/3&#8243;][\/vc_column][vc_column width=&#8221;1\/3&#8243;][\/vc_column][\/vc_row][vc_row][vc_column width=&#8221;1\/3&#8243;][\/vc_column][vc_column width=&#8221;1\/3&#8243;][\/vc_column][vc_column [&hellip;]","og_url":"https:\/\/becom.digital\/fr\/masterclasses\/","og_site_name":"Becom","article_publisher":"https:\/\/www.facebook.com\/Becomdigitalfederation\/","article_modified_time":"2025-07-02T13:21:54+00:00","twitter_card":"summary_large_image","twitter_site":"@becomdigital","twitter_misc":{"Est. reading time":"2 minutes"},"schema":{"@context":"https:\/\/schema.org","@graph":[{"@type":"WebPage","@id":"https:\/\/becom.digital\/fr\/masterclasses\/","url":"https:\/\/becom.digital\/fr\/masterclasses\/","name":"Masterclasses - Becom","isPartOf":{"@id":"https:\/\/becom.digital\/fr\/#website"},"datePublished":"2024-06-03T04:53:58+00:00","dateModified":"2025-07-02T13:21:54+00:00","breadcrumb":{"@id":"https:\/\/becom.digital\/fr\/masterclasses\/#breadcrumb"},"inLanguage":"fr-FR","potentialAction":[{"@type":"ReadAction","target":["https:\/\/becom.digital\/fr\/masterclasses\/"]}]},{"@type":"BreadcrumbList","@id":"https:\/\/becom.digital\/fr\/masterclasses\/#breadcrumb","itemListElement":[{"@type":"ListItem","position":1,"name":"Home","item":"https:\/\/becom.digital\/fr\/"},{"@type":"ListItem","position":2,"name":"Masterclasses"}]},{"@type":"WebSite","@id":"https:\/\/becom.digital\/fr\/#website","url":"https:\/\/becom.digital\/fr\/","name":"Becom","description":"Your digital wings","publisher":{"@id":"https:\/\/becom.digital\/fr\/#organization"},"potentialAction":[{"@type":"SearchAction","target":{"@type":"EntryPoint","urlTemplate":"https:\/\/becom.digital\/fr\/?s={search_term_string}"},"query-input":{"@type":"PropertyValueSpecification","valueRequired":true,"valueName":"search_term_string"}}],"inLanguage":"fr-FR"},{"@type":"Organization","@id":"https:\/\/becom.digital\/fr\/#organization","name":"Becom","url":"https:\/\/becom.digital\/fr\/","logo":{"@type":"ImageObject","inLanguage":"fr-FR","@id":"https:\/\/becom.digital\/fr\/#\/schema\/logo\/image\/","url":"https:\/\/becom.digital\/app\/uploads\/2023\/10\/Becom_logo_POS_basic-3-e1697538309895.png","contentUrl":"https:\/\/becom.digital\/app\/uploads\/2023\/10\/Becom_logo_POS_basic-3-e1697538309895.png","width":200,"height":72,"caption":"Becom"},"image":{"@id":"https:\/\/becom.digital\/fr\/#\/schema\/logo\/image\/"},"sameAs":["https:\/\/www.facebook.com\/Becomdigitalfederation\/","https:\/\/x.com\/becomdigital","https:\/\/www.linkedin.com\/company\/becomfederation\/","https:\/\/www.instagram.com\/becomfederation\/","https:\/\/www.youtube.com\/@becom-federation","https:\/\/open.spotify.com\/show\/0oBItlT3FIpj6AxEqllkta"]}]}},"_links":{"self":[{"href":"https:\/\/becom.digital\/fr\/wp-json\/wp\/v2\/pages\/54236","targetHints":{"allow":["GET"]}}],"collection":[{"href":"https:\/\/becom.digital\/fr\/wp-json\/wp\/v2\/pages"}],"about":[{"href":"https:\/\/becom.digital\/fr\/wp-json\/wp\/v2\/types\/page"}],"author":[{"embeddable":true,"href":"https:\/\/becom.digital\/fr\/wp-json\/wp\/v2\/users\/17"}],"replies":[{"embeddable":true,"href":"https:\/\/becom.digital\/fr\/wp-json\/wp\/v2\/comments?post=54236"}],"version-history":[{"count":19,"href":"https:\/\/becom.digital\/fr\/wp-json\/wp\/v2\/pages\/54236\/revisions"}],"predecessor-version":[{"id":62704,"href":"https:\/\/becom.digital\/fr\/wp-json\/wp\/v2\/pages\/54236\/revisions\/62704"}],"wp:attachment":[{"href":"https:\/\/becom.digital\/fr\/wp-json\/wp\/v2\/media?parent=54236"}],"wp:term":[{"taxonomy":"test-katrien1","embeddable":true,"href":"https:\/\/becom.digital\/fr\/wp-json\/wp\/v2\/test-katrien1?post=54236"}],"curies":[{"name":"wp","href":"https:\/\/api.w.org\/{rel}","templated":true}]}}