{"id":51572,"date":"2023-10-24T13:33:41","date_gmt":"2023-10-24T11:33:41","guid":{"rendered":"https:\/\/becommerce.safeshops.be\/?page_id=51572"},"modified":"2025-01-27T14:15:56","modified_gmt":"2025-01-27T13:15:56","slug":"wiki","status":"publish","type":"page","link":"https:\/\/becom.digital\/fr\/wiki\/","title":{"rendered":"Wiki"},"content":{"rendered":"<div class=\"wpb-content-wrapper\"><p>[vc_row type=&#8221;full_width_section&#8221;][vc_column width=&#8221;1\/1&#8243;]<div class=\"single_image wpb_content_element align-center    \" data-animation=\"none\" data-delay=\"0\"><img loading=\"lazy\" decoding=\"async\" width=\"2560\" height=\"350\" src=\"https:\/\/becom.digital\/app\/uploads\/2023\/10\/Wiki-4.png\" class=\"attachment-full\" alt=\"\" title=\"Wiki\" srcset=\"https:\/\/becom.digital\/app\/uploads\/2023\/10\/Wiki-4.png 2560w, https:\/\/becom.digital\/app\/uploads\/2023\/10\/Wiki-4-300x41.png 300w, https:\/\/becom.digital\/app\/uploads\/2023\/10\/Wiki-4-1024x140.png 1024w, https:\/\/becom.digital\/app\/uploads\/2023\/10\/Wiki-4-768x105.png 768w, https:\/\/becom.digital\/app\/uploads\/2023\/10\/Wiki-4-1536x210.png 1536w, https:\/\/becom.digital\/app\/uploads\/2023\/10\/Wiki-4-2048x280.png 2048w\" sizes=\"auto, (max-width: 2560px) 100vw, 2560px\" \/><\/div>[\/vc_column][\/vc_row][vc_row][vc_column width=&#8221;1\/2&#8243;]<div class=\"spacer\" style=\"height: 40px;\"><\/div>[vc_column_text]<\/p>\n<h2><span style=\"color: #5e32ca;\"><strong>Bienvenue sur l&#8217;e-business Wiki.<\/strong><\/span><\/h2>\n<p style=\"font-weight: 400;\">Le c\u0153ur battant de notre f\u00e9d\u00e9ration\u00a0! Biblioth\u00e8que, centre de connaissances, archives ou encyclop\u00e9die&#8230; notre Wiki est un peu tout cela \u00e0 la fois. Vous y trouverez tout le contenu et l&#8217;expertise sur et autour du commerce num\u00e9rique ou e-commerce : \u00e9tudes et livres blancs, enregistrements de webinaires, rapports de Labs et documents de synth\u00e8se, podcasts, communiqu\u00e9s de presse, slides et pr\u00e9sentations, blogs et articles, et m\u00eame des documents types pour votre boutique en ligne.<\/p>\n<p style=\"font-weight: 400;\">Pour faire court, Wiki rassemble et met \u00e0 votre disposition toutes les connaissances et exp\u00e9riences partag\u00e9es par les experts, les membres et les partenaires. Plongez-vous dans Wiki, furetez, faites des recherches par th\u00e8me, par format ou les deux.<\/p>\n<p style=\"font-weight: 400;\">De nombreuses informations sont accessibles gratuitement, mais certains contenus sont r\u00e9serv\u00e9s aux membres Trustmark, aux Captains, aux partenaires commerciaux et\/ou aux partenaires engag\u00e9s. C&#8217;est pourquoi nous vous demandons de vous enregistrer gratuitement avec votre adresse mail afin de pouvoir continuer \u00e0 naviguer facilement.<\/p>\n<h2 style=\"font-weight: 400;\"><strong>Le 20 novembre, lancement de l&#8217;e-business Wiki.<\/strong><\/h2>\n<p>[\/vc_column_text][\/vc_column][vc_column width=&#8221;1\/2&#8243;]<div class=\"spacer\" style=\"height: 40px;\"><\/div><div class=\"single_image wpb_content_element align-left    \" data-animation=\"none\" data-delay=\"0\"><img loading=\"lazy\" decoding=\"async\" width=\"1920\" height=\"1080\" src=\"https:\/\/becom.digital\/app\/uploads\/2023\/10\/Visual-USP-Becom-4.png\" class=\"attachment-full\" alt=\"\" title=\"Visual USP Becom-4\" srcset=\"https:\/\/becom.digital\/app\/uploads\/2023\/10\/Visual-USP-Becom-4.png 1920w, https:\/\/becom.digital\/app\/uploads\/2023\/10\/Visual-USP-Becom-4-300x169.png 300w, https:\/\/becom.digital\/app\/uploads\/2023\/10\/Visual-USP-Becom-4-1024x576.png 1024w, https:\/\/becom.digital\/app\/uploads\/2023\/10\/Visual-USP-Becom-4-768x432.png 768w, https:\/\/becom.digital\/app\/uploads\/2023\/10\/Visual-USP-Becom-4-1536x864.png 1536w, https:\/\/becom.digital\/app\/uploads\/2023\/10\/Visual-USP-Becom-4-1000x563.png 1000w\" sizes=\"auto, (max-width: 1920px) 100vw, 1920px\" \/><\/div>[\/vc_column][\/vc_row][vc_row][vc_column width=&#8221;1\/1&#8243;]<div class=\"spacer\" style=\"height: 40px;\"><\/div>[\/vc_column][\/vc_row]<\/p>\n<\/div>","protected":false},"excerpt":{"rendered":"<p>[vc_row type=&#8221;full_width_section&#8221;][vc_column width=&#8221;1\/1&#8243;][\/vc_column][\/vc_row][vc_row][vc_column width=&#8221;1\/2&#8243;][vc_column_text] Bienvenue sur l&#8217;e-business Wiki. Le c\u0153ur battant de notre f\u00e9d\u00e9ration\u00a0! Biblioth\u00e8que, centre de connaissances, archives ou encyclop\u00e9die&#8230; notre Wiki est un peu tout cela \u00e0 la fois. Vous y trouverez tout le contenu et l&#8217;expertise sur et autour du commerce num\u00e9rique ou e-commerce : \u00e9tudes et livres blancs, enregistrements de webinaires, rapports de Labs et documents de synth\u00e8se, podcasts, communiqu\u00e9s de presse, slides et pr\u00e9sentations, blogs et articles, et m\u00eame des documents types pour votre boutique en ligne. Pour faire court, Wiki rassemble et met \u00e0 votre disposition toutes les connaissances et exp\u00e9riences partag\u00e9es par les experts, les membres et les partenaires. Plongez-vous dans Wiki, furetez, faites des recherches par th\u00e8me, par format ou les deux. De nombreuses informations sont accessibles gratuitement, mais certains contenus sont r\u00e9serv\u00e9s aux membres Trustmark, aux Captains, aux partenaires commerciaux et\/ou aux partenaires engag\u00e9s. C&#8217;est pourquoi nous vous demandons de vous enregistrer gratuitement avec votre adresse mail afin de pouvoir continuer \u00e0 naviguer facilement. Le 20 novembre, lancement de l&#8217;e-business Wiki. [\/vc_column_text][\/vc_column][vc_column width=&#8221;1\/2&#8243;][\/vc_column][\/vc_row][vc_row][vc_column width=&#8221;1\/1&#8243;][\/vc_column][\/vc_row]<\/p>\n","protected":false},"author":17,"featured_media":50970,"parent":0,"menu_order":0,"comment_status":"closed","ping_status":"closed","template":"","meta":{"_EventAllDay":false,"_EventTimezone":"","_EventStartDate":"","_EventEndDate":"","_EventStartDateUTC":"","_EventEndDateUTC":"","_EventShowMap":false,"_EventShowMapLink":false,"_EventURL":"","_EventCost":"","_EventCostDescription":"","_EventCurrencySymbol":"","_EventCurrencyCode":"","_EventCurrencyPosition":"","_EventDateTimeSeparator":"","_EventTimeRangeSeparator":"","_EventOrganizerID":[],"_EventVenueID":[],"_OrganizerEmail":"","_OrganizerPhone":"","_OrganizerWebsite":"","_VenueAddress":"","_VenueCity":"","_VenueCountry":"","_VenueProvince":"","_VenueState":"","_VenueZip":"","_VenuePhone":"","_VenueURL":"","_VenueStateProvince":"","_VenueLat":"","_VenueLng":"","_VenueShowMap":false,"_VenueShowMapLink":false,"footnotes":""},"test-katrien1":[],"class_list":["post-51572","page","type-page","status-publish","has-post-thumbnail","hentry"],"yoast_head":"<!-- This site is optimized with the Yoast SEO plugin v26.4 - https:\/\/yoast.com\/wordpress\/plugins\/seo\/ -->\n<title>Wiki - Becom<\/title>\n<meta name=\"description\" content=\"Wiki rassemble et met \u00e0 votre disposition toutes les connaissances et exp\u00e9riences partag\u00e9es par les experts, les membres et les partenaires. Plongez-vous dans Wiki, furetez, faites des recherches par th\u00e8me, par format ou les deux.\" \/>\n<meta name=\"robots\" content=\"index, follow, max-snippet:-1, max-image-preview:large, max-video-preview:-1\" \/>\n<link rel=\"canonical\" href=\"https:\/\/becom.digital\/fr\/wiki\/\" \/>\n<meta property=\"og:locale\" content=\"fr_FR\" \/>\n<meta property=\"og:type\" content=\"article\" \/>\n<meta property=\"og:title\" content=\"Wiki - Becom\" \/>\n<meta property=\"og:description\" content=\"Wiki rassemble et met \u00e0 votre disposition toutes les connaissances et exp\u00e9riences partag\u00e9es par les experts, les membres et les partenaires. Plongez-vous dans Wiki, furetez, faites des recherches par th\u00e8me, par format ou les deux.\" \/>\n<meta property=\"og:url\" content=\"https:\/\/becom.digital\/fr\/wiki\/\" \/>\n<meta property=\"og:site_name\" content=\"Becom\" \/>\n<meta property=\"article:publisher\" content=\"https:\/\/www.facebook.com\/Becomdigitalfederation\/\" \/>\n<meta property=\"article:modified_time\" content=\"2025-01-27T13:15:56+00:00\" \/>\n<meta property=\"og:image\" content=\"https:\/\/becom.digital\/app\/uploads\/2023\/10\/becom-wiki.png\" \/>\n\t<meta property=\"og:image:width\" content=\"1200\" \/>\n\t<meta property=\"og:image:height\" content=\"628\" \/>\n\t<meta property=\"og:image:type\" content=\"image\/png\" \/>\n<meta name=\"twitter:card\" content=\"summary_large_image\" \/>\n<meta name=\"twitter:site\" content=\"@becomdigital\" \/>\n<meta name=\"twitter:label1\" content=\"Est. reading time\" \/>\n\t<meta name=\"twitter:data1\" content=\"1 minute\" \/>\n<script type=\"application\/ld+json\" class=\"yoast-schema-graph\">{\"@context\":\"https:\/\/schema.org\",\"@graph\":[{\"@type\":\"WebPage\",\"@id\":\"https:\/\/becom.digital\/fr\/wiki\/\",\"url\":\"https:\/\/becom.digital\/fr\/wiki\/\",\"name\":\"Wiki - Becom\",\"isPartOf\":{\"@id\":\"https:\/\/becom.digital\/fr\/#website\"},\"primaryImageOfPage\":{\"@id\":\"https:\/\/becom.digital\/fr\/wiki\/#primaryimage\"},\"image\":{\"@id\":\"https:\/\/becom.digital\/fr\/wiki\/#primaryimage\"},\"thumbnailUrl\":\"https:\/\/becom.digital\/app\/uploads\/2023\/10\/becom-wiki.png\",\"datePublished\":\"2023-10-24T11:33:41+00:00\",\"dateModified\":\"2025-01-27T13:15:56+00:00\",\"description\":\"Wiki rassemble et met \u00e0 votre disposition toutes les connaissances et exp\u00e9riences partag\u00e9es par les experts, les membres et les partenaires. Plongez-vous dans Wiki, furetez, faites des recherches par th\u00e8me, par format ou les deux.\",\"breadcrumb\":{\"@id\":\"https:\/\/becom.digital\/fr\/wiki\/#breadcrumb\"},\"inLanguage\":\"fr-FR\",\"potentialAction\":[{\"@type\":\"ReadAction\",\"target\":[\"https:\/\/becom.digital\/fr\/wiki\/\"]}]},{\"@type\":\"ImageObject\",\"inLanguage\":\"fr-FR\",\"@id\":\"https:\/\/becom.digital\/fr\/wiki\/#primaryimage\",\"url\":\"https:\/\/becom.digital\/app\/uploads\/2023\/10\/becom-wiki.png\",\"contentUrl\":\"https:\/\/becom.digital\/app\/uploads\/2023\/10\/becom-wiki.png\",\"width\":1200,\"height\":628},{\"@type\":\"BreadcrumbList\",\"@id\":\"https:\/\/becom.digital\/fr\/wiki\/#breadcrumb\",\"itemListElement\":[{\"@type\":\"ListItem\",\"position\":1,\"name\":\"Home\",\"item\":\"https:\/\/becom.digital\/fr\/\"},{\"@type\":\"ListItem\",\"position\":2,\"name\":\"Wiki\"}]},{\"@type\":\"WebSite\",\"@id\":\"https:\/\/becom.digital\/fr\/#website\",\"url\":\"https:\/\/becom.digital\/fr\/\",\"name\":\"Becom\",\"description\":\"Your digital wings\",\"publisher\":{\"@id\":\"https:\/\/becom.digital\/fr\/#organization\"},\"potentialAction\":[{\"@type\":\"SearchAction\",\"target\":{\"@type\":\"EntryPoint\",\"urlTemplate\":\"https:\/\/becom.digital\/fr\/?s={search_term_string}\"},\"query-input\":{\"@type\":\"PropertyValueSpecification\",\"valueRequired\":true,\"valueName\":\"search_term_string\"}}],\"inLanguage\":\"fr-FR\"},{\"@type\":\"Organization\",\"@id\":\"https:\/\/becom.digital\/fr\/#organization\",\"name\":\"Becom\",\"url\":\"https:\/\/becom.digital\/fr\/\",\"logo\":{\"@type\":\"ImageObject\",\"inLanguage\":\"fr-FR\",\"@id\":\"https:\/\/becom.digital\/fr\/#\/schema\/logo\/image\/\",\"url\":\"https:\/\/becom.digital\/app\/uploads\/2023\/10\/Becom_logo_POS_basic-3-e1697538309895.png\",\"contentUrl\":\"https:\/\/becom.digital\/app\/uploads\/2023\/10\/Becom_logo_POS_basic-3-e1697538309895.png\",\"width\":200,\"height\":72,\"caption\":\"Becom\"},\"image\":{\"@id\":\"https:\/\/becom.digital\/fr\/#\/schema\/logo\/image\/\"},\"sameAs\":[\"https:\/\/www.facebook.com\/Becomdigitalfederation\/\",\"https:\/\/x.com\/becomdigital\",\"https:\/\/www.linkedin.com\/company\/becomfederation\/\",\"https:\/\/www.instagram.com\/becomfederation\/\",\"https:\/\/www.youtube.com\/@becom-federation\",\"https:\/\/open.spotify.com\/show\/0oBItlT3FIpj6AxEqllkta\"]}]}<\/script>\n<!-- \/ Yoast SEO plugin. -->","yoast_head_json":{"title":"Wiki - Becom","description":"Wiki rassemble et met \u00e0 votre disposition toutes les connaissances et exp\u00e9riences partag\u00e9es par les experts, les membres et les partenaires. Plongez-vous dans Wiki, furetez, faites des recherches par th\u00e8me, par format ou les deux.","robots":{"index":"index","follow":"follow","max-snippet":"max-snippet:-1","max-image-preview":"max-image-preview:large","max-video-preview":"max-video-preview:-1"},"canonical":"https:\/\/becom.digital\/fr\/wiki\/","og_locale":"fr_FR","og_type":"article","og_title":"Wiki - Becom","og_description":"Wiki rassemble et met \u00e0 votre disposition toutes les connaissances et exp\u00e9riences partag\u00e9es par les experts, les membres et les partenaires. Plongez-vous dans Wiki, furetez, faites des recherches par th\u00e8me, par format ou les deux.","og_url":"https:\/\/becom.digital\/fr\/wiki\/","og_site_name":"Becom","article_publisher":"https:\/\/www.facebook.com\/Becomdigitalfederation\/","article_modified_time":"2025-01-27T13:15:56+00:00","og_image":[{"width":1200,"height":628,"url":"https:\/\/becom.digital\/app\/uploads\/2023\/10\/becom-wiki.png","type":"image\/png"}],"twitter_card":"summary_large_image","twitter_site":"@becomdigital","twitter_misc":{"Est. reading time":"1 minute"},"schema":{"@context":"https:\/\/schema.org","@graph":[{"@type":"WebPage","@id":"https:\/\/becom.digital\/fr\/wiki\/","url":"https:\/\/becom.digital\/fr\/wiki\/","name":"Wiki - Becom","isPartOf":{"@id":"https:\/\/becom.digital\/fr\/#website"},"primaryImageOfPage":{"@id":"https:\/\/becom.digital\/fr\/wiki\/#primaryimage"},"image":{"@id":"https:\/\/becom.digital\/fr\/wiki\/#primaryimage"},"thumbnailUrl":"https:\/\/becom.digital\/app\/uploads\/2023\/10\/becom-wiki.png","datePublished":"2023-10-24T11:33:41+00:00","dateModified":"2025-01-27T13:15:56+00:00","description":"Wiki rassemble et met \u00e0 votre disposition toutes les connaissances et exp\u00e9riences partag\u00e9es par les experts, les membres et les partenaires. Plongez-vous dans Wiki, furetez, faites des recherches par th\u00e8me, par format ou les deux.","breadcrumb":{"@id":"https:\/\/becom.digital\/fr\/wiki\/#breadcrumb"},"inLanguage":"fr-FR","potentialAction":[{"@type":"ReadAction","target":["https:\/\/becom.digital\/fr\/wiki\/"]}]},{"@type":"ImageObject","inLanguage":"fr-FR","@id":"https:\/\/becom.digital\/fr\/wiki\/#primaryimage","url":"https:\/\/becom.digital\/app\/uploads\/2023\/10\/becom-wiki.png","contentUrl":"https:\/\/becom.digital\/app\/uploads\/2023\/10\/becom-wiki.png","width":1200,"height":628},{"@type":"BreadcrumbList","@id":"https:\/\/becom.digital\/fr\/wiki\/#breadcrumb","itemListElement":[{"@type":"ListItem","position":1,"name":"Home","item":"https:\/\/becom.digital\/fr\/"},{"@type":"ListItem","position":2,"name":"Wiki"}]},{"@type":"WebSite","@id":"https:\/\/becom.digital\/fr\/#website","url":"https:\/\/becom.digital\/fr\/","name":"Becom","description":"Your digital wings","publisher":{"@id":"https:\/\/becom.digital\/fr\/#organization"},"potentialAction":[{"@type":"SearchAction","target":{"@type":"EntryPoint","urlTemplate":"https:\/\/becom.digital\/fr\/?s={search_term_string}"},"query-input":{"@type":"PropertyValueSpecification","valueRequired":true,"valueName":"search_term_string"}}],"inLanguage":"fr-FR"},{"@type":"Organization","@id":"https:\/\/becom.digital\/fr\/#organization","name":"Becom","url":"https:\/\/becom.digital\/fr\/","logo":{"@type":"ImageObject","inLanguage":"fr-FR","@id":"https:\/\/becom.digital\/fr\/#\/schema\/logo\/image\/","url":"https:\/\/becom.digital\/app\/uploads\/2023\/10\/Becom_logo_POS_basic-3-e1697538309895.png","contentUrl":"https:\/\/becom.digital\/app\/uploads\/2023\/10\/Becom_logo_POS_basic-3-e1697538309895.png","width":200,"height":72,"caption":"Becom"},"image":{"@id":"https:\/\/becom.digital\/fr\/#\/schema\/logo\/image\/"},"sameAs":["https:\/\/www.facebook.com\/Becomdigitalfederation\/","https:\/\/x.com\/becomdigital","https:\/\/www.linkedin.com\/company\/becomfederation\/","https:\/\/www.instagram.com\/becomfederation\/","https:\/\/www.youtube.com\/@becom-federation","https:\/\/open.spotify.com\/show\/0oBItlT3FIpj6AxEqllkta"]}]}},"_links":{"self":[{"href":"https:\/\/becom.digital\/fr\/wp-json\/wp\/v2\/pages\/51572","targetHints":{"allow":["GET"]}}],"collection":[{"href":"https:\/\/becom.digital\/fr\/wp-json\/wp\/v2\/pages"}],"about":[{"href":"https:\/\/becom.digital\/fr\/wp-json\/wp\/v2\/types\/page"}],"author":[{"embeddable":true,"href":"https:\/\/becom.digital\/fr\/wp-json\/wp\/v2\/users\/17"}],"replies":[{"embeddable":true,"href":"https:\/\/becom.digital\/fr\/wp-json\/wp\/v2\/comments?post=51572"}],"version-history":[{"count":5,"href":"https:\/\/becom.digital\/fr\/wp-json\/wp\/v2\/pages\/51572\/revisions"}],"predecessor-version":[{"id":56245,"href":"https:\/\/becom.digital\/fr\/wp-json\/wp\/v2\/pages\/51572\/revisions\/56245"}],"wp:featuredmedia":[{"embeddable":true,"href":"https:\/\/becom.digital\/fr\/wp-json\/wp\/v2\/media\/50970"}],"wp:attachment":[{"href":"https:\/\/becom.digital\/fr\/wp-json\/wp\/v2\/media?parent=51572"}],"wp:term":[{"taxonomy":"test-katrien1","embeddable":true,"href":"https:\/\/becom.digital\/fr\/wp-json\/wp\/v2\/test-katrien1?post=51572"}],"curies":[{"name":"wp","href":"https:\/\/api.w.org\/{rel}","templated":true}]}}