{"id":51432,"date":"2023-10-23T14:45:11","date_gmt":"2023-10-23T12:45:11","guid":{"rendered":"https:\/\/becommerce.safeshops.be\/?page_id=51432"},"modified":"2026-03-06T16:50:13","modified_gmt":"2026-03-06T15:50:13","slug":"academy","status":"publish","type":"page","link":"https:\/\/becom.digital\/fr\/academy\/","title":{"rendered":"Academy &#038; Events"},"content":{"rendered":"<div class=\"wpb-content-wrapper\"><p>[vc_row type=&#8221;full_width_section&#8221; bg_image=&#8221;50256&#8243;][vc_column width=&#8221;1\/1&#8243;]<div class=\"single_image wpb_content_element align-left    mobile-responsive\" data-animation=\"none\" data-delay=\"0\"><img loading=\"lazy\" decoding=\"async\" width=\"2560\" height=\"350\" src=\"https:\/\/becom.digital\/app\/uploads\/2025\/03\/Academy.png\" class=\"attachment-full\" alt=\"\" title=\"Academy\" srcset=\"https:\/\/becom.digital\/app\/uploads\/2025\/03\/Academy.png 2560w, https:\/\/becom.digital\/app\/uploads\/2025\/03\/Academy-300x41.png 300w, https:\/\/becom.digital\/app\/uploads\/2025\/03\/Academy-1024x140.png 1024w, https:\/\/becom.digital\/app\/uploads\/2025\/03\/Academy-768x105.png 768w, https:\/\/becom.digital\/app\/uploads\/2025\/03\/Academy-1536x210.png 1536w, https:\/\/becom.digital\/app\/uploads\/2025\/03\/Academy-2048x280.png 2048w\" sizes=\"auto, (max-width: 2560px) 100vw, 2560px\" \/><\/div>[\/vc_column][\/vc_row][vc_row][vc_column width=&#8221;1\/1&#8243;]<div class=\"minti_boxedholder   clearfix\" style=\"padding: 0px 0px 0px 0px; margin: 0px 0px 0px 0px; \"><div class=\"spacer\" style=\"height: 40px;\"><\/div><\/div>[\/vc_column][\/vc_row][vc_row][vc_column width=&#8221;1\/1&#8243;]<div class=\"minti_boxedholder   clearfix\" style=\"padding: 0px 0px 0px 0px; margin: 0px 0px 0px 0px; \"><h1 class=\"headline font-special fontsize-l fontweight-700 lh-inherit align-left transform-inherit \" style=\"margin: 0 0 20px 0;\">Acamedy<\/h1><\/div>[\/vc_column][\/vc_row][vc_row][vc_column width=&#8221;1\/3&#8243;]<div class=\"becom-title-banner\"><div class=\"title-wrapper\" style=\"background-color:#5e33c9 \"><div class=\"banner-title\">Bootcamps<\/div><\/div><div class=\"content-wrapper \" style=\"background-color: \"><\/p>\n<p style=\"font-weight: 400;\">Dans un Bootcamp, nous vous guidons \u00e0 travers un sujet sp\u00e9cifique du e-commerce. Des experts partagent leurs exp\u00e9riences, leurs connaissances, leurs \u00e9tudes de cas, leurs chiffres et leurs conseils et astuces pratiques \u00e0 travers des webinaires et\/ou des sessions de formation en pr\u00e9sentiel, des pr\u00e9sentations, des documents ou des outils afin que vous puissiez acqu\u00e9rir des connaissances pr\u00e9cieuses et apprendre \u00e0 les mettre en pratique dans votre boutique en ligne ou votre entreprise.<\/p>\n<ul>\n<li><strong>BeCyberSafe<br \/>\n<\/strong>\u00cates-vous bien prot\u00e9g\u00e9 contre les pirates informatiques, le phishing, les fuites de donn\u00e9es personnelles ou m\u00eame de donn\u00e9es financi\u00e8res de vos clients ? Sur la plateforme BeCyberSafe, vous trouverez tout ce dont vous avez besoin pour s\u00e9curiser vos activit\u00e9s en ligne et les prot\u00e9ger contre les cyberattaques. Vous y trouverez un aper\u00e7u de la terminologie, des probl\u00e8mes, des sensibilit\u00e9s et des solutions en mati\u00e8re de cybers\u00e9curit\u00e9 pour PME, TPE et ind\u00e9pendants. En langage accessible \u00e0 tous. Tous les webinaires, outils, informations et documents sont gratuits.<\/li>\n<\/ul>\n<div class=\"button-wrapper\" style=\"margin-top: 20px; display: inline-block; width: 100%;\"><a href=\"https:\/\/www.becybersafe.be\/fr\/\" class=\"button button-appear color-3 medium \" title=\"Vers BeCyberSafe\" target=\"_blank\">Vers BeCyberSafe<\/a><\/div><\/div><\/div>[\/vc_column][vc_column width=&#8221;1\/3&#8243;]<div class=\"becom-title-banner\"><div class=\"title-wrapper\" style=\"background-color:#5e33c9 \"><div class=\"banner-title\">Members Only webinars<\/div><\/div><div class=\"content-wrapper \" style=\"background-color: \">En tant que membre Becom, vous b\u00e9n\u00e9ficiez d\u2019un acc\u00e8s privil\u00e9gi\u00e9 \u00e0 des webinaires exclusifs, con\u00e7us sp\u00e9cialement pour nos membres.<br \/>\nCes sessions interactives r\u00e9unissent des experts reconnus et des conseils pratiques pour vous informer, vous former et vous inspirer.<\/p>\n<p>Nos <i><span class=\"outlook-search-highlight\" data-markjs=\"true\">Members<\/span> <span class=\"outlook-search-highlight\" data-markjs=\"true\">Only<\/span> Webinars<\/i>\u00a0ne se limitent pas au partage de connaissances : ils deviennent votre v\u00e9ritable tableau de bord, vous offrant la vision et la vitesse n\u00e9cessaires pour garder une longueur d\u2019avance dans un march\u00e9 digital en pleine \u00e9volution.<\/p>\n<p>Nous abordons des sujets essentiels tels que l\u2019accessibilit\u00e9 num\u00e9rique, la conformit\u00e9 l\u00e9gale et les derni\u00e8res innovations marketing.<br \/>\nGr\u00e2ce \u00e0 ces rendez-vous, vous et votre \u00e9quipe d\u00e9veloppez les comp\u00e9tences indispensables pour rester comp\u00e9titifs et r\u00e9ussir durablement.<div class=\"button-wrapper\" style=\"margin-top: 20px; display: inline-block; width: 100%;\"><a href=\"https:\/\/becom.digital\/fr\/masterclasses\/\" class=\"button button-appear color-3 medium \" title=\"Inscrivez-vous\" target=\"_blank\">Inscrivez-vous<\/a><\/div><\/div><\/div>[\/vc_column][vc_column width=&#8221;1\/3&#8243;]<div class=\"spacer\" style=\"height: 60px;\"><\/div><div class=\"single_image wpb_content_element align-left    \" data-animation=\"none\" data-delay=\"0\"><img loading=\"lazy\" decoding=\"async\" width=\"600\" height=\"869\" src=\"https:\/\/becom.digital\/app\/uploads\/2023\/10\/meetings-workshops-02.jpeg\" class=\"attachment-full\" alt=\"\" title=\"meetings &amp; workshops 02\" srcset=\"https:\/\/becom.digital\/app\/uploads\/2023\/10\/meetings-workshops-02.jpeg 600w, https:\/\/becom.digital\/app\/uploads\/2023\/10\/meetings-workshops-02-207x300.jpeg 207w\" sizes=\"auto, (max-width: 600px) 100vw, 600px\" \/><\/div>[\/vc_column][\/vc_row][vc_row][vc_column width=&#8221;1\/1&#8243;]<div class=\"minti_boxedholder   clearfix\" style=\"padding: 0px 0px 0px 0px; margin: 0px 0px 0px 0px; \"><div class=\"spacer\" style=\"height: 40px;\"><\/div><\/div>[\/vc_column][\/vc_row][vc_row][vc_column width=&#8221;1\/1&#8243;]<h1 class=\"headline font-special fontsize-l fontweight-700 lh-inherit align-left transform-inherit \" style=\"margin: 0 0 20px 0;\">Events<\/h1>[\/vc_column][\/vc_row][vc_row][vc_column width=&#8221;1\/2&#8243;]<div class=\"becom-title-banner\"><div class=\"title-wrapper\" style=\"background-color:#5e33c9 \"><div class=\"banner-title\">Friday Snacks<\/div><\/div><div class=\"content-wrapper \" style=\"background-color: \"><\/p>\n<p style=\"font-weight: 400;\">Votre &#8216;pause \u00e9ducative&#8217; du vendredi apr\u00e8s-midi. Au cours de ce webinaire gratuit d&#8217;une demi-heure, un expert vous donne des \u00e9clairages pr\u00e9cieux sur un sujet e-commerce particulier.<\/p>\n<p style=\"font-weight: 400;\">Servez-vous un bon caf\u00e9 et d\u00e9gustez ces Friday Snacks pour terminer votre semaine de travail en beaut\u00e9.<\/p>\n<div class=\"button-wrapper\" style=\"margin-top: 20px; display: inline-block; width: 100%;\"><a href=\"https:\/\/becom.digital\/fr\/agenda\/\" class=\"button button-appear color-3 medium \" title=\"Vers l'agenda\" target=\"_blank\">Vers l'agenda<\/a><\/div><\/div><\/div>[\/vc_column][vc_column width=&#8221;1\/2&#8243;]<div class=\"becom-title-banner\"><div class=\"title-wrapper\" style=\"background-color:#5e33c9 \"><div class=\"banner-title\">Experience Days<\/div><\/div><div class=\"content-wrapper \" style=\"background-color: \"><\/p>\n<p style=\"font-weight: 400;\">Plongez dans une aventure immersive en explorant un sujet passionnant tel que les retours, la logistique, le fulfilment, le marketing ou les paiements. D\u00e9couvrez des solutions innovantes pour votre boutique en ligne et profitez d&#8217;une visite exclusive chez l&#8217;un de nos partenaires ou l&#8217;un de nos membres.<\/p>\n<div class=\"button-wrapper\" style=\"margin-top: 20px; display: inline-block; width: 100%;\"><a href=\"https:\/\/becom.digital\/fr\/agenda\/\" class=\"button button-appear color-3 medium \" title=\"Vers l'agenda\" target=\"_blank\">Vers l'agenda<\/a><\/div><\/div><\/div>[\/vc_column][\/vc_row][vc_row][vc_column width=&#8221;1\/1&#8243;]<div class=\"spacer\" style=\"height: 40px;\"><\/div>[\/vc_column][\/vc_row][vc_row][vc_column width=&#8221;1\/4&#8243;]<div class=\"becom-title-banner\"><div class=\"title-wrapper\" style=\"background-color:#5e33c9 \"><div class=\"banner-title\">Becom Awards<\/div><\/div><div class=\"content-wrapper \" style=\"background-color: \"><\/p>\n<p style=\"font-weight: 400;\" data-start=\"0\" data-end=\"180\">Les Becom Awards r\u00e9compensent les entreprises en ligne les plus innovantes, les plus orient\u00e9es client et les plus performantes de Belgique, quelles que soient leur taille, leur mod\u00e8le \u00e9conomique ou leur cible.<\/p>\n<p style=\"font-weight: 400;\" data-start=\"0\" data-end=\"180\">Nous d\u00e9cernons 9 prix, r\u00e9partis en 3 cat\u00e9gories de boutiques en ligne : petites, moyennes et grandes. Cela garantit l&#8217;\u00e9quit\u00e9 et \u00e9vite que les petites start-ups ne se retrouvent en concurrence avec de grands acteurs bien \u00e9tablis.<\/p>\n<div class=\"button-wrapper\" style=\"margin-top: 20px; display: inline-block; width: 100%;\"><a href=\"http:\/\/becomawards.digital\" class=\"button button-appear color-3 medium \" title=\"Becom Awards 2025\" target=\"\">Becom Awards 2025<\/a><\/div><\/div><\/div>[\/vc_column][vc_column width=&#8221;1\/4&#8243;]<div class=\"becom-title-banner\"><div class=\"title-wrapper\" style=\"background-color:#5e33c9 \"><div class=\"banner-title\">Becom Summit<\/div><\/div><div class=\"content-wrapper \" style=\"background-color: \"><\/p>\n<p style=\"font-weight: 400;\">Le Becom Summit rassemble l&#8217;ensemble de l&#8217;\u00e9conomie num\u00e9rique belge lors d&#8217;une journ\u00e9e riche en \u00e9changes de connaissances et en contacts. Plus de 300 professionnels du num\u00e9rique, parmi lesquels des commer\u00e7ants, des leaders industriels, des partenaires num\u00e9riques et des repr\u00e9sentants du gouvernement, viennent partager leurs exp\u00e9riences et trouver l&#8217;inspiration.<\/p>\n<p style=\"font-weight: 400;\">D\u00e9veloppez votre expertise et votre r\u00e9seau. Vous repartirez du Summit avec de nouvelles connaissances, de nouvelles id\u00e9es et de nouveaux contacts.<\/p>\n<div class=\"button-wrapper\" style=\"margin-top: 20px; display: inline-block; width: 100%;\"><a href=\"https:\/\/becomsummit.digital\" class=\"button button-appear color-3 medium \" title=\"Becom Summit 2025\" target=\"\">Becom Summit 2025<\/a><\/div><\/div><\/div>[\/vc_column][vc_column width=&#8221;1\/2&#8243;]<div class=\"spacer\" style=\"height: 60px;\"><\/div><div class=\"flexslider wpb_content_element\"><ul class=\"slides\"><li><img decoding=\"async\" src=\"https:\/\/becom.digital\/app\/uploads\/2025\/12\/Becom-Awards-2025-292-scaled.jpg\" alt=\"\" \/><\/li><li><img decoding=\"async\" src=\"https:\/\/becom.digital\/app\/uploads\/2025\/12\/Becom-Awards-2025-306-kopie-scaled.jpg\" alt=\"\" \/><\/li><li><img decoding=\"async\" src=\"https:\/\/becom.digital\/app\/uploads\/2025\/03\/6-1.png\" alt=\"\" \/><\/li><li><img decoding=\"async\" src=\"https:\/\/becom.digital\/app\/uploads\/2025\/03\/3-1.png\" alt=\"\" \/><\/li><li><img decoding=\"async\" src=\"https:\/\/becom.digital\/app\/uploads\/2025\/03\/1-1.png\" alt=\"\" \/><\/li><\/ul><\/div>[\/vc_column][\/vc_row][vc_row][vc_column width=&#8221;1\/1&#8243;]<div class=\"spacer\" style=\"height: 40px;\"><\/div>[\/vc_column][\/vc_row]<\/p>\n<\/div>","protected":false},"excerpt":{"rendered":"<p>[vc_row type=&#8221;full_width_section&#8221; bg_image=&#8221;50256&#8243;][vc_column width=&#8221;1\/1&#8243;][\/vc_column][\/vc_row][vc_row][vc_column width=&#8221;1\/1&#8243;][\/vc_column][\/vc_row][vc_row][vc_column width=&#8221;1\/1&#8243;][\/vc_column][\/vc_row][vc_row][vc_column width=&#8221;1\/3&#8243;][\/vc_column][vc_column width=&#8221;1\/3&#8243;][\/vc_column][vc_column width=&#8221;1\/3&#8243;][\/vc_column][\/vc_row][vc_row][vc_column width=&#8221;1\/1&#8243;][\/vc_column][\/vc_row][vc_row][vc_column width=&#8221;1\/1&#8243;][\/vc_column][\/vc_row][vc_row][vc_column width=&#8221;1\/2&#8243;][\/vc_column][vc_column width=&#8221;1\/2&#8243;][\/vc_column][\/vc_row][vc_row][vc_column width=&#8221;1\/1&#8243;][\/vc_column][\/vc_row][vc_row][vc_column width=&#8221;1\/4&#8243;][\/vc_column][vc_column width=&#8221;1\/4&#8243;][\/vc_column][vc_column width=&#8221;1\/2&#8243;][\/vc_column][\/vc_row][vc_row][vc_column width=&#8221;1\/1&#8243;][\/vc_column][\/vc_row]<\/p>\n","protected":false},"author":17,"featured_media":50990,"parent":0,"menu_order":0,"comment_status":"closed","ping_status":"closed","template":"","meta":{"_EventAllDay":false,"_EventTimezone":"","_EventStartDate":"","_EventEndDate":"","_EventStartDateUTC":"","_EventEndDateUTC":"","_EventShowMap":false,"_EventShowMapLink":false,"_EventURL":"","_EventCost":"","_EventCostDescription":"","_EventCurrencySymbol":"","_EventCurrencyCode":"","_EventCurrencyPosition":"","_EventDateTimeSeparator":"","_EventTimeRangeSeparator":"","_EventOrganizerID":[],"_EventVenueID":[],"_OrganizerEmail":"","_OrganizerPhone":"","_OrganizerWebsite":"","_VenueAddress":"","_VenueCity":"","_VenueCountry":"","_VenueProvince":"","_VenueState":"","_VenueZip":"","_VenuePhone":"","_VenueURL":"","_VenueStateProvince":"","_VenueLat":"","_VenueLng":"","_VenueShowMap":false,"_VenueShowMapLink":false,"footnotes":""},"test-katrien1":[],"class_list":["post-51432","page","type-page","status-publish","has-post-thumbnail","hentry"],"yoast_head":"<!-- This site is optimized with the Yoast SEO plugin v26.4 - https:\/\/yoast.com\/wordpress\/plugins\/seo\/ -->\n<title>Academy &amp; Events - Becom<\/title>\n<meta name=\"description\" content=\"\u00c9v\u00e9nements et formations Becom \u2013 Ma\u00eetrisez l&#039;e-commerce et le num\u00e9rique avec nos formations en ligne et en pr\u00e9sentiel. Rejoignez nos ateliers et \u00e9v\u00e9nements.\" \/>\n<meta name=\"robots\" content=\"index, follow, max-snippet:-1, max-image-preview:large, max-video-preview:-1\" \/>\n<link rel=\"canonical\" href=\"https:\/\/becom.digital\/fr\/academy\/\" \/>\n<meta property=\"og:locale\" content=\"fr_FR\" \/>\n<meta property=\"og:type\" content=\"article\" \/>\n<meta property=\"og:title\" content=\"Academy &amp; Events - Becom\" \/>\n<meta property=\"og:description\" content=\"\u00c9v\u00e9nements et formations Becom \u2013 Ma\u00eetrisez l&#039;e-commerce et le num\u00e9rique avec nos formations en ligne et en pr\u00e9sentiel. Rejoignez nos ateliers et \u00e9v\u00e9nements.\" \/>\n<meta property=\"og:url\" content=\"https:\/\/becom.digital\/fr\/academy\/\" \/>\n<meta property=\"og:site_name\" content=\"Becom\" \/>\n<meta property=\"article:publisher\" content=\"https:\/\/www.facebook.com\/Becomdigitalfederation\/\" \/>\n<meta property=\"article:modified_time\" content=\"2026-03-06T15:50:13+00:00\" \/>\n<meta property=\"og:image\" content=\"https:\/\/becom.digital\/app\/uploads\/2023\/10\/becom-wizard.png\" \/>\n\t<meta property=\"og:image:width\" content=\"1200\" \/>\n\t<meta property=\"og:image:height\" content=\"628\" \/>\n\t<meta property=\"og:image:type\" content=\"image\/png\" \/>\n<meta name=\"twitter:card\" content=\"summary_large_image\" \/>\n<meta name=\"twitter:site\" content=\"@becomdigital\" \/>\n<meta name=\"twitter:label1\" content=\"Est. reading time\" \/>\n\t<meta name=\"twitter:data1\" content=\"5 minutes\" \/>\n<script type=\"application\/ld+json\" class=\"yoast-schema-graph\">{\"@context\":\"https:\/\/schema.org\",\"@graph\":[{\"@type\":\"WebPage\",\"@id\":\"https:\/\/becom.digital\/fr\/academy\/\",\"url\":\"https:\/\/becom.digital\/fr\/academy\/\",\"name\":\"Academy & Events - Becom\",\"isPartOf\":{\"@id\":\"https:\/\/becom.digital\/fr\/#website\"},\"primaryImageOfPage\":{\"@id\":\"https:\/\/becom.digital\/fr\/academy\/#primaryimage\"},\"image\":{\"@id\":\"https:\/\/becom.digital\/fr\/academy\/#primaryimage\"},\"thumbnailUrl\":\"https:\/\/becom.digital\/app\/uploads\/2023\/10\/becom-wizard.png\",\"datePublished\":\"2023-10-23T12:45:11+00:00\",\"dateModified\":\"2026-03-06T15:50:13+00:00\",\"description\":\"\u00c9v\u00e9nements et formations Becom \u2013 Ma\u00eetrisez l'e-commerce et le num\u00e9rique avec nos formations en ligne et en pr\u00e9sentiel. Rejoignez nos ateliers et \u00e9v\u00e9nements.\",\"breadcrumb\":{\"@id\":\"https:\/\/becom.digital\/fr\/academy\/#breadcrumb\"},\"inLanguage\":\"fr-FR\",\"potentialAction\":[{\"@type\":\"ReadAction\",\"target\":[\"https:\/\/becom.digital\/fr\/academy\/\"]}]},{\"@type\":\"ImageObject\",\"inLanguage\":\"fr-FR\",\"@id\":\"https:\/\/becom.digital\/fr\/academy\/#primaryimage\",\"url\":\"https:\/\/becom.digital\/app\/uploads\/2023\/10\/becom-wizard.png\",\"contentUrl\":\"https:\/\/becom.digital\/app\/uploads\/2023\/10\/becom-wizard.png\",\"width\":1200,\"height\":628},{\"@type\":\"BreadcrumbList\",\"@id\":\"https:\/\/becom.digital\/fr\/academy\/#breadcrumb\",\"itemListElement\":[{\"@type\":\"ListItem\",\"position\":1,\"name\":\"Home\",\"item\":\"https:\/\/becom.digital\/fr\/\"},{\"@type\":\"ListItem\",\"position\":2,\"name\":\"Academy &#038; Events\"}]},{\"@type\":\"WebSite\",\"@id\":\"https:\/\/becom.digital\/fr\/#website\",\"url\":\"https:\/\/becom.digital\/fr\/\",\"name\":\"Becom\",\"description\":\"Your digital wings\",\"publisher\":{\"@id\":\"https:\/\/becom.digital\/fr\/#organization\"},\"potentialAction\":[{\"@type\":\"SearchAction\",\"target\":{\"@type\":\"EntryPoint\",\"urlTemplate\":\"https:\/\/becom.digital\/fr\/?s={search_term_string}\"},\"query-input\":{\"@type\":\"PropertyValueSpecification\",\"valueRequired\":true,\"valueName\":\"search_term_string\"}}],\"inLanguage\":\"fr-FR\"},{\"@type\":\"Organization\",\"@id\":\"https:\/\/becom.digital\/fr\/#organization\",\"name\":\"Becom\",\"url\":\"https:\/\/becom.digital\/fr\/\",\"logo\":{\"@type\":\"ImageObject\",\"inLanguage\":\"fr-FR\",\"@id\":\"https:\/\/becom.digital\/fr\/#\/schema\/logo\/image\/\",\"url\":\"https:\/\/becom.digital\/app\/uploads\/2023\/10\/Becom_logo_POS_basic-3-e1697538309895.png\",\"contentUrl\":\"https:\/\/becom.digital\/app\/uploads\/2023\/10\/Becom_logo_POS_basic-3-e1697538309895.png\",\"width\":200,\"height\":72,\"caption\":\"Becom\"},\"image\":{\"@id\":\"https:\/\/becom.digital\/fr\/#\/schema\/logo\/image\/\"},\"sameAs\":[\"https:\/\/www.facebook.com\/Becomdigitalfederation\/\",\"https:\/\/x.com\/becomdigital\",\"https:\/\/www.linkedin.com\/company\/becomfederation\/\",\"https:\/\/www.instagram.com\/becomfederation\/\",\"https:\/\/www.youtube.com\/@becom-federation\",\"https:\/\/open.spotify.com\/show\/0oBItlT3FIpj6AxEqllkta\"]}]}<\/script>\n<!-- \/ Yoast SEO plugin. -->","yoast_head_json":{"title":"Academy & Events - Becom","description":"\u00c9v\u00e9nements et formations Becom \u2013 Ma\u00eetrisez l'e-commerce et le num\u00e9rique avec nos formations en ligne et en pr\u00e9sentiel. Rejoignez nos ateliers et \u00e9v\u00e9nements.","robots":{"index":"index","follow":"follow","max-snippet":"max-snippet:-1","max-image-preview":"max-image-preview:large","max-video-preview":"max-video-preview:-1"},"canonical":"https:\/\/becom.digital\/fr\/academy\/","og_locale":"fr_FR","og_type":"article","og_title":"Academy & Events - Becom","og_description":"\u00c9v\u00e9nements et formations Becom \u2013 Ma\u00eetrisez l'e-commerce et le num\u00e9rique avec nos formations en ligne et en pr\u00e9sentiel. Rejoignez nos ateliers et \u00e9v\u00e9nements.","og_url":"https:\/\/becom.digital\/fr\/academy\/","og_site_name":"Becom","article_publisher":"https:\/\/www.facebook.com\/Becomdigitalfederation\/","article_modified_time":"2026-03-06T15:50:13+00:00","og_image":[{"width":1200,"height":628,"url":"https:\/\/becom.digital\/app\/uploads\/2023\/10\/becom-wizard.png","type":"image\/png"}],"twitter_card":"summary_large_image","twitter_site":"@becomdigital","twitter_misc":{"Est. reading time":"5 minutes"},"schema":{"@context":"https:\/\/schema.org","@graph":[{"@type":"WebPage","@id":"https:\/\/becom.digital\/fr\/academy\/","url":"https:\/\/becom.digital\/fr\/academy\/","name":"Academy & Events - Becom","isPartOf":{"@id":"https:\/\/becom.digital\/fr\/#website"},"primaryImageOfPage":{"@id":"https:\/\/becom.digital\/fr\/academy\/#primaryimage"},"image":{"@id":"https:\/\/becom.digital\/fr\/academy\/#primaryimage"},"thumbnailUrl":"https:\/\/becom.digital\/app\/uploads\/2023\/10\/becom-wizard.png","datePublished":"2023-10-23T12:45:11+00:00","dateModified":"2026-03-06T15:50:13+00:00","description":"\u00c9v\u00e9nements et formations Becom \u2013 Ma\u00eetrisez l'e-commerce et le num\u00e9rique avec nos formations en ligne et en pr\u00e9sentiel. Rejoignez nos ateliers et \u00e9v\u00e9nements.","breadcrumb":{"@id":"https:\/\/becom.digital\/fr\/academy\/#breadcrumb"},"inLanguage":"fr-FR","potentialAction":[{"@type":"ReadAction","target":["https:\/\/becom.digital\/fr\/academy\/"]}]},{"@type":"ImageObject","inLanguage":"fr-FR","@id":"https:\/\/becom.digital\/fr\/academy\/#primaryimage","url":"https:\/\/becom.digital\/app\/uploads\/2023\/10\/becom-wizard.png","contentUrl":"https:\/\/becom.digital\/app\/uploads\/2023\/10\/becom-wizard.png","width":1200,"height":628},{"@type":"BreadcrumbList","@id":"https:\/\/becom.digital\/fr\/academy\/#breadcrumb","itemListElement":[{"@type":"ListItem","position":1,"name":"Home","item":"https:\/\/becom.digital\/fr\/"},{"@type":"ListItem","position":2,"name":"Academy &#038; Events"}]},{"@type":"WebSite","@id":"https:\/\/becom.digital\/fr\/#website","url":"https:\/\/becom.digital\/fr\/","name":"Becom","description":"Your digital wings","publisher":{"@id":"https:\/\/becom.digital\/fr\/#organization"},"potentialAction":[{"@type":"SearchAction","target":{"@type":"EntryPoint","urlTemplate":"https:\/\/becom.digital\/fr\/?s={search_term_string}"},"query-input":{"@type":"PropertyValueSpecification","valueRequired":true,"valueName":"search_term_string"}}],"inLanguage":"fr-FR"},{"@type":"Organization","@id":"https:\/\/becom.digital\/fr\/#organization","name":"Becom","url":"https:\/\/becom.digital\/fr\/","logo":{"@type":"ImageObject","inLanguage":"fr-FR","@id":"https:\/\/becom.digital\/fr\/#\/schema\/logo\/image\/","url":"https:\/\/becom.digital\/app\/uploads\/2023\/10\/Becom_logo_POS_basic-3-e1697538309895.png","contentUrl":"https:\/\/becom.digital\/app\/uploads\/2023\/10\/Becom_logo_POS_basic-3-e1697538309895.png","width":200,"height":72,"caption":"Becom"},"image":{"@id":"https:\/\/becom.digital\/fr\/#\/schema\/logo\/image\/"},"sameAs":["https:\/\/www.facebook.com\/Becomdigitalfederation\/","https:\/\/x.com\/becomdigital","https:\/\/www.linkedin.com\/company\/becomfederation\/","https:\/\/www.instagram.com\/becomfederation\/","https:\/\/www.youtube.com\/@becom-federation","https:\/\/open.spotify.com\/show\/0oBItlT3FIpj6AxEqllkta"]}]}},"_links":{"self":[{"href":"https:\/\/becom.digital\/fr\/wp-json\/wp\/v2\/pages\/51432","targetHints":{"allow":["GET"]}}],"collection":[{"href":"https:\/\/becom.digital\/fr\/wp-json\/wp\/v2\/pages"}],"about":[{"href":"https:\/\/becom.digital\/fr\/wp-json\/wp\/v2\/types\/page"}],"author":[{"embeddable":true,"href":"https:\/\/becom.digital\/fr\/wp-json\/wp\/v2\/users\/17"}],"replies":[{"embeddable":true,"href":"https:\/\/becom.digital\/fr\/wp-json\/wp\/v2\/comments?post=51432"}],"version-history":[{"count":44,"href":"https:\/\/becom.digital\/fr\/wp-json\/wp\/v2\/pages\/51432\/revisions"}],"predecessor-version":[{"id":64849,"href":"https:\/\/becom.digital\/fr\/wp-json\/wp\/v2\/pages\/51432\/revisions\/64849"}],"wp:featuredmedia":[{"embeddable":true,"href":"https:\/\/becom.digital\/fr\/wp-json\/wp\/v2\/media\/50990"}],"wp:attachment":[{"href":"https:\/\/becom.digital\/fr\/wp-json\/wp\/v2\/media?parent=51432"}],"wp:term":[{"taxonomy":"test-katrien1","embeddable":true,"href":"https:\/\/becom.digital\/fr\/wp-json\/wp\/v2\/test-katrien1?post=51432"}],"curies":[{"name":"wp","href":"https:\/\/api.w.org\/{rel}","templated":true}]}}