{"id":51425,"date":"2023-10-23T14:15:17","date_gmt":"2023-10-23T12:15:17","guid":{"rendered":"https:\/\/becommerce.safeshops.be\/?page_id=51425"},"modified":"2025-02-25T12:52:34","modified_gmt":"2025-02-25T11:52:34","slug":"security-badge-steps","status":"publish","type":"page","link":"https:\/\/becom.digital\/fr\/security-badge-steps\/","title":{"rendered":"Votre badge S\u00e9curit\u00e9 en quelques \u00e9tapes"},"content":{"rendered":"<div class=\"wpb-content-wrapper\"><p>[vc_row type=&#8221;full_width_section&#8221;][vc_column width=&#8221;1\/1&#8243;]<div class=\"single_image wpb_content_element align-left    \" data-animation=\"none\" data-delay=\"0\"><img loading=\"lazy\" decoding=\"async\" width=\"2560\" height=\"350\" src=\"https:\/\/becom.digital\/app\/uploads\/2023\/10\/Security-badge.png\" class=\"attachment-full\" alt=\"\" title=\"Security badge\" srcset=\"https:\/\/becom.digital\/app\/uploads\/2023\/10\/Security-badge.png 2560w, https:\/\/becom.digital\/app\/uploads\/2023\/10\/Security-badge-300x41.png 300w, https:\/\/becom.digital\/app\/uploads\/2023\/10\/Security-badge-1024x140.png 1024w, https:\/\/becom.digital\/app\/uploads\/2023\/10\/Security-badge-768x105.png 768w, https:\/\/becom.digital\/app\/uploads\/2023\/10\/Security-badge-1536x210.png 1536w, https:\/\/becom.digital\/app\/uploads\/2023\/10\/Security-badge-2048x280.png 2048w\" sizes=\"auto, (max-width: 2560px) 100vw, 2560px\" \/><\/div>[\/vc_column][\/vc_row][vc_row][vc_column width=&#8221;1\/1&#8243;]<div class=\"spacer\" style=\"height: 40px;\"><\/div><h1 class=\"headline font-inherit fontsize-l fontweight-700 lh-inherit align-left transform-inherit \" style=\"margin: 0 0 20px 0; color: #5e32ca;\">Votre badge s\u00e9curit\u00e9 en quelques \u00e9tapes<\/h1>[vc_column_text]<\/p>\n<div>\n<p>Avec le badge de s\u00e9curit\u00e9, vous montrez que les achats sur votre site web sont s\u00fbrs. Votre boutique en ligne est scann\u00e9e la premi\u00e8re fois lors de votre demande, puis le scan est renouvel\u00e9 tous les trois mois. Les rapports clairs vous aident \u00e0 garder le contr\u00f4le et mettent en \u00e9vidence les \u00e9ventuelles vuln\u00e9rabilit\u00e9s. Vous pouvez ainsi y rem\u00e9dier \u00e0 temps et prot\u00e9ger votre chiffre d&#8217;affaires. Une fois que toutes les vuln\u00e9rabilit\u00e9s ont \u00e9t\u00e9 \u00e9limin\u00e9es, le badge de s\u00e9curit\u00e9 appara\u00eet automatiquement dans votre profil de confiance Becom Trustmark.<\/p>\n<\/div>\n<div>\n<p>Cela ne rassure pas seulement vos visiteurs sur le fait qu&#8217;ils peuvent acheter en toute s\u00e9curit\u00e9 sur votre site web, mais cela vous permet \u00e9galement de d\u00e9velopper votre entreprise en toute s\u00e9r\u00e9nit\u00e9.<\/p>\n<\/div>\n<p>[\/vc_column_text]<div class=\"newdivider align-center\" style=\"border-bottom-style: solid; border-color: #00ea90; border-bottom-width: 1px; margin-top: 0; margin-bottom: 0; width: 100%; \"><\/div><div class=\"clear\"><\/div><div class=\"spacer\" style=\"height: 40px;\"><\/div><h1 class=\"headline font-inherit fontsize-l fontweight-700 lh-inherit align-left transform-inherit \" style=\"margin: 0 0 20px 0; color: #5e32ca;\">Que comprende le scan ?<\/h1>[vc_column_text]<\/p>\n<p style=\"font-weight: 400;\"><strong>Trust Guard<\/strong> analyse votre site web, vos applications web et vos serveurs web pour d\u00e9tecter plus de 80.000 fuites connues. Pour ce faire, il examine de pr\u00e8s divers composants tels que les pare-feu, les syst\u00e8mes d&#8217;exploitation (Windows, Unix, Ubuntu, iOS, etc.), mais aussi les diff\u00e9rents langages de programmation (PHP, Perl, C++, Javascript, HTML, Python, etc.). Bien entendu, ils examinent \u00e9galement les centaines de progiciels de boutique en ligne standard tels que Magento, Shopware, Shopify, Mijnwebwinkel, CCV-shop, osCommerce, X-cart etc. etc.) Les analyses sont enti\u00e8rement conformes \u00e0 la norme officielle PCI\/DSS (des soci\u00e9t\u00e9s de cartes de cr\u00e9dit) et ne se limitent donc pas \u00e0 de &#8220;simples&#8221; tests OWASP ou &#8220;Top-100 FBI\/Sans&#8221;.<\/p>\n<p style=\"font-weight: 400;\">Les scans vont \u00e9galement beaucoup plus loin au niveau du r\u00e9seau (h\u00e9bergement, ports (ouverts), services, SSL) et au niveau de l&#8217;application (site web\/application\/paquet de boutique en ligne), en analysant non seulement les attaques simples par dictionnaire, mais aussi les injections SQL, les erreurs XSS et bien d&#8217;autres choses encore.<\/p>\n<p style=\"font-weight: 400;\">En outre, Trust Guard effectue les contr\u00f4les suppl\u00e9mentaires suivants :<\/p>\n<ul>\n<li>Analyses de malware : qui v\u00e9rifient s&#8217;il y a des fichiers sur le serveur qui diffusent des malwares tels que des enregistreurs de cl\u00e9s, etc.<\/li>\n<li>Une analyse SSL<\/li>\n<\/ul>\n<p style=\"font-weight: 400;\">Vous ne devez rien installer et les analyses n&#8217;alourdiront pas inutilement votre site et ne d\u00e9rangeront pas vos visiteurs.<\/p>\n<p>[\/vc_column_text]<div class=\"newdivider align-center\" style=\"border-bottom-style: solid; border-color: #00ea90; border-bottom-width: 1px; margin-top: 0; margin-bottom: 0; width: 100%; \"><\/div><div class=\"clear\"><\/div><div class=\"spacer\" style=\"height: 40px;\"><\/div><h1 class=\"headline font-inherit fontsize-l fontweight-700 lh-inherit align-left transform-inherit \" style=\"margin: 0 0 20px 0; color: #5e32ca;\">Vous passez par les \u00e9tapes suivantes :<\/h1>[vc_column_text]<\/p>\n<ul style=\"font-weight: 400;\">\n<li><strong>\u00c9tape 1<\/strong> : \u00cates-vous Membre Captain ? Dans ce cas, ce service est automatiquement inclus dans votre forfait d&#8217;adh\u00e9sion. Vous n&#8217;\u00eates pas Capitain ? Alors, demandez votre badge de s\u00e9curit\u00e9 ici dans notre boutique en ligne. Vous recevrez un e-mail de confirmation avec l&#8217;acc\u00e8s au tableau de bord de Trust Guard (login\/mot de passe). En enregistrant votre nom de domaine sur Trust Guard, vous leur donnez l&#8217;autorisation d&#8217;acc\u00e8s n\u00e9cessaire pour effectuer les scans.<\/li>\n<li><strong>\u00c9tape 2 :<\/strong> Trust Guard se fait passer pour un voleur et tente de s&#8217;introduire dans votre domaine. Il v\u00e9rifie o\u00f9 il peut facilement entrer et ce qu&#8217;il peut voler..<\/li>\n<li><strong>\u00c9tape 3 :<\/strong> Vous recevez une vue d\u00e9taill\u00e9e de l&#8217;analyse que vous pouvez partager avec votre personnel technique ou vos partenaires. En outre, tout est toujours bien refl\u00e9t\u00e9 dans votre tableau de bord Trust Guard.<\/li>\n<li><strong>\u00c9tape 4 :<\/strong> Vous prenez les mesures n\u00e9cessaires et adaptez vos syst\u00e8mes le cas \u00e9ch\u00e9ant. Vous avez \u00e9limin\u00e9 tous les points critiques ? Dans ce cas, vous pouvez lancer vous-m\u00eame une analyse manuelle \u00e0 partir de votre tableau de bord Trust Guard. Ou alors tout \u00e9tait d\u00e9j\u00e0 au vert ? Dans ce cas, vous passez imm\u00e9diatement \u00e0 l&#8217;\u00e9tape 5&#8230;<\/li>\n<li><strong>\u00c9tape 5 :<\/strong> Tout est conforme \u00e0 la norme PCI ? Le badge de s\u00e9curit\u00e9 appara\u00eet alors automatiquement dans le widget de votre profil de confiance Becom.<\/li>\n<\/ul>\n<p style=\"font-weight: 400;\">Tous les 3 mois, la proc\u00e9dure d&#8217;analyse recommence automatiquement. Vous en serez averti \u00e0 chaque fois.<\/p>\n<p>[\/vc_column_text][\/vc_column][\/vc_row][vc_row text_align=&#8221;center&#8221;][vc_column width=&#8221;1\/1&#8243;]<div class=\"spacer\" style=\"height: 40px;\"><\/div><a href=\"https:\/\/becom.digital\/fr\/adhesion\/\" target=\"_blank\" class=\"button color-3 large \" style=\"border-radius: 4px;\">Devenez membre<\/a><div class=\"spacer\" style=\"height: 40px;\"><\/div>[\/vc_column][\/vc_row]<\/p>\n<\/div>","protected":false},"excerpt":{"rendered":"<p>[vc_row type=&#8221;full_width_section&#8221;][vc_column width=&#8221;1\/1&#8243;][\/vc_column][\/vc_row][vc_row][vc_column width=&#8221;1\/1&#8243;][vc_column_text] Avec le badge de s\u00e9curit\u00e9, vous montrez que les achats sur votre site web sont s\u00fbrs. Votre boutique en ligne est scann\u00e9e la premi\u00e8re fois lors de votre demande, puis le scan est renouvel\u00e9 tous les trois mois. Les rapports clairs vous aident \u00e0 garder le contr\u00f4le et mettent en \u00e9vidence les \u00e9ventuelles vuln\u00e9rabilit\u00e9s. Vous pouvez ainsi y rem\u00e9dier \u00e0 temps et prot\u00e9ger votre chiffre d&#8217;affaires. Une fois que toutes les vuln\u00e9rabilit\u00e9s ont \u00e9t\u00e9 \u00e9limin\u00e9es, le badge de s\u00e9curit\u00e9 appara\u00eet automatiquement dans votre profil de confiance Becom Trustmark. Cela ne rassure pas seulement vos visiteurs sur le fait qu&#8217;ils peuvent acheter en toute s\u00e9curit\u00e9 sur votre site web, mais cela vous permet \u00e9galement de d\u00e9velopper votre entreprise en toute s\u00e9r\u00e9nit\u00e9. [\/vc_column_text][vc_column_text] Trust Guard analyse votre site web, vos applications web et vos serveurs web pour d\u00e9tecter plus de 80.000 fuites connues. Pour ce faire, il examine de pr\u00e8s divers composants tels que les pare-feu, les syst\u00e8mes d&#8217;exploitation (Windows, Unix, Ubuntu, iOS, etc.), mais aussi les diff\u00e9rents langages de programmation (PHP, Perl, C++, Javascript, HTML, Python, etc.). Bien entendu, ils examinent \u00e9galement les centaines de progiciels de boutique en ligne standard tels que Magento, Shopware, Shopify, Mijnwebwinkel, [&hellip;]<\/p>\n","protected":false},"author":17,"featured_media":50967,"parent":0,"menu_order":0,"comment_status":"closed","ping_status":"closed","template":"","meta":{"_EventAllDay":false,"_EventTimezone":"","_EventStartDate":"","_EventEndDate":"","_EventStartDateUTC":"","_EventEndDateUTC":"","_EventShowMap":false,"_EventShowMapLink":false,"_EventURL":"","_EventCost":"","_EventCostDescription":"","_EventCurrencySymbol":"","_EventCurrencyCode":"","_EventCurrencyPosition":"","_EventDateTimeSeparator":"","_EventTimeRangeSeparator":"","_EventOrganizerID":[],"_EventVenueID":[],"_OrganizerEmail":"","_OrganizerPhone":"","_OrganizerWebsite":"","_VenueAddress":"","_VenueCity":"","_VenueCountry":"","_VenueProvince":"","_VenueState":"","_VenueZip":"","_VenuePhone":"","_VenueURL":"","_VenueStateProvince":"","_VenueLat":"","_VenueLng":"","_VenueShowMap":false,"_VenueShowMapLink":false,"footnotes":""},"test-katrien1":[],"class_list":["post-51425","page","type-page","status-publish","has-post-thumbnail","hentry"],"yoast_head":"<!-- This site is optimized with the Yoast SEO plugin v26.4 - https:\/\/yoast.com\/wordpress\/plugins\/seo\/ -->\n<title>Votre badge S\u00e9curit\u00e9 en quelques \u00e9tapes - Becom Trustmark<\/title>\n<meta name=\"description\" content=\"Votre boutique en ligne est scann\u00e9e la premi\u00e8re fois lors de votre demande, puis le scan est renouvel\u00e9 tous les trois mois.\" \/>\n<meta name=\"robots\" content=\"index, follow, max-snippet:-1, max-image-preview:large, max-video-preview:-1\" \/>\n<link rel=\"canonical\" href=\"https:\/\/becom.digital\/fr\/security-badge-steps\/\" \/>\n<meta property=\"og:locale\" content=\"fr_FR\" \/>\n<meta property=\"og:type\" content=\"article\" \/>\n<meta property=\"og:title\" content=\"Votre badge S\u00e9curit\u00e9 en quelques \u00e9tapes - Becom Trustmark\" \/>\n<meta property=\"og:description\" content=\"Votre boutique en ligne est scann\u00e9e la premi\u00e8re fois lors de votre demande, puis le scan est renouvel\u00e9 tous les trois mois.\" \/>\n<meta property=\"og:url\" content=\"https:\/\/becom.digital\/fr\/security-badge-steps\/\" \/>\n<meta property=\"og:site_name\" content=\"Becom\" \/>\n<meta property=\"article:publisher\" content=\"https:\/\/www.facebook.com\/Becomdigitalfederation\/\" \/>\n<meta property=\"article:modified_time\" content=\"2025-02-25T11:52:34+00:00\" \/>\n<meta property=\"og:image\" content=\"https:\/\/becom.digital\/wp-content\/uploads\/2020\/06\/Ontwerp-zonder-titel-10.png\" \/>\n<meta name=\"twitter:card\" content=\"summary_large_image\" \/>\n<meta name=\"twitter:image\" content=\"https:\/\/becom.digital\/wp-content\/uploads\/2020\/06\/Ontwerp-zonder-titel-10.png\" \/>\n<meta name=\"twitter:site\" content=\"@becomdigital\" \/>\n<meta name=\"twitter:label1\" content=\"Est. reading time\" \/>\n\t<meta name=\"twitter:data1\" content=\"4 minutes\" \/>\n<script type=\"application\/ld+json\" class=\"yoast-schema-graph\">{\"@context\":\"https:\/\/schema.org\",\"@graph\":[{\"@type\":\"WebPage\",\"@id\":\"https:\/\/becom.digital\/fr\/security-badge-steps\/\",\"url\":\"https:\/\/becom.digital\/fr\/security-badge-steps\/\",\"name\":\"Votre badge S\u00e9curit\u00e9 en quelques \u00e9tapes - Becom Trustmark\",\"isPartOf\":{\"@id\":\"https:\/\/becom.digital\/fr\/#website\"},\"primaryImageOfPage\":{\"@id\":\"https:\/\/becom.digital\/fr\/security-badge-steps\/#primaryimage\"},\"image\":{\"@id\":\"https:\/\/becom.digital\/fr\/security-badge-steps\/#primaryimage\"},\"thumbnailUrl\":\"https:\/\/becom.digital\/app\/uploads\/2023\/10\/lbecom-example.png\",\"datePublished\":\"2023-10-23T12:15:17+00:00\",\"dateModified\":\"2025-02-25T11:52:34+00:00\",\"description\":\"Votre boutique en ligne est scann\u00e9e la premi\u00e8re fois lors de votre demande, puis le scan est renouvel\u00e9 tous les trois mois.\",\"breadcrumb\":{\"@id\":\"https:\/\/becom.digital\/fr\/security-badge-steps\/#breadcrumb\"},\"inLanguage\":\"fr-FR\",\"potentialAction\":[{\"@type\":\"ReadAction\",\"target\":[\"https:\/\/becom.digital\/fr\/security-badge-steps\/\"]}]},{\"@type\":\"ImageObject\",\"inLanguage\":\"fr-FR\",\"@id\":\"https:\/\/becom.digital\/fr\/security-badge-steps\/#primaryimage\",\"url\":\"https:\/\/becom.digital\/app\/uploads\/2023\/10\/lbecom-example.png\",\"contentUrl\":\"https:\/\/becom.digital\/app\/uploads\/2023\/10\/lbecom-example.png\",\"width\":1200,\"height\":628},{\"@type\":\"BreadcrumbList\",\"@id\":\"https:\/\/becom.digital\/fr\/security-badge-steps\/#breadcrumb\",\"itemListElement\":[{\"@type\":\"ListItem\",\"position\":1,\"name\":\"Home\",\"item\":\"https:\/\/becom.digital\/fr\/\"},{\"@type\":\"ListItem\",\"position\":2,\"name\":\"Votre badge S\u00e9curit\u00e9 en quelques \u00e9tapes\"}]},{\"@type\":\"WebSite\",\"@id\":\"https:\/\/becom.digital\/fr\/#website\",\"url\":\"https:\/\/becom.digital\/fr\/\",\"name\":\"Becom\",\"description\":\"Your digital wings\",\"publisher\":{\"@id\":\"https:\/\/becom.digital\/fr\/#organization\"},\"potentialAction\":[{\"@type\":\"SearchAction\",\"target\":{\"@type\":\"EntryPoint\",\"urlTemplate\":\"https:\/\/becom.digital\/fr\/?s={search_term_string}\"},\"query-input\":{\"@type\":\"PropertyValueSpecification\",\"valueRequired\":true,\"valueName\":\"search_term_string\"}}],\"inLanguage\":\"fr-FR\"},{\"@type\":\"Organization\",\"@id\":\"https:\/\/becom.digital\/fr\/#organization\",\"name\":\"Becom\",\"url\":\"https:\/\/becom.digital\/fr\/\",\"logo\":{\"@type\":\"ImageObject\",\"inLanguage\":\"fr-FR\",\"@id\":\"https:\/\/becom.digital\/fr\/#\/schema\/logo\/image\/\",\"url\":\"https:\/\/becom.digital\/app\/uploads\/2023\/10\/Becom_logo_POS_basic-3-e1697538309895.png\",\"contentUrl\":\"https:\/\/becom.digital\/app\/uploads\/2023\/10\/Becom_logo_POS_basic-3-e1697538309895.png\",\"width\":200,\"height\":72,\"caption\":\"Becom\"},\"image\":{\"@id\":\"https:\/\/becom.digital\/fr\/#\/schema\/logo\/image\/\"},\"sameAs\":[\"https:\/\/www.facebook.com\/Becomdigitalfederation\/\",\"https:\/\/x.com\/becomdigital\",\"https:\/\/www.linkedin.com\/company\/becomfederation\/\",\"https:\/\/www.instagram.com\/becomfederation\/\",\"https:\/\/www.youtube.com\/@becom-federation\",\"https:\/\/open.spotify.com\/show\/0oBItlT3FIpj6AxEqllkta\"]}]}<\/script>\n<!-- \/ Yoast SEO plugin. -->","yoast_head_json":{"title":"Votre badge S\u00e9curit\u00e9 en quelques \u00e9tapes - Becom Trustmark","description":"Votre boutique en ligne est scann\u00e9e la premi\u00e8re fois lors de votre demande, puis le scan est renouvel\u00e9 tous les trois mois.","robots":{"index":"index","follow":"follow","max-snippet":"max-snippet:-1","max-image-preview":"max-image-preview:large","max-video-preview":"max-video-preview:-1"},"canonical":"https:\/\/becom.digital\/fr\/security-badge-steps\/","og_locale":"fr_FR","og_type":"article","og_title":"Votre badge S\u00e9curit\u00e9 en quelques \u00e9tapes - Becom Trustmark","og_description":"Votre boutique en ligne est scann\u00e9e la premi\u00e8re fois lors de votre demande, puis le scan est renouvel\u00e9 tous les trois mois.","og_url":"https:\/\/becom.digital\/fr\/security-badge-steps\/","og_site_name":"Becom","article_publisher":"https:\/\/www.facebook.com\/Becomdigitalfederation\/","article_modified_time":"2025-02-25T11:52:34+00:00","og_image":[{"url":"https:\/\/becom.digital\/wp-content\/uploads\/2020\/06\/Ontwerp-zonder-titel-10.png","type":"","width":"","height":""}],"twitter_card":"summary_large_image","twitter_image":"https:\/\/becom.digital\/wp-content\/uploads\/2020\/06\/Ontwerp-zonder-titel-10.png","twitter_site":"@becomdigital","twitter_misc":{"Est. reading time":"4 minutes"},"schema":{"@context":"https:\/\/schema.org","@graph":[{"@type":"WebPage","@id":"https:\/\/becom.digital\/fr\/security-badge-steps\/","url":"https:\/\/becom.digital\/fr\/security-badge-steps\/","name":"Votre badge S\u00e9curit\u00e9 en quelques \u00e9tapes - Becom Trustmark","isPartOf":{"@id":"https:\/\/becom.digital\/fr\/#website"},"primaryImageOfPage":{"@id":"https:\/\/becom.digital\/fr\/security-badge-steps\/#primaryimage"},"image":{"@id":"https:\/\/becom.digital\/fr\/security-badge-steps\/#primaryimage"},"thumbnailUrl":"https:\/\/becom.digital\/app\/uploads\/2023\/10\/lbecom-example.png","datePublished":"2023-10-23T12:15:17+00:00","dateModified":"2025-02-25T11:52:34+00:00","description":"Votre boutique en ligne est scann\u00e9e la premi\u00e8re fois lors de votre demande, puis le scan est renouvel\u00e9 tous les trois mois.","breadcrumb":{"@id":"https:\/\/becom.digital\/fr\/security-badge-steps\/#breadcrumb"},"inLanguage":"fr-FR","potentialAction":[{"@type":"ReadAction","target":["https:\/\/becom.digital\/fr\/security-badge-steps\/"]}]},{"@type":"ImageObject","inLanguage":"fr-FR","@id":"https:\/\/becom.digital\/fr\/security-badge-steps\/#primaryimage","url":"https:\/\/becom.digital\/app\/uploads\/2023\/10\/lbecom-example.png","contentUrl":"https:\/\/becom.digital\/app\/uploads\/2023\/10\/lbecom-example.png","width":1200,"height":628},{"@type":"BreadcrumbList","@id":"https:\/\/becom.digital\/fr\/security-badge-steps\/#breadcrumb","itemListElement":[{"@type":"ListItem","position":1,"name":"Home","item":"https:\/\/becom.digital\/fr\/"},{"@type":"ListItem","position":2,"name":"Votre badge S\u00e9curit\u00e9 en quelques \u00e9tapes"}]},{"@type":"WebSite","@id":"https:\/\/becom.digital\/fr\/#website","url":"https:\/\/becom.digital\/fr\/","name":"Becom","description":"Your digital wings","publisher":{"@id":"https:\/\/becom.digital\/fr\/#organization"},"potentialAction":[{"@type":"SearchAction","target":{"@type":"EntryPoint","urlTemplate":"https:\/\/becom.digital\/fr\/?s={search_term_string}"},"query-input":{"@type":"PropertyValueSpecification","valueRequired":true,"valueName":"search_term_string"}}],"inLanguage":"fr-FR"},{"@type":"Organization","@id":"https:\/\/becom.digital\/fr\/#organization","name":"Becom","url":"https:\/\/becom.digital\/fr\/","logo":{"@type":"ImageObject","inLanguage":"fr-FR","@id":"https:\/\/becom.digital\/fr\/#\/schema\/logo\/image\/","url":"https:\/\/becom.digital\/app\/uploads\/2023\/10\/Becom_logo_POS_basic-3-e1697538309895.png","contentUrl":"https:\/\/becom.digital\/app\/uploads\/2023\/10\/Becom_logo_POS_basic-3-e1697538309895.png","width":200,"height":72,"caption":"Becom"},"image":{"@id":"https:\/\/becom.digital\/fr\/#\/schema\/logo\/image\/"},"sameAs":["https:\/\/www.facebook.com\/Becomdigitalfederation\/","https:\/\/x.com\/becomdigital","https:\/\/www.linkedin.com\/company\/becomfederation\/","https:\/\/www.instagram.com\/becomfederation\/","https:\/\/www.youtube.com\/@becom-federation","https:\/\/open.spotify.com\/show\/0oBItlT3FIpj6AxEqllkta"]}]}},"_links":{"self":[{"href":"https:\/\/becom.digital\/fr\/wp-json\/wp\/v2\/pages\/51425","targetHints":{"allow":["GET"]}}],"collection":[{"href":"https:\/\/becom.digital\/fr\/wp-json\/wp\/v2\/pages"}],"about":[{"href":"https:\/\/becom.digital\/fr\/wp-json\/wp\/v2\/types\/page"}],"author":[{"embeddable":true,"href":"https:\/\/becom.digital\/fr\/wp-json\/wp\/v2\/users\/17"}],"replies":[{"embeddable":true,"href":"https:\/\/becom.digital\/fr\/wp-json\/wp\/v2\/comments?post=51425"}],"version-history":[{"count":11,"href":"https:\/\/becom.digital\/fr\/wp-json\/wp\/v2\/pages\/51425\/revisions"}],"predecessor-version":[{"id":54827,"href":"https:\/\/becom.digital\/fr\/wp-json\/wp\/v2\/pages\/51425\/revisions\/54827"}],"wp:featuredmedia":[{"embeddable":true,"href":"https:\/\/becom.digital\/fr\/wp-json\/wp\/v2\/media\/50967"}],"wp:attachment":[{"href":"https:\/\/becom.digital\/fr\/wp-json\/wp\/v2\/media?parent=51425"}],"wp:term":[{"taxonomy":"test-katrien1","embeddable":true,"href":"https:\/\/becom.digital\/fr\/wp-json\/wp\/v2\/test-katrien1?post=51425"}],"curies":[{"name":"wp","href":"https:\/\/api.w.org\/{rel}","templated":true}]}}