{"id":51356,"date":"2023-10-23T12:35:16","date_gmt":"2023-10-23T10:35:16","guid":{"rendered":"https:\/\/becommerce.safeshops.be\/?page_id=51356"},"modified":"2025-01-27T12:22:33","modified_gmt":"2025-01-27T11:22:33","slug":"notre-manifeste","status":"publish","type":"page","link":"https:\/\/becom.digital\/fr\/notre-manifeste\/","title":{"rendered":"Notre manifeste"},"content":{"rendered":"<div class=\"wpb-content-wrapper\"><p>[vc_row bg_image=&#8221;49960&#8243; top_padding=&#8221;40&#8243; bottom_padding=&#8221;40&#8243;][vc_column width=&#8221;1\/6&#8243;][\/vc_column][vc_column text_color=&#8221;light&#8221; width=&#8221;4\/6&#8243;][vc_column_text]<\/p>\n<h1 style=\"text-align: center;\"><strong>Notre manifeste<\/strong><\/h1>\n<p><strong>Le commerce \u00e9lectronique constitue une formidable opportunit\u00e9 pour les entrepreneurs belges : nous sommes multiculturels, multilingues et nous faisons des affaires sans fronti\u00e8res. Pour une fois, notre petit march\u00e9 int\u00e9rieur n&#8217;est pas un obstacle \u00e0 la croissance. Bien au contraire. Nous pouvons devenir les entrepreneurs les plus fiables, les plus s\u00fbrs et les plus durables d&#8217;Europe.<\/strong><\/p>\n<p><strong>En tant que f\u00e9d\u00e9ration du business num\u00e9rique, nous voulons aider les boutiques en ligne belges (nos membres) et les acteurs en ligne \u00e0 devenir des acteurs de premier plan, chacun dans son domaine, qu&#8217;il s&#8217;agisse du B2B, du B2C ou du D2C.<\/strong>[\/vc_column_text][\/vc_column][vc_column width=&#8221;1\/6&#8243;][\/vc_column][\/vc_row][vc_row][vc_column width=&#8221;1\/1&#8243;]<div class=\"spacer\" style=\"height: 40px;\"><\/div>[\/vc_column][\/vc_row][vc_section][vc_row][vc_column width=&#8221;1\/6&#8243;][\/vc_column][vc_column width=&#8221;4\/6&#8243;][vc_column_text]<\/p>\n<h2 style=\"font-weight: 400; color: #00ea90;\"><strong>Becom strong.<\/strong><\/h2>\n<p><strong>Nous facilitons votre croissance. Nous vous aidons \u00e0 d\u00e9ployer vos ailes et \u00e0 devenir un acteur \u00e0 part enti\u00e8re du march\u00e9 num\u00e9rique. De mani\u00e8re s\u00fbre et durable.<\/strong><\/p>\n<p>Que vous soyez d\u00e9butant, en pleine croissance ou d\u00e9j\u00e0 solidement \u00e9tabli, notre ambition est de vous fournir les connaissances et l&#8217;expertise dont vous avez besoin pour poursuivre votre croissance, vous d\u00e9velopper davantage ou simplement rester solide face aux d\u00e9fis du futur. Car dans un monde num\u00e9rique qui \u00e9volue \u00e0 toute vitesse, la connaissance est la cl\u00e9 du succ\u00e8s.<\/p>\n<p>C&#8217;est pourquoi :<\/p>\n<ul>\n<li>Nous vous fournissons les connaissances, l&#8217;expertise et les outils dont vous avez besoin pour vous d\u00e9velopper de mani\u00e8re flexible et durable. D\u00e9couvrez notre m\u00e9thode de croissance durable. D\u00e9couvrez nos <strong>formules d&#8217;adh\u00e9sion, notre Academy et notre Wiki<\/strong>.<\/li>\n<li>Nous promouvons l&#8217;expertise num\u00e9rique dans les entreprises. Les entreprises qui passent au num\u00e9rique sont plus rentables, plus solides et mieux arm\u00e9es pour l&#8217;avenir. Pourquoi n&#8217;y a-t-il pas plus de Chief Officers en charge du num\u00e9rique au sein des \u00e9quipes de direction\u00a0?<\/li>\n<li>Nous stimulons la poursuite de la conversion de l&#8217;\u00e9conomie belge en soutenant de nouveaux mod\u00e8les d&#8217;entreprise num\u00e9rique afin d&#8217;aider les secteurs et les entreprises traditionnels \u00e0 d\u00e9velopper leur composante num\u00e9rique<\/li>\n<\/ul>\n<p>[\/vc_column_text]<div class=\"newdivider align-center\" style=\"border-bottom-style: solid; border-color: #5e32ca; border-bottom-width: 1px; margin-top: 0; margin-bottom: 0; width: 100%; \"><\/div><div class=\"clear\"><\/div><div class=\"spacer\" style=\"height: 20px;\"><\/div>[vc_column_text]<\/p>\n<h2 style=\"font-weight: 400; color: #00ea90;\"><strong>Becom connected.<\/strong><\/h2>\n<div><strong>Nous stimulons la poursuite de la conversion de l&#8217;\u00e9conomie belge en soutenant de nouveaux mod\u00e8les d&#8217;entreprise num\u00e9rique afin d&#8217;aider les secteurs et les entreprises traditionnels \u00e0 d\u00e9velopper leur composante num\u00e9rique.<\/strong><\/div>\n<p>Meilleures pratiques, know-how sur le bon r\u00e9seau de partenaires et de fournisseurs mais aussi id\u00e9es et initiatives les plus r\u00e9centes en mati\u00e8re de durabilit\u00e9, de transparence et de commerce international\u2026 gr\u00e2ce \u00e0 nos \u00e9v\u00e9nements, master classes, Friday snacks et bootcamps, \u00e0 l&#8217;<strong>Academy <\/strong>ou simplement sur notre <strong>page partenaire<\/strong>, vous trouverez les bons correspondants, adapt\u00e9s \u00e0 votre entreprise et aptes \u00e0 vous aider \u00e0 s\u00e9curiser votre place num\u00e9rique sur le net mondial. Aujourd&#8217;hui et demain.[\/vc_column_text]<div class=\"newdivider align-center\" style=\"border-bottom-style: solid; border-color: #5e32ca; border-bottom-width: 1px; margin-top: 0; margin-bottom: 0; width: 100%; \"><\/div><div class=\"clear\"><\/div><div class=\"spacer\" style=\"height: 20px;\"><\/div>[vc_column_text]<\/p>\n<h2 style=\"font-weight: 400; color: #00ea90;\"><strong>Becom heard.<\/strong><\/h2>\n<div>\n<p><strong>Nous vous prenons sous notre aile et d\u00e9fendons vos int\u00e9r\u00eats aupr\u00e8s des gouvernements et des organismes de r\u00e9glementation aux niveaux local, national et international.<\/strong><\/p>\n<\/div>\n<p>La l\u00e9gislation belge se met au diapason de l&#8217;actualit\u00e9 num\u00e9rique. L&#8217;Europe travaille \u00e0 l&#8217;\u00e9laboration de toute une s\u00e9rie de nouvelles r\u00e8gles strictes, contraignantes pour les acteurs num\u00e9riques et propres \u00e0 prot\u00e9ger les consommateurs.<\/p>\n<p>Becom entend cr\u00e9er un environnement commercial favorable aux entreprises num\u00e9riques sur les trois plans de la l\u00e9gislation, de la formation et du financement et ce, \u00e0 tous les niveaux. C&#8217;est pourquoi nous travaillons au d\u00e9veloppement de conditions justes pour nos membres et nos partenaires en pr\u00e9sentant aux diff\u00e9rents gouvernements et l\u00e9gislateurs une vue compl\u00e8te de la situation. L&#8217;objectif est d&#8217;imaginer, ensemble, un cadre l\u00e9gislatif qui n&#8217;entrave pas l&#8217;e-business mais l&#8217;encourage.<\/p>\n<p style=\"font-weight: 400;\">D\u00e9couvrez ici notre <a href=\"\/fr?page_id=50955\"><strong>Plaidoyer<\/strong><\/a><\/p>\n<p>[\/vc_column_text]<div class=\"newdivider align-center\" style=\"border-bottom-style: solid; border-color: #5e32ca; border-bottom-width: 1px; margin-top: 0; margin-bottom: 0; width: 100%; \"><\/div><div class=\"clear\"><\/div><div class=\"spacer\" style=\"height: 20px;\"><\/div>[vc_column_text]<\/p>\n<h2 style=\"font-weight: 400; color: #00ea90;\"><strong>Becom trusted.<\/strong><\/h2>\n<div>\n<p><strong>Nous construisons un environnement commercial num\u00e9rique favorable et s\u00fbr.<\/strong><\/p>\n<\/div>\n<p>M\u00eame si les plus de 57.000 entreprises num\u00e9riques en Belgique nous disent que le commerce en ligne est bien vivant chez nous, les r\u00e9ticences et les pr\u00e9jug\u00e9s des consommateurs et des PME \u00e0 son \u00e9gard sont encore nombreux. Nous voulons stimuler l&#8217;enthousiasme et la volont\u00e9 d&#8217;entreprendre et d\u2019innover, alimenter l&#8217;app\u00e9tit de croissance et d&#8217;expansion.<\/p>\n<p>Nous voulons jouer un r\u00f4le de premier plan en mati\u00e8re de respect de la vie priv\u00e9e, d&#8217;entreprenariat responsable et d&#8217;utilisation des nouvelles technologies. C&#8217;est pourquoi nous fournissons aux consommateurs, qu&#8217;ils soient particuliers ou professionnels, les outils dont ils ont besoin pour effectuer des achats et des transactions num\u00e9riques de mani\u00e8re s\u00fbre, fiable et durable.<\/p>\n<p>Pour que votre visiteur sache qu&#8217;il peut acheter en toute confiance sur votre boutique en ligne, nous utilisons la <strong>marque de confiance<\/strong> Becom Trustmark.[\/vc_column_text]<div class=\"spacer\" style=\"height: 40px;\"><\/div>[\/vc_column][vc_column width=&#8221;1\/6&#8243;][\/vc_column][\/vc_row][\/vc_section]<\/p>\n<\/div>","protected":false},"excerpt":{"rendered":"<p>[vc_row bg_image=&#8221;49960&#8243; top_padding=&#8221;40&#8243; bottom_padding=&#8221;40&#8243;][vc_column width=&#8221;1\/6&#8243;][\/vc_column][vc_column text_color=&#8221;light&#8221; width=&#8221;4\/6&#8243;][vc_column_text] Notre manifeste Le commerce \u00e9lectronique constitue une formidable opportunit\u00e9 pour les entrepreneurs belges : nous sommes multiculturels, multilingues et nous faisons des affaires sans fronti\u00e8res. Pour une fois, notre petit march\u00e9 int\u00e9rieur n&#8217;est pas un obstacle \u00e0 la croissance. Bien au contraire. Nous pouvons devenir les entrepreneurs les plus fiables, les plus s\u00fbrs et les plus durables d&#8217;Europe. En tant que f\u00e9d\u00e9ration du business num\u00e9rique, nous voulons aider les boutiques en ligne belges (nos membres) et les acteurs en ligne \u00e0 devenir des acteurs de premier plan, chacun dans son domaine, qu&#8217;il s&#8217;agisse du B2B, du B2C ou du D2C.[\/vc_column_text][\/vc_column][vc_column width=&#8221;1\/6&#8243;][\/vc_column][\/vc_row][vc_row][vc_column width=&#8221;1\/1&#8243;][\/vc_column][\/vc_row][vc_section][vc_row][vc_column width=&#8221;1\/6&#8243;][\/vc_column][vc_column width=&#8221;4\/6&#8243;][vc_column_text] Becom strong. Nous facilitons votre croissance. Nous vous aidons \u00e0 d\u00e9ployer vos ailes et \u00e0 devenir un acteur \u00e0 part enti\u00e8re du march\u00e9 num\u00e9rique. De mani\u00e8re s\u00fbre et durable. Que vous soyez d\u00e9butant, en pleine croissance ou d\u00e9j\u00e0 solidement \u00e9tabli, notre ambition est de vous fournir les connaissances et l&#8217;expertise dont vous avez besoin pour poursuivre votre croissance, vous d\u00e9velopper davantage ou simplement rester solide face aux d\u00e9fis du futur. Car dans un monde num\u00e9rique qui \u00e9volue \u00e0 toute vitesse, la connaissance est la cl\u00e9 du succ\u00e8s. C&#8217;est pourquoi [&hellip;]<\/p>\n","protected":false},"author":17,"featured_media":50978,"parent":0,"menu_order":0,"comment_status":"closed","ping_status":"closed","template":"","meta":{"_EventAllDay":false,"_EventTimezone":"","_EventStartDate":"","_EventEndDate":"","_EventStartDateUTC":"","_EventEndDateUTC":"","_EventShowMap":false,"_EventShowMapLink":false,"_EventURL":"","_EventCost":"","_EventCostDescription":"","_EventCurrencySymbol":"","_EventCurrencyCode":"","_EventCurrencyPosition":"","_EventDateTimeSeparator":"","_EventTimeRangeSeparator":"","_EventOrganizerID":[],"_EventVenueID":[],"_OrganizerEmail":"","_OrganizerPhone":"","_OrganizerWebsite":"","_VenueAddress":"","_VenueCity":"","_VenueCountry":"","_VenueProvince":"","_VenueState":"","_VenueZip":"","_VenuePhone":"","_VenueURL":"","_VenueStateProvince":"","_VenueLat":"","_VenueLng":"","_VenueShowMap":false,"_VenueShowMapLink":false,"footnotes":""},"test-katrien1":[],"class_list":["post-51356","page","type-page","status-publish","has-post-thumbnail","hentry"],"yoast_head":"<!-- This site is optimized with the Yoast SEO plugin v26.4 - https:\/\/yoast.com\/wordpress\/plugins\/seo\/ -->\n<title>Notre manifeste - Becom<\/title>\n<meta name=\"description\" content=\"En tant que f\u00e9d\u00e9ration du business num\u00e9rique, nous voulons aider les boutiques en ligne belges (nos membres) et les acteurs en ligne \u00e0 devenir des acteurs de premier plan, chacun dans son domaine, qu\u2019il s\u2019agisse du B2B, du B2C ou du D2C.\" \/>\n<meta name=\"robots\" content=\"index, follow, max-snippet:-1, max-image-preview:large, max-video-preview:-1\" \/>\n<link rel=\"canonical\" href=\"https:\/\/becom.digital\/fr\/notre-manifeste\/\" \/>\n<meta property=\"og:locale\" content=\"fr_FR\" \/>\n<meta property=\"og:type\" content=\"article\" \/>\n<meta property=\"og:title\" content=\"Notre manifeste - Becom\" \/>\n<meta property=\"og:description\" content=\"En tant que f\u00e9d\u00e9ration du business num\u00e9rique, nous voulons aider les boutiques en ligne belges (nos membres) et les acteurs en ligne \u00e0 devenir des acteurs de premier plan, chacun dans son domaine, qu\u2019il s\u2019agisse du B2B, du B2C ou du D2C.\" \/>\n<meta property=\"og:url\" content=\"https:\/\/becom.digital\/fr\/notre-manifeste\/\" \/>\n<meta property=\"og:site_name\" content=\"Becom\" \/>\n<meta property=\"article:publisher\" content=\"https:\/\/www.facebook.com\/Becomdigitalfederation\/\" \/>\n<meta property=\"article:modified_time\" content=\"2025-01-27T11:22:33+00:00\" \/>\n<meta property=\"og:image\" content=\"https:\/\/becom.digital\/app\/uploads\/2023\/10\/e-Business-federation.png\" \/>\n\t<meta property=\"og:image:width\" content=\"1200\" \/>\n\t<meta property=\"og:image:height\" content=\"628\" \/>\n\t<meta property=\"og:image:type\" content=\"image\/png\" \/>\n<meta name=\"twitter:card\" content=\"summary_large_image\" \/>\n<meta name=\"twitter:site\" content=\"@becomdigital\" \/>\n<meta name=\"twitter:label1\" content=\"Est. reading time\" \/>\n\t<meta name=\"twitter:data1\" content=\"4 minutes\" \/>\n<script type=\"application\/ld+json\" class=\"yoast-schema-graph\">{\"@context\":\"https:\/\/schema.org\",\"@graph\":[{\"@type\":\"WebPage\",\"@id\":\"https:\/\/becom.digital\/fr\/notre-manifeste\/\",\"url\":\"https:\/\/becom.digital\/fr\/notre-manifeste\/\",\"name\":\"Notre manifeste - Becom\",\"isPartOf\":{\"@id\":\"https:\/\/becom.digital\/fr\/#website\"},\"primaryImageOfPage\":{\"@id\":\"https:\/\/becom.digital\/fr\/notre-manifeste\/#primaryimage\"},\"image\":{\"@id\":\"https:\/\/becom.digital\/fr\/notre-manifeste\/#primaryimage\"},\"thumbnailUrl\":\"https:\/\/becom.digital\/app\/uploads\/2023\/10\/e-Business-federation.png\",\"datePublished\":\"2023-10-23T10:35:16+00:00\",\"dateModified\":\"2025-01-27T11:22:33+00:00\",\"description\":\"En tant que f\u00e9d\u00e9ration du business num\u00e9rique, nous voulons aider les boutiques en ligne belges (nos membres) et les acteurs en ligne \u00e0 devenir des acteurs de premier plan, chacun dans son domaine, qu\u2019il s\u2019agisse du B2B, du B2C ou du D2C.\",\"breadcrumb\":{\"@id\":\"https:\/\/becom.digital\/fr\/notre-manifeste\/#breadcrumb\"},\"inLanguage\":\"fr-FR\",\"potentialAction\":[{\"@type\":\"ReadAction\",\"target\":[\"https:\/\/becom.digital\/fr\/notre-manifeste\/\"]}]},{\"@type\":\"ImageObject\",\"inLanguage\":\"fr-FR\",\"@id\":\"https:\/\/becom.digital\/fr\/notre-manifeste\/#primaryimage\",\"url\":\"https:\/\/becom.digital\/app\/uploads\/2023\/10\/e-Business-federation.png\",\"contentUrl\":\"https:\/\/becom.digital\/app\/uploads\/2023\/10\/e-Business-federation.png\",\"width\":1200,\"height\":628},{\"@type\":\"BreadcrumbList\",\"@id\":\"https:\/\/becom.digital\/fr\/notre-manifeste\/#breadcrumb\",\"itemListElement\":[{\"@type\":\"ListItem\",\"position\":1,\"name\":\"Home\",\"item\":\"https:\/\/becom.digital\/fr\/\"},{\"@type\":\"ListItem\",\"position\":2,\"name\":\"Notre manifeste\"}]},{\"@type\":\"WebSite\",\"@id\":\"https:\/\/becom.digital\/fr\/#website\",\"url\":\"https:\/\/becom.digital\/fr\/\",\"name\":\"Becom\",\"description\":\"Your digital wings\",\"publisher\":{\"@id\":\"https:\/\/becom.digital\/fr\/#organization\"},\"potentialAction\":[{\"@type\":\"SearchAction\",\"target\":{\"@type\":\"EntryPoint\",\"urlTemplate\":\"https:\/\/becom.digital\/fr\/?s={search_term_string}\"},\"query-input\":{\"@type\":\"PropertyValueSpecification\",\"valueRequired\":true,\"valueName\":\"search_term_string\"}}],\"inLanguage\":\"fr-FR\"},{\"@type\":\"Organization\",\"@id\":\"https:\/\/becom.digital\/fr\/#organization\",\"name\":\"Becom\",\"url\":\"https:\/\/becom.digital\/fr\/\",\"logo\":{\"@type\":\"ImageObject\",\"inLanguage\":\"fr-FR\",\"@id\":\"https:\/\/becom.digital\/fr\/#\/schema\/logo\/image\/\",\"url\":\"https:\/\/becom.digital\/app\/uploads\/2023\/10\/Becom_logo_POS_basic-3-e1697538309895.png\",\"contentUrl\":\"https:\/\/becom.digital\/app\/uploads\/2023\/10\/Becom_logo_POS_basic-3-e1697538309895.png\",\"width\":200,\"height\":72,\"caption\":\"Becom\"},\"image\":{\"@id\":\"https:\/\/becom.digital\/fr\/#\/schema\/logo\/image\/\"},\"sameAs\":[\"https:\/\/www.facebook.com\/Becomdigitalfederation\/\",\"https:\/\/x.com\/becomdigital\",\"https:\/\/www.linkedin.com\/company\/becomfederation\/\",\"https:\/\/www.instagram.com\/becomfederation\/\",\"https:\/\/www.youtube.com\/@becom-federation\",\"https:\/\/open.spotify.com\/show\/0oBItlT3FIpj6AxEqllkta\"]}]}<\/script>\n<!-- \/ Yoast SEO plugin. -->","yoast_head_json":{"title":"Notre manifeste - Becom","description":"En tant que f\u00e9d\u00e9ration du business num\u00e9rique, nous voulons aider les boutiques en ligne belges (nos membres) et les acteurs en ligne \u00e0 devenir des acteurs de premier plan, chacun dans son domaine, qu\u2019il s\u2019agisse du B2B, du B2C ou du D2C.","robots":{"index":"index","follow":"follow","max-snippet":"max-snippet:-1","max-image-preview":"max-image-preview:large","max-video-preview":"max-video-preview:-1"},"canonical":"https:\/\/becom.digital\/fr\/notre-manifeste\/","og_locale":"fr_FR","og_type":"article","og_title":"Notre manifeste - Becom","og_description":"En tant que f\u00e9d\u00e9ration du business num\u00e9rique, nous voulons aider les boutiques en ligne belges (nos membres) et les acteurs en ligne \u00e0 devenir des acteurs de premier plan, chacun dans son domaine, qu\u2019il s\u2019agisse du B2B, du B2C ou du D2C.","og_url":"https:\/\/becom.digital\/fr\/notre-manifeste\/","og_site_name":"Becom","article_publisher":"https:\/\/www.facebook.com\/Becomdigitalfederation\/","article_modified_time":"2025-01-27T11:22:33+00:00","og_image":[{"width":1200,"height":628,"url":"https:\/\/becom.digital\/app\/uploads\/2023\/10\/e-Business-federation.png","type":"image\/png"}],"twitter_card":"summary_large_image","twitter_site":"@becomdigital","twitter_misc":{"Est. reading time":"4 minutes"},"schema":{"@context":"https:\/\/schema.org","@graph":[{"@type":"WebPage","@id":"https:\/\/becom.digital\/fr\/notre-manifeste\/","url":"https:\/\/becom.digital\/fr\/notre-manifeste\/","name":"Notre manifeste - Becom","isPartOf":{"@id":"https:\/\/becom.digital\/fr\/#website"},"primaryImageOfPage":{"@id":"https:\/\/becom.digital\/fr\/notre-manifeste\/#primaryimage"},"image":{"@id":"https:\/\/becom.digital\/fr\/notre-manifeste\/#primaryimage"},"thumbnailUrl":"https:\/\/becom.digital\/app\/uploads\/2023\/10\/e-Business-federation.png","datePublished":"2023-10-23T10:35:16+00:00","dateModified":"2025-01-27T11:22:33+00:00","description":"En tant que f\u00e9d\u00e9ration du business num\u00e9rique, nous voulons aider les boutiques en ligne belges (nos membres) et les acteurs en ligne \u00e0 devenir des acteurs de premier plan, chacun dans son domaine, qu\u2019il s\u2019agisse du B2B, du B2C ou du D2C.","breadcrumb":{"@id":"https:\/\/becom.digital\/fr\/notre-manifeste\/#breadcrumb"},"inLanguage":"fr-FR","potentialAction":[{"@type":"ReadAction","target":["https:\/\/becom.digital\/fr\/notre-manifeste\/"]}]},{"@type":"ImageObject","inLanguage":"fr-FR","@id":"https:\/\/becom.digital\/fr\/notre-manifeste\/#primaryimage","url":"https:\/\/becom.digital\/app\/uploads\/2023\/10\/e-Business-federation.png","contentUrl":"https:\/\/becom.digital\/app\/uploads\/2023\/10\/e-Business-federation.png","width":1200,"height":628},{"@type":"BreadcrumbList","@id":"https:\/\/becom.digital\/fr\/notre-manifeste\/#breadcrumb","itemListElement":[{"@type":"ListItem","position":1,"name":"Home","item":"https:\/\/becom.digital\/fr\/"},{"@type":"ListItem","position":2,"name":"Notre manifeste"}]},{"@type":"WebSite","@id":"https:\/\/becom.digital\/fr\/#website","url":"https:\/\/becom.digital\/fr\/","name":"Becom","description":"Your digital wings","publisher":{"@id":"https:\/\/becom.digital\/fr\/#organization"},"potentialAction":[{"@type":"SearchAction","target":{"@type":"EntryPoint","urlTemplate":"https:\/\/becom.digital\/fr\/?s={search_term_string}"},"query-input":{"@type":"PropertyValueSpecification","valueRequired":true,"valueName":"search_term_string"}}],"inLanguage":"fr-FR"},{"@type":"Organization","@id":"https:\/\/becom.digital\/fr\/#organization","name":"Becom","url":"https:\/\/becom.digital\/fr\/","logo":{"@type":"ImageObject","inLanguage":"fr-FR","@id":"https:\/\/becom.digital\/fr\/#\/schema\/logo\/image\/","url":"https:\/\/becom.digital\/app\/uploads\/2023\/10\/Becom_logo_POS_basic-3-e1697538309895.png","contentUrl":"https:\/\/becom.digital\/app\/uploads\/2023\/10\/Becom_logo_POS_basic-3-e1697538309895.png","width":200,"height":72,"caption":"Becom"},"image":{"@id":"https:\/\/becom.digital\/fr\/#\/schema\/logo\/image\/"},"sameAs":["https:\/\/www.facebook.com\/Becomdigitalfederation\/","https:\/\/x.com\/becomdigital","https:\/\/www.linkedin.com\/company\/becomfederation\/","https:\/\/www.instagram.com\/becomfederation\/","https:\/\/www.youtube.com\/@becom-federation","https:\/\/open.spotify.com\/show\/0oBItlT3FIpj6AxEqllkta"]}]}},"_links":{"self":[{"href":"https:\/\/becom.digital\/fr\/wp-json\/wp\/v2\/pages\/51356","targetHints":{"allow":["GET"]}}],"collection":[{"href":"https:\/\/becom.digital\/fr\/wp-json\/wp\/v2\/pages"}],"about":[{"href":"https:\/\/becom.digital\/fr\/wp-json\/wp\/v2\/types\/page"}],"author":[{"embeddable":true,"href":"https:\/\/becom.digital\/fr\/wp-json\/wp\/v2\/users\/17"}],"replies":[{"embeddable":true,"href":"https:\/\/becom.digital\/fr\/wp-json\/wp\/v2\/comments?post=51356"}],"version-history":[{"count":6,"href":"https:\/\/becom.digital\/fr\/wp-json\/wp\/v2\/pages\/51356\/revisions"}],"predecessor-version":[{"id":51538,"href":"https:\/\/becom.digital\/fr\/wp-json\/wp\/v2\/pages\/51356\/revisions\/51538"}],"wp:featuredmedia":[{"embeddable":true,"href":"https:\/\/becom.digital\/fr\/wp-json\/wp\/v2\/media\/50978"}],"wp:attachment":[{"href":"https:\/\/becom.digital\/fr\/wp-json\/wp\/v2\/media?parent=51356"}],"wp:term":[{"taxonomy":"test-katrien1","embeddable":true,"href":"https:\/\/becom.digital\/fr\/wp-json\/wp\/v2\/test-katrien1?post=51356"}],"curies":[{"name":"wp","href":"https:\/\/api.w.org\/{rel}","templated":true}]}}