{"id":37174,"date":"2021-12-02T10:34:09","date_gmt":"2021-12-02T09:34:09","guid":{"rendered":"https:\/\/www.safeshops.be\/?page_id=37174"},"modified":"2025-06-25T19:05:50","modified_gmt":"2025-06-25T17:05:50","slug":"legal-badge-steps","status":"publish","type":"page","link":"https:\/\/becom.digital\/fr\/legal-badge-steps\/","title":{"rendered":"Votre badge juridique en quelques \u00e9tapes"},"content":{"rendered":"<div class=\"wpb-content-wrapper\"><p>[vc_row type=&#8221;full_width_section&#8221;][vc_column width=&#8221;1\/1&#8243;]<div class=\"single_image wpb_content_element align-left    \" data-animation=\"none\" data-delay=\"0\"><img loading=\"lazy\" decoding=\"async\" width=\"6400\" height=\"875\" src=\"https:\/\/becom.digital\/app\/uploads\/2025\/06\/audit-juridique.png\" class=\"attachment-full\" alt=\"\" title=\"audit juridique\" srcset=\"https:\/\/becom.digital\/app\/uploads\/2025\/06\/audit-juridique.png 6400w, https:\/\/becom.digital\/app\/uploads\/2025\/06\/audit-juridique-300x41.png 300w, https:\/\/becom.digital\/app\/uploads\/2025\/06\/audit-juridique-1024x140.png 1024w, https:\/\/becom.digital\/app\/uploads\/2025\/06\/audit-juridique-768x105.png 768w, https:\/\/becom.digital\/app\/uploads\/2025\/06\/audit-juridique-1536x210.png 1536w, https:\/\/becom.digital\/app\/uploads\/2025\/06\/audit-juridique-2048x280.png 2048w\" sizes=\"auto, (max-width: 6400px) 100vw, 6400px\" \/><\/div>[\/vc_column][\/vc_row][vc_row][vc_column width=&#8221;1\/1&#8243;]<div class=\"spacer\" style=\"height: 40px;\"><\/div><h1 class=\"headline font-inherit fontsize-l fontweight-700 lh-inherit align-left transform-inherit \" style=\"margin: 0 0 20px 0; color: #5e32ca;\">Votre badge juridique en quelques \u00e9tapes<\/h1>[vc_column_text]<\/p>\n<p style=\"font-weight: 400;\"><span style=\"font-family: 'Open Sans', sans-serif; font-weight: 350; color: #000000;\">Becom vous accompagne juridiquement dans la cr\u00e9ation ou le d\u00e9veloppement de votre boutique en ligne.<br \/>\nLe cabinet d\u2019avocats ind\u00e9pendant Nelissen Grade analyse votre site pour s\u2019assurer qu\u2019il est conforme aux principales r\u00e9glementations en mati\u00e8re de commerce \u00e9lectronique.<br \/>\nCela inclut notamment le droit des consommateurs en ligne : vos conditions de garantie, votre politique de retour, le processus de commande, la proc\u00e9dure de r\u00e9clamation, ainsi que la r\u00e9glementation sur le geoblocking et d\u2019autres lois e-commerce courantes. <\/span><\/p>\n<p style=\"font-weight: 400;\"><span style=\"font-family: 'Open Sans', sans-serif; font-weight: 350; color: #000000;\">Vous recevrez le label de confiance Becom, accompagn\u00e9 du badge juridique, d\u00e8s que vous aurez mis en \u0153uvre les recommandations de Nelissen Grade.<\/span><\/p>\n<p style=\"font-family: 'Open Sans', sans-serif; font-weight: 350; color: #000000;\">Vous passez par les \u00e9tapes suivantes\u00a0:<\/p>\n<p style=\"padding-left: 40px;\"><span style=\"color: #5e32ca;\"><strong><span style=\"font-family: 'Open Sans', sans-serif;\">\u00c9tape 1\u00a0<\/span>: <span style=\"font-family: 'Open Sans', sans-serif;\">Demandez le label de confiance Becom.<\/span><\/strong><\/span><br \/>\n<span style=\"font-family: 'Open Sans', sans-serif; font-weight: 350; color: #000000;\">Vous demandez votre adh\u00e9sion <a href=\"https:\/\/shop.becom.digital\/Lidmaatschap\" target=\"_blank\" rel=\"noopener\"><strong>ici<\/strong><\/a>. Vous indiquez \u00e9galement votre secteur d\u2019activit\u00e9 et l\u2019URL (test) de votre boutique en ligne.<\/span><\/p>\n<p style=\"padding-left: 40px;\"><span style=\"color: #5e32ca;\"><strong><span style=\"font-family: 'Open Sans', sans-serif;\">\u00c9tape 2\u00a0<\/span>: <span style=\"font-family: 'Open Sans', sans-serif;\">Votre audit est en cours de lancement<\/span><\/strong><\/span><br \/>\n<span style=\"font-family: 'Open Sans', sans-serif; font-weight: 350; color: #000000;\">Vous recevez un mail de bienvenue avec la check-list et plusieurs documents standards, dont des conditions g\u00e9n\u00e9rales en deux langues (FR\/NL), une politique de confidentialit\u00e9, etc. Le cabinet juridique ind\u00e9pendant Nelissen Grade commence l\u2019analyse de votre URL (test).<\/span><\/p>\n<p style=\"padding-left: 40px;\"><span style=\"color: #5e32ca;\"><strong><span style=\"font-family: 'Open Sans', sans-serif;\">\u00c9tape 3\u00a0<\/span>: <span style=\"font-family: 'Open Sans', sans-serif;\">Vous recevrez un avis juridique.<\/span><\/strong><\/span><br \/>\n<span style=\"font-family: 'Open Sans', sans-serif; font-weight: 350; color: #000000;\">Vous recevez un document contenant tous les conseils juridiques du cabinet d\u2019avocats ind\u00e9pendant Nelissen Grade sur les modifications que vous pouvez encore apporter \u00e0 votre boutique en ligne pour \u00eatre parfaitement en r\u00e8gle.<\/span><\/p>\n<p style=\"padding-left: 40px;\"><span style=\"color: #5e32ca;\"><strong><span style=\"font-family: 'Open Sans', sans-serif;\">\u00c9tape 4\u00a0<\/span>: <span style=\"font-family: 'Open Sans', sans-serif; font-weight: 350;\"><strong>Planifiez un appel vid\u00e9o gratuit<\/strong><br \/>\n<\/span><\/strong><\/span><span style=\"font-family: 'Open Sans', sans-serif; font-weight: 350; color: #000000;\">Vous avez droit \u00e0 un appel vid\u00e9o gratuit avec Nelissen Grade.<br \/>\nSi vous \u00eates bloqu\u00e9 ou si un point du document vous semble flou, ils vous consacrent 30 minutes gratuitement pour r\u00e9pondre \u00e0 vos questions.<\/span><\/p>\n<p style=\"padding-left: 40px;\"><span style=\"color: #5e32ca;\"><strong><span style=\"font-family: 'Open Sans', sans-serif;\">\u00c9tape 5 : Installez votre widget Becom Trustmark<\/span><\/strong><\/span><br \/>\n<span style=\"font-family: 'Open Sans', sans-serif; font-weight: 350; color: #000000;\">Tout est correctement adapt\u00e9 ? Super ! Vous recevrez alors <a href=\"https:\/\/becom.digital\/fr\/trustprofile\/\"><strong>le\u00a0widget Becom Trustmark<\/strong><\/a>, avec le\u00a0label\u00a0et votre propre\u00a0profil Trustprofile.<br \/>\nUn\u00a0guide d\u2019installation\u00a0vous sera \u00e9galement fourni, afin que le label Becom s\u2019affiche parfaitement sur votre site web.<\/span><\/p>\n<p style=\"font-weight: 400;\"><span style=\"font-family: 'Open Sans', sans-serif; font-weight: 350; color: #000000;\">Sachez \u00e9galement que nous soumettons votre site Web \u00e0 un nouveau contr\u00f4le proactif apr\u00e8s une petite ann\u00e9e. Car la l\u00e9gislation \u00e9volue sans cesse et il arrive que des boutiques en ligne changent totalement de contenu en 12 mois.<\/span><\/p>\n<p>[\/vc_column_text]<div class=\"spacer\" style=\"height: 20px;\"><\/div>[\/vc_column][\/vc_row][vc_row bg_color=&#8221;#F6F6F6&#8243;][vc_column width=&#8221;1\/1&#8243;]<div class=\"spacer\" style=\"height: 20px;\"><\/div><h1 class=\"headline font-inherit fontsize-l fontweight-700 lh-inherit align-left transform-inherit \" style=\"margin: 0 0 20px 0; color: #5e32ca;\">Cela peut aller vite <\/h1>[vc_column_text]<span style=\"font-family: 'Open Sans', sans-serif; font-weight: 350; color: #000000;\">Dans les <span style=\"color: #5e32ca;\"><strong>14 jours suivant<\/strong><\/span> votre demande, vous recevrez les conseils juridiques de Nelissen Grade directement dans votre bo\u00eete mail.<br \/>\nEnsuite, tout d\u00e9pend de vous : \u00e0 quelle vitesse pouvez-vous appliquer ces conseils et effectuer les \u00e9ventuelles modifications<\/span><\/p>\n<p><span style=\"font-family: 'Open Sans', sans-serif; font-weight: 350; color: #000000;\">Vous \u00eates encore en train de construire votre site ?<br \/>\nIl est judicieux d\u2019introduire votre demande d\u00e8s les premi\u00e8res \u00e9tapes. Vous recevrez ainsi une checklist et des documents types qui vous guideront dans la cr\u00e9ation de votre boutique en ligne. Cela vous \u00e9vite, par exemple, d\u2019oublier des liens obligatoires ou d\u2019utiliser des textes incorrects sur vos boutons.<\/span><\/p>\n<p><span style=\"font-family: 'Open Sans', sans-serif; font-weight: 350; color: #000000;\">L\u2019audit juridique peut \u00e9galement \u00eatre r\u00e9alis\u00e9 sur un environnement de test.<br \/>\nDe cette fa\u00e7on, votre boutique sera juridiquement conforme d\u00e8s son lancement.<\/span>[\/vc_column_text]<div class=\"spacer\" style=\"height: 10px;\"><\/div>[\/vc_column][\/vc_row][vc_row][vc_column width=&#8221;1\/1&#8243;]<div class=\"spacer\" style=\"height: 30px;\"><\/div><h1 class=\"headline font-inherit fontsize-l fontweight-700 lh-inherit align-left transform-inherit \" style=\"margin: 0 0 20px 0; color: #5e32ca;\">Reconnue par Ecommerce Europe <\/h1>[\/vc_column][\/vc_row][vc_row][vc_column width=&#8221;1\/4&#8243;]<div class=\"minti_boxedholder   clearfix\" style=\"padding: 0px 0px 0px 0px; margin: 30px 30px 30px 30px; \"><div class=\"single_image wpb_content_element align-center    \" data-animation=\"none\" data-delay=\"0\"><img loading=\"lazy\" decoding=\"async\" width=\"1273\" height=\"1032\" src=\"https:\/\/becom.digital\/app\/uploads\/2023\/10\/Logo_Trust_ecommerce_europe.png\" class=\"attachment-full\" alt=\"\" title=\"Logo_Trust_ecommerce_europe\" srcset=\"https:\/\/becom.digital\/app\/uploads\/2023\/10\/Logo_Trust_ecommerce_europe.png 1273w, https:\/\/becom.digital\/app\/uploads\/2023\/10\/Logo_Trust_ecommerce_europe-300x243.png 300w, https:\/\/becom.digital\/app\/uploads\/2023\/10\/Logo_Trust_ecommerce_europe-1024x830.png 1024w, https:\/\/becom.digital\/app\/uploads\/2023\/10\/Logo_Trust_ecommerce_europe-768x623.png 768w\" sizes=\"auto, (max-width: 1273px) 100vw, 1273px\" \/><\/div><\/div>[\/vc_column][vc_column width=&#8221;3\/4&#8243;][vc_column_text]<\/p>\n<p style=\"font-weight: 400;\">La proc\u00e9dure de v\u00e9rification Becom \u00e9tant reconnue par Ecommerce Europe, vous pourrez imm\u00e9diatement porter la Trustmark europ\u00e9enne sans co\u00fbt suppl\u00e9mentaire. C\u2019est une reconnaissance claire pour le consommateur\u00a0: vous \u00eates \u00e9galement un acteur correct au niveau europ\u00e9en. La Trustmark europ\u00e9enne donnera un coup de fouet suppl\u00e9mentaire \u00e0 vos ventes transfrontali\u00e8res en Europe.<\/p>\n<p>[\/vc_column_text][\/vc_column][\/vc_row][vc_row text_align=&#8221;center&#8221;][vc_column width=&#8221;1\/1&#8243;]<div class=\"spacer\" style=\"height: 10px;\"><\/div><a href=\"https:\/\/shop.becom.digital\/Lidmaatschap\" target=\"_blank\" class=\"button custom large \" style=\"background-color: #5E32CA; border-color: #5E32CA;border-radius: 4px;\">Devenez membre<\/a><div class=\"spacer\" style=\"height: 25px;\"><\/div>[\/vc_column][\/vc_row]<\/p>\n<\/div>","protected":false},"excerpt":{"rendered":"<p>[vc_row type=&#8221;full_width_section&#8221;][vc_column width=&#8221;1\/1&#8243;][\/vc_column][\/vc_row][vc_row][vc_column width=&#8221;1\/1&#8243;][vc_column_text] Becom vous accompagne juridiquement dans la cr\u00e9ation ou le d\u00e9veloppement de votre boutique en ligne. Le cabinet d\u2019avocats ind\u00e9pendant Nelissen Grade analyse votre site pour s\u2019assurer qu\u2019il est conforme aux principales r\u00e9glementations en mati\u00e8re de commerce \u00e9lectronique. Cela inclut notamment le droit des consommateurs en ligne : vos conditions de garantie, votre politique de retour, le processus de commande, la proc\u00e9dure de r\u00e9clamation, ainsi que la r\u00e9glementation sur le geoblocking et d\u2019autres lois e-commerce courantes. Vous recevrez le label de confiance Becom, accompagn\u00e9 du badge juridique, d\u00e8s que vous aurez mis en \u0153uvre les recommandations de Nelissen Grade. Vous passez par les \u00e9tapes suivantes\u00a0: \u00c9tape 1\u00a0: Demandez le label de confiance Becom. Vous demandez votre adh\u00e9sion ici. Vous indiquez \u00e9galement votre secteur d\u2019activit\u00e9 et l\u2019URL (test) de votre boutique en ligne. \u00c9tape 2\u00a0: Votre audit est en cours de lancement Vous recevez un mail de bienvenue avec la check-list et plusieurs documents standards, dont des conditions g\u00e9n\u00e9rales en deux langues (FR\/NL), une politique de confidentialit\u00e9, etc. Le cabinet juridique ind\u00e9pendant Nelissen Grade commence l\u2019analyse de votre URL (test). \u00c9tape 3\u00a0: Vous recevrez un avis juridique. Vous recevez un document contenant tous les conseils juridiques du cabinet [&hellip;]<\/p>\n","protected":false},"author":17,"featured_media":50967,"parent":0,"menu_order":0,"comment_status":"closed","ping_status":"closed","template":"","meta":{"_EventAllDay":false,"_EventTimezone":"","_EventStartDate":"","_EventEndDate":"","_EventStartDateUTC":"","_EventEndDateUTC":"","_EventShowMap":false,"_EventShowMapLink":false,"_EventURL":"","_EventCost":"","_EventCostDescription":"","_EventCurrencySymbol":"","_EventCurrencyCode":"","_EventCurrencyPosition":"","_EventDateTimeSeparator":"","_EventTimeRangeSeparator":"","_EventOrganizerID":[],"_EventVenueID":[],"_OrganizerEmail":"","_OrganizerPhone":"","_OrganizerWebsite":"","_VenueAddress":"","_VenueCity":"","_VenueCountry":"","_VenueProvince":"","_VenueState":"","_VenueZip":"","_VenuePhone":"","_VenueURL":"","_VenueStateProvince":"","_VenueLat":"","_VenueLng":"","_VenueShowMap":false,"_VenueShowMapLink":false,"footnotes":""},"test-katrien1":[],"class_list":["post-37174","page","type-page","status-publish","has-post-thumbnail","hentry"],"yoast_head":"<!-- This site is optimized with the Yoast SEO plugin v26.4 - https:\/\/yoast.com\/wordpress\/plugins\/seo\/ -->\n<title>Votre badge juridique en quelques \u00e9tapes - Becom<\/title>\n<meta name=\"description\" content=\"Le Becom Trustmark est synonyme d&#039;achat et de vente en ligne fiables, s\u00fbrs et transparents : derri\u00e8re ce label de qualit\u00e9 se cache un v\u00e9ritable profil de confiance o\u00f9 votre visiteur en ligne peut v\u00e9rifier votre fiabilit\u00e9.\" \/>\n<meta name=\"robots\" content=\"index, follow, max-snippet:-1, max-image-preview:large, max-video-preview:-1\" \/>\n<link rel=\"canonical\" href=\"https:\/\/becom.digital\/fr\/legal-badge-steps\/\" \/>\n<meta property=\"og:locale\" content=\"fr_FR\" \/>\n<meta property=\"og:type\" content=\"article\" \/>\n<meta property=\"og:title\" content=\"Votre badge juridique en quelques \u00e9tapes - Becom\" \/>\n<meta property=\"og:description\" content=\"Le Becom Trustmark est synonyme d&#039;achat et de vente en ligne fiables, s\u00fbrs et transparents : derri\u00e8re ce label de qualit\u00e9 se cache un v\u00e9ritable profil de confiance o\u00f9 votre visiteur en ligne peut v\u00e9rifier votre fiabilit\u00e9.\" \/>\n<meta property=\"og:url\" content=\"https:\/\/becom.digital\/fr\/legal-badge-steps\/\" \/>\n<meta property=\"og:site_name\" content=\"Becom\" \/>\n<meta property=\"article:publisher\" content=\"https:\/\/www.facebook.com\/Becomdigitalfederation\/\" \/>\n<meta property=\"article:modified_time\" content=\"2025-06-25T17:05:50+00:00\" \/>\n<meta property=\"og:image\" content=\"https:\/\/becom.digital\/wp-content\/uploads\/2020\/06\/Ontwerp-zonder-titel-10.png\" \/>\n<meta name=\"twitter:card\" content=\"summary_large_image\" \/>\n<meta name=\"twitter:image\" content=\"https:\/\/becom.digital\/wp-content\/uploads\/2020\/06\/Ontwerp-zonder-titel-10.png\" \/>\n<meta name=\"twitter:site\" content=\"@becomdigital\" \/>\n<meta name=\"twitter:label1\" content=\"Est. reading time\" \/>\n\t<meta name=\"twitter:data1\" content=\"4 minutes\" \/>\n<script type=\"application\/ld+json\" class=\"yoast-schema-graph\">{\"@context\":\"https:\/\/schema.org\",\"@graph\":[{\"@type\":\"WebPage\",\"@id\":\"https:\/\/becom.digital\/fr\/legal-badge-steps\/\",\"url\":\"https:\/\/becom.digital\/fr\/legal-badge-steps\/\",\"name\":\"Votre badge juridique en quelques \u00e9tapes - Becom\",\"isPartOf\":{\"@id\":\"https:\/\/becom.digital\/fr\/#website\"},\"primaryImageOfPage\":{\"@id\":\"https:\/\/becom.digital\/fr\/legal-badge-steps\/#primaryimage\"},\"image\":{\"@id\":\"https:\/\/becom.digital\/fr\/legal-badge-steps\/#primaryimage\"},\"thumbnailUrl\":\"https:\/\/becom.digital\/app\/uploads\/2023\/10\/lbecom-example.png\",\"datePublished\":\"2021-12-02T09:34:09+00:00\",\"dateModified\":\"2025-06-25T17:05:50+00:00\",\"description\":\"Le Becom Trustmark est synonyme d'achat et de vente en ligne fiables, s\u00fbrs et transparents : derri\u00e8re ce label de qualit\u00e9 se cache un v\u00e9ritable profil de confiance o\u00f9 votre visiteur en ligne peut v\u00e9rifier votre fiabilit\u00e9.\",\"breadcrumb\":{\"@id\":\"https:\/\/becom.digital\/fr\/legal-badge-steps\/#breadcrumb\"},\"inLanguage\":\"fr-FR\",\"potentialAction\":[{\"@type\":\"ReadAction\",\"target\":[\"https:\/\/becom.digital\/fr\/legal-badge-steps\/\"]}]},{\"@type\":\"ImageObject\",\"inLanguage\":\"fr-FR\",\"@id\":\"https:\/\/becom.digital\/fr\/legal-badge-steps\/#primaryimage\",\"url\":\"https:\/\/becom.digital\/app\/uploads\/2023\/10\/lbecom-example.png\",\"contentUrl\":\"https:\/\/becom.digital\/app\/uploads\/2023\/10\/lbecom-example.png\",\"width\":1200,\"height\":628},{\"@type\":\"BreadcrumbList\",\"@id\":\"https:\/\/becom.digital\/fr\/legal-badge-steps\/#breadcrumb\",\"itemListElement\":[{\"@type\":\"ListItem\",\"position\":1,\"name\":\"Home\",\"item\":\"https:\/\/becom.digital\/fr\/\"},{\"@type\":\"ListItem\",\"position\":2,\"name\":\"Votre badge juridique en quelques \u00e9tapes\"}]},{\"@type\":\"WebSite\",\"@id\":\"https:\/\/becom.digital\/fr\/#website\",\"url\":\"https:\/\/becom.digital\/fr\/\",\"name\":\"Becom\",\"description\":\"Your digital wings\",\"publisher\":{\"@id\":\"https:\/\/becom.digital\/fr\/#organization\"},\"potentialAction\":[{\"@type\":\"SearchAction\",\"target\":{\"@type\":\"EntryPoint\",\"urlTemplate\":\"https:\/\/becom.digital\/fr\/?s={search_term_string}\"},\"query-input\":{\"@type\":\"PropertyValueSpecification\",\"valueRequired\":true,\"valueName\":\"search_term_string\"}}],\"inLanguage\":\"fr-FR\"},{\"@type\":\"Organization\",\"@id\":\"https:\/\/becom.digital\/fr\/#organization\",\"name\":\"Becom\",\"url\":\"https:\/\/becom.digital\/fr\/\",\"logo\":{\"@type\":\"ImageObject\",\"inLanguage\":\"fr-FR\",\"@id\":\"https:\/\/becom.digital\/fr\/#\/schema\/logo\/image\/\",\"url\":\"https:\/\/becom.digital\/app\/uploads\/2023\/10\/Becom_logo_POS_basic-3-e1697538309895.png\",\"contentUrl\":\"https:\/\/becom.digital\/app\/uploads\/2023\/10\/Becom_logo_POS_basic-3-e1697538309895.png\",\"width\":200,\"height\":72,\"caption\":\"Becom\"},\"image\":{\"@id\":\"https:\/\/becom.digital\/fr\/#\/schema\/logo\/image\/\"},\"sameAs\":[\"https:\/\/www.facebook.com\/Becomdigitalfederation\/\",\"https:\/\/x.com\/becomdigital\",\"https:\/\/www.linkedin.com\/company\/becomfederation\/\",\"https:\/\/www.instagram.com\/becomfederation\/\",\"https:\/\/www.youtube.com\/@becom-federation\",\"https:\/\/open.spotify.com\/show\/0oBItlT3FIpj6AxEqllkta\"]}]}<\/script>\n<!-- \/ Yoast SEO plugin. -->","yoast_head_json":{"title":"Votre badge juridique en quelques \u00e9tapes - Becom","description":"Le Becom Trustmark est synonyme d'achat et de vente en ligne fiables, s\u00fbrs et transparents : derri\u00e8re ce label de qualit\u00e9 se cache un v\u00e9ritable profil de confiance o\u00f9 votre visiteur en ligne peut v\u00e9rifier votre fiabilit\u00e9.","robots":{"index":"index","follow":"follow","max-snippet":"max-snippet:-1","max-image-preview":"max-image-preview:large","max-video-preview":"max-video-preview:-1"},"canonical":"https:\/\/becom.digital\/fr\/legal-badge-steps\/","og_locale":"fr_FR","og_type":"article","og_title":"Votre badge juridique en quelques \u00e9tapes - Becom","og_description":"Le Becom Trustmark est synonyme d'achat et de vente en ligne fiables, s\u00fbrs et transparents : derri\u00e8re ce label de qualit\u00e9 se cache un v\u00e9ritable profil de confiance o\u00f9 votre visiteur en ligne peut v\u00e9rifier votre fiabilit\u00e9.","og_url":"https:\/\/becom.digital\/fr\/legal-badge-steps\/","og_site_name":"Becom","article_publisher":"https:\/\/www.facebook.com\/Becomdigitalfederation\/","article_modified_time":"2025-06-25T17:05:50+00:00","og_image":[{"url":"https:\/\/becom.digital\/wp-content\/uploads\/2020\/06\/Ontwerp-zonder-titel-10.png","type":"","width":"","height":""}],"twitter_card":"summary_large_image","twitter_image":"https:\/\/becom.digital\/wp-content\/uploads\/2020\/06\/Ontwerp-zonder-titel-10.png","twitter_site":"@becomdigital","twitter_misc":{"Est. reading time":"4 minutes"},"schema":{"@context":"https:\/\/schema.org","@graph":[{"@type":"WebPage","@id":"https:\/\/becom.digital\/fr\/legal-badge-steps\/","url":"https:\/\/becom.digital\/fr\/legal-badge-steps\/","name":"Votre badge juridique en quelques \u00e9tapes - Becom","isPartOf":{"@id":"https:\/\/becom.digital\/fr\/#website"},"primaryImageOfPage":{"@id":"https:\/\/becom.digital\/fr\/legal-badge-steps\/#primaryimage"},"image":{"@id":"https:\/\/becom.digital\/fr\/legal-badge-steps\/#primaryimage"},"thumbnailUrl":"https:\/\/becom.digital\/app\/uploads\/2023\/10\/lbecom-example.png","datePublished":"2021-12-02T09:34:09+00:00","dateModified":"2025-06-25T17:05:50+00:00","description":"Le Becom Trustmark est synonyme d'achat et de vente en ligne fiables, s\u00fbrs et transparents : derri\u00e8re ce label de qualit\u00e9 se cache un v\u00e9ritable profil de confiance o\u00f9 votre visiteur en ligne peut v\u00e9rifier votre fiabilit\u00e9.","breadcrumb":{"@id":"https:\/\/becom.digital\/fr\/legal-badge-steps\/#breadcrumb"},"inLanguage":"fr-FR","potentialAction":[{"@type":"ReadAction","target":["https:\/\/becom.digital\/fr\/legal-badge-steps\/"]}]},{"@type":"ImageObject","inLanguage":"fr-FR","@id":"https:\/\/becom.digital\/fr\/legal-badge-steps\/#primaryimage","url":"https:\/\/becom.digital\/app\/uploads\/2023\/10\/lbecom-example.png","contentUrl":"https:\/\/becom.digital\/app\/uploads\/2023\/10\/lbecom-example.png","width":1200,"height":628},{"@type":"BreadcrumbList","@id":"https:\/\/becom.digital\/fr\/legal-badge-steps\/#breadcrumb","itemListElement":[{"@type":"ListItem","position":1,"name":"Home","item":"https:\/\/becom.digital\/fr\/"},{"@type":"ListItem","position":2,"name":"Votre badge juridique en quelques \u00e9tapes"}]},{"@type":"WebSite","@id":"https:\/\/becom.digital\/fr\/#website","url":"https:\/\/becom.digital\/fr\/","name":"Becom","description":"Your digital wings","publisher":{"@id":"https:\/\/becom.digital\/fr\/#organization"},"potentialAction":[{"@type":"SearchAction","target":{"@type":"EntryPoint","urlTemplate":"https:\/\/becom.digital\/fr\/?s={search_term_string}"},"query-input":{"@type":"PropertyValueSpecification","valueRequired":true,"valueName":"search_term_string"}}],"inLanguage":"fr-FR"},{"@type":"Organization","@id":"https:\/\/becom.digital\/fr\/#organization","name":"Becom","url":"https:\/\/becom.digital\/fr\/","logo":{"@type":"ImageObject","inLanguage":"fr-FR","@id":"https:\/\/becom.digital\/fr\/#\/schema\/logo\/image\/","url":"https:\/\/becom.digital\/app\/uploads\/2023\/10\/Becom_logo_POS_basic-3-e1697538309895.png","contentUrl":"https:\/\/becom.digital\/app\/uploads\/2023\/10\/Becom_logo_POS_basic-3-e1697538309895.png","width":200,"height":72,"caption":"Becom"},"image":{"@id":"https:\/\/becom.digital\/fr\/#\/schema\/logo\/image\/"},"sameAs":["https:\/\/www.facebook.com\/Becomdigitalfederation\/","https:\/\/x.com\/becomdigital","https:\/\/www.linkedin.com\/company\/becomfederation\/","https:\/\/www.instagram.com\/becomfederation\/","https:\/\/www.youtube.com\/@becom-federation","https:\/\/open.spotify.com\/show\/0oBItlT3FIpj6AxEqllkta"]}]}},"_links":{"self":[{"href":"https:\/\/becom.digital\/fr\/wp-json\/wp\/v2\/pages\/37174","targetHints":{"allow":["GET"]}}],"collection":[{"href":"https:\/\/becom.digital\/fr\/wp-json\/wp\/v2\/pages"}],"about":[{"href":"https:\/\/becom.digital\/fr\/wp-json\/wp\/v2\/types\/page"}],"author":[{"embeddable":true,"href":"https:\/\/becom.digital\/fr\/wp-json\/wp\/v2\/users\/17"}],"replies":[{"embeddable":true,"href":"https:\/\/becom.digital\/fr\/wp-json\/wp\/v2\/comments?post=37174"}],"version-history":[{"count":17,"href":"https:\/\/becom.digital\/fr\/wp-json\/wp\/v2\/pages\/37174\/revisions"}],"predecessor-version":[{"id":62303,"href":"https:\/\/becom.digital\/fr\/wp-json\/wp\/v2\/pages\/37174\/revisions\/62303"}],"wp:featuredmedia":[{"embeddable":true,"href":"https:\/\/becom.digital\/fr\/wp-json\/wp\/v2\/media\/50967"}],"wp:attachment":[{"href":"https:\/\/becom.digital\/fr\/wp-json\/wp\/v2\/media?parent=37174"}],"wp:term":[{"taxonomy":"test-katrien1","embeddable":true,"href":"https:\/\/becom.digital\/fr\/wp-json\/wp\/v2\/test-katrien1?post=37174"}],"curies":[{"name":"wp","href":"https:\/\/api.w.org\/{rel}","templated":true}]}}