{"id":32924,"date":"2020-11-23T10:15:32","date_gmt":"2020-11-23T09:15:32","guid":{"rendered":"https:\/\/www.safeshops.be\/services-dexpedition\/"},"modified":"2025-01-30T08:59:29","modified_gmt":"2025-01-30T07:59:29","slug":"services-dexpedition","status":"publish","type":"page","link":"https:\/\/becom.digital\/fr\/services-dexpedition\/","title":{"rendered":"services d&#8217;exp\u00e9dition"},"content":{"rendered":"<div class=\"wpb-content-wrapper\"><p>[vc_row][vc_column width=&#8221;1\/1&#8243;]<h1 class=\"headline font-special fontsize-l fontweight-600 lh-inherit align-left transform-inherit \" style=\"margin: 0 0 20px 0;\">Des solutions logistiques pour votre entreprise<\/h1>[vc_column_text]Chacun a sa propre sp\u00e9cialit\u00e9. Certains occupent une place solide sur le march\u00e9 national, tandis que d\u2019autres s\u2019axent davantage sur le commerce international. N\u2019imaginez surtout pas que chaque colis doive correspondre \u00e0 un volume ou un poids standard. Certains acteurs sont sp\u00e9cialis\u00e9s dans les dimensions sortant de l\u2019ordinaire, comme du mobilier ou de l\u2019\u00e9lectrom\u00e9nager\u00a0; d\u2019autres sont parfaitement \u00e9quip\u00e9s pour livrer des produits alimentaires. D\u00e9finissez donc d\u2019abord vos besoins d\u2019exp\u00e9dition sp\u00e9cifiques et choisissez votre partenaire sur base de ces donn\u00e9es. Nous vous facilitons quelque peu les choses en vous proposant le <strong>sommaire ci-dessous.<\/strong>[\/vc_column_text]<div class=\"spacer\" style=\"height: 40px;\"><\/div>[\/vc_column][\/vc_row][vc_row bg_color=&#8221;#ffffff&#8221; full_height=&#8221;true&#8221;][vc_column width=&#8221;1\/4&#8243;]<div class=\"imagebox wpb_content_element style-1\"><div class=\"imagebox-img\"><img decoding=\"async\" src=\"\" alt=\"\" \/><\/div>Paquet standard \u00e0 faible volume<\/p>\n<hr \/>\n<p><strong>Fournisseurs:<\/strong><\/p>\n<ul>\n<li><a href=\"https:\/\/parcel2.bpost.be\/fr\/home\">bpost<\/a><\/li>\n<li><a href=\"https:\/\/www.postnl.be\/fr\/solutions-professionnelles\/envoyer\/expedition-de-colis\/informations-tarifaires-colis\/\">PostNL<\/a> of <a href=\"https:\/\/onlineverzendservice.be\/#\/\">onlineverzendservice.be<\/a><\/li>\n<li><a href=\"https:\/\/www.dpd.com\/be\/fr\/expedition-de-colis\/\">DPD<\/a><\/li>\n<li><a href=\"https:\/\/www.dhlexpress.be\/en\/rate\/?\">DHL Express<\/a><\/li>\n<\/ul>\n<\/div>[\/vc_column][vc_column width=&#8221;1\/4&#8243;]<div class=\"imagebox wpb_content_element style-1\"><div class=\"imagebox-img\"><img decoding=\"async\" src=\"\" alt=\"\" \/><\/div>Paquet standard \u00e0 haut volume<\/p>\n<hr \/>\n<p><strong>Fournisseurs:<\/strong><\/p>\n<ul>\n<li><a href=\"https:\/\/www.bpost.be\/fr\/envoyer-colis-professionnel\">bpost<\/a><\/li>\n<li><a href=\"https:\/\/www.postnl.be\/fr\/solutions-professionnelles\/envoyer\/\">PostNL<\/a><\/li>\n<li><a href=\"https:\/\/www.dpd.com\/be\/fr\/expedition-de-colis\/\">DPD<\/a><\/li>\n<li><a href=\"https:\/\/www.dhlexpress.be\/en\/shipping-options\/\">DHL Express<\/a><\/li>\n<\/ul>\n<\/div>[\/vc_column][vc_column width=&#8221;1\/4&#8243;]<div class=\"imagebox wpb_content_element style-1\"><div class=\"imagebox-img\"><img decoding=\"async\" src=\"\" alt=\"\" \/><\/div>Meubles et produits blancs<\/p>\n<hr \/>\n<p><strong>Fournisseurs:<\/strong><\/p>\n<ul>\n<li><a href=\"https:\/\/www.bpost.be\/site\/fr\/solutions-professionnelles\/paquets\/envoyer-vos-colis-avec-bpack-xl\/\">bpost<\/a><\/li>\n<li><a title=\"http:\/\/www.dockx-select.be\" href=\"https:\/\/www.dockx-select.be\/fr\">dockx-select<\/a><\/li>\n<li><a href=\"https:\/\/www.postnl.be\/fr\/solutions-professionnelles\/envoyer\/livraison-et-installation-de-marchandises-au-benelux\/\">PostNL<\/a><\/li>\n<\/ul>\n<\/div>[\/vc_column][vc_column width=&#8221;1\/4&#8243;]<div class=\"imagebox wpb_content_element style-1\"><div class=\"imagebox-img\"><img decoding=\"async\" src=\"\" alt=\"\" \/><\/div>Nutrition<\/p>\n<hr \/>\n<p><strong>Fournisseurs:<\/strong><\/p>\n<ul>\n<li><a href=\"https:\/\/www.citydepot.be\/fr\/\">citydepot<\/a><\/li>\n<li><a href=\"https:\/\/www.postnl.be\/fr\/contact\/coronavirus\/\">PostNL<\/a><\/li>\n<li><a href=\"https:\/\/www.dpd.com\/be\/fr\/dpd-fresh\/\">DPD Fresh<\/a><\/li>\n<\/ul>\n<\/div>[\/vc_column][\/vc_row][vc_row][vc_column width=&#8221;1\/1&#8243;]<div class=\"spacer\" style=\"height: 20px;\"><\/div>[\/vc_column][\/vc_row][vc_row][vc_column width=&#8221;1\/4&#8243;]<div class=\"imagebox wpb_content_element style-1\"><div class=\"imagebox-img\"><img decoding=\"async\" src=\"\" alt=\"\" \/><\/div>Fleurs et plantes<\/p>\n<hr \/>\n<p><strong>Fournisseurs:<\/strong><\/p>\n<ul>\n<li><a href=\"https:\/\/www.citydepot.be\">citydepot<\/a><\/li>\n<li><a href=\"https:\/\/www.postnl.be\/fr\/campagne\/conseils-mois-plus-chargees\/\">PostNL<\/a><\/li>\n<li><a href=\"https:\/\/www.dpd.com\/be\/fr\/expedition-de-colis\/\">DPD<\/a><\/li>\n<\/ul>\n<\/div>[\/vc_column][vc_column width=&#8221;1\/4&#8243;]<div class=\"imagebox wpb_content_element style-1\"><div class=\"imagebox-img\"><img decoding=\"async\" src=\"\" alt=\"\" \/><\/div>Transport international<\/p>\n<hr \/>\n<p><strong>Fournisseurs:<\/strong><\/p>\n<ul>\n<li><a href=\"https:\/\/www.bpost.be\/fr\/envoyer-colis\/international\">bpost<\/a><\/li>\n<li><a href=\"https:\/\/www.postnl.be\/fr\/campagne\/conseils-mois-plus-chargees\/\">PostNL<\/a><\/li>\n<li><a href=\"https:\/\/www.dpd.com\/be\/fr\/expedition-de-colis\/livraison-internationale\/\">DPD<\/a><\/li>\n<li><a href=\"https:\/\/www.dhlexpress.be\/en\/ecommerce\/\">DHL Express<\/a><\/li>\n<\/ul>\n<\/div>[\/vc_column][vc_column width=&#8221;1\/4&#8243;]<div class=\"imagebox wpb_content_element style-1\"><div class=\"imagebox-img\"><img decoding=\"async\" src=\"\" alt=\"\" \/><\/div>Same Day Delivery<\/p>\n<hr \/>\n<p><strong>Fournisseurs:<\/strong><\/p>\n<p><a href=\"https:\/\/www.transforce.be\/\"><strong>TFL<\/strong><\/a><\/div>[\/vc_column][vc_column width=&#8221;1\/4&#8243;]<div class=\"imagebox wpb_content_element style-1\"><div class=\"imagebox-img\"><img decoding=\"async\" src=\"\" alt=\"\" \/><\/div>Autres<\/p>\n<hr \/>\n<p><strong>Fournisseurs:<\/strong><\/p>\n<ul>\n<li><strong>PostNL:<\/strong>\n<ul>\n<li><a href=\"https:\/\/www.postnl.be\/fr\/solutions-professionnelles\/envoyer\/expedition-de-colis-de-valeur-en-europe\/\">Exp\u00e9dition de colis de valeur<\/a><\/li>\n<li><a href=\"https:\/\/www.postnl.be\/fr\/solutions-professionnelles\/envoyer\/transport-de-chargements-en-europe\/\">Transport de chargements<\/a><\/li>\n<li><a href=\"https:\/\/www.postnl.be\/fr\/solutions-professionnelles\/envoyer\/pharma-care\/\">Transport conditionn\u00e9<\/a><\/li>\n<\/ul>\n<\/li>\n<li><strong>DPD<\/strong>: <a href=\"https:\/\/www.dpd.com\/be\/fr\/expedition-de-colis\/\">Petit paquet<\/a><\/li>\n<li><strong>DHL Express:<\/strong>\n<ul>\n<li><a href=\"https:\/\/www.dhlexpress.be\/en\/shipping-and-receiving\/\">Shipping &amp; receiving<\/a><\/li>\n<li><a href=\"https:\/\/www.dhlexpress.be\/fr\/\">Transport conditionn\u00e9<\/a><\/li>\n<\/ul>\n<\/li>\n<li><strong>Dockx Select:<\/strong> <a href=\"https:\/\/www.dockx-select.be\/fr\">jouets surdimensionn\u00e9s et mat\u00e9riel de bricolage<\/a><\/li>\n<\/ul>\n<\/div>[\/vc_column][\/vc_row][vc_row][vc_column width=&#8221;1\/1&#8243;]<div class=\"newdivider align-center\" style=\"border-bottom-style: solid; border-color: #ff9500; border-bottom-width: 1px; margin-top: 0; margin-bottom: 0; width: 100%; \"><\/div><div class=\"clear\"><\/div><div class=\"spacer\" style=\"height: 40px;\"><\/div><div class=\"iconbox  wpb_content_element iconbox-style-2 icon-color-accent color-dark clearfix\"><div class=\"iconbox-icon\"><i class=\"fa Consultez \u00e9galement boxicon\" style=\"\"><\/i><\/div><div class=\"iconbox-content\"><h3>Consultez \u00e9galement<\/h3><p>\n<ul>\n<li><a href=\"\/?page_id=28432\">Le commerce \u00e9lectronique \u00e0 l&#8217;\u00e9poque de la covid-19. Que dois-je savoir pour survivre ?<\/a><\/li>\n<li><a href=\"\/?page_id=28742\">Quelles sont les attentes des consommateurs ? Comment puis-je, en tant qu&#8217;entreprise, r\u00e9pondre \u00e0 ces attentes ?Wat verwachten consumenten? Hoe kan ik als bedrijf hieraan voldoen?\u00a0<\/a><\/li>\n<\/ul>\n<\/p><\/div><\/div><div class=\"spacer\" style=\"height: 40px;\"><\/div>[\/vc_column][\/vc_row]<\/p>\n<\/div>","protected":false},"excerpt":{"rendered":"<p>[vc_row][vc_column width=&#8221;1\/1&#8243;][vc_column_text]Chacun a sa propre sp\u00e9cialit\u00e9. Certains occupent une place solide sur le march\u00e9 national, tandis que d\u2019autres s\u2019axent davantage sur le commerce international. N\u2019imaginez surtout pas que chaque colis doive correspondre \u00e0 un volume ou un poids standard. Certains acteurs sont sp\u00e9cialis\u00e9s dans les dimensions sortant de l\u2019ordinaire, comme du mobilier ou de l\u2019\u00e9lectrom\u00e9nager\u00a0; d\u2019autres sont parfaitement \u00e9quip\u00e9s pour livrer des produits alimentaires. D\u00e9finissez donc d\u2019abord vos besoins d\u2019exp\u00e9dition sp\u00e9cifiques et choisissez votre partenaire sur base de ces donn\u00e9es. Nous vous facilitons quelque peu les choses en vous proposant le sommaire ci-dessous.[\/vc_column_text][\/vc_column][\/vc_row][vc_row bg_color=&#8221;#ffffff&#8221; full_height=&#8221;true&#8221;][vc_column width=&#8221;1\/4&#8243;][\/vc_column][vc_column width=&#8221;1\/4&#8243;][\/vc_column][vc_column width=&#8221;1\/4&#8243;][\/vc_column][vc_column width=&#8221;1\/4&#8243;][\/vc_column][\/vc_row][vc_row][vc_column width=&#8221;1\/1&#8243;][\/vc_column][\/vc_row][vc_row][vc_column width=&#8221;1\/4&#8243;][\/vc_column][vc_column width=&#8221;1\/4&#8243;][\/vc_column][vc_column width=&#8221;1\/4&#8243;][\/vc_column][vc_column width=&#8221;1\/4&#8243;][\/vc_column][\/vc_row][vc_row][vc_column width=&#8221;1\/1&#8243;][\/vc_column][\/vc_row]<\/p>\n","protected":false},"author":17,"featured_media":0,"parent":0,"menu_order":0,"comment_status":"closed","ping_status":"closed","template":"","meta":{"_EventAllDay":false,"_EventTimezone":"","_EventStartDate":"","_EventEndDate":"","_EventStartDateUTC":"","_EventEndDateUTC":"","_EventShowMap":false,"_EventShowMapLink":false,"_EventURL":"","_EventCost":"","_EventCostDescription":"","_EventCurrencySymbol":"","_EventCurrencyCode":"","_EventCurrencyPosition":"","_EventDateTimeSeparator":"","_EventTimeRangeSeparator":"","_EventOrganizerID":[],"_EventVenueID":[],"_OrganizerEmail":"","_OrganizerPhone":"","_OrganizerWebsite":"","_VenueAddress":"","_VenueCity":"","_VenueCountry":"","_VenueProvince":"","_VenueState":"","_VenueZip":"","_VenuePhone":"","_VenueURL":"","_VenueStateProvince":"","_VenueLat":"","_VenueLng":"","_VenueShowMap":false,"_VenueShowMapLink":false,"footnotes":""},"test-katrien1":[],"class_list":["post-32924","page","type-page","status-publish","hentry"],"yoast_head":"<!-- This site is optimized with the Yoast SEO plugin v26.4 - https:\/\/yoast.com\/wordpress\/plugins\/seo\/ -->\n<title>Aper\u00e7u des services d&#039;exp\u00e9dition pour les boutiques en ligne par Safeshops.be.<\/title>\n<meta name=\"description\" content=\"Quelle solution logistique pour vos boutiques en ligne? Safeshops.be vous donne un aper\u00e7u des diff\u00e9rents services d&#039;exp\u00e9dition pour votre boutique en ligne.\" \/>\n<meta name=\"robots\" content=\"index, follow, max-snippet:-1, max-image-preview:large, max-video-preview:-1\" \/>\n<link rel=\"canonical\" href=\"https:\/\/becom.digital\/fr\/services-dexpedition\/\" \/>\n<meta property=\"og:locale\" content=\"fr_FR\" \/>\n<meta property=\"og:type\" content=\"article\" \/>\n<meta property=\"og:title\" content=\"Aper\u00e7u des services d&#039;exp\u00e9dition pour les boutiques en ligne par Safeshops.be.\" \/>\n<meta property=\"og:description\" content=\"Quelle solution logistique pour vos boutiques en ligne? Safeshops.be vous donne un aper\u00e7u des diff\u00e9rents services d&#039;exp\u00e9dition pour votre boutique en ligne.\" \/>\n<meta property=\"og:url\" content=\"https:\/\/becom.digital\/fr\/services-dexpedition\/\" \/>\n<meta property=\"og:site_name\" content=\"Becom\" \/>\n<meta property=\"article:publisher\" content=\"https:\/\/www.facebook.com\/Becomdigitalfederation\/\" \/>\n<meta property=\"article:modified_time\" content=\"2025-01-30T07:59:29+00:00\" \/>\n<meta name=\"twitter:card\" content=\"summary_large_image\" \/>\n<meta name=\"twitter:site\" content=\"@becomdigital\" \/>\n<meta name=\"twitter:label1\" content=\"Est. reading time\" \/>\n\t<meta name=\"twitter:data1\" content=\"2 minutes\" \/>\n<script type=\"application\/ld+json\" class=\"yoast-schema-graph\">{\"@context\":\"https:\/\/schema.org\",\"@graph\":[{\"@type\":\"WebPage\",\"@id\":\"https:\/\/becom.digital\/fr\/services-dexpedition\/\",\"url\":\"https:\/\/becom.digital\/fr\/services-dexpedition\/\",\"name\":\"Aper\u00e7u des services d'exp\u00e9dition pour les boutiques en ligne par Safeshops.be.\",\"isPartOf\":{\"@id\":\"https:\/\/becom.digital\/fr\/#website\"},\"datePublished\":\"2020-11-23T09:15:32+00:00\",\"dateModified\":\"2025-01-30T07:59:29+00:00\",\"description\":\"Quelle solution logistique pour vos boutiques en ligne? Safeshops.be vous donne un aper\u00e7u des diff\u00e9rents services d'exp\u00e9dition pour votre boutique en ligne.\",\"breadcrumb\":{\"@id\":\"https:\/\/becom.digital\/fr\/services-dexpedition\/#breadcrumb\"},\"inLanguage\":\"fr-FR\",\"potentialAction\":[{\"@type\":\"ReadAction\",\"target\":[\"https:\/\/becom.digital\/fr\/services-dexpedition\/\"]}]},{\"@type\":\"BreadcrumbList\",\"@id\":\"https:\/\/becom.digital\/fr\/services-dexpedition\/#breadcrumb\",\"itemListElement\":[{\"@type\":\"ListItem\",\"position\":1,\"name\":\"Home\",\"item\":\"https:\/\/becom.digital\/fr\/\"},{\"@type\":\"ListItem\",\"position\":2,\"name\":\"services d&#8217;exp\u00e9dition\"}]},{\"@type\":\"WebSite\",\"@id\":\"https:\/\/becom.digital\/fr\/#website\",\"url\":\"https:\/\/becom.digital\/fr\/\",\"name\":\"Becom\",\"description\":\"Your digital wings\",\"publisher\":{\"@id\":\"https:\/\/becom.digital\/fr\/#organization\"},\"potentialAction\":[{\"@type\":\"SearchAction\",\"target\":{\"@type\":\"EntryPoint\",\"urlTemplate\":\"https:\/\/becom.digital\/fr\/?s={search_term_string}\"},\"query-input\":{\"@type\":\"PropertyValueSpecification\",\"valueRequired\":true,\"valueName\":\"search_term_string\"}}],\"inLanguage\":\"fr-FR\"},{\"@type\":\"Organization\",\"@id\":\"https:\/\/becom.digital\/fr\/#organization\",\"name\":\"Becom\",\"url\":\"https:\/\/becom.digital\/fr\/\",\"logo\":{\"@type\":\"ImageObject\",\"inLanguage\":\"fr-FR\",\"@id\":\"https:\/\/becom.digital\/fr\/#\/schema\/logo\/image\/\",\"url\":\"https:\/\/becom.digital\/app\/uploads\/2023\/10\/Becom_logo_POS_basic-3-e1697538309895.png\",\"contentUrl\":\"https:\/\/becom.digital\/app\/uploads\/2023\/10\/Becom_logo_POS_basic-3-e1697538309895.png\",\"width\":200,\"height\":72,\"caption\":\"Becom\"},\"image\":{\"@id\":\"https:\/\/becom.digital\/fr\/#\/schema\/logo\/image\/\"},\"sameAs\":[\"https:\/\/www.facebook.com\/Becomdigitalfederation\/\",\"https:\/\/x.com\/becomdigital\",\"https:\/\/www.linkedin.com\/company\/becomfederation\/\",\"https:\/\/www.instagram.com\/becomfederation\/\",\"https:\/\/www.youtube.com\/@becom-federation\",\"https:\/\/open.spotify.com\/show\/0oBItlT3FIpj6AxEqllkta\"]}]}<\/script>\n<!-- \/ Yoast SEO plugin. -->","yoast_head_json":{"title":"Aper\u00e7u des services d'exp\u00e9dition pour les boutiques en ligne par Safeshops.be.","description":"Quelle solution logistique pour vos boutiques en ligne? Safeshops.be vous donne un aper\u00e7u des diff\u00e9rents services d'exp\u00e9dition pour votre boutique en ligne.","robots":{"index":"index","follow":"follow","max-snippet":"max-snippet:-1","max-image-preview":"max-image-preview:large","max-video-preview":"max-video-preview:-1"},"canonical":"https:\/\/becom.digital\/fr\/services-dexpedition\/","og_locale":"fr_FR","og_type":"article","og_title":"Aper\u00e7u des services d'exp\u00e9dition pour les boutiques en ligne par Safeshops.be.","og_description":"Quelle solution logistique pour vos boutiques en ligne? Safeshops.be vous donne un aper\u00e7u des diff\u00e9rents services d'exp\u00e9dition pour votre boutique en ligne.","og_url":"https:\/\/becom.digital\/fr\/services-dexpedition\/","og_site_name":"Becom","article_publisher":"https:\/\/www.facebook.com\/Becomdigitalfederation\/","article_modified_time":"2025-01-30T07:59:29+00:00","twitter_card":"summary_large_image","twitter_site":"@becomdigital","twitter_misc":{"Est. reading time":"2 minutes"},"schema":{"@context":"https:\/\/schema.org","@graph":[{"@type":"WebPage","@id":"https:\/\/becom.digital\/fr\/services-dexpedition\/","url":"https:\/\/becom.digital\/fr\/services-dexpedition\/","name":"Aper\u00e7u des services d'exp\u00e9dition pour les boutiques en ligne par Safeshops.be.","isPartOf":{"@id":"https:\/\/becom.digital\/fr\/#website"},"datePublished":"2020-11-23T09:15:32+00:00","dateModified":"2025-01-30T07:59:29+00:00","description":"Quelle solution logistique pour vos boutiques en ligne? Safeshops.be vous donne un aper\u00e7u des diff\u00e9rents services d'exp\u00e9dition pour votre boutique en ligne.","breadcrumb":{"@id":"https:\/\/becom.digital\/fr\/services-dexpedition\/#breadcrumb"},"inLanguage":"fr-FR","potentialAction":[{"@type":"ReadAction","target":["https:\/\/becom.digital\/fr\/services-dexpedition\/"]}]},{"@type":"BreadcrumbList","@id":"https:\/\/becom.digital\/fr\/services-dexpedition\/#breadcrumb","itemListElement":[{"@type":"ListItem","position":1,"name":"Home","item":"https:\/\/becom.digital\/fr\/"},{"@type":"ListItem","position":2,"name":"services d&#8217;exp\u00e9dition"}]},{"@type":"WebSite","@id":"https:\/\/becom.digital\/fr\/#website","url":"https:\/\/becom.digital\/fr\/","name":"Becom","description":"Your digital wings","publisher":{"@id":"https:\/\/becom.digital\/fr\/#organization"},"potentialAction":[{"@type":"SearchAction","target":{"@type":"EntryPoint","urlTemplate":"https:\/\/becom.digital\/fr\/?s={search_term_string}"},"query-input":{"@type":"PropertyValueSpecification","valueRequired":true,"valueName":"search_term_string"}}],"inLanguage":"fr-FR"},{"@type":"Organization","@id":"https:\/\/becom.digital\/fr\/#organization","name":"Becom","url":"https:\/\/becom.digital\/fr\/","logo":{"@type":"ImageObject","inLanguage":"fr-FR","@id":"https:\/\/becom.digital\/fr\/#\/schema\/logo\/image\/","url":"https:\/\/becom.digital\/app\/uploads\/2023\/10\/Becom_logo_POS_basic-3-e1697538309895.png","contentUrl":"https:\/\/becom.digital\/app\/uploads\/2023\/10\/Becom_logo_POS_basic-3-e1697538309895.png","width":200,"height":72,"caption":"Becom"},"image":{"@id":"https:\/\/becom.digital\/fr\/#\/schema\/logo\/image\/"},"sameAs":["https:\/\/www.facebook.com\/Becomdigitalfederation\/","https:\/\/x.com\/becomdigital","https:\/\/www.linkedin.com\/company\/becomfederation\/","https:\/\/www.instagram.com\/becomfederation\/","https:\/\/www.youtube.com\/@becom-federation","https:\/\/open.spotify.com\/show\/0oBItlT3FIpj6AxEqllkta"]}]}},"_links":{"self":[{"href":"https:\/\/becom.digital\/fr\/wp-json\/wp\/v2\/pages\/32924","targetHints":{"allow":["GET"]}}],"collection":[{"href":"https:\/\/becom.digital\/fr\/wp-json\/wp\/v2\/pages"}],"about":[{"href":"https:\/\/becom.digital\/fr\/wp-json\/wp\/v2\/types\/page"}],"author":[{"embeddable":true,"href":"https:\/\/becom.digital\/fr\/wp-json\/wp\/v2\/users\/17"}],"replies":[{"embeddable":true,"href":"https:\/\/becom.digital\/fr\/wp-json\/wp\/v2\/comments?post=32924"}],"version-history":[{"count":2,"href":"https:\/\/becom.digital\/fr\/wp-json\/wp\/v2\/pages\/32924\/revisions"}],"predecessor-version":[{"id":58293,"href":"https:\/\/becom.digital\/fr\/wp-json\/wp\/v2\/pages\/32924\/revisions\/58293"}],"wp:attachment":[{"href":"https:\/\/becom.digital\/fr\/wp-json\/wp\/v2\/media?parent=32924"}],"wp:term":[{"taxonomy":"test-katrien1","embeddable":true,"href":"https:\/\/becom.digital\/fr\/wp-json\/wp\/v2\/test-katrien1?post=32924"}],"curies":[{"name":"wp","href":"https:\/\/api.w.org\/{rel}","templated":true}]}}